{"id":2212,"date":"2016-12-02T14:21:45","date_gmt":"2016-12-02T18:21:45","guid":{"rendered":"http:\/\/phac.hyperinteractive.ca\/?page_id=2212"},"modified":"2021-01-04T18:09:15","modified_gmt":"2021-01-04T22:09:15","slug":"epidemiological-assessment-template","status":"publish","type":"page","link":"https:\/\/outbreaktools.ca\/fr\/tools\/epidemiological-assessment-template\/","title":{"rendered":"Mod\u00e8le d&rsquo;\u00e9valuation \u00e9pid\u00e9miologique"},"content":{"rendered":"<p><a class=\"gl-download\" title=\"Mod\u00e8le d'\u00e9valuation \u00e9pid\u00e9miologique.docx\" href=\"https:\/\/outbreaktools.ca\/wp-content\/uploads\/2017\/03\/Modele-devaluation-epidemiologique.docx\" target=\"_blank\" rel=\"noopener noreferrer\">T\u00e9l\u00e9charger le format de rechange<\/a><br \/>\n (Format PDF, 46 Ko, 3 pages)<\/p>\n<p>Autorit\u00e9 de sant\u00e9 directrice\u00a0:<\/p>\n<p>Date de r\u00e9vision\u00a0:<\/p>\n<p>Heure de r\u00e9vision\u00a0:<\/p>\n<p>Num\u00e9ro de dossier de l&rsquo;\u00e9closion et titre\u00a0:<\/p>\n<h2>Bref r\u00e9sum\u00e9 \u00e9pid\u00e9miologique<\/h2>\n<p>A.1 Une liste d\u00e9taill\u00e9e a-t-elle \u00e9t\u00e9 fournie aux membres de l&rsquo;\u00e9quipe d&rsquo;enqu\u00eate, notamment \u00e0 Sant\u00e9 Canada (c.-\u00e0-d. num\u00e9ro d&rsquo;identification du cas, statut de confirmation du cas, \u00e2ge, sexe, moment d&rsquo;apparition de la maladie, exposition alimentaire et renseignements sur l&rsquo;achat)?\u00a0[] Oui [] Non<\/p>\n<p>A.2 Un r\u00e9sum\u00e9 \u00e9pid\u00e9miologique a-t-il \u00e9t\u00e9 fourni aux membres de l&rsquo;\u00e9quipe d&rsquo;enqu\u00eate, notamment \u00e0 Sant\u00e9 Canada?\u00a0[] Oui [] Non<\/p>\n<p>A.3 \u00a0Quel est le poids de la preuve indiquant que les cas remontent \u00e0 une source commune d&rsquo;\u00e9closion? [] Fort []\u00a0Mod\u00e9r\u00e9 [] Faible<\/p>\n<p><em>Fournir les preuves \u00e0 l&rsquo;appui\u00a0:<\/em><\/p>\n<h2>Aliment soumis \u00e0 l&rsquo;\u00e9valuation\u00a0:<\/h2>\n<p>B.1 Aliment en cause\u00a0:<\/p>\n<p>B.2. Autres niveaux de sp\u00e9cificit\u00e9 et information disponible, le cas \u00e9ch\u00e9ant (c.-\u00e0-d. d\u00e9tails du produit communs, lieu d&rsquo;achat, dates d&rsquo;achat, type d&#8217;emballage, marque, conditionneur\/distributeur\/fabricant, code de lot\/date de p\u00e9remption, etc.)\u00a0:<\/p>\n<h2>Crit\u00e8res et consid\u00e9rations d&rsquo;\u00e9valuation \u00e9pid\u00e9miologiques<\/h2>\n<p>C.1\u00a0Plausibilit\u00e9\u00a0: L&rsquo;aliment est le v\u00e9hicule plausible d&rsquo;infection.\u00a0<\/p>\n<p>[] Fort []\u00a0Mod\u00e9r\u00e9 [] Faible<\/p>\n<p><em>Fournir les preuves \u00e0 l&rsquo;appui\u00a0:<\/em><\/p>\n<ul>\n<li>L&rsquo;aliment est-il un v\u00e9hicule connu d&rsquo;infection pour le pathog\u00e8ne pr\u00e9sum\u00e9 responsable de l&rsquo;\u00e9closion?\u00a0[] Oui [] Non<\/li>\n<li>L&rsquo;agent pathog\u00e8ne a-t-il d\u00e9j\u00e0 \u00e9t\u00e9 mis en cause dans la litt\u00e9rature concernant ce type d&rsquo;aliment?\u00a0[] Oui [] Non<\/li>\n<\/ul>\n<p>C.2\u00a0Temporalit\u00e9\u00a0: Les cas d\u00e9montrent une consommation d&rsquo;aliments \u00e0 l&rsquo;int\u00e9rieur de la p\u00e9riode d&rsquo;exposition accept\u00e9e.<\/p>\n<p>[] Fort []\u00a0Mod\u00e9r\u00e9 [] Faible<\/p>\n<p><em>Fournir les preuves \u00e0 l&rsquo;appui\u00a0:<\/em><\/p>\n<ul>\n<li>Quelle p\u00e9riode de temps a \u00e9t\u00e9 utilis\u00e9e au cours des entrevues pour \u00e9valuer l&rsquo;exposition des cas?<\/li>\n<li>Des r\u00e9ponses d&rsquo;entrevues font-elles \u00e9tat d&rsquo;une consommation de l&rsquo;aliment en dehors de cette p\u00e9riode de\u00a0temps?\u00a0[] Oui [] Non<\/li>\n<\/ul>\n<p><em>Dans l&rsquo;affirmative, veuillez expliquer.<\/em><\/p>\n<p>C.3\u00a0Corr\u00e9lation\u00a0: La r\u00e9partition temporelle et spatiale des cas est en corr\u00e9lation avec la disponibilit\u00e9 et la distribution du produit alimentaire.<\/p>\n<p>[] Fort []\u00a0Mod\u00e9r\u00e9 [] Faible<\/p>\n<p><em>Fournir les preuves \u00e0 l&rsquo;appui\u00a0:<\/em><\/p>\n<p>C.4\u00a0R\u00e9gularit\u00e9\u00a0: L&rsquo;exposition \u00e0 l&rsquo;aliment est r\u00e9guli\u00e8rement signal\u00e9e dans diff\u00e9rents cas.<\/p>\n<p>[] Fort []\u00a0Mod\u00e9r\u00e9 [] Faible<\/p>\n<p><em>Fournir les preuves \u00e0 l&rsquo;appui\u00a0:<\/em><\/p>\n<p>C.5\u00a0Force de l&rsquo;association\u00a0: Une proportion de cas d&rsquo;exposition au produit alimentaire est anormalement \u00e9lev\u00e9e.<\/p>\n<p>[] Fort []\u00a0Mod\u00e9r\u00e9 [] Faible<\/p>\n<p><em>Fournir les preuves \u00e0 l&rsquo;appui\u00a0:<\/em><\/p>\n<ul>\n<li>Une \u00e9tude analytique a-t-elle \u00e9t\u00e9 conduite?\u00a0[] Oui [] Non<\/li>\n<li>Y a-t-il des donn\u00e9es disponibles sur la proportion de la population g\u00e9n\u00e9rale consommant l&rsquo;aliment ou des aliments similaires (c.-\u00e0-d. Foodbook, FoodNet Canada\u00a0\u2013anciennement connu sous le nom de C-EnterNet, FoodNet USA, autres)? [] Oui [] Non<\/li>\n<\/ul>\n<p>C.6\u00a0Examen d&rsquo;autres explications (Dans quelle mesure d&rsquo;autres hypoth\u00e8ses plausibles ont-elles \u00e9t\u00e9 \u00e9cart\u00e9es?)<\/p>\n<p>[] Fort []\u00a0Mod\u00e9r\u00e9 [] Faible<\/p>\n<p><em>Fournir les preuves \u00e0 l&rsquo;appui\u00a0:<\/em><\/p>\n<h2>Conclusion<\/h2>\n<p>D. Le poids de la preuve \u00e9pid\u00e9miologique est-il assez fort pour affirmer que [aliment en cause] est le v\u00e9hicule d&rsquo;infection de cette \u00e9closion? \u00a0[] Oui []\u00a0Preuves additionnelles requises<\/p>\n<p>\u00c9noncer toute conclusion suppl\u00e9mentaire qui peut \u00eatre tir\u00e9e des d\u00e9tails pr\u00e9cis de l&rsquo;aliment en question (c.-\u00e0-d. le produit, le lieu d&rsquo;achat, les p\u00e9riodes d&rsquo;achat, l&rsquo;origine de l&rsquo;aliment)\u00a0:<\/p>\n<p>Souligner bri\u00e8vement toute lacune importante de la preuve\u00a0:<\/p>\n<p>E.\u00a0Autres facteurs \u00e0 prendre en consid\u00e9ration<\/p>\n","protected":false},"excerpt":{"rendered":"<p>T\u00e9l\u00e9charger le format de rechange (Format PDF, 46 Ko, 3 pages) Autorit\u00e9 de sant\u00e9 directrice\u00a0: Date de r\u00e9vision\u00a0: Heure de r\u00e9vision\u00a0: Num\u00e9ro de dossier de l&rsquo;\u00e9closion et titre\u00a0: Bref r\u00e9sum\u00e9 \u00e9pid\u00e9miologique A.1 Une liste d\u00e9taill\u00e9e a-t-elle \u00e9t\u00e9 fournie aux membres de l&rsquo;\u00e9quipe d&rsquo;enqu\u00eate, notamment \u00e0 Sant\u00e9 Canada (c.-\u00e0-d. num\u00e9ro d&rsquo;identification du cas, statut de confirmation [&hellip;]<\/p>\n","protected":false},"author":2,"featured_media":0,"parent":88,"menu_order":0,"comment_status":"closed","ping_status":"closed","template":"fullpage.php","meta":{"footnotes":""},"class_list":["post-2212","page","type-page","status-publish","hentry"],"_links":{"self":[{"href":"https:\/\/outbreaktools.ca\/fr\/wp-json\/wp\/v2\/pages\/2212","targetHints":{"allow":["GET"]}}],"collection":[{"href":"https:\/\/outbreaktools.ca\/fr\/wp-json\/wp\/v2\/pages"}],"about":[{"href":"https:\/\/outbreaktools.ca\/fr\/wp-json\/wp\/v2\/types\/page"}],"author":[{"embeddable":true,"href":"https:\/\/outbreaktools.ca\/fr\/wp-json\/wp\/v2\/users\/2"}],"replies":[{"embeddable":true,"href":"https:\/\/outbreaktools.ca\/fr\/wp-json\/wp\/v2\/comments?post=2212"}],"version-history":[{"count":13,"href":"https:\/\/outbreaktools.ca\/fr\/wp-json\/wp\/v2\/pages\/2212\/revisions"}],"predecessor-version":[{"id":4027,"href":"https:\/\/outbreaktools.ca\/fr\/wp-json\/wp\/v2\/pages\/2212\/revisions\/4027"}],"up":[{"embeddable":true,"href":"https:\/\/outbreaktools.ca\/fr\/wp-json\/wp\/v2\/pages\/88"}],"wp:attachment":[{"href":"https:\/\/outbreaktools.ca\/fr\/wp-json\/wp\/v2\/media?parent=2212"}],"curies":[{"name":"wp","href":"https:\/\/api.w.org\/{rel}","templated":true}]}}