{"id":2311,"date":"2016-12-09T13:27:49","date_gmt":"2016-12-09T17:27:49","guid":{"rendered":"http:\/\/phac.hyperinteractive.ca\/?page_id=2311"},"modified":"2021-01-05T12:17:46","modified_gmt":"2021-01-05T16:17:46","slug":"teleconference-call-template","status":"publish","type":"page","link":"https:\/\/outbreaktools.ca\/fr\/tools\/teleconference-call-template\/","title":{"rendered":"Mod\u00e8le de conf\u00e9rence t\u00e9l\u00e9phonique"},"content":{"rendered":"<p><a class=\"gl-download\" title=\"Mod\u00e8le de conf\u00e9rence t\u00e9l\u00e9phonique.docx\" href=\"https:\/\/outbreaktools.ca\/wp-content\/uploads\/2017\/03\/Modele-de-conference-telephonique.doc\" target=\"_blank\" rel=\"noopener noreferrer\">T\u00e9l\u00e9charger le format de rechange<\/a><br \/>\n (Format Word, 41 Ko, 1 page)<\/p>\n<p><strong>[<\/strong><strong>Num\u00e9ro d&rsquo;identification de l&rsquo;\u00e9v\u00e9nement]<\/strong><strong> [Titre de <\/strong><strong>l&rsquo;\u00e9v\u00e9nement<\/strong><strong>]<\/strong><\/p>\n<p><strong>Conf\u00e9rence t\u00e9l\u00e9phonique<\/strong><\/p>\n<p><strong>[DATE et HEURE] <\/strong><\/p>\n<h2>Proc\u00e8s-verbal<\/h2>\n<ul>\n<li>\n<p>\u00a0ASPC :<\/p>\n<\/li>\n<li>\n<p>\u00a0ACIA :<\/p>\n<\/li>\n<li>\n<p>\u00a0SC :<\/p>\n<\/li>\n<li>\n<p>\u00a0Province A :<\/p>\n<\/li>\n<li>\n<p>\u00a0Province B :<\/p>\n<\/li>\n<li>\n<p>\u00a0Province C : \u00a0<\/p>\n<\/li>\n<\/ul>\n<table border=\"1\">\n<tbody>\n<tr>\n<th scope=\"col\">Point \u00e0 l\u2019ordre du jour<\/th>\n<th scope=\"col\">Points de discussion<\/th>\n<th scope=\"col\">Mesures de suivi<\/th>\n<\/tr>\n<tr>\n<td>Changements apport\u00e9s \u00e0 l\u2019ordre du jour<\/td>\n<td>&nbsp;<\/td>\n<td>&nbsp;<\/td>\n<\/tr>\n<tr>\n<td>1.\u00a0Mise \u00e0 jour \u00e9pid\u00e9miologique nationale<\/td>\n<td>&nbsp;<\/td>\n<td>&nbsp;<\/td>\n<\/tr>\n<tr>\n<td>2.\u00a0Mise \u00e0 jour des donn\u00e9es de laboratoire &#8212; LMN<\/td>\n<td>&nbsp;<\/td>\n<td>&nbsp;<\/td>\n<\/tr>\n<tr>\n<td>3. Mises \u00e0 jour provinciales<\/td>\n<td>&nbsp;<\/td>\n<td>&nbsp;<\/td>\n<\/tr>\n<tr>\n<td>4. Mise \u00e0 jour des communications nationales<\/td>\n<td>&nbsp;<\/td>\n<td>&nbsp;<\/td>\n<\/tr>\n<tr>\n<td>5. Mise \u00e0 jour de la salubrit\u00e9 des aliments &#8212; ACIA<\/td>\n<td>&nbsp;<\/td>\n<td>&nbsp;<\/td>\n<\/tr>\n<tr>\n<td>6.\u00a0Prochaines \u00e9tapes<\/td>\n<td>&nbsp;<\/td>\n<td>&nbsp;<\/td>\n<\/tr>\n<tr>\n<td>7.\u00a0R\u00e9sum\u00e9 et examen des mesures de suivi<\/td>\n<td>&nbsp;<\/td>\n<td>&nbsp;<\/td>\n<\/tr>\n<tr>\n<td>8.\u00a0Prochaine demande<\/td>\n<td>&nbsp;<\/td>\n<\/tr>\n<\/tbody>\n<\/table>\n<p>&nbsp;<\/p>\n","protected":false},"excerpt":{"rendered":"<p>T\u00e9l\u00e9charger le format de rechange (Format Word, 41 Ko, 1 page) [Num\u00e9ro d&rsquo;identification de l&rsquo;\u00e9v\u00e9nement] [Titre de l&rsquo;\u00e9v\u00e9nement] Conf\u00e9rence t\u00e9l\u00e9phonique [DATE et HEURE] Proc\u00e8s-verbal \u00a0ASPC : \u00a0ACIA : \u00a0SC : \u00a0Province A : \u00a0Province B : \u00a0Province C : \u00a0 Point \u00e0 l\u2019ordre du jour Points de discussion Mesures de suivi Changements apport\u00e9s \u00e0 l\u2019ordre [&hellip;]<\/p>\n","protected":false},"author":2,"featured_media":0,"parent":88,"menu_order":0,"comment_status":"closed","ping_status":"closed","template":"fullpage.php","meta":{"footnotes":""},"class_list":["post-2311","page","type-page","status-publish","hentry"],"_links":{"self":[{"href":"https:\/\/outbreaktools.ca\/fr\/wp-json\/wp\/v2\/pages\/2311","targetHints":{"allow":["GET"]}}],"collection":[{"href":"https:\/\/outbreaktools.ca\/fr\/wp-json\/wp\/v2\/pages"}],"about":[{"href":"https:\/\/outbreaktools.ca\/fr\/wp-json\/wp\/v2\/types\/page"}],"author":[{"embeddable":true,"href":"https:\/\/outbreaktools.ca\/fr\/wp-json\/wp\/v2\/users\/2"}],"replies":[{"embeddable":true,"href":"https:\/\/outbreaktools.ca\/fr\/wp-json\/wp\/v2\/comments?post=2311"}],"version-history":[{"count":10,"href":"https:\/\/outbreaktools.ca\/fr\/wp-json\/wp\/v2\/pages\/2311\/revisions"}],"predecessor-version":[{"id":4036,"href":"https:\/\/outbreaktools.ca\/fr\/wp-json\/wp\/v2\/pages\/2311\/revisions\/4036"}],"up":[{"embeddable":true,"href":"https:\/\/outbreaktools.ca\/fr\/wp-json\/wp\/v2\/pages\/88"}],"wp:attachment":[{"href":"https:\/\/outbreaktools.ca\/fr\/wp-json\/wp\/v2\/media?parent=2311"}],"curies":[{"name":"wp","href":"https:\/\/api.w.org\/{rel}","templated":true}]}}