{"id":2335,"date":"2016-12-12T15:49:41","date_gmt":"2016-12-12T19:49:41","guid":{"rendered":"http:\/\/phac.hyperinteractive.ca\/?page_id=2335"},"modified":"2021-01-06T15:46:10","modified_gmt":"2021-01-06T19:46:10","slug":"outbreak-debrief-template","status":"publish","type":"page","link":"https:\/\/outbreaktools.ca\/fr\/tools\/outbreak-debrief-template\/","title":{"rendered":"Bilan et examen r\u00e9trospectifs de l\u2019\u00e9closion"},"content":{"rendered":"<p><a title=\"Bilan et examen r\u00e9trospectifs de l\u00e9closion.doc\" href=\"https:\/\/outbreaktools.ca\/wp-content\/uploads\/2015\/01\/Bilan-et-examen-r\u00e9trospectifs-de-l\u00e9closion.doc\" target=\"_blank\" rel=\"noopener noreferrer\">T\u00e9l\u00e9charger le format de rechange<\/a><br \/>\n (Format Word, 49\u00a0Ko, 2 pages)<\/p>\n<h2><strong>Bilan et examen r\u00e9trospectifs de l&rsquo;\u00e9closion<\/strong><\/h2>\n<table width=\"800\">\n<tbody>\n<tr>\n<th scope=\"col\" width=\"456\">\u00c9tapes\/Enjeux<\/th>\n<th scope=\"col\" width=\"270\">Qu&rsquo;est-ce qui a bien fonctionn\u00e9?<\/th>\n<th scope=\"col\" width=\"263\">Qu&rsquo;est-ce qui pourrait mieux fonctionner la prochaine fois?<\/th>\n<th scope=\"col\" width=\"257\">Recommandations<\/th>\n<\/tr>\n<tr>\n<td width=\"456\">\n<p><strong>Stade initial de l&rsquo;\u00e9closion<\/strong><\/p>\n<p>\u00b7\u00a0\u00a0\u00a0\u00a0\u00a0\u00a0\u00a0 D\u00e9tection et syst\u00e8mes de surveillance de l&rsquo;\u00e9closion (c.-\u00e0-d. signalement par l&rsquo;entremise du Programme national de surveillance des maladies ent\u00e9riques [PNSME], PulseNet)<\/p>\n<p>\u00b7\u00a0\u00a0\u00a0\u00a0\u00a0\u00a0\u00a0 V\u00e9rification du diagnostic par les analyses de laboratoire (s\u00e9rotypage et PFGE), information clinique<\/p>\n<p>\u00b7\u00a0\u00a0\u00a0\u00a0\u00a0\u00a0\u00a0 D\u00e9finitions de cas (d\u00e9finir et identifier les cas)<\/p>\n<p>\u00b7\u00a0\u00a0\u00a0\u00a0\u00a0\u00a0\u00a0 Notification aux partenaires (P\/T, CDC, diffusion d&rsquo;alertes de sant\u00e9 publique, haute direction)<\/p>\n<\/td>\n<td width=\"270\">\n<p><strong>\u00a0<\/strong><\/p>\n<\/td>\n<td width=\"263\">\n<p><strong>\u00a0<\/strong><\/p>\n<\/td>\n<td width=\"257\">\n<p><strong>\u00a0<\/strong><\/p>\n<\/td>\n<\/tr>\n<tr>\n<td width=\"456\">\n<p><strong>Comit\u00e9 de coordination de l&rsquo;enqu\u00eate sur l&rsquo;\u00e9closion<\/strong><\/p>\n<p><strong>\u00c9valuation initiale<\/strong><\/p>\n<p>\u00b7\u00a0\u00a0\u00a0\u00a0\u00a0\u00a0\u00a0 Les partenaires ont-ils \u00e9t\u00e9 pr\u00e9venus suffisamment \u00e0 l&rsquo;avance de la demande d&rsquo;\u00e9valuation initiale?<\/p>\n<p><strong>Activation<\/strong><\/p>\n<p>\u00b7\u00a0\u00a0\u00a0\u00a0\u00a0\u00a0\u00a0 Prise de d\u00e9cision et \u00e9tablissement d&rsquo;un consensus \u00e0 l&rsquo;\u00e9gard de l&rsquo;activation du CCEE?<\/p>\n<p><strong>Conf\u00e9rences t\u00e9l\u00e9phoniques du CCEE<\/strong><\/p>\n<p>\u00b7\u00a0\u00a0\u00a0\u00a0\u00a0\u00a0\u00a0 Ont-elles eu lieu assez fr\u00e9quemment?<\/p>\n<p>\u00b7\u00a0\u00a0\u00a0\u00a0\u00a0\u00a0\u00a0 Leur ordre du jour et structure ont-ils \u00e9t\u00e9 utiles?<\/p>\n<p>\u00b7\u00a0\u00a0\u00a0\u00a0\u00a0\u00a0\u00a0 Ont-elles \u00e9t\u00e9 bien g\u00e9r\u00e9es?<\/p>\n<p>\u00b7\u00a0\u00a0\u00a0\u00a0\u00a0\u00a0\u00a0 Ont-elles r\u00e9uni les participants appropri\u00e9s?<\/p>\n<\/td>\n<td width=\"270\">\n<p><strong>\u00a0<\/strong><\/p>\n<\/td>\n<td width=\"263\">\n<p><strong>\u00a0<\/strong><\/p>\n<\/td>\n<td width=\"257\">\n<p><strong>\u00a0<\/strong><\/p>\n<\/td>\n<\/tr>\n<tr>\n<td width=\"456\">\n<p><strong>D\u00e9crire et orienter les donn\u00e9es en ce qui concerne les personnes, le lieu, le moment <\/strong><\/p>\n<p>\u00b7\u00a0\u00a0\u00a0\u00a0\u00a0\u00a0\u00a0 Les r\u00e9sum\u00e9s \u00e9pid\u00e9miologiques \u00e9taient-ils clairs, utiles, et distribu\u00e9s en temps opportun?<\/p>\n<p>\u00b7\u00a0\u00a0\u00a0\u00a0\u00a0\u00a0\u00a0 La liste d\u00e9taill\u00e9e \u00e9tait-elle facile \u00e0 comprendre et exhaustive?<\/p>\n<p>\u00b7\u00a0\u00a0\u00a0\u00a0\u00a0\u00a0\u00a0 A-t-on cern\u00e9 le besoin pour d&rsquo;autres m\u00e9thodes de partage d&rsquo;information (c.-\u00e0-d. listes d\u00e9taill\u00e9es en ligne; banque de donn\u00e9es)<\/p>\n<\/td>\n<td width=\"270\">\n<p><strong>\u00a0<\/strong><\/p>\n<\/td>\n<td width=\"263\">\n<p><strong>\u00a0<\/strong><\/p>\n<\/td>\n<td width=\"257\">\n<p><strong>\u00a0<\/strong><\/p>\n<\/td>\n<\/tr>\n<tr>\n<td width=\"456\">\n<p><strong>G\u00e9n\u00e9ration et \u00e9valuation d&rsquo;hypoth\u00e8ses <\/strong><\/p>\n<p>\u00b7\u00a0\u00a0\u00a0\u00a0\u00a0\u00a0\u00a0 Formuler des hypoth\u00e8ses (entrevues, interaction avec les partenaires locaux et provinciaux)<\/p>\n<p>\u00b7\u00a0\u00a0\u00a0\u00a0\u00a0\u00a0\u00a0 \u00c9valuer les hypoth\u00e8ses (collaboration avec le CDC, examen des entrevues donnant lieu \u00e0 la g\u00e9n\u00e9ration d&rsquo;hypoth\u00e8ses)<\/p>\n<p>\u00b7\u00a0\u00a0\u00a0\u00a0\u00a0\u00a0\u00a0 Pr\u00e9ciser les hypoth\u00e8ses et effectuer des \u00e9tudes suppl\u00e9mentaires (m\u00e9thode de l&rsquo;\u00e9tude analytique, pr\u00e9paration, \u00e9laboration de questionnaires, mise en \u0153uvre et entrevues, analyse<\/p>\n<\/td>\n<td width=\"270\">\n<p><strong>\u00a0<\/strong><\/p>\n<\/td>\n<td width=\"263\">\n<p><strong>\u00a0<\/strong><\/p>\n<\/td>\n<td width=\"257\">\n<p><strong>\u00a0<\/strong><\/p>\n<\/td>\n<\/tr>\n<tr>\n<td width=\"456\">\n<p><strong>Enqu\u00eate sur la salubrit\u00e9 des aliments<\/strong> (donn\u00e9es de tra\u00e7abilit\u00e9, \u00e9valuations des risques, rappel, inspection de l&rsquo;usine de fabrication, pr\u00e9l\u00e8vement d&rsquo;\u00e9chantillons du produit et dans l&rsquo;environnement)<\/p>\n<p>\u00b7\u00a0\u00a0\u00a0\u00a0\u00a0\u00a0\u00a0 L&rsquo;information appropri\u00e9e a-t-elle \u00e9t\u00e9 partag\u00e9e?<\/p>\n<p>\u00b7\u00a0\u00a0\u00a0\u00a0\u00a0\u00a0\u00a0 \u00c9tait-elle claire? A-t-elle \u00e9t\u00e9 partag\u00e9e en temps opportun?<\/p>\n<ul>\n<li>Les rappels ont-ils \u00e9t\u00e9 effectu\u00e9s rapidement? Ont-ils \u00e9t\u00e9 efficaces?<\/li>\n<\/ul>\n<\/td>\n<td width=\"270\">\n<p><strong>\u00a0<\/strong><\/p>\n<\/td>\n<td width=\"263\">\n<p><strong>\u00a0<\/strong><\/p>\n<\/td>\n<td width=\"257\">\n<p><strong>\u00a0<\/strong><\/p>\n<\/td>\n<\/tr>\n<tr>\n<td width=\"456\">\n<p><strong>Communications <\/strong><\/p>\n<p><strong>Au sein du CCEE<\/strong><\/p>\n<p>\u00b7\u00a0\u00a0\u00a0\u00a0\u00a0\u00a0\u00a0 Les courriels de mise \u00e0 jour \u00e9taient-ils acceptables et assez fr\u00e9quents?<\/p>\n<p>\u00b7\u00a0\u00a0\u00a0\u00a0\u00a0\u00a0\u00a0 Communications entre le CCEE et la haute direction<\/p>\n<p><strong>Communications publiques<\/strong><\/p>\n<p>\u00b7\u00a0\u00a0\u00a0\u00a0\u00a0\u00a0\u00a0 Processus d\u00e9cisionnel concernant les communications publiques<\/p>\n<p><strong>Documentation interne<\/strong><\/p>\n<\/td>\n<td width=\"270\">\n<p><strong>\u00a0<\/strong><\/p>\n<\/td>\n<td width=\"263\">\n<p><strong>\u00a0<\/strong><\/p>\n<\/td>\n<td width=\"257\">\n<p><strong>\u00a0<\/strong><\/p>\n<\/td>\n<\/tr>\n<tr>\n<td width=\"456\">\n<p><strong>Mesures de sant\u00e9 publique<\/strong> (ce qui a \u00e9t\u00e9 fait, mise en \u0153uvre de mesures de lutte et de pr\u00e9vention)<\/p>\n<\/td>\n<td width=\"270\">\n<p><strong>\u00a0<\/strong><\/p>\n<\/td>\n<td width=\"263\">\n<p><strong>\u00a0<\/strong><\/p>\n<\/td>\n<td width=\"257\">\n<p><strong>\u00a0<\/strong><\/p>\n<\/td>\n<\/tr>\n<tr>\n<td width=\"456\">\n<p><strong>Apr\u00e8s l&rsquo;\u00e9closion <\/strong><\/p>\n<p>(d\u00e9clarer la fin de l&rsquo;\u00e9closion, dissolution du CCEE, r\u00e9union d&rsquo;information, rapport final, r\u00e9sum\u00e9 de l&rsquo;\u00e9closion)<\/p>\n<p>\u00b7\u00a0\u00a0\u00a0\u00a0\u00a0\u00a0\u00a0 Processus d\u00e9cisionnel concernant la d\u00e9claration de la fin de l&rsquo;\u00e9closion et dissolution du CCEE<\/p>\n<p>\u00b7\u00a0\u00a0\u00a0\u00a0\u00a0\u00a0\u00a0 La s\u00e9ance de compte-rendu a-t-elle \u00e9t\u00e9 efficace? A-t-elle \u00e9t\u00e9 tenue rapidement apr\u00e8s l&rsquo;\u00e9closion?<\/p>\n<p>\u00b7\u00a0\u00a0\u00a0\u00a0\u00a0\u00a0\u00a0 Est-ce qu&rsquo;un rapport final d&rsquo;\u00e9closion a \u00e9t\u00e9 produit et distribu\u00e9 en temps opportun? Mise en page, distribution et traduction des rapports d&rsquo;\u00e9pid\u00e9miologie, etc.<\/p>\n<p>\u00b7\u00a0\u00a0\u00a0\u00a0\u00a0\u00a0\u00a0 L&rsquo;\u00e9closion a-t-elle \u00e9t\u00e9 affich\u00e9e dans les r\u00e9sum\u00e9s des \u00e9closions?<\/p>\n<\/td>\n<td width=\"270\">\n<p><strong>\u00a0<\/strong><\/p>\n<\/td>\n<td width=\"263\">\n<p><strong>\u00a0<\/strong><\/p>\n<\/td>\n<td width=\"257\">\n<p><strong>\u00a0<\/strong><\/p>\n<\/td>\n<\/tr>\n<tr>\n<td width=\"456\">\n<p><strong>Autres questions? <\/strong><\/p>\n<\/td>\n<td width=\"270\">\n<p><strong>\u00a0<\/strong><\/p>\n<p><strong>\u00a0<\/strong><\/p>\n<p><strong>\u00a0<\/strong><\/p>\n<p><strong>\u00a0<\/strong><\/p>\n<p><strong>\u00a0<\/strong><\/p>\n<p><strong>\u00a0<\/strong><\/p>\n<p><strong>\u00a0<\/strong><\/p>\n<p><strong>\u00a0<\/strong><\/p>\n<\/td>\n<td width=\"263\">\n<p><strong>\u00a0<\/strong><\/p>\n<\/td>\n<td width=\"257\">\n<p><strong>\u00a0<\/strong><\/p>\n<\/td>\n<\/tr>\n<\/tbody>\n<\/table>\n","protected":false},"excerpt":{"rendered":"<p>T\u00e9l\u00e9charger le format de rechange (Format Word, 49\u00a0Ko, 2 pages) Bilan et examen r\u00e9trospectifs de l&rsquo;\u00e9closion \u00c9tapes\/Enjeux Qu&rsquo;est-ce qui a bien fonctionn\u00e9? Qu&rsquo;est-ce qui pourrait mieux fonctionner la prochaine fois? Recommandations Stade initial de l&rsquo;\u00e9closion \u00b7\u00a0\u00a0\u00a0\u00a0\u00a0\u00a0\u00a0 D\u00e9tection et syst\u00e8mes de surveillance de l&rsquo;\u00e9closion (c.-\u00e0-d. signalement par l&rsquo;entremise du Programme national de surveillance des maladies ent\u00e9riques [&hellip;]<\/p>\n","protected":false},"author":2,"featured_media":0,"parent":88,"menu_order":0,"comment_status":"closed","ping_status":"closed","template":"fullpage.php","meta":{"footnotes":""},"class_list":["post-2335","page","type-page","status-publish","hentry"],"_links":{"self":[{"href":"https:\/\/outbreaktools.ca\/fr\/wp-json\/wp\/v2\/pages\/2335","targetHints":{"allow":["GET"]}}],"collection":[{"href":"https:\/\/outbreaktools.ca\/fr\/wp-json\/wp\/v2\/pages"}],"about":[{"href":"https:\/\/outbreaktools.ca\/fr\/wp-json\/wp\/v2\/types\/page"}],"author":[{"embeddable":true,"href":"https:\/\/outbreaktools.ca\/fr\/wp-json\/wp\/v2\/users\/2"}],"replies":[{"embeddable":true,"href":"https:\/\/outbreaktools.ca\/fr\/wp-json\/wp\/v2\/comments?post=2335"}],"version-history":[{"count":21,"href":"https:\/\/outbreaktools.ca\/fr\/wp-json\/wp\/v2\/pages\/2335\/revisions"}],"predecessor-version":[{"id":4054,"href":"https:\/\/outbreaktools.ca\/fr\/wp-json\/wp\/v2\/pages\/2335\/revisions\/4054"}],"up":[{"embeddable":true,"href":"https:\/\/outbreaktools.ca\/fr\/wp-json\/wp\/v2\/pages\/88"}],"wp:attachment":[{"href":"https:\/\/outbreaktools.ca\/fr\/wp-json\/wp\/v2\/media?parent=2335"}],"curies":[{"name":"wp","href":"https:\/\/api.w.org\/{rel}","templated":true}]}}