{"id":2456,"date":"2017-01-17T17:21:18","date_gmt":"2017-01-17T21:21:18","guid":{"rendered":"http:\/\/phac.hyperinteractive.ca\/?page_id=2456"},"modified":"2017-05-19T04:52:39","modified_gmt":"2017-05-19T08:52:39","slug":"salmonella-and-reptiles","status":"publish","type":"page","link":"https:\/\/outbreaktools.ca\/fr\/tools\/salmonella-and-reptiles\/","title":{"rendered":"Salmonelles et reptiles"},"content":{"rendered":"<p><a title=\"Salmonelles et reptiles\" href=\"https:\/\/outbreaktools.ca\/wp-content\/uploads\/2015\/01\/ASPC-Salmonelles-et-reptiles.pdf\" target=\"_blank\" rel=\"noopener noreferrer\">T\u00e9l\u00e9charger le format de rechange<\/a><br \/>\n (Format Word, 153 Ko, 2\u00a0pages)<\/p>\n<h4><strong>Saviez-vous que la plupart des reptiles (l\u00e9zards, serpents, tortues) vivent avec des salmonelles dans leurs\u00a0intestins, sans \u00eatre malades pour autant?<\/strong><\/h4>\n<p>Ces bact\u00e9ries peuvent donc \u00eatre transmises lorsque les reptiles excr\u00e8tent des mati\u00e8res f\u00e9cales qui se retrouvent dans leur environnement et sur leur corps. La plupart des reptiles excr\u00e8tent ces bact\u00e9ries pendant une longue p\u00e9riode. Les rongeurs (congel\u00e9s ou non) utilis\u00e9s pour nourrir certains reptiles peuvent \u00e9galement \u00eatre porteurs de ces bact\u00e9ries, qui pourraient infecter les reptiles.<\/p>\n<p>Il est pr\u00e9f\u00e9rable de toujours supposer qu\u2019un reptile est porteur de salmonelles et de toujours prendre les mesures de\u00a0pr\u00e9caution qui s\u2019imposent pour vous prot\u00e9ger et prot\u00e9ger les autres personnes qui pourraient manipuler un reptile ou nettoyer l\u2019environnement o\u00f9 il vit.<\/p>\n<h2>Qu\u2019est-ce que la salmonelle?<\/h2>\n<p>Les salmonelles forment un groupe de bact\u00e9ries couramment pr\u00e9sentes dans les intestins des animaux et des\u00a0oiseaux. Vous pouvez devenir malade si vous entrez en contact avec des animaux (tel que les reptiles, rongeurs,\u00a0oiseaux, chiens et chats) mais aussi si vous manger des aliments contamin\u00e9s. Il est \u00e9galement possible d\u2019\u00eatre expos\u00e9 aux salmonelles lorsque les surfaces de la cuisine n\u2019ont pas \u00e9t\u00e9 ad\u00e9quatement nettoy\u00e9es apr\u00e8s avoir \u00e9t\u00e9 en contact\u00a0des animaux ou des aliments contamin\u00e9s<\/p>\n<p>Les sympt\u00f4mes de la salmonellose inclus notamment l\u2019apparition soudaine de diarrh\u00e9e, fi\u00e8vre, crampes abdominales,\u00a0naus\u00e9e et vomissement. Les sympt\u00f4mes de la salmonellose apparaissent g\u00e9n\u00e9ralement de 6 \u00e0 72 heures suivant l\u2019ingestion de bact\u00e9ries pr\u00e9sentes dans des aliments, de l\u2019eau ou d\u2019autres sources environnementales. Ils durent de 4 \u00e0 7 jours. Dans certains cas, la maladie peut \u00eatre plus grave.<\/p>\n<h2>Qui sont les personnes les plus vuln\u00e9rables?<\/h2>\n<p>Les Canadiens les plus vuln\u00e9rables \u00e0 l\u2019infection sont les b\u00e9b\u00e9s, les enfants de moins de cinq ans, les femmes\u00a0enceintes, les personnes \u00e2g\u00e9es et les personnes dont le syst\u00e8me immunitaire est fragile. Les m\u00e9nages o\u00f9 vivent ces personnes ne devraient donc pas adopter un reptile, car ils sont plus \u00e0 risque de contracter des maladies graves.<\/p>\n<p>Les jeunes enfants sont vuln\u00e9rables parce qu\u2019ils aiment, dans bien des cas, manipuler et interagir avec les reptiles, et ne se lavent pas toujours les mains avant de porter leurs doigts et d\u2019autres objets contamin\u00e9s \u00e0 leur bouche ou pr\u00e8s de celle-ci. Les b\u00e9b\u00e9s et les jeunes enfants peuvent m\u00eame \u00eatre infect\u00e9s sans avoir de contact direct avec un reptile. Ces derniers peuvent devenir malades s\u2019ils se trouvent dans un environnement o\u00f9 l\u2019on garde un reptile ou si celui-ci est\u00a0laiss\u00e9 en libert\u00e9, ou en \u00e9tant en contact avec une personne qui a manipul\u00e9 un reptile.<\/p>\n<h2>Comment \u00e9viter de contracter la salmonellose\u00a0lorsqu\u2019on est en contact avec des reptiles<\/h2>\n<p>Prenez les simples mesures suivantes pour vous aider \u00e0 r\u00e9duire le risque de tomber malade \u00e0 la suite d\u2019un contact avec un reptile, ses aliments et son environnement.<\/p>\n<h2>Adoptez de bonnes pratiques de lavage des mains<\/h2>\n<ul>\n<li>\n<p>Lavezvous les mains \u00e0 l\u2019eau ti\u00e8de et au savon pendant au moins 20 secondes tout de suite apr\u00e8s avoir touch\u00e9 des reptiles ou toute autre endroit o\u00f9 ils vivent et se prom\u00e8nent, y compris apr\u00e8s avoir manipul\u00e9 de la nourriture pour reptiles.<\/p>\n<\/li>\n<li>\n<p>Si vous n\u2019avez pas acc\u00e8s \u00e0 du savon et \u00e0 de l\u2019eau, utilisez du d\u00e9sinfectant pour les mains jusqu\u2019\u00e0 ce que vous puissiez rem\u00e9dier \u00e0 la situation.<\/p>\n<\/li>\n<li>\n<p>Il est particuli\u00e8rement important de se laver les mains avant de manger ou de boire, de pr\u00e9parer ou de servir des aliments ou des boissons ou de pr\u00e9parer des biberons.<\/p>\n<\/li>\n<li>\n<p>Les adultes devraient superviser les jeunes enfants lorsqu\u2019ils se lavent les mains.<\/p>\n<\/li>\n<\/ul>\n<h2>Adoptez de saines pratiques de manipulation des reptiles \u00e0 la maison<\/h2>\n<ul>\n<li>\n<p>Toute surface avec laquelle un reptile est entr\u00e9 en contact devrait \u00eatre consid\u00e9r\u00e9e comme contamin\u00e9e. Par cons\u00e9quent, utilisez du savon ou un d\u00e9sinfectant, comme de l\u2019eau de Javel, pour bien nettoyer toutes les surfaces qui sont entr\u00e9es en contact avec des reptiles.<\/p>\n<\/li>\n<li>\n<p>Ne laissez pas les reptiles en libert\u00e9 dans la maison, en particulier dans les endroits o\u00f9 des aliments ou des boissons sont pr\u00e9par\u00e9s, servis ou entrepos\u00e9s, comme les cuisines et les terrasses.<\/p>\n<\/li>\n<li>\n<p>Ne portez pas les mains \u00e0 votre bouche apr\u00e8s avoir manipul\u00e9 des reptiles, et ne consommez aucune nourriture ni boisson pr\u00e8s d\u2019eux.<\/p>\n<\/li>\n<li>\n<p>Les enfants \u00e2g\u00e9s de moins de cinq ans, les personnes \u00e2g\u00e9es, les femmes enceintes ou les personnes ayant un syst\u00e8me immunitaire affaibli ne devraient pas manipuler ou toucher des reptiles, ni aucun article se trouvant dans l\u2019endroit o\u00f9 ils vivent et se prom\u00e8nent.<\/p>\n<\/li>\n<li>\n<p>N\u2019embrassez jamais votre reptile.<\/p>\n<\/li>\n<\/ul>\n<h2>Prot\u00e9gez-vous lorsque vous soignez ou nettoyez votre reptile<\/h2>\n<ul>\n<li>\n<p>Ne baignez pas les reptiles dans l\u2019\u00e9vier de cuisine ou de salle de bain ni dans la baignoire. Les reptiles devraient \u00eatre baign\u00e9s dans un bac ou un bassin r\u00e9serv\u00e9 exclusivement \u00e0 cet usage Jetez les eaux r\u00e9siduelles et les excr\u00e9ments de votre reptile dans la toilette plut\u00f4t que dans l\u2019\u00e9vier ou la baignoire. D\u00e9sinfectez les surfaces contamin\u00e9es avec de l\u2019eau de Javel.<\/p>\n<\/li>\n<li>\n<p>Lavez-vous toujours bien les mains apr\u00e8s avoir manipul\u00e9 des rongeurs utilis\u00e9s comme nourriture pour reptiles. La nourriture pour reptiles ne devrait pas \u00eatre conserv\u00e9e dans la cuisine ni dans la salle \u00e0 manger. Les rongeurs morts ne devraient pas \u00eatre conserv\u00e9s dans le m\u00eame r\u00e9frig\u00e9rateur que la nourriture destin\u00e9e \u00e0 l\u2019alimentation humaine, et les rongeurs congel\u00e9s devraient \u00eatre pr\u00e9par\u00e9s et d\u00e9congel\u00e9s \u00e0 l\u2019ext\u00e9rieur de la cuisine \u00e0 l\u2019aide d\u2019ustensiles et de r\u00e9cipients destin\u00e9s \u00e0 cet usage.<\/p>\n<\/li>\n<li>\n<p>Soyez au fait des besoins particuliers de votre reptile. Un reptile stress\u00e9 peut s\u00e9cr\u00e9ter davantage de salmonelles.<\/p>\n<\/li>\n<li>\n<p>Ne donnez pas d\u2019antibiotiques \u00e0 un reptile en sant\u00e9 pour essayer d\u2019\u00e9liminer les salmonelles.<\/p>\n<\/li>\n<\/ul>\n<h2>Supervisez de pr\u00e8s les enfants lorsqu\u2019ils manipulent des reptiles<\/h2>\n<ul>\n<li>\n<p>Supervisez toujours les enfants pour vous assurer qu\u2019ils ne portent pas votre reptile ou d\u2019objets contamin\u00e9s par les reptiles pr\u00e8s de leur bouche. Assurezvous que les enfants se lavent bien les mains avec du savon et de l\u2019eau imm\u00e9diatement apr\u00e8s avoir manipul\u00e9 un reptile. Les adultes devraient superviser les jeunes enfants lorsqu\u2019ils se lavent les mains.<\/p>\n<\/li>\n<li>\n<p>Les m\u00e9nages o\u00f9 vivent des femmes enceintes ou des personnes immunod\u00e9prim\u00e9es ne devraient pas garder de reptiles de compagnie, car ces personnes, ainsi que les b\u00e9b\u00e9s et les jeunes enfants, sont plus \u00e0 risque de contracter des maladies graves.<\/p>\n<\/li>\n<li>\n<p>Ne gardez pas de reptiles dans les garderies, les \u00e9coles ou d\u2019autres installations o\u00f9 sont pr\u00e9sents des enfants de cinq ans et moins.<\/p>\n<\/li>\n<\/ul>\n","protected":false},"excerpt":{"rendered":"<p>T\u00e9l\u00e9charger le format de rechange (Format Word, 153 Ko, 2\u00a0pages) Saviez-vous que la plupart des reptiles (l\u00e9zards, serpents, tortues) vivent avec des salmonelles dans leurs\u00a0intestins, sans \u00eatre malades pour autant? Ces bact\u00e9ries peuvent donc \u00eatre transmises lorsque les reptiles excr\u00e8tent des mati\u00e8res f\u00e9cales qui se retrouvent dans leur environnement et sur leur corps. La plupart [&hellip;]<\/p>\n","protected":false},"author":2,"featured_media":0,"parent":88,"menu_order":0,"comment_status":"closed","ping_status":"closed","template":"fullpage.php","meta":{"footnotes":""},"class_list":["post-2456","page","type-page","status-publish","hentry"],"_links":{"self":[{"href":"https:\/\/outbreaktools.ca\/fr\/wp-json\/wp\/v2\/pages\/2456","targetHints":{"allow":["GET"]}}],"collection":[{"href":"https:\/\/outbreaktools.ca\/fr\/wp-json\/wp\/v2\/pages"}],"about":[{"href":"https:\/\/outbreaktools.ca\/fr\/wp-json\/wp\/v2\/types\/page"}],"author":[{"embeddable":true,"href":"https:\/\/outbreaktools.ca\/fr\/wp-json\/wp\/v2\/users\/2"}],"replies":[{"embeddable":true,"href":"https:\/\/outbreaktools.ca\/fr\/wp-json\/wp\/v2\/comments?post=2456"}],"version-history":[{"count":29,"href":"https:\/\/outbreaktools.ca\/fr\/wp-json\/wp\/v2\/pages\/2456\/revisions"}],"predecessor-version":[{"id":3294,"href":"https:\/\/outbreaktools.ca\/fr\/wp-json\/wp\/v2\/pages\/2456\/revisions\/3294"}],"up":[{"embeddable":true,"href":"https:\/\/outbreaktools.ca\/fr\/wp-json\/wp\/v2\/pages\/88"}],"wp:attachment":[{"href":"https:\/\/outbreaktools.ca\/fr\/wp-json\/wp\/v2\/media?parent=2456"}],"curies":[{"name":"wp","href":"https:\/\/api.w.org\/{rel}","templated":true}]}}