{"id":3004,"date":"2017-05-02T07:06:48","date_gmt":"2017-05-02T11:06:48","guid":{"rendered":"http:\/\/outbreaktools.ca\/?page_id=3004"},"modified":"2020-12-08T17:06:59","modified_gmt":"2020-12-08T21:06:59","slug":"chronology-template-2","status":"publish","type":"page","link":"https:\/\/outbreaktools.ca\/fr\/tools\/chronology-template-2\/","title":{"rendered":"Mod\u00e8le de classement chronologique"},"content":{"rendered":"<p style=\"text-align: left;\"><a title=\"Mod\u00e8le de classement chronologique.doc\" href=\"https:\/\/outbreaktools.ca\/wp-content\/uploads\/2017\/03\/Modele-de-classement-chronologique1.doc\" target=\"_blank\" rel=\"noopener noreferrer\">T\u00e9l\u00e9charger le format de rechange<\/a><br \/>\n (Format Word, 40 Ko, 3 pages)<\/p>\n<p><strong>But et contexte : <\/strong><\/p>\n<p>Le contenu et la description d\u00e9taill\u00e9e du classement chronologique varient selon l&rsquo;intensit\u00e9 de l&rsquo;\u00e9v\u00e9nement. Le but principal du classement chronologique est de procurer une description chronologique d&rsquo;ensemble des moments o\u00f9 l&rsquo;information cl\u00e9 est obtenue ou partag\u00e9e, et des moments o\u00f9 les d\u00e9cisions cl\u00e9s sont prises. Il peut aussi \u00eatre utilis\u00e9 pour \u00e9laborer une description chronologique visuelle d&rsquo;un \u00e9v\u00e9nement.<\/p>\n<p><strong>Principaux int\u00e9ress\u00e9s : <\/strong> membres de l&rsquo;\u00e9quipe d&rsquo;enqu\u00eate<\/p>\n<p><em>Autres int\u00e9ress\u00e9s*<\/em> : breffage de la haute direction, personnel des Communications (affichage sur le Web), etc.<\/p>\n<p><strong>Points principaux \u00e0 documenter :<\/strong><\/p>\n<p>\u00b7 Le classement chronologique doit comprendre les renseignements cl\u00e9s qui d\u00e9crivent qui, quoi et quand (c.-\u00e0-d. quand l&rsquo;avons-nous appris, qui en avons-nous inform\u00e9, qu&rsquo;avons-nous fait, etc.)<\/p>\n<p>\u00b7 Il faut inclure les dates cl\u00e9s, tel que :<\/p>\n<ul type=\"disc\">\n<li style=\"list-style-type: none;\">\n<ul type=\"circle\">\n<li>le moment o\u00f9 le groupement de cas a \u00e9t\u00e9 d\u00e9cel\u00e9<\/li>\n<li>la date ou les dates des demandes d&rsquo;\u00e9valuation, d&rsquo;activation du Comit\u00e9 de coordination de l&rsquo;enqu\u00eate sur l&rsquo;\u00e9closion (CCEE), des t\u00e9l\u00e9conf\u00e9rences, etc.<\/li>\n<li>la date de diffusion de l&rsquo;alerte de sant\u00e9 publique ou d&rsquo;envoi de l&rsquo;\u00e9valuation \u00e9pid\u00e9miologique<\/li>\n<li>la date des principales constatations relatives \u00e0 la salubrit\u00e9 alimentaire (c.-\u00e0-d. le premier \u00e9chantillon alimentaire positif)<\/li>\n<\/ul>\n<\/li>\n<\/ul>\n<p>\u00b7 Les d\u00e9nombrements des cas doivent \u00eatre inclus et correspondre aux dates de la liste d\u00e9taill\u00e9e.<\/p>\n<p>La description d\u00e9taill\u00e9e de l&rsquo;\u00e9v\u00e9nement doit \u00eatre \u00e9crite au pr\u00e9sent et \u00eatre aussi condens\u00e9e que possible<\/p>\n<p><strong> <br clear=\"all\" \/><br \/>\n <\/strong><\/p>\n<p align=\"center\"><strong> Classement chronologique des \u00e9v\u00e9nements : < Num\u00e9ro d'identification de l'\u00e9v\u00e9nement, Pathog\u00e8ne, Lieu, Source > <\/strong><\/p>\n<p>&nbsp;<\/p>\n<table border=\"1\" cellspacing=\"0\" cellpadding=\"0\">\n<tbody>\n<tr>\n<td width=\"196\">\n<p align=\"center\"><strong>\u00c9quipe<\/strong><\/p>\n<\/td>\n<\/tr>\n<tr>\n<td valign=\"top\" width=\"196\">\u00a0<\/td>\n<\/tr>\n<\/tbody>\n<\/table>\n<p>&nbsp;<\/p>\n<table border=\"1\" width=\"638\" cellspacing=\"0\" cellpadding=\"0\">\n<tbody>\n<tr>\n<td colspan=\"2\" valign=\"top\" width=\"638\">\n<p><strong> Acronymes <em> [inclure seulement les acronymes utilis\u00e9s dans le classement chronologique, en ordre alphab\u00e9tique] <\/em> <\/strong><\/p>\n<\/td>\n<\/tr>\n<tr>\n<td valign=\"top\" width=\"121\">\n<p>ACIA<\/p>\n<\/td>\n<td valign=\"top\" width=\"517\">\n<p>Agence canadienne d&rsquo;inspection des aliments<\/p>\n<\/td>\n<\/tr>\n<tr>\n<td valign=\"top\" width=\"121\">\n<p>BSRA<\/p>\n<\/td>\n<td valign=\"top\" width=\"517\">\n<p>Bureau de la salubrit\u00e9 et des rappels des aliments (ACIA)<\/p>\n<\/td>\n<\/tr>\n<tr>\n<td valign=\"top\" width=\"121\">\n<p>CCEE<\/p>\n<\/td>\n<td valign=\"top\" width=\"517\">\n<p>comit\u00e9 de coordination de l&rsquo;enqu\u00eate sur l&rsquo;\u00e9closion<\/p>\n<\/td>\n<\/tr>\n<tr>\n<td valign=\"top\" width=\"121\">\n<p>CDC<\/p>\n<\/td>\n<td valign=\"top\" width=\"517\">\n<p>Centers for Disease Control and Prevention (\u00c9tats-Unis)<\/p>\n<\/td>\n<\/tr>\n<tr>\n<td valign=\"top\" width=\"121\">\n<p>CMIAEZ<\/p>\n<\/td>\n<td valign=\"top\" width=\"517\">\n<p>Centre des maladies infectieuses d&rsquo;origine alimentaire, environnementale et zoonotique<\/p>\n<\/td>\n<\/tr>\n<tr>\n<td valign=\"top\" width=\"121\">\n<p>CMIU<\/p>\n<\/td>\n<td valign=\"top\" width=\"517\">\n<p>Centre de mesures et d&rsquo;interventions d&rsquo;urgence (ASPC)<\/p>\n<\/td>\n<\/tr>\n<tr>\n<td valign=\"top\" width=\"121\">\n<p>DGE<\/p>\n<\/td>\n<td valign=\"top\" width=\"517\">\n<p>Division de la gestion des \u00e9closions (CMIAEZ, ASPC)<\/p>\n<\/td>\n<\/tr>\n<tr>\n<td valign=\"top\" width=\"121\">\n<p>ECP<\/p>\n<\/td>\n<td valign=\"top\" width=\"517\">\n<p>Agence de la sant\u00e9 publique du Canada<\/p>\n<\/td>\n<\/tr>\n<tr>\n<td valign=\"top\" width=\"121\">\n<p>ERS<\/p>\n<\/td>\n<td valign=\"top\" width=\"517\">\n<p>\u00c9valuation de risque pour la sant\u00e9<\/p>\n<\/td>\n<\/tr>\n<tr>\n<td valign=\"top\" width=\"121\">\n<p>F\/P\/T<\/p>\n<\/td>\n<td valign=\"top\" width=\"517\">\n<p>F\u00e9d\u00e9rale\/Provinciale\/Territoriale<\/p>\n<\/td>\n<\/tr>\n<tr>\n<td valign=\"top\" width=\"121\">\n<p>LMN<\/p>\n<\/td>\n<td valign=\"top\" width=\"517\">\n<p>Laboratoire national de microbiologie (ASPC)<\/p>\n<\/td>\n<\/tr>\n<tr>\n<td valign=\"top\" width=\"121\">\n<p>MITIOA<\/p>\n<\/td>\n<td valign=\"top\" width=\"517\">\n<p>Modalit\u00e9s canadiennes d&rsquo;intervention lors de toxi-infection d&rsquo;origine alimentaire<\/p>\n<\/td>\n<\/tr>\n<tr>\n<td valign=\"top\" width=\"121\">\n<p>MLVA<\/p>\n<\/td>\n<td valign=\"top\" width=\"517\">\n<p>Analyse multilocus du polymorphisme de s\u00e9quences r\u00e9p\u00e9t\u00e9es en tandem<\/p>\n<\/td>\n<\/tr>\n<tr>\n<td valign=\"top\" width=\"121\">\n<p>PCET<\/p>\n<\/td>\n<td valign=\"top\" width=\"517\">\n<p>Programme canadien d&rsquo;\u00e9pid\u00e9miologie de terrain (ASPC)<\/p>\n<\/td>\n<\/tr>\n<tr>\n<td valign=\"top\" width=\"121\">\n<p>PNSME<\/p>\n<\/td>\n<td valign=\"top\" width=\"517\">\n<p>Programme national de surveillance des maladies ent\u00e9riques<\/p>\n<\/td>\n<\/tr>\n<tr>\n<td valign=\"top\" width=\"121\">\n<p>RCRSP<\/p>\n<\/td>\n<td valign=\"top\" width=\"517\">\n<p>R\u00e9seau canadien de renseignements sur la sant\u00e9 publique<\/p>\n<\/td>\n<\/tr>\n<tr>\n<td valign=\"top\" width=\"121\">\n<p>RLSC<\/p>\n<\/td>\n<td valign=\"top\" width=\"517\">\n<p>R\u00e9seau des laboratoires de surveillance du Canada<\/p>\n<\/td>\n<\/tr>\n<tr>\n<td valign=\"top\" width=\"121\">\n<p>RLSPC<\/p>\n<\/td>\n<td valign=\"top\" width=\"517\">\n<p>R\u00e9seau des laboratoires de sant\u00e9 publique du Canada<\/p>\n<\/td>\n<\/tr>\n<tr>\n<td valign=\"top\" width=\"121\">\n<p>SC<\/p>\n<\/td>\n<td valign=\"top\" width=\"517\">\n<p>Sant\u00e9 Canada<\/p>\n<\/td>\n<\/tr>\n<tr>\n<td valign=\"top\" width=\"121\">\n<p>VNTR<\/p>\n<\/td>\n<td valign=\"top\" width=\"517\">\n<p>polymorphisme de s\u00e9quences r\u00e9p\u00e9t\u00e9es en tandem<\/p>\n<\/td>\n<\/tr>\n<\/tbody>\n<\/table>\n<p>&nbsp;<\/p>\n<table border=\"1\" width=\"648\" cellspacing=\"0\" cellpadding=\"0\">\n<tbody>\n<tr>\n<td valign=\"top\" width=\"648\">\n<p><strong> Date (d\u00e9nombrement des cas par province \u00e0 23 h 59 HNE) <\/strong><\/p>\n<\/td>\n<\/tr>\n<tr>\n<td valign=\"top\" width=\"648\">\u00a0<\/td>\n<\/tr>\n<tr>\n<td valign=\"top\" width=\"648\">\n<p><strong> Date (d\u00e9nombrement des cas par province \u00e0 23 h 59 HNE) <\/strong><\/p>\n<\/td>\n<\/tr>\n<tr>\n<td valign=\"top\" width=\"648\">\u00a0<\/td>\n<\/tr>\n<tr>\n<td valign=\"top\" width=\"648\">\n<p><strong> Date (d\u00e9nombrement des cas par province \u00e0 23 h 59 HNE) <\/strong><\/p>\n<\/td>\n<\/tr>\n<tr>\n<td valign=\"top\" width=\"648\">\u00a0<\/td>\n<\/tr>\n<tr>\n<td valign=\"top\" width=\"648\">\n<p><strong> Date (d\u00e9nombrement des cas par province \u00e0 23 h 59 HNE) <\/strong><\/p>\n<\/td>\n<\/tr>\n<tr>\n<td valign=\"top\" width=\"648\">\u00a0<\/td>\n<\/tr>\n<tr>\n<td valign=\"top\" width=\"648\">\n<p><strong> Date (d\u00e9nombrement des cas par province \u00e0 23 h 59 HNE) <\/strong><\/p>\n<\/td>\n<\/tr>\n<tr>\n<td valign=\"top\" width=\"648\">\u00a0<\/td>\n<\/tr>\n<tr>\n<td valign=\"top\" width=\"648\">\n<p><strong> Date (d\u00e9nombrement des cas par province \u00e0 23 h 59 HNE) <\/strong><\/p>\n<\/td>\n<\/tr>\n<tr>\n<td valign=\"top\" width=\"648\">\u00a0<\/td>\n<\/tr>\n<\/tbody>\n<\/table>\n","protected":false},"excerpt":{"rendered":"<p>T\u00e9l\u00e9charger le format de rechange (Format Word, 40 Ko, 3 pages) But et contexte : Le contenu et la description d\u00e9taill\u00e9e du classement chronologique varient selon l&rsquo;intensit\u00e9 de l&rsquo;\u00e9v\u00e9nement. Le but principal du classement chronologique est de procurer une description chronologique d&rsquo;ensemble des moments o\u00f9 l&rsquo;information cl\u00e9 est obtenue ou partag\u00e9e, et des moments o\u00f9 [&hellip;]<\/p>\n","protected":false},"author":2,"featured_media":0,"parent":88,"menu_order":0,"comment_status":"closed","ping_status":"closed","template":"fullpage.php","meta":{"footnotes":""},"class_list":["post-3004","page","type-page","status-publish","hentry"],"_links":{"self":[{"href":"https:\/\/outbreaktools.ca\/fr\/wp-json\/wp\/v2\/pages\/3004","targetHints":{"allow":["GET"]}}],"collection":[{"href":"https:\/\/outbreaktools.ca\/fr\/wp-json\/wp\/v2\/pages"}],"about":[{"href":"https:\/\/outbreaktools.ca\/fr\/wp-json\/wp\/v2\/types\/page"}],"author":[{"embeddable":true,"href":"https:\/\/outbreaktools.ca\/fr\/wp-json\/wp\/v2\/users\/2"}],"replies":[{"embeddable":true,"href":"https:\/\/outbreaktools.ca\/fr\/wp-json\/wp\/v2\/comments?post=3004"}],"version-history":[{"count":8,"href":"https:\/\/outbreaktools.ca\/fr\/wp-json\/wp\/v2\/pages\/3004\/revisions"}],"predecessor-version":[{"id":4018,"href":"https:\/\/outbreaktools.ca\/fr\/wp-json\/wp\/v2\/pages\/3004\/revisions\/4018"}],"up":[{"embeddable":true,"href":"https:\/\/outbreaktools.ca\/fr\/wp-json\/wp\/v2\/pages\/88"}],"wp:attachment":[{"href":"https:\/\/outbreaktools.ca\/fr\/wp-json\/wp\/v2\/media?parent=3004"}],"curies":[{"name":"wp","href":"https:\/\/api.w.org\/{rel}","templated":true}]}}