{"id":405,"date":"2015-01-21T05:13:13","date_gmt":"2015-01-21T05:13:13","guid":{"rendered":"http:\/\/phac.hyperinteractive.ca\/?page_id=405"},"modified":"2017-11-06T13:39:34","modified_gmt":"2017-11-06T17:39:34","slug":"acronyms","status":"publish","type":"page","link":"https:\/\/outbreaktools.ca\/fr\/tools\/acronyms\/","title":{"rendered":"Acronymes"},"content":{"rendered":"<p>Ce resource comporte une liste d\u2019acronymes mentionn\u00e9s dans la trousse d\u2019outils sur l\u2019\u00e9closion des maladies ent\u00e9riques ou qui pr\u00e9sentent un int\u00e9r\u00eat pour les professionnels de la sant\u00e9 publique qui participent aux interventions en cas d\u2019\u00e9closion d\u2019une maladie ent\u00e9rique.<\/p>\n<table border=\".5\" cellpadding=\"5\">\n<tbody>\n<tr>\n<th style=\"text-align: center;\" scope=\"col\">Acronym<\/th>\n<th style=\"text-align: center;\" scope=\"col\">Name<\/th>\n<th style=\"text-align: center;\" scope=\"col\">Nom<\/th>\n<th style=\"text-align: center;\" scope=\"col\">Acronyme<\/th>\n<\/tr>\n<tr>\n<td style=\"text-align: center;\">CPHO<\/td>\n<td>Chief Public Health Officer<\/td>\n<td>Administrateur en chef de la sant\u00e9 publique du Canada<\/td>\n<td style=\"text-align: center;\">\u00a0<\/td>\n<\/tr>\n<tr>\n<td style=\"text-align: center;\">CFIA<\/td>\n<td>Canadian Food Inspection Agency<\/td>\n<td>Agence canadienne d&rsquo;inspection des aliments<\/td>\n<td style=\"text-align: center;\">ACIA<\/td>\n<\/tr>\n<tr>\n<td style=\"text-align: center;\">PHAC<\/td>\n<td>Public Health Agency of Canada<\/td>\n<td>Agence de la sant\u00e9 publique du Canada<\/td>\n<td style=\"text-align: center;\">ASPC<\/td>\n<\/tr>\n<tr>\n<td style=\"text-align: center;\">EHO<\/td>\n<td>Environmental Health Officer<\/td>\n<td>Agent d&rsquo;hygi\u00e8ne du milieu<\/td>\n<td style=\"text-align: center;\">\u00a0<\/td>\n<\/tr>\n<tr>\n<td style=\"text-align: center;\">MLVA<\/td>\n<td>Multiple Loci VNTR Analysis<\/td>\n<td>Analyse multilocus du polymorphisme de s\u00e9quences r\u00e9p\u00e9t\u00e9es en tandem<\/td>\n<td style=\"text-align: center;\">MLVA<\/td>\n<\/tr>\n<tr>\n<td style=\"text-align: center;\">CPHA<\/td>\n<td>Canadian Public Health Association<\/td>\n<td>Association canadienne de sant\u00e9 publique<\/td>\n<td style=\"text-align: center;\">\u00a0<\/td>\n<\/tr>\n<tr>\n<td style=\"text-align: center;\">PHN<\/td>\n<td>Public Health Notice<\/td>\n<td>Avis de sant\u00e9 publique<\/td>\n<td style=\"text-align: center;\">\u00a0<\/td>\n<\/tr>\n<tr>\n<td style=\"text-align: center;\">PHA<\/td>\n<td>Public Health Alert<\/td>\n<td>Alerte de\u00a0sant\u00e9\u00a0publique<\/td>\n<td style=\"text-align: center;\">\u00a0<\/td>\n<\/tr>\n<tr>\n<td style=\"text-align: center;\">OFSR<\/td>\n<td>Office of Food Safety and Recall (CFIA)<\/td>\n<td>Bureau de la salubrit\u00e9 et des rappels des aliments (ACIA)<\/td>\n<td style=\"text-align: center;\">\u00a0<\/td>\n<\/tr>\n<tr>\n<td style=\"text-align: center;\">BMH<\/td>\n<td>Bureau of Microbial Hazards (Health Canada)<\/td>\n<td>Bureau des dangers microbiens (Sant\u00e9 Canada)<\/td>\n<td style=\"text-align: center;\">BDM<\/td>\n<\/tr>\n<tr>\n<td style=\"text-align: center;\">CDC<\/td>\n<td>Centers for Disease Control and Prevention (United States)<\/td>\n<td>Centers for Disease Control and Prevention (\u00c9tats-Unis)<\/td>\n<td style=\"text-align: center;\">CDC<\/td>\n<\/tr>\n<tr>\n<td style=\"text-align: center;\">CEPR<\/td>\n<td>Centre for Emergency Preparedness and Response (PHAC)<\/td>\n<td>Centre de mesures et d&rsquo;interventions d&rsquo;urgence (ASPC)<\/td>\n<td style=\"text-align: center;\">CMIU<\/td>\n<\/tr>\n<tr>\n<td style=\"text-align: center;\">CFEZID<\/td>\n<td>Centre for Foodborne, Environmental and Zoonotic Infectious Disease (PHAC)<\/td>\n<td>Centre des maladies infectieuses d&rsquo;origine alimentaire, environnementale et zoonotique\u00a0 (ASPC)<\/td>\n<td style=\"text-align: center;\">CMIAEZ<\/td>\n<\/tr>\n<tr>\n<td style=\"text-align: center;\">EOC<\/td>\n<td>Emergency Operations Centre<\/td>\n<td>Centre des op\u00e9rations d&rsquo;urgence<\/td>\n<td style=\"text-align: center;\">COU<\/td>\n<\/tr>\n<tr>\n<td style=\"text-align: center;\">OICC<\/td>\n<td>Outbreak Investigation Coordinating Committee\u00a0<\/td>\n<td>Comit\u00e9 de coordination de l&rsquo;enqu\u00eate sur l&rsquo;\u00e9closion<\/td>\n<td style=\"text-align: center;\">CCEE<\/td>\n<\/tr>\n<tr>\n<td style=\"text-align: center;\">DOB<\/td>\n<td>Date of Birth<\/td>\n<td>Date de naissance<\/td>\n<td style=\"text-align: center;\">\u00a0<\/td>\n<\/tr>\n<tr>\n<td style=\"text-align: center;\">USDA<\/td>\n<td>United States Department of Agriculture<\/td>\n<td>D\u00e9partement de l&rsquo;agriculture am\u00e9ricain<\/td>\n<td style=\"text-align: center;\">USDA<\/td>\n<\/tr>\n<tr>\n<td style=\"text-align: center;\">FSTR<\/td>\n<td>Field Service Training and Response (PHAC)<\/td>\n<td>Division de la formation et de l&rsquo;intervention pour le service sur le terrain (ASPC)<\/td>\n<td style=\"text-align: center;\">\u00a0<\/td>\n<\/tr>\n<tr>\n<td style=\"text-align: center;\">OMD<\/td>\n<td>Outbreak Management Division (CFEZID, PHAC)<\/td>\n<td>Division de la gestion des \u00e9closions (CMIAEZ, ASPC)<\/td>\n<td style=\"text-align: center;\">DGE<\/td>\n<\/tr>\n<tr>\n<td style=\"text-align: center;\">ESPS<\/td>\n<td>Enteric Surveillance and Population Studies Division (CFEZID, PHAC)<\/td>\n<td>Division de la surveillance des maladies ent\u00e9riques et des \u00e9tudes de population (CMIAEZ, ASPC)<\/td>\n<td style=\"text-align: center;\">\u00a0<\/td>\n<\/tr>\n<tr>\n<td style=\"text-align: center;\">EHEC<\/td>\n<td>Enterohaemorrhagic\u00a0E. coli<\/td>\n<td>E. coli ent\u00e9roh\u00e9morragiques<\/td>\n<td style=\"text-align: center;\">ECEH<\/td>\n<\/tr>\n<tr>\n<td style=\"text-align: center;\">STEC<\/td>\n<td>Shiga-toxin producing E. coli<\/td>\n<td>E. coli producteurs de Shiga-toxines<\/td>\n<td style=\"text-align: center;\">\u00a0<\/td>\n<\/tr>\n<tr>\n<td style=\"text-align: center;\">VTEC<\/td>\n<td>Verotoxin-producing E. coli<\/td>\n<td>E. coli producteurs de v\u00e9rotoxines<\/td>\n<td style=\"text-align: center;\">\u00a0<\/td>\n<\/tr>\n<tr>\n<td style=\"text-align: center;\">PFGE<\/td>\n<td>Pulsed Field Gel Electrophoresis<\/td>\n<td>\u00c9lectrophor\u00e8se en champ puls\u00e9<\/td>\n<td style=\"text-align: center;\">ECP<\/td>\n<\/tr>\n<tr>\n<td style=\"text-align: center;\">ESCAIDE<\/td>\n<td>European Scientific Conference on Applied Infectious Disease Epidemiology<\/td>\n<td>European Scientific Conference on Applied Infectious Disease Epidemiology<\/td>\n<td style=\"text-align: center;\">ESCAIDE<\/td>\n<\/tr>\n<tr>\n<td style=\"text-align: center;\">HRA<\/td>\n<td>Health Risk Assessment<\/td>\n<td>\u00c9valuation de risque pour la sant\u00e9<\/td>\n<td style=\"text-align: center;\">ERS<\/td>\n<\/tr>\n<tr>\n<td style=\"text-align: center;\">F\/P\/T<\/td>\n<td>Federal\/Provincial\/Territorial<\/td>\n<td>F\u00e9d\u00e9rale\/Provinciale\/Territoriale<\/td>\n<td style=\"text-align: center;\">F\/P\/T<\/td>\n<\/tr>\n<tr>\n<td style=\"text-align: center;\">FDA<\/td>\n<td>Food and Drug Administration\u00a0(United States)<\/td>\n<td>Food and Drug Administration\u00a0(\u00c9tats Unis)<\/td>\n<td style=\"text-align: center;\">FDA<\/td>\n<\/tr>\n<tr>\n<td style=\"text-align: center;\">PHI<\/td>\n<td>Public health inspector<\/td>\n<td>Inspecteur en sant\u00e9 publique<\/td>\n<td style=\"text-align: center;\">\u00a0<\/td>\n<\/tr>\n<tr>\n<td style=\"text-align: center;\">iPHIS<\/td>\n<td>Integrated Public Health Information System<\/td>\n<td>Integrated Public Health Information System<\/td>\n<td style=\"text-align: center;\">iPHIS<\/td>\n<\/tr>\n<tr>\n<td style=\"text-align: center;\">INFOSAN<\/td>\n<td>International Food Safety Authority Network<\/td>\n<td>International Food Safety Authority Network<\/td>\n<td style=\"text-align: center;\">INFOSAN<\/td>\n<\/tr>\n<tr>\n<td style=\"text-align: center;\">NML<\/td>\n<td>National Microbiology Laboratory (PHAC)<\/td>\n<td>Laboratoire national de microbiologie (ASPC)<\/td>\n<td style=\"text-align: center;\">LMN<\/td>\n<\/tr>\n<tr>\n<td style=\"text-align: center;\">PT<\/td>\n<td>Phage type<\/td>\n<td>Lysotype<\/td>\n<td style=\"text-align: center;\">\u00a0<\/td>\n<\/tr>\n<tr>\n<td style=\"text-align: center;\">CMOH<\/td>\n<td>Chief Medical Officer of Health<\/td>\n<td>M\u00e9decin hygi\u00e9niste en chef<\/td>\n<td style=\"text-align: center;\">\u00a0<\/td>\n<\/tr>\n<tr>\n<td style=\"text-align: center;\">FIORP<\/td>\n<td>Foodborne Illness Outbreak Response Protocol<\/td>\n<td>Modalit\u00e9s canadiennes d&rsquo;intervention lors de toxi-infection d&rsquo;origine alimentaire<\/td>\n<td style=\"text-align: center;\">MITIOA<\/td>\n<\/tr>\n<tr>\n<td style=\"text-align: center;\">WHO<\/td>\n<td>World Health Organization<\/td>\n<td>Organisation Mondiale de la Sant\u00e9<\/td>\n<td style=\"text-align: center;\">OMS<\/td>\n<\/tr>\n<tr>\n<td style=\"text-align: center;\">WOE<\/td>\n<td>Weight of Evidence<\/td>\n<td>Poids de la preuve<\/td>\n<td style=\"text-align: center;\">\u00a0<\/td>\n<\/tr>\n<tr>\n<td style=\"text-align: center;\">VNTR<\/td>\n<td>Variable Number Tandem Repeat<\/td>\n<td>Polymorphisme de s\u00e9quences r\u00e9p\u00e9t\u00e9es en tandem<\/td>\n<td style=\"text-align: center;\">VNTR<\/td>\n<\/tr>\n<tr>\n<td style=\"text-align: center;\">CFEP<\/td>\n<td>Canadian Field Epidemiology Program (PHAC)<\/td>\n<td>Programme canadien d&rsquo;\u00e9pid\u00e9miologie de terrain (ASPC)<\/td>\n<td style=\"text-align: center;\">PCET<\/td>\n<\/tr>\n<tr>\n<td style=\"text-align: center;\">CIPARS<\/td>\n<td>Canadian Integrated Program for Antimicrobial Resistance Surveillance<\/td>\n<td>Programme int\u00e9gr\u00e9 canadien de surveillance de la r\u00e9sistance aux antimicrobiens<\/td>\n<td style=\"text-align: center;\">PICRA<\/td>\n<\/tr>\n<tr>\n<td style=\"text-align: center;\">NESP<\/td>\n<td>National Enteric Surveillance Program<\/td>\n<td>Programme national de surveillance des maladies ent\u00e9riques<\/td>\n<td style=\"text-align: center;\">PNSME<\/td>\n<\/tr>\n<tr>\n<td style=\"text-align: center;\">P\/T<\/td>\n<td>Province\/Territory<\/td>\n<td>Province\/Territoire<\/td>\n<td style=\"text-align: center;\">P\/T<\/td>\n<\/tr>\n<tr>\n<td style=\"text-align: center;\">OR<\/td>\n<td>Odds ratio<\/td>\n<td>Rapports de Cotes<\/td>\n<td style=\"text-align: center;\">RC<\/td>\n<\/tr>\n<tr>\n<td style=\"text-align: center;\">IHR<\/td>\n<td>International Health Regulations<\/td>\n<td>R\u00e8glement sanitaire international<\/td>\n<td style=\"text-align: center;\">RSI<\/td>\n<\/tr>\n<tr>\n<td style=\"text-align: center;\">CNPHI<\/td>\n<td>Canadian Network for Public Health Intelligence<\/td>\n<td>R\u00e9seau canadien de renseignements sur la sant\u00e9 publique<\/td>\n<td style=\"text-align: center;\">RCRSP<\/td>\n<\/tr>\n<tr>\n<td style=\"text-align: center;\">CPHLN<\/td>\n<td>Canadian Public Health Laboratory Network<\/td>\n<td>R\u00e9seau des laboratoires de sant\u00e9 publique du Canada<\/td>\n<td style=\"text-align: center;\">RLSPC<\/td>\n<\/tr>\n<tr>\n<td style=\"text-align: center;\">CLSN<\/td>\n<td>Canadian Laboratory Surveillance Network<\/td>\n<td>R\u00e9seau des laboratoires de surveillance du Canada<\/td>\n<td style=\"text-align: center;\">RLSC<\/td>\n<\/tr>\n<tr>\n<td style=\"text-align: center;\">TEPHINET<\/td>\n<td>Training Programs in Epidemiology and Public Health Interventions Network<\/td>\n<td>R\u00e9seau des programmes de formation aux interventions en \u00e9pid\u00e9miologie et en sant\u00e9 publique<\/td>\n<td style=\"text-align: center;\">TEPHINET<\/td>\n<\/tr>\n<tr>\n<td style=\"text-align: center;\">GOARN<\/td>\n<td>Global Outbreak Alert and Response Network<\/td>\n<td>R\u00e9seau mondial d&rsquo;alerte et d&rsquo;action en cas d&rsquo;\u00e9pid\u00e9mie<\/td>\n<td style=\"text-align: center;\">GOARN<\/td>\n<\/tr>\n<tr>\n<td style=\"text-align: center;\">GPHIN<\/td>\n<td>Global Public Health Intelligence Network<\/td>\n<td>R\u00e9seau mondial d&rsquo;information en sant\u00e9 publique<\/td>\n<td style=\"text-align: center;\">RMISP<\/td>\n<\/tr>\n<tr>\n<td style=\"text-align: center;\">AMR<\/td>\n<td>Anti-microbial Resistance<\/td>\n<td>R\u00e9sistance aux antimicrobiens<\/td>\n<td style=\"text-align: center;\">RAM<\/td>\n<\/tr>\n<tr>\n<td style=\"text-align: center;\">RR<\/td>\n<td>Relative risk<\/td>\n<td>Risque relatif<\/td>\n<td style=\"text-align: center;\">RR<\/td>\n<\/tr>\n<tr>\n<td style=\"text-align: center;\">HC<\/td>\n<td>Health Canada<\/td>\n<td>Sant\u00e9 Canada<\/td>\n<td style=\"text-align: center;\">SC<\/td>\n<\/tr>\n<tr>\n<td style=\"text-align: center;\">WGS<\/td>\n<td>Whole Genome Sequencing<\/td>\n<td>S\u00e9quen\u00e7age du g\u00e9nome entier<\/td>\n<td style=\"text-align: center;\">SGE<\/td>\n<\/tr>\n<tr>\n<td style=\"text-align: center;\">ICS<\/td>\n<td>Incident Command\u00a0System<\/td>\n<td>Syst\u00e8me de commandement des interventions<\/td>\n<td style=\"text-align: center;\">SCI<\/td>\n<\/tr>\n<tr>\n<td style=\"text-align: center;\">IMS<\/td>\n<td>Incident Management System<\/td>\n<td>Syst\u00e8me de gestion des incidents<\/td>\n<td style=\"text-align: center;\">SGI<\/td>\n<\/tr>\n<tr>\n<td style=\"text-align: center;\">PCR<\/td>\n<td>polymerase chain reaction<\/td>\n<td>Tests d&rsquo;amplification des acides nucl\u00e9iques<\/td>\n<td style=\"text-align: center;\">TAN<\/td>\n<\/tr>\n<tr>\n<td style=\"text-align: center;\">MLST<\/td>\n<td>Multi-locus sequence typing<\/td>\n<td>Typage g\u00e9nomique multilocus<\/td>\n<td style=\"text-align: center;\">MLST<\/td>\n<\/tr>\n<\/tbody>\n<\/table>\n","protected":false},"excerpt":{"rendered":"<p>Ce resource comporte une liste d\u2019acronymes mentionn\u00e9s dans la trousse d\u2019outils sur l\u2019\u00e9closion des maladies ent\u00e9riques ou qui pr\u00e9sentent un int\u00e9r\u00eat pour les professionnels de la sant\u00e9 publique qui participent aux interventions en cas d\u2019\u00e9closion d\u2019une maladie ent\u00e9rique. Acronym Name Nom Acronyme CPHO Chief Public Health Officer Administrateur en chef de la sant\u00e9 publique du [&hellip;]<\/p>\n","protected":false},"author":2,"featured_media":0,"parent":88,"menu_order":2,"comment_status":"closed","ping_status":"closed","template":"fullpage.php","meta":{"footnotes":""},"class_list":["post-405","page","type-page","status-publish","hentry"],"_links":{"self":[{"href":"https:\/\/outbreaktools.ca\/fr\/wp-json\/wp\/v2\/pages\/405","targetHints":{"allow":["GET"]}}],"collection":[{"href":"https:\/\/outbreaktools.ca\/fr\/wp-json\/wp\/v2\/pages"}],"about":[{"href":"https:\/\/outbreaktools.ca\/fr\/wp-json\/wp\/v2\/types\/page"}],"author":[{"embeddable":true,"href":"https:\/\/outbreaktools.ca\/fr\/wp-json\/wp\/v2\/users\/2"}],"replies":[{"embeddable":true,"href":"https:\/\/outbreaktools.ca\/fr\/wp-json\/wp\/v2\/comments?post=405"}],"version-history":[{"count":20,"href":"https:\/\/outbreaktools.ca\/fr\/wp-json\/wp\/v2\/pages\/405\/revisions"}],"predecessor-version":[{"id":3559,"href":"https:\/\/outbreaktools.ca\/fr\/wp-json\/wp\/v2\/pages\/405\/revisions\/3559"}],"up":[{"embeddable":true,"href":"https:\/\/outbreaktools.ca\/fr\/wp-json\/wp\/v2\/pages\/88"}],"wp:attachment":[{"href":"https:\/\/outbreaktools.ca\/fr\/wp-json\/wp\/v2\/media?parent=405"}],"curies":[{"name":"wp","href":"https:\/\/api.w.org\/{rel}","templated":true}]}}