{"id":4075,"date":"2021-07-06T13:23:16","date_gmt":"2021-07-06T17:23:16","guid":{"rendered":"https:\/\/outbreaktools.ca\/?page_id=4075"},"modified":"2025-01-31T12:10:52","modified_gmt":"2025-01-31T16:10:52","slug":"module-1-cluster-detection-and-initial-investigation-2","status":"publish","type":"page","link":"https:\/\/outbreaktools.ca\/fr\/case-study-overview\/module-1-cluster-detection-and-initial-investigation-2\/","title":{"rendered":"Module 1 : D\u00e9tection des grappes et enqu\u00eate initiale"},"content":{"rendered":"<p>Le module\u00a01 sert d\u2019introduction aux enqu\u00eates sur les \u00e9closions et permet de pr\u00e9senter les partenaires qui y participent. Dans ce module, vous apprendrez comment les \u00e9closions sont d\u00e9tect\u00e9es et comment les enqu\u00eates sont coordonn\u00e9es, en plus de voir quelques-uns des outils utilis\u00e9s par les enqu\u00eateurs au d\u00e9but d\u2019une enqu\u00eate.<\/p>\n<p><strong>Objectifs d\u2019apprentissage\u00a0:<\/strong><\/p>\n<p>\u00c0 la fin de ce module, les participants devraient \u00eatre en mesure de faire ce qui suit\u00a0:<\/p>\n<ul>\n<li>D\u00e9crire comment les \u00e9closions de maladies ent\u00e9riques sont d\u00e9tect\u00e9es au moyen des donn\u00e9es de surveillance de laboratoires;<\/li>\n<li>Comprendre le r\u00f4le du s\u00e9quen\u00e7age du g\u00e9nome entier dans la d\u00e9tection des \u00e9closions et ses avantages;<\/li>\n<li>Comprendre comment une enqu\u00eate sur une \u00e9closion touchant plusieurs provinces et territoires est coordonn\u00e9e au Canada;<\/li>\n<li>Dresser la liste des composantes cl\u00e9s d\u2019un r\u00e9sum\u00e9 \u00e9pid\u00e9miologique.<\/li>\n<\/ul>\n<p><strong>Sections du module\u00a01\u00a0:<\/strong><\/p>\n<ul>\n<li><a href=\"https:\/\/outilspoureclosions.ca\/case-study-overview\/module-1-cluster-detection-and-initial-investigation-2\/enteric-surveillance-and-outbreak-detection\/\">Surveillance des maladies ent\u00e9riques et d\u00e9tection des \u00e9closions<\/a><\/li>\n<li><a href=\"https:\/\/outilspoureclosions.ca\/case-study-overview\/module-1-cluster-detection-and-initial-investigation-2\/outbreak-identification\/\">D\u00e9tection des \u00e9closions<\/a>\n<ul>\n<li><a href=\"https:\/\/outilspoureclosions.ca\/case-study-overview\/module-1-cluster-detection-and-initial-investigation-2\/cluster-code\/\">Codes de grappe<\/a><\/li>\n<li><a href=\"https:\/\/outilspoureclosions.ca\/case-study-overview\/module-1-cluster-detection-and-initial-investigation-2\/nesp-report\/\">Rapport du PNSME<\/a><\/li>\n<li><a href=\"https:\/\/outilspoureclosions.ca\/case-study-overview\/module-1-cluster-detection-and-initial-investigation-2\/wgs-tree\/\">Arbre du SGE<\/a><\/li>\n<\/ul>\n<\/li>\n<li><a href=\"https:\/\/outilspoureclosions.ca\/case-study-overview\/module-1-cluster-detection-and-initial-investigation-2\/line-lists\/\">Liste des cas<\/a><\/li>\n<li><a href=\"https:\/\/outilspoureclosions.ca\/case-study-overview\/module-1-cluster-detection-and-initial-investigation-2\/multi-jurisdictional-investigations-fiorp-and-oicc\/\">Enqu\u00eates touchant plusieurs administrations\u00a0: MITIOA et CCEE<\/a><\/li>\n<li><a href=\"https:\/\/outilspoureclosions.ca\/case-study-overview\/module-1-cluster-detection-and-initial-investigation-2\/descriptive-epidemiology\/\">\u00c9pid\u00e9miologie descriptive et r\u00e9sum\u00e9s \u00e9pid\u00e9miologiques<\/a><\/li>\n<li><a href=\"https:\/\/outilspoureclosions.ca\/case-study-overview\/module-1-cluster-detection-and-initial-investigation-2\/epi-summaries\/\">R\u00e9sum\u00e9 \u00e9pid\u00e9miologique<\/a><\/li>\n<li><a href=\"https:\/\/outilspoureclosions.ca\/case-study-overview\/module-1-cluster-detection-and-initial-investigation-2\/module-1-conclusion\/\">Conclusion<\/a><\/li>\n<\/ul>\n<p><a href=\"https:\/\/outilspoureclosions.ca\/case-study-overview\/\">< Retour<\/a>\u00a0<a href=\"https:\/\/outilspoureclosions.ca\/case-study-overview\/module-1-cluster-detection-and-initial-investigation-2\/enteric-surveillance-and-outbreak-detection\/\">Suivant ><\/a><\/p>\n","protected":false},"excerpt":{"rendered":"<p>Le module\u00a01 sert d\u2019introduction aux enqu\u00eates sur les \u00e9closions et permet de pr\u00e9senter les partenaires qui y participent. Dans ce module, vous apprendrez comment les \u00e9closions sont d\u00e9tect\u00e9es et comment les enqu\u00eates sont coordonn\u00e9es, en plus de voir quelques-uns des outils utilis\u00e9s par les enqu\u00eateurs au d\u00e9but d\u2019une enqu\u00eate. Objectifs d\u2019apprentissage\u00a0: \u00c0 la fin de [&hellip;]<\/p>\n","protected":false},"author":33,"featured_media":0,"parent":95,"menu_order":0,"comment_status":"closed","ping_status":"closed","template":"","meta":{"footnotes":""},"class_list":["post-4075","page","type-page","status-publish","hentry"],"_links":{"self":[{"href":"https:\/\/outbreaktools.ca\/fr\/wp-json\/wp\/v2\/pages\/4075","targetHints":{"allow":["GET"]}}],"collection":[{"href":"https:\/\/outbreaktools.ca\/fr\/wp-json\/wp\/v2\/pages"}],"about":[{"href":"https:\/\/outbreaktools.ca\/fr\/wp-json\/wp\/v2\/types\/page"}],"author":[{"embeddable":true,"href":"https:\/\/outbreaktools.ca\/fr\/wp-json\/wp\/v2\/users\/33"}],"replies":[{"embeddable":true,"href":"https:\/\/outbreaktools.ca\/fr\/wp-json\/wp\/v2\/comments?post=4075"}],"version-history":[{"count":18,"href":"https:\/\/outbreaktools.ca\/fr\/wp-json\/wp\/v2\/pages\/4075\/revisions"}],"predecessor-version":[{"id":5790,"href":"https:\/\/outbreaktools.ca\/fr\/wp-json\/wp\/v2\/pages\/4075\/revisions\/5790"}],"up":[{"embeddable":true,"href":"https:\/\/outbreaktools.ca\/fr\/wp-json\/wp\/v2\/pages\/95"}],"wp:attachment":[{"href":"https:\/\/outbreaktools.ca\/fr\/wp-json\/wp\/v2\/media?parent=4075"}],"curies":[{"name":"wp","href":"https:\/\/api.w.org\/{rel}","templated":true}]}}