{"id":4083,"date":"2021-07-07T14:49:26","date_gmt":"2021-07-07T18:49:26","guid":{"rendered":"https:\/\/outbreaktools.ca\/?page_id=4083"},"modified":"2026-04-22T16:23:07","modified_gmt":"2026-04-22T20:23:07","slug":"nesp-report","status":"publish","type":"page","link":"https:\/\/outbreaktools.ca\/fr\/case-study-overview\/module-1-cluster-detection-and-initial-investigation-2\/nesp-report\/","title":{"rendered":"PNSME rapport"},"content":{"rendered":"<p><strong>Jour\u00a08\u00a0: Vendredi 15 mai\u00a02020<\/strong><\/p>\n<p>Vous assistez \u00e0 votre r\u00e9union hebdomadaire portant sur l\u2019examen des chiffres du <a href=\"\/fr\/background\/laboratory-methods-and-surveillance\/#nesp\">Programme national de surveillance des maladies ent\u00e9riques (PNSME)<\/a> pour la semaine pr\u00e9c\u00e9dente (du 3 au 9 mai, semaine\u00a02020-19 du PNSME).<\/p>\n<p>Le tableau 2 ci-dessous pr\u00e9sente le nombre de cas confirm\u00e9s d\u2019infection \u00e0 <em>Salmonella<\/em> Newport du PNSME. Le nombre d\u2019infections \u00e0 <em>Salmonella<\/em> Newport est consid\u00e9rablement <a href=\"\/fr\/background\/outbreak-identification\/#observed\">sup\u00e9rieur aux pr\u00e9visions<\/a> \u00e0 l\u2019\u00e9chelle nationale (14\u00a0cas signal\u00e9s, 5\u00a0cas pr\u00e9vus), ainsi qu\u2019\u00e0 l\u2019\u00e9chelle provinciale, en Colombie-Britannique (5 cas signal\u00e9s, 1 cas pr\u00e9vu), en Alberta (3 cas signal\u00e9s, 1 cas pr\u00e9vu) et en Ontario (4 cas signal\u00e9s, 1 cas pr\u00e9vu). Les chiffres sont conformes aux pr\u00e9visions dans les autres provinces et territoires.<\/p>\n<p><strong>Tableau\u00a02\u00a0: Nombre de cas confirm\u00e9s d\u2019infection \u00e0 <em>Salmonella<\/em> Newport au PNSME, par province, semaine\u00a02020\u201119* (du 3 au 9 mai\u00a02020)<\/strong><\/p>\n<table>\n<tbody>\n<tr>\n<td width=\"179\"><strong>Province ou territoire<\/strong><\/td>\n<td width=\"132\"><strong>Signal\u00e9s<\/strong><\/td>\n<td width=\"156\"><strong>Pr\u00e9vus<\/strong><\/td>\n<td width=\"156\"><strong>Nombre de cas sensiblement sup\u00e9rieur aux pr\u00e9visions?<\/strong><\/td>\n<\/tr>\n<tr>\n<td width=\"179\">\u00c0 l\u2019\u00e9chelle nationale<\/td>\n<td width=\"132\">14<\/td>\n<td width=\"156\">5<\/td>\n<td width=\"156\"><strong>Oui<\/strong><\/td>\n<\/tr>\n<tr>\n<td width=\"179\">Colombie-Britannique<\/td>\n<td width=\"132\">5<\/td>\n<td width=\"156\">1<\/td>\n<td width=\"156\"><strong>Oui<\/strong><\/td>\n<\/tr>\n<tr>\n<td width=\"179\">Alberta<\/td>\n<td width=\"132\">3<\/td>\n<td width=\"156\">1<\/td>\n<td width=\"156\"><strong>Oui<\/strong><\/td>\n<\/tr>\n<tr>\n<td width=\"179\">Saskatchewan<\/td>\n<td width=\"132\">0<\/td>\n<td width=\"156\">0<\/td>\n<td width=\"156\">Non<\/td>\n<\/tr>\n<tr>\n<td width=\"179\">Manitoba<\/td>\n<td width=\"132\">0<\/td>\n<td width=\"156\">1<\/td>\n<td width=\"156\">Non<\/td>\n<\/tr>\n<tr>\n<td width=\"179\">Ontario<\/td>\n<td width=\"132\">4<\/td>\n<td width=\"156\">1<\/td>\n<td width=\"156\"><strong>Oui<\/strong><\/td>\n<\/tr>\n<tr>\n<td width=\"179\">Qu\u00e9bec<\/td>\n<td width=\"132\">1<\/td>\n<td width=\"156\">0<\/td>\n<td width=\"156\">Non<\/td>\n<\/tr>\n<tr>\n<td width=\"179\">Nouveau-Brunswick<\/td>\n<td width=\"132\">0<\/td>\n<td width=\"156\">0<\/td>\n<td width=\"156\">Non<\/td>\n<\/tr>\n<tr>\n<td width=\"179\">Nouvelle-\u00c9cosse<\/td>\n<td width=\"132\">1<\/td>\n<td width=\"156\">0<\/td>\n<td width=\"156\">Non<\/td>\n<\/tr>\n<tr>\n<td width=\"179\">Terre-Neuve-et-Labrador<\/td>\n<td width=\"132\">0<\/td>\n<td width=\"156\">0<\/td>\n<td width=\"156\">Non<\/td>\n<\/tr>\n<tr>\n<td width=\"179\">\u00cele-du-Prince-\u00c9douard<\/td>\n<td width=\"132\">0<\/td>\n<td width=\"156\">1<\/td>\n<td width=\"156\">Non<\/td>\n<\/tr>\n<tr>\n<td width=\"179\">Yukon<\/td>\n<td width=\"132\">0<\/td>\n<td width=\"156\">0<\/td>\n<td width=\"156\">Non<\/td>\n<\/tr>\n<tr>\n<td width=\"179\">Territoires du Nord\u2011Ouest<\/td>\n<td width=\"132\">0<\/td>\n<td width=\"156\">0<\/td>\n<td width=\"156\">Non<\/td>\n<\/tr>\n<tr>\n<td width=\"179\">Nunavut<\/td>\n<td width=\"132\">0<\/td>\n<td width=\"156\">0<\/td>\n<td width=\"156\">Non<\/td>\n<\/tr>\n<\/tbody>\n<\/table>\n<p><em>Remarque\u00a0: Les nombres de cas signal\u00e9s et pr\u00e9vus dans le tableau ci-dessus sont fictifs et ont \u00e9t\u00e9 \u00e9tablis uniquement pour les besoins de la pr\u00e9sente \u00e9tude de cas. Ils ne repr\u00e9sentent pas des nombres r\u00e9els de cas \u00e0 l\u2019\u00e9chelle nationale ou provinciale et aucune interpr\u00e9tation ni conclusion ne peut en \u00eatre inf\u00e9r\u00e9e. Ces donn\u00e9es ne doivent pas \u00eatre publi\u00e9es ni distribu\u00e9es hors du contexte p\u00e9dagogique de cette \u00e9tude de cas<\/em>.<\/p>\n<p><strong><em>Question\u00a01-2\u00a0: De quels renseignements additionnels pourriez-vous avoir besoin afin d\u2019\u00e9valuer si une \u00e9closion est en train de se produire dans plusieurs provinces ou territoires? Comment obtiendrez-vous ces renseignements?<\/em><\/strong><\/p>\n<input type='hidden' bg_collapse_expand='69ea57149d0000007220524' value='69ea57149d0000007220524'><input type='hidden' id='bg-show-more-text-69ea57149d0000007220524' value='R\u00e9ponse'><input type='hidden' id='bg-show-less-text-69ea57149d0000007220524' value='Montrer moins'><button id='bg-showmore-action-69ea57149d0000007220524' class='bg-showmore-plg-button bg-blue-button bg-arrow '   style=\" color:#fffff;\">R\u00e9ponse<\/button><div id='bg-showmore-hidden-69ea57149d0000007220524' >\n<ul>\n<li><strong><em>\u00a0<\/em><\/strong>Afin de d\u00e9terminer s\u2019il s\u2019agit d\u2019une \u00e9closion touchant plusieurs administrations, vous devez d\u00e9terminer quelles \u00e9taient les pr\u00e9visions pendant la p\u00e9riode o\u00f9 ces cas ont \u00e9t\u00e9 signal\u00e9s. \u00c0 ce stade-ci, il est int\u00e9ressant de constater que quatorze cas ont \u00e9t\u00e9 d\u00e9clar\u00e9s en une semaine alors que normalement nous n\u2019en attendions que cinq. Il est aussi int\u00e9ressant de constater que ce s\u00e9rotype semble se distinguer dans plusieurs provinces. Toutefois, il s\u2019agit d\u2019un s\u00e9rotype courant au Canada et vous voudrez probablement obtenir d\u2019autres donn\u00e9es de laboratoire et des preuves \u00e9pid\u00e9miologiques pour confirmer la parent\u00e9 entre ces cas.<\/li>\n<li>PulseNet Canada peut vous transmettre des renseignements sur la parent\u00e9 g\u00e9n\u00e9tique des cas dans l\u2019ensemble du Canada gr\u00e2ce au SGE. PulseNet Canada peut \u00e9galement fournir une premi\u00e8re liste de cas pour ces isolats (la section suivante traitera des listes de cas de fa\u00e7on plus d\u00e9taill\u00e9e).<\/li>\n<li>PulseNet Canada et les laboratoires provinciaux et territoriaux peuvent fournir des renseignements sur le nombre de cas d\u2019infection \u00e0 <em>Salmonella<\/em> Newport pour lesquels un SGE est en cours de r\u00e9alisation dans les laboratoires provinciaux et territoriaux et dans le LNM. <\/div><\/li>\n<\/ul>\n<p>Le s\u00e9quen\u00e7age du g\u00e9nome entier est la m\u00e9thode actuelle \u00ab\u00a0de r\u00e9f\u00e9rence\u00a0\u00bb pour comparer les profils g\u00e9n\u00e9tiques de la plupart des agents pathog\u00e8nes bact\u00e9riens d\u2019origine alimentaire au Canada, y compris l\u2019agent pathog\u00e8ne <em>Salmonella<\/em>. Avant le passage au SGE en 2017, l\u2019<a href=\"\/fr\/background\/laboratory-methods-and-surveillance\/#methods\">\u00e9lectrophor\u00e8se en champ puls\u00e9 (ECP)<\/a> et la <a href=\"\/fr\/background\/laboratory-methods-and-surveillance\/#methods\">lysotypie<\/a> \u00e9taient utilis\u00e9es pour d\u00e9terminer les correspondances entre les isolats de <em>Salmonella<\/em>.<\/p>\n<p><strong><em>Question 1-3 : Quels sont les avantages de l\u2019utilisation du SGE pour d\u00e9tecter les \u00e9closions par rapport aux m\u00e9thodes de laboratoire ant\u00e9rieures de sous-typage?\u00a0<\/em><\/strong><\/p>\n<p><input type='hidden' bg_collapse_expand='69ea57149d1f38013319788' value='69ea57149d1f38013319788'><input type='hidden' id='bg-show-more-text-69ea57149d1f38013319788' value='R\u00e9ponse'><input type='hidden' id='bg-show-less-text-69ea57149d1f38013319788' value='Montrer moins'><button id='bg-showmore-action-69ea57149d1f38013319788' class='bg-showmore-plg-button bg-blue-button bg-arrow '   style=\" color:#ffff;\">R\u00e9ponse<\/button><div id='bg-showmore-hidden-69ea57149d1f38013319788' >Avantages du SGE pour d\u00e9tecter les \u00e9closions :<\/p>\n<ul>\n<li>Plus fiable que les autres m\u00e9thodes de laboratoire pour d\u00e9terminer si les cas sont g\u00e9n\u00e9tiquement li\u00e9s; facilite la prise d\u2019une d\u00e9cision globale quant \u00e0 la tenue d\u2019une enqu\u00eate sur une \u00e9closion.<\/li>\n<li>Plus sp\u00e9cifique que les autres m\u00e9thodes de laboratoire, car il permet de d\u00e9tecter des grappes qui \u00e9taient auparavant difficiles \u00e0 relier.<\/li>\n<li>Capable d\u2019exclure les grappes et les cas non apparent\u00e9s, ce qui acc\u00e9l\u00e8re le processus et am\u00e9liore la pr\u00e9cision des donn\u00e9es \u00e9pid\u00e9miologiques.<\/li>\n<li>Permet des interventions plus cibl\u00e9es et \u00e9vite que des ressources se consacrent \u00e0 l\u2019examen de cas communs, mais non apparent\u00e9s.<\/li>\n<li>Capable d\u2019\u00e9tablir un lien plus d\u00e9finitif entre les cas et les \u00e9chantillons d\u2019aliments contamin\u00e9s, ce qui accro\u00eet le poids de la preuve. <\/div><\/li>\n<\/ul>\n<p><a href=\"\/fr\/case-study-overview\/module-1-cluster-detection-and-initial-investigation-2\/cluster-code\/\">< Retour<\/a> <a href=\"\/fr\/case-study-overview\/module-1-cluster-detection-and-initial-investigation-2\/wgs-tree\/\">Suivant ><\/a><\/p>\n","protected":false},"excerpt":{"rendered":"<p>Jour\u00a08\u00a0: Vendredi 15 mai\u00a02020 Vous assistez \u00e0 votre r\u00e9union hebdomadaire portant sur l\u2019examen des chiffres du Programme national de surveillance des maladies ent\u00e9riques (PNSME) pour la semaine pr\u00e9c\u00e9dente (du 3 au 9 mai, semaine\u00a02020-19 du PNSME). Le tableau 2 ci-dessous pr\u00e9sente le nombre de cas confirm\u00e9s d\u2019infection \u00e0 Salmonella Newport du PNSME. Le nombre d\u2019infections [&hellip;]<\/p>\n","protected":false},"author":33,"featured_media":0,"parent":4075,"menu_order":0,"comment_status":"closed","ping_status":"closed","template":"","meta":{"footnotes":""},"class_list":["post-4083","page","type-page","status-publish","hentry"],"_links":{"self":[{"href":"https:\/\/outbreaktools.ca\/fr\/wp-json\/wp\/v2\/pages\/4083","targetHints":{"allow":["GET"]}}],"collection":[{"href":"https:\/\/outbreaktools.ca\/fr\/wp-json\/wp\/v2\/pages"}],"about":[{"href":"https:\/\/outbreaktools.ca\/fr\/wp-json\/wp\/v2\/types\/page"}],"author":[{"embeddable":true,"href":"https:\/\/outbreaktools.ca\/fr\/wp-json\/wp\/v2\/users\/33"}],"replies":[{"embeddable":true,"href":"https:\/\/outbreaktools.ca\/fr\/wp-json\/wp\/v2\/comments?post=4083"}],"version-history":[{"count":19,"href":"https:\/\/outbreaktools.ca\/fr\/wp-json\/wp\/v2\/pages\/4083\/revisions"}],"predecessor-version":[{"id":7383,"href":"https:\/\/outbreaktools.ca\/fr\/wp-json\/wp\/v2\/pages\/4083\/revisions\/7383"}],"up":[{"embeddable":true,"href":"https:\/\/outbreaktools.ca\/fr\/wp-json\/wp\/v2\/pages\/4075"}],"wp:attachment":[{"href":"https:\/\/outbreaktools.ca\/fr\/wp-json\/wp\/v2\/media?parent=4083"}],"curies":[{"name":"wp","href":"https:\/\/api.w.org\/{rel}","templated":true}]}}