{"id":4087,"date":"2021-07-07T14:48:38","date_gmt":"2021-07-07T18:48:38","guid":{"rendered":"https:\/\/outbreaktools.ca\/?page_id=4087"},"modified":"2026-04-22T16:28:23","modified_gmt":"2026-04-22T20:28:23","slug":"wgs-tree","status":"publish","type":"page","link":"https:\/\/outbreaktools.ca\/fr\/case-study-overview\/module-1-cluster-detection-and-initial-investigation-2\/wgs-tree\/","title":{"rendered":"Arbre du SGE"},"content":{"rendered":"<p><strong>Jour\u00a014\u00a0: Jeudi\u00a021 mai\u00a02020\u00a0 <\/strong><\/p>\n<p>En examinant les rapports sommaires hebdomadaires du SGE de PulseNet Canada, vous remarquez qu\u2019une mise \u00e0 jour a \u00e9t\u00e9 apport\u00e9e \u00e0 la grappe d\u2019infection \u00e0 <em>Salmonella <\/em>Newport d\u00e9tect\u00e9e ant\u00e9rieurement en Ontario (2005NEWWGS-1ON). La grappe comprend maintenant un total de neuf isolats, provenant de la Colombie\u2011Britannique (n\u00a0=\u00a02), de l\u2019Ontario (n\u00a0=\u00a06) et de l\u2019Alberta (n\u00a0=\u00a01).<\/p>\n<p>Maintenant qu\u2019il s\u2019agit d\u2019une grappe touchant plusieurs provinces, le code de la grappe a \u00e9t\u00e9 modifi\u00e9 comme suit\u00a0: 2005NEWWGS-1ON-MP. La mention \u00ab\u00a0MP\u00a0\u00bb a \u00e9t\u00e9 ajout\u00e9e \u00e0 la fin du code de grappe pour indiquer que cette grappe touche de multiples provinces.<\/p>\n<p>Afin d\u2019\u00e9valuer cette grappe de fa\u00e7on plus approfondie, vous d\u00e9cidez d\u2019examiner la liste des cas pour obtenir plus de renseignements et vous demandez \u00e0 PulseNet Canada de tenir une r\u00e9union rapide pour examiner l\u2019arbre du SGE pour cette grappe.<\/p>\n<p><strong>Arbre du SGE<\/strong><\/p>\n<p>Vous rencontrez PulseNet Canada qui vous communique l\u2019arbre du SGE ci-dessous pour les neuf cas. Neuf cas confirm\u00e9s d\u2019infection \u00e0 <em>Salmonella<\/em> Newport ont \u00e9t\u00e9 signal\u00e9s en Alberta (n\u00a0=\u00a01), en Colombie-Britannique (n\u00a0=\u00a02) et en Ontario (n\u00a0=\u00a06). Les neuf cas sont g\u00e9n\u00e9tiquement li\u00e9s par le s\u00e9quen\u00e7age du g\u00e9nome entier, l\u2019analyse wgMLST r\u00e9v\u00e9lant de 0 \u00e0 6 diff\u00e9rences d\u2019all\u00e8les. Ce degr\u00e9 de variation indique que tous ces cas ont \u00e9t\u00e9 expos\u00e9s \u00e0 la m\u00eame souche sp\u00e9cifique de <em>Salmonella<\/em>. Ces donn\u00e9es sont conformes au principe biologique sous-jacent selon lequel les souches g\u00e9n\u00e9tiquement identiques ou tr\u00e8s similaires sont plus susceptibles de provenir d\u2019une source commune et fournissent donc des preuves solides qu\u2019il s\u2019agit d\u2019une \u00e9closion de source commune.<\/p>\n<p><a href=\"https:\/\/outbreaktools.ca\/wp-content\/uploads\/2021\/07\/WGS-tree.png\"><img loading=\"lazy\" decoding=\"async\" id=\"longdesc-return-4215\" class=\"alignnone wp-image-4215\" tabindex=\"-1\" src=\"https:\/\/outbreaktools.ca\/wp-content\/uploads\/2021\/07\/WGS-tree.png\" alt=\"Text description: WGS tree illustrating genetic relatedness of nine cases. Cases are all genetically related by 0-5.6 wgMLST allele differences.\" width=\"420\" height=\"483\" longdesc=\"https:\/\/outbreaktools.ca?longdesc=4215&#038;referrer=4087\" srcset=\"https:\/\/outbreaktools.ca\/wp-content\/uploads\/2021\/07\/WGS-tree.png 636w, https:\/\/outbreaktools.ca\/wp-content\/uploads\/2021\/07\/WGS-tree-261x300.png 261w\" sizes=\"auto, (max-width: 420px) 100vw, 420px\" \/><\/a><\/p>\n<p>Description\u00a0: Arbre du SGE illustrant la parent\u00e9 g\u00e9n\u00e9tique des neuf cas. Les cas sont tous g\u00e9n\u00e9tiquement li\u00e9s et pr\u00e9sentent de 0 \u00e0 5,6 diff\u00e9rences d\u2019all\u00e8les \u00e0 l\u2019analyse wgMLST.<\/p>\n<p><strong><em>Question\u00a01-4\u00a0: Quels facteurs pourraient \u00eatre pris en compte dans l\u2019\u00e9valuation des grappes par SGE aux fins du suivi?<\/em><\/strong><\/p>\n<input type='hidden' bg_collapse_expand='69ea6d157faa97088112310' value='69ea6d157faa97088112310'><input type='hidden' id='bg-show-more-text-69ea6d157faa97088112310' value='R\u00e9ponse'><input type='hidden' id='bg-show-less-text-69ea6d157faa97088112310' value='Montrer moins'><button id='bg-showmore-action-69ea6d157faa97088112310' class='bg-showmore-plg-button bg-blue-button bg-arrow '   style=\" color:#fffff;\">R\u00e9ponse<\/button><div id='bg-showmore-hidden-69ea6d157faa97088112310' >Plusieurs facteurs peuvent \u00eatre pris en compte lors de l\u2019\u00e9valuation d\u2019une grappe d\u2019infection \u00e0 <em>Salmonella<\/em>, notamment\u00a0:<\/p>\n<ul>\n<li>la fr\u00e9quence du s\u00e9rotype;<\/li>\n<li>le nombre de cas dans la grappe;<\/li>\n<li>l\u2019intervalle des all\u00e8les et la ramification;<\/li>\n<li>les profils d\u00e9mographiques des cas;<\/li>\n<li>les dates de l\u2019isolement;<\/li>\n<li>la pr\u00e9sence d\u2019un isolat non clinique dans la grappe;<\/li>\n<li>comment les isolats de la grappe sont-ils apparent\u00e9s entre eux et \u00e0 tous les autres isolats dans la base de donn\u00e9es de PulseNet Canada (p. ex. comment la grappe actuelle est-elle li\u00e9e \u00e0 des \u00e9closions pr\u00e9c\u00e9demment r\u00e9solues?)<\/li>\n<\/ul>\n<p>Pendant l\u2019\u00e9valuation de cette grappe, vous utilisez l\u2019outil d\u2019\u00e9valuation des grappes par SGE de l\u2019ASPC. Apr\u00e8s avoir examin\u00e9 l\u2019arbre du SGE, vous d\u00e9cidez d\u2019examiner la <a href=\"\/fr\/case-study-overview\/module-1-cluster-detection-and-initial-investigation-2\/line-lists\/module-1-lab-line-list\/\">liste des cas<\/a> de laboratoires fournie par PulseNet Canada afin de recueillir plus de d\u00e9tails et vous guider dans votre <a href=\"\/fr\/case-study-overview\/module-1-cluster-detection-and-initial-investigation-2\/wgs-cluster-assessment-tool\/\">\u00e9valuation de cette grappe<\/a>. <\/div>\n<p><strong>OUTILS<\/strong><\/p>\n<ul>\n<li><strong>\u00a0<\/strong><a href=\"\/fr\/case-study-overview\/module-1-cluster-detection-and-initial-investigation-2\/wgs-cluster-assessment-tool\/\">Outil d\u2019\u00e9valuation des grappes par SGE de l\u2019Agence de la sant\u00e9 publique du Canada<\/a><\/li>\n<\/ul>\n<p><strong>\u00a0<\/strong><strong>LECTURES COMPL\u00c9MENTAIRES<\/strong><\/p>\n<ul>\n<li><a href=\"\/fr\/background\/laboratory-methods-and-surveillance\/#wgs\">Surveillance et m\u00e9thodes de laboratoire \u2013 S\u00e9quen\u00e7age du g\u00e9nome entier (SGE)<\/a><\/li>\n<li><a href=\"\/fr\/background\/laboratory-methods-and-surveillance\/#clsn\">Surveillance et m\u00e9thodes de laboratoire \u2013 R\u00e9seau des laboratoires de surveillance du Canada (RLSC)<\/a><\/li>\n<li><a href=\"\/fr\/background\/outbreak-identification\/\">D\u00e9tection des \u00e9closions<\/a><\/li>\n<\/ul>\n<p><a href=\"\/fr\/case-study-overview\/module-1-cluster-detection-and-initial-investigation-2\/nesp-report\/\"> < Retour <\/a><a href=\"\/fr\/case-study-overview\/module-1-cluster-detection-and-initial-investigation-2\/line-lists\/\">Suivant ><\/a><\/p>\n","protected":false},"excerpt":{"rendered":"<p>Jour\u00a014\u00a0: Jeudi\u00a021 mai\u00a02020\u00a0 En examinant les rapports sommaires hebdomadaires du SGE de PulseNet Canada, vous remarquez qu\u2019une mise \u00e0 jour a \u00e9t\u00e9 apport\u00e9e \u00e0 la grappe d\u2019infection \u00e0 Salmonella Newport d\u00e9tect\u00e9e ant\u00e9rieurement en Ontario (2005NEWWGS-1ON). La grappe comprend maintenant un total de neuf isolats, provenant de la Colombie\u2011Britannique (n\u00a0=\u00a02), de l\u2019Ontario (n\u00a0=\u00a06) et de l\u2019Alberta [&hellip;]<\/p>\n","protected":false},"author":33,"featured_media":0,"parent":4075,"menu_order":0,"comment_status":"closed","ping_status":"closed","template":"","meta":{"footnotes":""},"class_list":["post-4087","page","type-page","status-publish","hentry"],"_links":{"self":[{"href":"https:\/\/outbreaktools.ca\/fr\/wp-json\/wp\/v2\/pages\/4087","targetHints":{"allow":["GET"]}}],"collection":[{"href":"https:\/\/outbreaktools.ca\/fr\/wp-json\/wp\/v2\/pages"}],"about":[{"href":"https:\/\/outbreaktools.ca\/fr\/wp-json\/wp\/v2\/types\/page"}],"author":[{"embeddable":true,"href":"https:\/\/outbreaktools.ca\/fr\/wp-json\/wp\/v2\/users\/33"}],"replies":[{"embeddable":true,"href":"https:\/\/outbreaktools.ca\/fr\/wp-json\/wp\/v2\/comments?post=4087"}],"version-history":[{"count":23,"href":"https:\/\/outbreaktools.ca\/fr\/wp-json\/wp\/v2\/pages\/4087\/revisions"}],"predecessor-version":[{"id":7385,"href":"https:\/\/outbreaktools.ca\/fr\/wp-json\/wp\/v2\/pages\/4087\/revisions\/7385"}],"up":[{"embeddable":true,"href":"https:\/\/outbreaktools.ca\/fr\/wp-json\/wp\/v2\/pages\/4075"}],"wp:attachment":[{"href":"https:\/\/outbreaktools.ca\/fr\/wp-json\/wp\/v2\/media?parent=4087"}],"curies":[{"name":"wp","href":"https:\/\/api.w.org\/{rel}","templated":true}]}}