{"id":4095,"date":"2021-07-05T16:19:40","date_gmt":"2021-07-05T20:19:40","guid":{"rendered":"https:\/\/outbreaktools.ca\/?page_id=4095"},"modified":"2025-01-31T17:51:03","modified_gmt":"2025-01-31T21:51:03","slug":"module-1-conclusion","status":"publish","type":"page","link":"https:\/\/outbreaktools.ca\/fr\/case-study-overview\/module-1-cluster-detection-and-initial-investigation-2\/module-1-conclusion\/","title":{"rendered":"Conclusion"},"content":{"rendered":"<p><strong>\u00a0<\/strong>F\u00e9licitations, vous avez termin\u00e9 le module\u00a01!<\/p>\n<p>Objectifs d\u2019apprentissage<\/p>\n<ul>\n<li>D\u00e9crire comment les \u00e9closions de maladies ent\u00e9riques sont d\u00e9tect\u00e9es au moyen de donn\u00e9es de surveillance des laboratoires;<\/li>\n<li>Comprendre le r\u00f4le du s\u00e9quen\u00e7age du g\u00e9nome entier dans la d\u00e9tection des \u00e9closions et ses avantages;<\/li>\n<li>Comprendre comment une enqu\u00eate sur une \u00e9closion \u00e0 l\u2019\u00e9chelle de plusieurs provinces et territoires est coordonn\u00e9e au Canada;<\/li>\n<li>Dresser la liste des composantes cl\u00e9s d\u2019un r\u00e9sum\u00e9 \u00e9pid\u00e9miologique.<\/li>\n<\/ul>\n<p>OUTILS CONNEXES<\/p>\n<ul>\n<li><a href=\"https:\/\/outilspoureclosions.ca\/case-study\/module-1-cluster-detection-and-initial-investigation\/wgs-cluster-assessment-tool\/\">Outil d\u2019\u00e9valuation des grappes par SGE de l\u2019Agence de la sant\u00e9 publique du Canada<\/a><\/li>\n<li><a href=\"https:\/\/outilspoureclosions.ca\/tools\/line-list-and-data-dictionary\/\">Liste des cas et dictionnaire de donn\u00e9es<\/a><\/li>\n<li><a href=\"https:\/\/outilspoureclosions.ca\/tools\/assessment-call-template\/\">Mod\u00e8le de t\u00e9l\u00e9conf\u00e9rence d\u2019\u00e9valuation<\/a><\/li>\n<li><a href=\"https:\/\/outilspoureclosions.ca\/tools\/teleconference-call-template\/\">Mod\u00e8le de conf\u00e9rence t\u00e9l\u00e9phonique<\/a><\/li>\n<li><a href=\"https:\/\/outilspoureclosions.ca\/tools\/documents\/epi-summary-template\/\">Mod\u00e8le de r\u00e9sum\u00e9 \u00e9pid\u00e9miologique<\/a><\/li>\n<\/ul>\n<p>LECTURES CONNEXES\u00a0:<\/p>\n<ul>\n<li><a href=\"https:\/\/outilspoureclosions.ca\/background\/public-health-partners\/\">Partenaires de la sant\u00e9 publique<\/a><\/li>\n<li><a href=\"https:\/\/outilspoureclosions.ca\/background\/laboratory-methods-and-surveillance\/\">Surveillance et m\u00e9thodes de laboratoire<\/a><\/li>\n<li><a href=\"https:\/\/outilspoureclosions.ca\/background\/outbreak-identification\/\">D\u00e9tection des \u00e9closions<\/a><\/li>\n<li><a href=\"https:\/\/outilspoureclosions.ca\/background\/case-interviewing\/\">Entrevue avec les cas<\/a><\/li>\n<li><a href=\"https:\/\/outilspoureclosions.ca\/background\/questionnaire-design\/\">Conception de questionnaire<\/a><\/li>\n<li><a href=\"https:\/\/outilspoureclosions.ca\/background\/line-lists\/\">Liste des cas<\/a><\/li>\n<li><a href=\"https:\/\/outilspoureclosions.ca\/background\/data-management\/\">Gestion des donn\u00e9es<\/a><\/li>\n<li><a href=\"https:\/\/outilspoureclosions.ca\/background\/communication-and-coordination\/\">Communication et coordination<\/a><\/li>\n<li><a href=\"https:\/\/outilspoureclosions.ca\/background\/descriptive-epidemiology\/\">\u00c9pid\u00e9miologie descriptive<\/a><\/li>\n<li><a href=\"https:\/\/outilspoureclosions.ca\/background\/epidemiological-summaries\/\">R\u00e9sum\u00e9s \u00e9pid\u00e9miologiques<\/a><\/li>\n<li><a href=\"https:\/\/outilspoureclosions.ca\/background\/epidemic-curves\/\">Courbes \u00e9pid\u00e9miques<\/a><\/li>\n<\/ul>\n<p><a href=\"https:\/\/outilspoureclosions.ca\/case-study-overview\/module-1-cluster-detection-and-initial-investigation-2\/epi-summaries\/\">< Retour<\/a> <a href=\"https:\/\/outilspoureclosions.ca\/case-study-overview\/module-2-hypothesis-generation-2\/\">Suivant ><\/a><\/p>\n","protected":false},"excerpt":{"rendered":"<p>\u00a0F\u00e9licitations, vous avez termin\u00e9 le module\u00a01! Objectifs d\u2019apprentissage D\u00e9crire comment les \u00e9closions de maladies ent\u00e9riques sont d\u00e9tect\u00e9es au moyen de donn\u00e9es de surveillance des laboratoires; Comprendre le r\u00f4le du s\u00e9quen\u00e7age du g\u00e9nome entier dans la d\u00e9tection des \u00e9closions et ses avantages; Comprendre comment une enqu\u00eate sur une \u00e9closion \u00e0 l\u2019\u00e9chelle de plusieurs provinces et territoires [&hellip;]<\/p>\n","protected":false},"author":33,"featured_media":0,"parent":4075,"menu_order":0,"comment_status":"closed","ping_status":"closed","template":"","meta":{"footnotes":""},"class_list":["post-4095","page","type-page","status-publish","hentry"],"_links":{"self":[{"href":"https:\/\/outbreaktools.ca\/fr\/wp-json\/wp\/v2\/pages\/4095","targetHints":{"allow":["GET"]}}],"collection":[{"href":"https:\/\/outbreaktools.ca\/fr\/wp-json\/wp\/v2\/pages"}],"about":[{"href":"https:\/\/outbreaktools.ca\/fr\/wp-json\/wp\/v2\/types\/page"}],"author":[{"embeddable":true,"href":"https:\/\/outbreaktools.ca\/fr\/wp-json\/wp\/v2\/users\/33"}],"replies":[{"embeddable":true,"href":"https:\/\/outbreaktools.ca\/fr\/wp-json\/wp\/v2\/comments?post=4095"}],"version-history":[{"count":15,"href":"https:\/\/outbreaktools.ca\/fr\/wp-json\/wp\/v2\/pages\/4095\/revisions"}],"predecessor-version":[{"id":5827,"href":"https:\/\/outbreaktools.ca\/fr\/wp-json\/wp\/v2\/pages\/4095\/revisions\/5827"}],"up":[{"embeddable":true,"href":"https:\/\/outbreaktools.ca\/fr\/wp-json\/wp\/v2\/pages\/4075"}],"wp:attachment":[{"href":"https:\/\/outbreaktools.ca\/fr\/wp-json\/wp\/v2\/media?parent=4095"}],"curies":[{"name":"wp","href":"https:\/\/api.w.org\/{rel}","templated":true}]}}