{"id":410,"date":"2015-01-21T05:24:35","date_gmt":"2015-01-21T05:24:35","guid":{"rendered":"http:\/\/phac.hyperinteractive.ca\/?page_id=410"},"modified":"2025-02-04T16:23:43","modified_gmt":"2025-02-04T20:23:43","slug":"public-health-conferences","status":"publish","type":"page","link":"https:\/\/outbreaktools.ca\/fr\/tools\/public-health-conferences\/","title":{"rendered":"Conf\u00e9rences de la sant\u00e9 publique"},"content":{"rendered":"<h2>Sur cette page<\/h2>\n<ul>\n<li><a title=\"Conf\u00e9rences canadiennes\" href=\"#canadian\">Conf\u00e9rences canadiennes<\/a><\/li>\n<li><a title=\"Conf\u00e9rences internationales\" href=\"#international\">Conf\u00e9rences internationales<\/a><a id=\"canadian\"><\/a><\/li>\n<li><a title=\"Autres ressources de la conf\u00e9rence\" href=\"#other\">Autres ressources de la conf\u00e9rence<\/a><\/li>\n<\/ul>\n<h2>\u00a0<\/h2>\n<h2>Conf\u00e9rences canadiennes<\/h2>\n<p><a href=\"http:\/\/www.tophc.ca\" target=\"_blank\" rel=\"noopener noreferrer\"><strong>Le congr\u00e8s de la sant\u00e9 publique de l&rsquo;Ontario<\/strong><\/a><\/p>\n<p><a href=\"http:\/\/www.cpha.ca\/fr\/conferences\" target=\"_blank\" rel=\"noopener noreferrer\"><strong>L\u2019association canadienne de sant\u00e9 publique<\/strong><\/a><\/p>\n<p><a href=\"https:\/\/www.inspq.qc.ca\/jasp\/accueil\" target=\"_blank\" rel=\"noopener noreferrer\"><strong>Journ\u00e9es annuelles de sant\u00e9 publique (JASP)<\/strong><\/a><\/p>\n<p><strong><a href=\"https:\/\/www.ammi.ca\/annual-conference\/\">L\u2019Association pour la microbiologie m\u00e9dicale et l\u2019infectiologie Canada \u2013 CACMID conf\u00e9rence annuelle <\/a><\/strong><\/p>\n<p><a href=\"http:\/\/www.ciphi.ca\/home\" target=\"_blank\" rel=\"noopener noreferrer\"><strong>l&rsquo;Institut canadien des inspecteurs en sant\u00e9 publique<\/strong><\/a><\/p>\n<p style=\"text-align: right;\">\u00a0<\/p>\n<h2><a id=\"international\"><\/a>Conf\u00e9rences internationales<\/h2>\n<p><a href=\"https:\/\/ecohealth.net\/resources\/conferences\/international-biennial-conferences\/\" target=\"_blank\" rel=\"noopener noreferrer\"><strong>L&rsquo;International One Health Congress de 2015\u00a0<\/strong><\/a><\/p>\n<p><a href=\"http:\/\/www.foodprotection.org\/europeansymposium\/\" target=\"_blank\" rel=\"noopener noreferrer\"><strong>Le symposium europ\u00e9en de l&rsquo;International Association for Food Protection<\/strong><\/a><\/p>\n<p><a href=\"https:\/\/www.cdc.gov\/eis\/conference\/index.html\" target=\"_blank\" rel=\"noopener noreferrer\"><strong>Le service d&rsquo;information sur les \u00e9pid\u00e9mies conf\u00e9rence scientifique annuelle<\/strong><\/a><\/p>\n<p><a href=\"https:\/\/www.tephinet.org\/conferences-events\" target=\"_blank\" rel=\"noopener noreferrer\"><strong>La conf\u00e9rence scientifique de TEPHINET (Training Programs in Epidemiology and Public Health Interventions Network)<\/strong><\/a><\/p>\n<ul>\n<li>Les conf\u00e9rences scientifiques de TEPHINET (Training Programs in Epidemiology and Public Health Interventions Network) combinent des ateliers et des s\u00e9ances scientifiques li\u00e9s \u00e0 la gestion de syst\u00e8mes de sant\u00e9 publique et de programmes de formation connexes. Les participants au programme de formation en \u00e9pid\u00e9miologie de terrain b\u00e9n\u00e9ficient de l&rsquo;exp\u00e9rience de la pr\u00e9sentation de leurs travaux \u00e0 un public international compos\u00e9 d&rsquo;experts. Les responsables de la sant\u00e9 publique nouent des relations pr\u00e9cieuses avec des personnes-ressources avec qui ils peuvent travailler de fa\u00e7on collaborative. En g\u00e9n\u00e9ral, ces conf\u00e9rences repr\u00e9sentent une occasion de tirer des le\u00e7ons de l&rsquo;exp\u00e9rience des autres et d&rsquo;acqu\u00e9rir de nouvelles id\u00e9es et comp\u00e9tences qui peuvent \u00eatre mises en pratique.<\/li>\n<\/ul>\n<p><a href=\"http:\/\/www.csteconference.org\/\" target=\"_blank\" rel=\"noopener noreferrer\"><strong>Conf\u00e9rence annuelle du Council of State and Territorial Epidemiologists\u00a0<\/strong><\/a><\/p>\n<ul>\n<li>La conf\u00e9rence mettra en communication plus de 1\u00a0200\u00a0\u00e9pid\u00e9miologistes de la sant\u00e9 publique de partout au pays et comprendra des ateliers, des s\u00e9ances pl\u00e9ni\u00e8res avec des dirigeants du domaine de la sant\u00e9 publique, des s\u00e9ances orales en ateliers, des tables rondes et des pr\u00e9sentations par affiches. Des participants de partout au pays se rencontrent et \u00e9changent leur expertise en mati\u00e8re de surveillance et d&rsquo;\u00e9pid\u00e9miologie ainsi que de meilleures pratiques relatives \u00e0 une vaste gamme de domaines, y compris l&rsquo;informatique, les maladies infectieuses, l&rsquo;immunisation, l&rsquo;hygi\u00e8ne environnementale, la sant\u00e9 au travail, les maladies chroniques, le contr\u00f4le des blessures et la sant\u00e9 maternelle et infantile.<\/li>\n<\/ul>\n<p><a href=\"http:\/\/www.foodprotection.org\/annualmeeting\/\" target=\"_blank\" rel=\"noopener noreferrer\"><strong>l&rsquo;International Association for Food Protection r\u00e9union annuelle 2015<\/strong><\/a><\/p>\n<ul>\n<li>Chaque ann\u00e9e, l&rsquo;International Association for Food Protection organise une r\u00e9union annuelle pour fournir aux participants des renseignements sur les enjeux actuels et \u00e9mergents li\u00e9s \u00e0 la salubrit\u00e9 des aliments, les solutions scientifiques les plus r\u00e9centes \u00e0 des probl\u00e8mes nouveaux et r\u00e9currents et l&rsquo;occasion de r\u00e9seauter avec des milliers de professionnels de la salubrit\u00e9 des aliments de partout dans le monde.<\/li>\n<\/ul>\n<p><a href=\"http:\/\/epidemiology.conferenceseries.com\/\" target=\"_blank\" rel=\"noopener noreferrer\"><strong>Conference international sur l\u2019\u00e9pid\u00e9miologie et les maladies \u00e9mergentes<\/strong><\/a><\/p>\n<ul>\n<li>Cette conf\u00e9rence fournit la plateforme de recherche mondiale actuelle pour des maladies \u00e9mergentes et r\u00e9currentes.<\/li>\n<\/ul>\n<p><a href=\"https:\/\/www.cdc.gov\/iceid\/index.html\" target=\"_blank\" rel=\"noopener noreferrer\"><strong>L&rsquo;International Conference on Emerging Infectious Diseases<\/strong><\/a><\/p>\n<ul>\n<li>La conf\u00e9rence r\u00e9unit des professionnels de la sant\u00e9 publique pour encourager l&rsquo;\u00e9change de renseignements scientifiques sur des enjeux g\u00e9n\u00e9raux relatifs aux maladies infectieuses \u00e9mergentes aux \u00c9tats-Unis et \u00e0 l&rsquo;\u00e9tranger.<\/li>\n<\/ul>\n<p><a href=\"https:\/\/www.apha.org\/events-and-meetings\/annual\" target=\"_blank\" rel=\"noopener noreferrer\"><strong>La r\u00e9union et l&rsquo;exposition annuelles de l&rsquo;American Public Health Association<\/strong><\/a><\/p>\n<ul>\n<li>La r\u00e9union et l&rsquo;exposition annuelles de l&rsquo;American Public Health Association repr\u00e9sentent l&rsquo;endroit o\u00f9 des professionnels de la sant\u00e9 publique se r\u00e9unissent, apprennent, r\u00e9seautent et discutent avec leurs pairs. Dans le cadre de la r\u00e9union annuelle, nous renfor\u00e7ons la profession de la sant\u00e9 publique, \u00e9changeons les plus r\u00e9centes recherches et les plus r\u00e9cents renseignements, promouvons de meilleures pratiques et faisons valoir des enjeux de la sant\u00e9 publique et des politiques ancr\u00e9es dans la recherche.<\/li>\n<\/ul>\n<p><a href=\"http:\/\/www.aphl.org\/conferences\/Pages\/InFORM.aspx\" target=\"_blank\" rel=\"noopener noreferrer\"><strong>La r\u00e9union sur la gestion et l&rsquo;intervention int\u00e9gr\u00e9es en cas d&rsquo;\u00e9closion d&rsquo;origine alimentaire (InFORM) 2015<\/strong> <\/a><\/p>\n<ul>\n<li>La r\u00e9union sur la gestion et l&rsquo;intervention int\u00e9gr\u00e9es en cas d&rsquo;\u00e9closion d&rsquo;origine alimentaire (InFORM) rassemblera des travailleurs de laboratoire, des \u00e9pid\u00e9miologistes et des sp\u00e9cialistes de l&rsquo;hygi\u00e8ne environnementale qui prennent part aux interventions en cas d&rsquo;\u00e9closion de maladies ent\u00e9riques et d&rsquo;origine alimentaire. Parmi les enjeux \u00e9voqu\u00e9s, on retrouve la surveillance et la d\u00e9tection d&rsquo;\u00e9closions de maladies ent\u00e9riques et l&rsquo;on insiste sur les enjeux caus\u00e9s par des aliments, de l&rsquo;eau et des animaux contamin\u00e9s.<\/li>\n<\/ul>\n<p><strong><a href=\"https:\/\/www.escaide.eu\/en\" target=\"_blank\" rel=\"noopener noreferrer\">ESCAIDE (European Scientific Conference on Applied Infectious Disease Epidemiology)<\/a><\/strong><\/p>\n<ul>\n<li>Le programme ESCAIDE (European Scientific Conference on Applied Infectious Disease Epidemiology) offrira un vaste \u00e9ventail de pr\u00e9sentations, d&rsquo;affiches, de s\u00e9minaires et d&rsquo;ateliers int\u00e9ressants sur tous les aspects de la pr\u00e9vention et du contr\u00f4le des maladies infectieuses, ce qui comprend l&rsquo;\u00e9pid\u00e9miologie, la microbiologie relevant de la sant\u00e9 publique, la surveillance, la vaccinologie et des outils et m\u00e9thodes permettant d&rsquo;\u00e9valuer et d&rsquo;att\u00e9nuer les \u00e9closions de maladies infectieuses et de soutenir la pr\u00e9vention de maladies.<\/li>\n<\/ul>\n<p><a href=\"https:\/\/www.ifst.org\/events\/689\/chro-2019---the-20th-campylobacter-helicobacter-and-related-microorganisms-conference\"><strong>R\u00e9union sur les bact\u00e9ries <em>Campylobacter<\/em> et <em>Helicobacter<\/em> et les organismes connexes <\/strong><\/a><\/p>\n<ul>\n<li>Cette conf\u00e9rence convient id\u00e9alement \u00e0 tous les professionnels qui \u00e9tudient la campylobact\u00e9rie, l&rsquo;<em>Helicobacter<\/em> et des organismes connexes, notamment des professeurs et des chercheurs d&rsquo;universit\u00e9s, du gouvernement et de l&rsquo;industrie, des \u00e9pid\u00e9miologistes de la sant\u00e9 publique, des boursiers postdoctoraux, des \u00e9tudiants dipl\u00f4m\u00e9s, des v\u00e9t\u00e9rinaires et des m\u00e9decins.<\/li>\n<\/ul>\n<p><a href=\"https:\/\/isid.org\/\"><strong>Congr\u00e8s international sur les maladies infectieuses<\/strong><\/a><\/p>\n<ul>\n<li>La r\u00e9union englobera tous les aspects des maladies infectieuses et portera une attention particuli\u00e8re aux principaux d\u00e9fis de la r\u00e9gion, notamment le sida, la malaria, la tuberculose, la pneumonie et les infections ent\u00e9riques, y compris la fi\u00e8vre typho\u00efde et la diarrh\u00e9e. En outre, de principaux aspects de maladies tropicales n\u00e9glig\u00e9es seront discut\u00e9s, et un accent particulier sera mis sur la pr\u00e9vention de maladies et la vaccination contre celles-ci.<\/li>\n<\/ul>\n<p style=\"text-align: right;\"><a title=\"Retour vers le haut de la page\" href=\"#top\">Retour vers le haut de la page<\/a><\/p>\n<h2>Autres ressources de la conf\u00e9rence<\/h2>\n<ul>\n<li><a href=\"https:\/\/www.cpha.ca\/fr\/evenements-de-sante-publique\" target=\"_blank\" rel=\"noopener noreferrer\">L\u2019association canadienne de sant\u00e9 publique calendrier des \u00e9v\u00e9nements <\/a><\/li>\n<li><a href=\"https:\/\/opha.on.ca\/training-conferences\/\">\u00c9v\u00e9nements de l\u2019Association pour la sant\u00e9 de l\u2019Ontario<\/a><\/li>\n<li><a href=\"http:\/\/www.mednet.ca\/fr\/meetings\/\" target=\"_blank\" rel=\"noopener noreferrer\">MEDNET base de donn\u00e9es de congr\u00e8s<\/a><\/li>\n<\/ul>\n<p style=\"text-align: right;\"><a title=\"Retour vers le haut de la page\" href=\"#top\">Retour vers le haut de la page<\/a><\/p>\n<p>&nbsp;<\/p>\n<p>&nbsp;<\/p>\n","protected":false},"excerpt":{"rendered":"<p>Sur cette page Conf\u00e9rences canadiennes Conf\u00e9rences internationales Autres ressources de la conf\u00e9rence \u00a0 Conf\u00e9rences canadiennes Le congr\u00e8s de la sant\u00e9 publique de l&rsquo;Ontario L\u2019association canadienne de sant\u00e9 publique Journ\u00e9es annuelles de sant\u00e9 publique (JASP) L\u2019Association pour la microbiologie m\u00e9dicale et l\u2019infectiologie Canada \u2013 CACMID conf\u00e9rence annuelle l&rsquo;Institut canadien des inspecteurs en sant\u00e9 publique \u00a0 Conf\u00e9rences [&hellip;]<\/p>\n","protected":false},"author":2,"featured_media":0,"parent":88,"menu_order":3,"comment_status":"closed","ping_status":"closed","template":"fullpage.php","meta":{"footnotes":""},"class_list":["post-410","page","type-page","status-publish","hentry"],"_links":{"self":[{"href":"https:\/\/outbreaktools.ca\/fr\/wp-json\/wp\/v2\/pages\/410","targetHints":{"allow":["GET"]}}],"collection":[{"href":"https:\/\/outbreaktools.ca\/fr\/wp-json\/wp\/v2\/pages"}],"about":[{"href":"https:\/\/outbreaktools.ca\/fr\/wp-json\/wp\/v2\/types\/page"}],"author":[{"embeddable":true,"href":"https:\/\/outbreaktools.ca\/fr\/wp-json\/wp\/v2\/users\/2"}],"replies":[{"embeddable":true,"href":"https:\/\/outbreaktools.ca\/fr\/wp-json\/wp\/v2\/comments?post=410"}],"version-history":[{"count":43,"href":"https:\/\/outbreaktools.ca\/fr\/wp-json\/wp\/v2\/pages\/410\/revisions"}],"predecessor-version":[{"id":5893,"href":"https:\/\/outbreaktools.ca\/fr\/wp-json\/wp\/v2\/pages\/410\/revisions\/5893"}],"up":[{"embeddable":true,"href":"https:\/\/outbreaktools.ca\/fr\/wp-json\/wp\/v2\/pages\/88"}],"wp:attachment":[{"href":"https:\/\/outbreaktools.ca\/fr\/wp-json\/wp\/v2\/media?parent=410"}],"curies":[{"name":"wp","href":"https:\/\/api.w.org\/{rel}","templated":true}]}}