{"id":4103,"date":"2021-06-28T16:19:54","date_gmt":"2021-06-28T20:19:54","guid":{"rendered":"https:\/\/outbreaktools.ca\/?page_id=4103"},"modified":"2025-02-04T16:56:19","modified_gmt":"2025-02-04T20:56:19","slug":"case-finding","status":"publish","type":"page","link":"https:\/\/outbreaktools.ca\/fr\/case-study-overview\/module-2-hypothesis-generation-2\/case-finding\/","title":{"rendered":"Recherche des cas"},"content":{"rendered":"<p>Afin d\u2019\u00e9valuer l\u2019ampleur de l\u2019\u00e9closion, vous devez rep\u00e9rer tous les cas d\u2019infection \u00e0 <em>Salmonella<\/em> Newport au Canada qui peuvent \u00eatre li\u00e9s \u00e0 l\u2019\u00e9closion (<a href=\"https:\/\/outilspoureclosions.ca\/background\/case-finding\/\">recherche des cas<\/a>). Une bonne pratique consiste aussi \u00e0 aviser les partenaires du domaine de la sant\u00e9 publique de l\u2019enqu\u00eate et de la formation d\u2019un CCEE national.<\/p>\n<p>Un moyen d\u2019atteindre ces objectifs consiste \u00e0 diffuser une <a href=\"https:\/\/outilspoureclosions.ca\/background\/communication-and-coordination\/#pha\">alerte de sant\u00e9 publique<\/a> au moyen de la plateforme Web du <a href=\"https:\/\/outilspoureclosions.ca\/background\/communication-and-coordination\/#pha\">R\u00e9seau canadien de renseignements sur la sant\u00e9 publique (RCRSP)<\/a>. Il y a sur le site du RCRSP une application relative aux alertes de sant\u00e9 publique qui envoie aux professionnels de la sant\u00e9 publique \u00e0 l\u2019\u00e9chelle du Canada des alertes concernant la tenue d\u2019enqu\u00eates nationales et internationales, en vue de porter la situation \u00e0 leur connaissance et de promouvoir la recherche des cas.<\/p>\n<p><strong><em>Question\u00a02-4\u00a0: Quel type de renseignements devez-vous inclure dans cette alerte?<\/em><\/strong><\/p>\n<p><strong><em> <input type='hidden' bg_collapse_expand='69e8fb9d5c66b0046675363' value='69e8fb9d5c66b0046675363'><input type='hidden' id='bg-show-more-text-69e8fb9d5c66b0046675363' value='R\u00e9ponse '><input type='hidden' id='bg-show-less-text-69e8fb9d5c66b0046675363' value='Montrer moins'><button id='bg-showmore-action-69e8fb9d5c66b0046675363' class='bg-showmore-plg-button bg-blue-button bg-arrow '   style=\" color:#fffff;\">R\u00e9ponse <\/button><div id='bg-showmore-hidden-69e8fb9d5c66b0046675363' ><\/em><\/strong><\/p>\n<ul>\n<li>L\u2019agent pathog\u00e8ne et le code de la grappe de <a href=\"https:\/\/outilspoureclosions.ca\/background\/laboratory-methods-and-surveillance\/#clsn\">PulseNet Canada<\/a><\/li>\n<li><a href=\"https:\/\/outilspoureclosions.ca\/background\/outbreak-identification\/\">D\u00e9finitions de cas<\/a> (si disponible)<\/li>\n<li>Nombre de cas, lieux et dates d\u2019apparition de leurs sympt\u00f4mes<\/li>\n<li>Renseignements d\u00e9mographiques de base et information sur la gravit\u00e9 (p. ex. \u00e2ge, sexe, hospitalisations, d\u00e9c\u00e8s)<\/li>\n<li>Information sur la source hypoth\u00e9tique<\/li>\n<li>Mesure demand\u00e9e pour les b\u00e9n\u00e9ficiaires<\/li>\n<li>Coordonn\u00e9es du responsable de l\u2019enqu\u00eate sur l\u2019\u00e9closion<\/li>\n<\/ul>\n<p><strong><em>\u00a0<\/em><\/strong>Vous pouvez consulter l\u2019alerte de sant\u00e9 publique pour cette \u00e9tude de cas <a href=\"\/Pgpsn02\/vol1\/GROUP\/CIDPC\/Outbreak%20Section\/PH%20Protection%20&#038;%20Promotion\/Project%20Management\/Toolkit\/New%20Case%20Study\/Module-2-Public-Health-Alert.docx\">ici<\/a>. <strong><em><\/div><\/em><\/strong><\/p>\n<p>OUTILS<\/p>\n<ul>\n<li><a href=\"https:\/\/outilspoureclosions.ca\/tools\/public-health-alert-template\/\">Mod\u00e8le d\u2019alerte de sant\u00e9 publique<\/a><\/li>\n<\/ul>\n<p><a href=\"https:\/\/outilspoureclosions.ca\/case-study-overview\/module-2-hypothesis-generation-2\/case-definitions\/\">< Retour<\/a> <a href=\"https:\/\/outilspoureclosions.ca\/case-study-overview\/module-2-hypothesis-generation-2\/hypothesis-generating\/\">Suivant ><\/a><\/p>\n","protected":false},"excerpt":{"rendered":"<p>Afin d\u2019\u00e9valuer l\u2019ampleur de l\u2019\u00e9closion, vous devez rep\u00e9rer tous les cas d\u2019infection \u00e0 Salmonella Newport au Canada qui peuvent \u00eatre li\u00e9s \u00e0 l\u2019\u00e9closion (recherche des cas). Une bonne pratique consiste aussi \u00e0 aviser les partenaires du domaine de la sant\u00e9 publique de l\u2019enqu\u00eate et de la formation d\u2019un CCEE national. Un moyen d\u2019atteindre ces objectifs [&hellip;]<\/p>\n","protected":false},"author":33,"featured_media":0,"parent":4097,"menu_order":0,"comment_status":"closed","ping_status":"closed","template":"","meta":{"footnotes":""},"class_list":["post-4103","page","type-page","status-publish","hentry"],"_links":{"self":[{"href":"https:\/\/outbreaktools.ca\/fr\/wp-json\/wp\/v2\/pages\/4103","targetHints":{"allow":["GET"]}}],"collection":[{"href":"https:\/\/outbreaktools.ca\/fr\/wp-json\/wp\/v2\/pages"}],"about":[{"href":"https:\/\/outbreaktools.ca\/fr\/wp-json\/wp\/v2\/types\/page"}],"author":[{"embeddable":true,"href":"https:\/\/outbreaktools.ca\/fr\/wp-json\/wp\/v2\/users\/33"}],"replies":[{"embeddable":true,"href":"https:\/\/outbreaktools.ca\/fr\/wp-json\/wp\/v2\/comments?post=4103"}],"version-history":[{"count":11,"href":"https:\/\/outbreaktools.ca\/fr\/wp-json\/wp\/v2\/pages\/4103\/revisions"}],"predecessor-version":[{"id":5833,"href":"https:\/\/outbreaktools.ca\/fr\/wp-json\/wp\/v2\/pages\/4103\/revisions\/5833"}],"up":[{"embeddable":true,"href":"https:\/\/outbreaktools.ca\/fr\/wp-json\/wp\/v2\/pages\/4097"}],"wp:attachment":[{"href":"https:\/\/outbreaktools.ca\/fr\/wp-json\/wp\/v2\/media?parent=4103"}],"curies":[{"name":"wp","href":"https:\/\/api.w.org\/{rel}","templated":true}]}}