{"id":4107,"date":"2021-06-28T16:22:53","date_gmt":"2021-06-28T20:22:53","guid":{"rendered":"https:\/\/outbreaktools.ca\/?page_id=4107"},"modified":"2025-02-03T10:59:07","modified_gmt":"2025-02-03T14:59:07","slug":"hypothesis-generating-questionnaires","status":"publish","type":"page","link":"https:\/\/outbreaktools.ca\/fr\/case-study-overview\/module-2-hypothesis-generation-2\/hypothesis-generating-questionnaires\/","title":{"rendered":"Questionnaires g\u00e9n\u00e9rateurs d\u2019hypoth\u00e8ses"},"content":{"rendered":"<p>Jour\u00a021\u00a0: Jeudi 28 mai\u00a02020 (n\u00a0=\u00a014)<\/p>\n<p>En examinant les rapports sommaires hebdomadaires du SGE de PulseNet Canada, vous remarquez que cinq autres cas ont \u00e9t\u00e9 ajout\u00e9s \u00e0 la grappe\u00a02005NEWWGS-1ON-MP\u00a0: un cas provient de la Colombie-Britannique, deux de l\u2019Alberta, un de l\u2019Ontario et un du Qu\u00e9bec. Le Qu\u00e9bec est ajout\u00e9 \u00e0 la liste des participants du CCEE et invit\u00e9 \u00e0 la t\u00e9l\u00e9conf\u00e9rence du CCEE pr\u00e9vue le lundi 1<sup>er<\/sup> juin\u00a02020.<\/p>\n<p>Vous d\u00e9cidez de consulter la liste des cas pour en savoir plus et vous demandez au <a href=\"https:\/\/outilspoureclosions.ca\/background\/public-health-partners\/#phac\">Laboratoire national de microbiologie (LNM)<\/a> d\u2019assister \u00e0 une br\u00e8ve r\u00e9union pour examiner l\u2019arbre du SGE pour cette grappe.<\/p>\n<p>Le nouveau nombre de cas (14 au total) est communiqu\u00e9 par courriel aux provinces concern\u00e9es. Les provinces sont pri\u00e9es de transmettre \u00e0 l\u2019ASPC les questionnaires des nouveaux cas, une fois qu\u2019ils auront \u00e9t\u00e9 re\u00e7us des autorit\u00e9s locales de sant\u00e9 publique, et les coordonn\u00e9es des contacts pour qu\u2019une nouvelle entrevue soit effectu\u00e9e par la DGE de l\u2019ASPC au moyen du questionnaire g\u00e9n\u00e9rateur d\u2019hypoth\u00e8ses. Le Qu\u00e9bec envoie un courriel \u00e0 l\u2019ASPC pour lui signaler que son cas (QC-13) a \u00e9t\u00e9 perdu de vue au cours du suivi.<\/p>\n<p><strong><em>Question\u00a02-7\u00a0: Quels renseignements recueilleriez-vous dans un questionnaire g\u00e9n\u00e9rateur d\u2019hypoth\u00e8ses? <\/em><\/strong><\/p>\n<p><strong> <input type='hidden' bg_collapse_expand='69e8fbecef4eb7022515475' value='69e8fbecef4eb7022515475'><input type='hidden' id='bg-show-more-text-69e8fbecef4eb7022515475' value='R\u00e9ponse'><input type='hidden' id='bg-show-less-text-69e8fbecef4eb7022515475' value='Montrer moins'><button id='bg-showmore-action-69e8fbecef4eb7022515475' class='bg-showmore-plg-button bg-blue-button bg-arrow '   style=\" color:#fffff;\">R\u00e9ponse<\/button><div id='bg-showmore-hidden-69e8fbecef4eb7022515475' ><\/strong><\/p>\n<ul>\n<li><a href=\"https:\/\/outilspoureclosions.ca\/background\/questionnaire-design\/\">Les questionnaires g\u00e9n\u00e9rateurs d\u2019hypoth\u00e8ses<\/a> (aussi appel\u00e9s questionnaires \u00ab\u00a0exploratoires\u00a0\u00bb) recueillent des renseignements d\u00e9mographiques (p. ex. \u00e2ge, sexe, profession), cliniques (p. ex. sympt\u00f4mes, date de d\u00e9but de la maladie, renseignements sur l\u2019hospitalisation) et sur l\u2019exposition (p. ex. anamn\u00e8se alimentaire, historique des voyages, contact avec les animaux, exposition \u00e0 l\u2019eau).<\/li>\n<li>Le questionnaire g\u00e9n\u00e9rateur d\u2019hypoth\u00e8ses utilis\u00e9 pour cette enqu\u00eate peut \u00eatre t\u00e9l\u00e9charg\u00e9 <a href=\"\/Mdla_guelphs\/guelph\/GROUP\/CIDPC\/Outbreak%20Section\/PH%20Protection%20&#038;%20Promotion\/Project%20Management\/Toolkit\/New%20Case%20Study\/Case%20Study%20Documents\/Documents\/Module%202\/PHAC%20Salmonella%20HGQ%202019-12_EN.pdf\">ici<\/a>.<strong><\/div><\/strong><\/li>\n<\/ul>\n<p>OUTILS<\/p>\n<ul>\n<li><a href=\"https:\/\/outilspoureclosions.ca\/tools\/toolkit-questionnaire-repository\/\">R\u00e9pertoire de questionnaires d\u2019enqu\u00eate en cas d\u2019\u00e9closion d\u2019une maladie ent\u00e9rique<\/a><\/li>\n<\/ul>\n<p><strong>\u00a0<\/strong><strong>\u00a0<\/strong><a href=\"https:\/\/outilspoureclosions.ca\/case-study-overview\/module-2-hypothesis-generation-2\/hypothesis-generating\/\">< Retour<\/a> <a href=\"https:\/\/outilspoureclosions.ca\/case-study-overview\/module-2-hypothesis-generation-2\/exercise-1\/\">Suivant ><\/a><\/p>\n","protected":false},"excerpt":{"rendered":"<p>Jour\u00a021\u00a0: Jeudi 28 mai\u00a02020 (n\u00a0=\u00a014) En examinant les rapports sommaires hebdomadaires du SGE de PulseNet Canada, vous remarquez que cinq autres cas ont \u00e9t\u00e9 ajout\u00e9s \u00e0 la grappe\u00a02005NEWWGS-1ON-MP\u00a0: un cas provient de la Colombie-Britannique, deux de l\u2019Alberta, un de l\u2019Ontario et un du Qu\u00e9bec. Le Qu\u00e9bec est ajout\u00e9 \u00e0 la liste des participants du CCEE [&hellip;]<\/p>\n","protected":false},"author":33,"featured_media":0,"parent":4097,"menu_order":0,"comment_status":"closed","ping_status":"closed","template":"","meta":{"footnotes":""},"class_list":["post-4107","page","type-page","status-publish","hentry"],"_links":{"self":[{"href":"https:\/\/outbreaktools.ca\/fr\/wp-json\/wp\/v2\/pages\/4107","targetHints":{"allow":["GET"]}}],"collection":[{"href":"https:\/\/outbreaktools.ca\/fr\/wp-json\/wp\/v2\/pages"}],"about":[{"href":"https:\/\/outbreaktools.ca\/fr\/wp-json\/wp\/v2\/types\/page"}],"author":[{"embeddable":true,"href":"https:\/\/outbreaktools.ca\/fr\/wp-json\/wp\/v2\/users\/33"}],"replies":[{"embeddable":true,"href":"https:\/\/outbreaktools.ca\/fr\/wp-json\/wp\/v2\/comments?post=4107"}],"version-history":[{"count":14,"href":"https:\/\/outbreaktools.ca\/fr\/wp-json\/wp\/v2\/pages\/4107\/revisions"}],"predecessor-version":[{"id":5838,"href":"https:\/\/outbreaktools.ca\/fr\/wp-json\/wp\/v2\/pages\/4107\/revisions\/5838"}],"up":[{"embeddable":true,"href":"https:\/\/outbreaktools.ca\/fr\/wp-json\/wp\/v2\/pages\/4097"}],"wp:attachment":[{"href":"https:\/\/outbreaktools.ca\/fr\/wp-json\/wp\/v2\/media?parent=4107"}],"curies":[{"name":"wp","href":"https:\/\/api.w.org\/{rel}","templated":true}]}}