{"id":4111,"date":"2021-07-06T13:36:05","date_gmt":"2021-07-06T17:36:05","guid":{"rendered":"https:\/\/outbreaktools.ca\/?page_id=4111"},"modified":"2021-10-12T13:13:02","modified_gmt":"2021-10-12T17:13:02","slug":"module-1-lab-line-list","status":"publish","type":"page","link":"https:\/\/outbreaktools.ca\/fr\/case-study-overview\/module-1-cluster-detection-and-initial-investigation-2\/line-lists\/module-1-lab-line-list\/","title":{"rendered":"Module 1: Liste de laboratoire"},"content":{"rendered":"<p><a href=\"https:\/\/outbreaktools.ca\/wp-content\/uploads\/2021\/09\/Lab-line-list-FR.xlsx\">T\u00e9l\u00e9charger le format de rechange<\/a><br \/>\n(Format Excel, 1 sheet, 9 Ko)<\/p>\n<p><a href=\"https:\/\/outbreaktools.ca\/wp-content\/uploads\/2021\/09\/Lab-line-list-FR.docx\">T\u00e9l\u00e9charger le format de rechange &#8211; HTML<\/a><br \/>\n(Format Word, 1 page, 14 Ko)<\/p>\n<p>Tableau 1 : Liste de laboratoire pour l\u2019\u00e9closion multijuridictionnelle au Canada de la <em>Salmonella<\/em> Newport<\/p>\n<table style=\"width: 100.98%;\" width=\"100%\">\n<tbody>\n<tr>\n<td style=\"width: 10%;\" width=\"10%\">\n<p>N<sup>o<\/sup> d\u2019identification national<\/p>\n<\/td>\n<td style=\"width: 8%;\" width=\"8%\">\n<p>P\/T<\/p>\n<\/td>\n<td style=\"width: 8%;\" width=\"8%\">\n<p>\u00c2ge<\/p>\n<\/td>\n<td style=\"width: 8%;\" width=\"8%\">\n<p>Sexe<\/p>\n<\/td>\n<td style=\"width: 16%;\" width=\"16%\">\n<p>Date du signalement \u00e0 la DGE<\/p>\n<\/td>\n<td style=\"width: 17%;\" width=\"17%\">\n<p>Date de l\u2019apparition des sympt\u00f4mes<\/p>\n<\/td>\n<td style=\"width: 12%;\" width=\"12%\">\n<p>Date de r\u00e9ception<\/p>\n<\/td>\n<td style=\"width: 16.995%;\" width=\"16%\">\n<p>Code de la grappe par SGE<\/p>\n<\/td>\n<\/tr>\n<tr>\n<td style=\"width: 10%;\" width=\"10%\">\n<p>ON-01<\/p>\n<\/td>\n<td style=\"width: 8%;\" width=\"8%\">\n<p>ON<\/p>\n<\/td>\n<td style=\"width: 8%;\" width=\"8%\">\n<p>20<\/p>\n<\/td>\n<td style=\"width: 8%;\" width=\"8%\">\n<p>F<\/p>\n<\/td>\n<td style=\"width: 16%;\" width=\"16%\">\n<p>2020-05-14<\/p>\n<\/td>\n<td style=\"width: 17%;\" width=\"17%\">\n<p>2020-04-22<\/p>\n<\/td>\n<td style=\"width: 12%;\" width=\"12%\">\n<p>2020-04-28<\/p>\n<\/td>\n<td style=\"width: 16.995%;\" width=\"16%\">\n<p>2005NEWWGS-1ON-MP<\/p>\n<\/td>\n<\/tr>\n<tr>\n<td style=\"width: 10%;\" width=\"10%\">\n<p>ON-02<\/p>\n<\/td>\n<td style=\"width: 8%;\" width=\"8%\">\n<p>ON<\/p>\n<\/td>\n<td style=\"width: 8%;\" width=\"8%\">\n<p>21<\/p>\n<\/td>\n<td style=\"width: 8%;\" width=\"8%\">\n<p>F<\/p>\n<\/td>\n<td style=\"width: 16%;\" width=\"16%\">\n<p>2020-05-14<\/p>\n<\/td>\n<td style=\"width: 17%;\" width=\"17%\">\n<p>2020-04-22<\/p>\n<\/td>\n<td style=\"width: 12%;\" width=\"12%\">\n<p>2020-04-28<\/p>\n<\/td>\n<td style=\"width: 16.995%;\" width=\"16%\">\n<p>2005NEWWGS-1ON-MP<\/p>\n<\/td>\n<\/tr>\n<tr>\n<td style=\"width: 10%;\" width=\"10%\">\n<p>ON-03<\/p>\n<\/td>\n<td style=\"width: 8%;\" width=\"8%\">\n<p>ON<\/p>\n<\/td>\n<td style=\"width: 8%;\" width=\"8%\">\n<p>40<\/p>\n<\/td>\n<td style=\"width: 8%;\" width=\"8%\">\n<p>F<\/p>\n<\/td>\n<td style=\"width: 16%;\" width=\"16%\">\n<p>2020-05-14<\/p>\n<\/td>\n<td style=\"width: 17%;\" width=\"17%\">\n<p>2020-04-23<\/p>\n<\/td>\n<td style=\"width: 12%;\" width=\"12%\">\n<p>2020-04-29<\/p>\n<\/td>\n<td style=\"width: 16.995%;\" width=\"16%\">\n<p>2005NEWWGS-1ON-MP<\/p>\n<\/td>\n<\/tr>\n<tr>\n<td style=\"width: 10%;\" width=\"10%\">\n<p>ON-04<\/p>\n<\/td>\n<td style=\"width: 8%;\" width=\"8%\">\n<p>ON<\/p>\n<\/td>\n<td style=\"width: 8%;\" width=\"8%\">\n<p>22<\/p>\n<\/td>\n<td style=\"width: 8%;\" width=\"8%\">\n<p>M<\/p>\n<\/td>\n<td style=\"width: 16%;\" width=\"16%\">\n<p>2020-05-14<\/p>\n<\/td>\n<td style=\"width: 17%;\" width=\"17%\">\n<p>2020-04-25<\/p>\n<\/td>\n<td style=\"width: 12%;\" width=\"12%\">\n<p>2020-04-30<\/p>\n<\/td>\n<td style=\"width: 16.995%;\" width=\"16%\">\n<p>2005NEWWGS-1ON-MP<\/p>\n<\/td>\n<\/tr>\n<tr>\n<td style=\"width: 10%;\" width=\"10%\">\n<p>ON-05<\/p>\n<\/td>\n<td style=\"width: 8%;\" width=\"8%\">\n<p>ON<\/p>\n<\/td>\n<td style=\"width: 8%;\" width=\"8%\">\n<p>50<\/p>\n<\/td>\n<td style=\"width: 8%;\" width=\"8%\">\n<p>M<\/p>\n<\/td>\n<td style=\"width: 16%;\" width=\"16%\">\n<p>2020-05-21<\/p>\n<\/td>\n<td style=\"width: 17%;\" width=\"17%\">\n<p>2020-04-25<\/p>\n<\/td>\n<td style=\"width: 12%;\" width=\"12%\">\n<p>2020-05-01<\/p>\n<\/td>\n<td style=\"width: 16.995%;\" width=\"16%\">\n<p>2005NEWWGS-1ON-MP<\/p>\n<\/td>\n<\/tr>\n<tr>\n<td style=\"width: 10%;\" width=\"10%\">\n<p>BC-06<\/p>\n<\/td>\n<td style=\"width: 8%;\" width=\"8%\">\n<p>CB<\/p>\n<\/td>\n<td style=\"width: 8%;\" width=\"8%\">\n<p>27<\/p>\n<\/td>\n<td style=\"width: 8%;\" width=\"8%\">\n<p>F<\/p>\n<\/td>\n<td style=\"width: 16%;\" width=\"16%\">\n<p>2020-05-21<\/p>\n<\/td>\n<td style=\"width: 17%;\" width=\"17%\">\n<p>2020-04-28<\/p>\n<\/td>\n<td style=\"width: 12%;\" width=\"12%\">\n<p>2020-05-05<\/p>\n<\/td>\n<td style=\"width: 16.995%;\" width=\"16%\">\n<p>2005NEWWGS-1ON-MP<\/p>\n<\/td>\n<\/tr>\n<tr>\n<td style=\"width: 10%;\" width=\"10%\">\n<p>AB-07<\/p>\n<\/td>\n<td style=\"width: 8%;\" width=\"8%\">\n<p>AB<\/p>\n<\/td>\n<td style=\"width: 8%;\" width=\"8%\">\n<p>57<\/p>\n<\/td>\n<td style=\"width: 8%;\" width=\"8%\">\n<p>F<\/p>\n<\/td>\n<td style=\"width: 16%;\" width=\"16%\">\n<p>2020-05-21<\/p>\n<\/td>\n<td style=\"width: 17%;\" width=\"17%\">\n<p>2020-04-30<\/p>\n<\/td>\n<td style=\"width: 12%;\" width=\"12%\">\n<p>2020-05-05<\/p>\n<\/td>\n<td style=\"width: 16.995%;\" width=\"16%\">\n<p>2005NEWWGS-1ON-MP<\/p>\n<\/td>\n<\/tr>\n<tr>\n<td style=\"width: 10%;\" width=\"10%\">\n<p>ON-08<\/p>\n<\/td>\n<td style=\"width: 8%;\" width=\"8%\">\n<p>ON<\/p>\n<\/td>\n<td style=\"width: 8%;\" width=\"8%\">\n<p>17<\/p>\n<\/td>\n<td style=\"width: 8%;\" width=\"8%\">\n<p>F<\/p>\n<\/td>\n<td style=\"width: 16%;\" width=\"16%\">\n<p>2020-05-21<\/p>\n<\/td>\n<td style=\"width: 17%;\" width=\"17%\">\n<p>2020-05-01<\/p>\n<\/td>\n<td style=\"width: 12%;\" width=\"12%\">\n<p>2020-05-06<\/p>\n<\/td>\n<td style=\"width: 16.995%;\" width=\"16%\">\n<p>2005NEWWGS-1ON-MP<\/p>\n<\/td>\n<\/tr>\n<tr>\n<td style=\"width: 10%;\" width=\"10%\">\n<p>BC-09<\/p>\n<\/td>\n<td style=\"width: 8%;\" width=\"8%\">\n<p>CB<\/p>\n<\/td>\n<td style=\"width: 8%;\" width=\"8%\">\n<p>20<\/p>\n<\/td>\n<td style=\"width: 8%;\" width=\"8%\">\n<p>F<\/p>\n<\/td>\n<td style=\"width: 16%;\" width=\"16%\">\n<p>2020-05-21<\/p>\n<\/td>\n<td style=\"width: 17%;\" width=\"17%\">\n<p>2020-05-01<\/p>\n<\/td>\n<td style=\"width: 12%;\" width=\"12%\">\n<p>2020-05-08<\/p>\n<\/td>\n<td style=\"width: 16.995%;\" width=\"16%\">\n<p>2005NEWWGS-1ON-MP<\/p>\n<\/td>\n<\/tr>\n<\/tbody>\n<\/table>\n<p>&nbsp;<\/p>\n","protected":false},"excerpt":{"rendered":"<p>T\u00e9l\u00e9charger le format de rechange (Format Excel, 1 sheet, 9 Ko) T\u00e9l\u00e9charger le format de rechange &#8211; HTML (Format Word, 1 page, 14 Ko) Tableau 1 : Liste de laboratoire pour l\u2019\u00e9closion multijuridictionnelle au Canada de la Salmonella Newport No d\u2019identification national P\/T \u00c2ge Sexe Date du signalement \u00e0 la DGE Date de l\u2019apparition des [&hellip;]<\/p>\n","protected":false},"author":33,"featured_media":0,"parent":4089,"menu_order":0,"comment_status":"closed","ping_status":"closed","template":"","meta":{"footnotes":""},"class_list":["post-4111","page","type-page","status-publish","hentry"],"_links":{"self":[{"href":"https:\/\/outbreaktools.ca\/fr\/wp-json\/wp\/v2\/pages\/4111","targetHints":{"allow":["GET"]}}],"collection":[{"href":"https:\/\/outbreaktools.ca\/fr\/wp-json\/wp\/v2\/pages"}],"about":[{"href":"https:\/\/outbreaktools.ca\/fr\/wp-json\/wp\/v2\/types\/page"}],"author":[{"embeddable":true,"href":"https:\/\/outbreaktools.ca\/fr\/wp-json\/wp\/v2\/users\/33"}],"replies":[{"embeddable":true,"href":"https:\/\/outbreaktools.ca\/fr\/wp-json\/wp\/v2\/comments?post=4111"}],"version-history":[{"count":12,"href":"https:\/\/outbreaktools.ca\/fr\/wp-json\/wp\/v2\/pages\/4111\/revisions"}],"predecessor-version":[{"id":4965,"href":"https:\/\/outbreaktools.ca\/fr\/wp-json\/wp\/v2\/pages\/4111\/revisions\/4965"}],"up":[{"embeddable":true,"href":"https:\/\/outbreaktools.ca\/fr\/wp-json\/wp\/v2\/pages\/4089"}],"wp:attachment":[{"href":"https:\/\/outbreaktools.ca\/fr\/wp-json\/wp\/v2\/media?parent=4111"}],"curies":[{"name":"wp","href":"https:\/\/api.w.org\/{rel}","templated":true}]}}