{"id":4113,"date":"2021-07-07T14:56:53","date_gmt":"2021-07-07T18:56:53","guid":{"rendered":"https:\/\/outbreaktools.ca\/?page_id=4113"},"modified":"2025-02-03T11:08:33","modified_gmt":"2025-02-03T15:08:33","slug":"module-3-weight-of-evidence-2","status":"publish","type":"page","link":"https:\/\/outbreaktools.ca\/fr\/case-study-overview\/module-3-weight-of-evidence-2\/","title":{"rendered":"Module\u00a03\u00a0: Poids de la preuve"},"content":{"rendered":"<p>Le module\u00a03 s\u2019int\u00e9resse aux donn\u00e9es qui appuient l\u2019enqu\u00eate sur la salubrit\u00e9 des aliments et \u00e0 la fa\u00e7on d\u2019\u00e9valuer le poids de la preuve des donn\u00e9es recueillies pour ce qui a trait \u00e0 la source en cause.<\/p>\n<p><strong>Objectifs d\u2019apprentissage\u00a0:<\/strong><\/p>\n<p>\u00c0 la fin de ce module, les participants devraient \u00eatre en mesure de faire ce qui suit\u00a0:<\/p>\n<ul>\n<li>D\u00e9crire le but et le type de renseignements recueillis dans les questionnaires cibl\u00e9s;<\/li>\n<li>D\u00e9terminer et comprendre les donn\u00e9es qui appuient une enqu\u00eate sur la salubrit\u00e9 alimentaire;<\/li>\n<li>\u00c9valuer les preuves \u00e9pid\u00e9miologiques qui impliquent une source particuli\u00e8re dans une \u00e9closion;<\/li>\n<li>Utiliser une approche fond\u00e9e sur le poids de la preuve pour effectuer une \u00e9valuation \u00e9pid\u00e9miologique.<\/li>\n<\/ul>\n<p><strong>Sections du module\u00a03\u00a0:<\/strong><\/p>\n<ul>\n<li><a href=\"https:\/\/outilspoureclosions.ca\/case-study-overview\/module-3-weight-of-evidence-2\/oicc-call-2\/\">Lundi 1<sup>er<\/sup> juin \u2013 T\u00e9l\u00e9conf\u00e9rence n<sup>o<\/sup>2 du CCEE<\/a><\/li>\n<li><a href=\"https:\/\/outilspoureclosions.ca\/case-study-overview\/module-3-weight-of-evidence-2\/focused-questionnaires\/\">Questionnaires cibl\u00e9s<\/a><\/li>\n<li><a href=\"https:\/\/outilspoureclosions.ca\/case-study-overview\/module-3-weight-of-evidence-2\/interpreting-focused-questionnaires\/\">Interpr\u00e9tation des r\u00e9sultats d\u2019un questionnaire cibl\u00e9<\/a><\/li>\n<li><a href=\"https:\/\/outilspoureclosions.ca\/case-study-overview\/module-3-weight-of-evidence-2\/oicc-call-3\/\">Jeudi 4 juin \u2013 T\u00e9l\u00e9conf\u00e9rence n<sup>o<\/sup>3 du CCEE<\/a><\/li>\n<li><a href=\"https:\/\/outilspoureclosions.ca\/case-study-overview\/module-3-weight-of-evidence-2\/loyalty-cards\/\">Cartes de fid\u00e9lit\u00e9<\/a><\/li>\n<li><a href=\"https:\/\/outilspoureclosions.ca\/case-study-overview\/module-3-weight-of-evidence-2\/oicc-call-4\/\">Vendredi 5 juin \u2013 T\u00e9l\u00e9conf\u00e9rence n<sup>o<\/sup>4 du CCEE<\/a><\/li>\n<li><a href=\"https:\/\/outilspoureclosions.ca\/case-study-overview\/module-3-weight-of-evidence-2\/exercise-4\/\">Exercice\u00a04\u00a0: \u00c9valuations \u00e9pid\u00e9miologiques<\/a><\/li>\n<li><a href=\"https:\/\/outilspoureclosions.ca\/case-study-overview\/module-3-weight-of-evidence-2\/product-recall\/\">Rappel de produit<\/a><\/li>\n<li><a href=\"https:\/\/outilspoureclosions.ca\/case-study-overview\/module-3-weight-of-evidence-2\/module-3-conclusion\/\">Conclusion<\/a><\/li>\n<\/ul>\n<p><a href=\"https:\/\/outilspoureclosions.ca\/case-study-overview\/module-2-hypothesis-generation-2\/module-2-conclusion\/\">< Retour<\/a> <a href=\"https:\/\/outilspoureclosions.ca\/case-study-overview\/module-3-weight-of-evidence-2\/oicc-call-2\/\">Suivant ><\/a><\/p>\n","protected":false},"excerpt":{"rendered":"<p>Le module\u00a03 s\u2019int\u00e9resse aux donn\u00e9es qui appuient l\u2019enqu\u00eate sur la salubrit\u00e9 des aliments et \u00e0 la fa\u00e7on d\u2019\u00e9valuer le poids de la preuve des donn\u00e9es recueillies pour ce qui a trait \u00e0 la source en cause. Objectifs d\u2019apprentissage\u00a0: \u00c0 la fin de ce module, les participants devraient \u00eatre en mesure de faire ce qui suit\u00a0: [&hellip;]<\/p>\n","protected":false},"author":33,"featured_media":0,"parent":95,"menu_order":0,"comment_status":"closed","ping_status":"closed","template":"","meta":{"footnotes":""},"class_list":["post-4113","page","type-page","status-publish","hentry"],"_links":{"self":[{"href":"https:\/\/outbreaktools.ca\/fr\/wp-json\/wp\/v2\/pages\/4113","targetHints":{"allow":["GET"]}}],"collection":[{"href":"https:\/\/outbreaktools.ca\/fr\/wp-json\/wp\/v2\/pages"}],"about":[{"href":"https:\/\/outbreaktools.ca\/fr\/wp-json\/wp\/v2\/types\/page"}],"author":[{"embeddable":true,"href":"https:\/\/outbreaktools.ca\/fr\/wp-json\/wp\/v2\/users\/33"}],"replies":[{"embeddable":true,"href":"https:\/\/outbreaktools.ca\/fr\/wp-json\/wp\/v2\/comments?post=4113"}],"version-history":[{"count":13,"href":"https:\/\/outbreaktools.ca\/fr\/wp-json\/wp\/v2\/pages\/4113\/revisions"}],"predecessor-version":[{"id":5843,"href":"https:\/\/outbreaktools.ca\/fr\/wp-json\/wp\/v2\/pages\/4113\/revisions\/5843"}],"up":[{"embeddable":true,"href":"https:\/\/outbreaktools.ca\/fr\/wp-json\/wp\/v2\/pages\/95"}],"wp:attachment":[{"href":"https:\/\/outbreaktools.ca\/fr\/wp-json\/wp\/v2\/media?parent=4113"}],"curies":[{"name":"wp","href":"https:\/\/api.w.org\/{rel}","templated":true}]}}