{"id":4117,"date":"2021-07-08T13:45:19","date_gmt":"2021-07-08T17:45:19","guid":{"rendered":"https:\/\/outbreaktools.ca\/?page_id=4117"},"modified":"2025-02-03T11:12:57","modified_gmt":"2025-02-03T15:12:57","slug":"focused-questionnaires","status":"publish","type":"page","link":"https:\/\/outbreaktools.ca\/fr\/case-study-overview\/module-3-weight-of-evidence-2\/focused-questionnaires\/","title":{"rendered":"Questionnaires cibl\u00e9s"},"content":{"rendered":"<p>On vous a demand\u00e9 de cr\u00e9er un <a href=\"https:\/\/outilspoureclosions.ca\/background\/questionnaire-design\/\">questionnaire<\/a> cibl\u00e9 pour cette enqu\u00eate. Les participants \u00e0 la derni\u00e8re t\u00e9l\u00e9conf\u00e9rence du CCEE ont convenu que le questionnaire devrait \u00ab\u00a0recueillir des renseignements d\u00e9taill\u00e9s sur le type, les marques exactes et l\u2019endroit o\u00f9 les noix et les graines ont \u00e9t\u00e9 achet\u00e9es, ainsi que des renseignements d\u00e9taill\u00e9s sur les bleuets\u00a0\u00bb.<\/p>\n<p>Les questionnaires cibl\u00e9s sont toujours propres \u00e0 une enqu\u00eate et sont utilis\u00e9s lorsque des hypoth\u00e8ses ont \u00e9t\u00e9 formul\u00e9es et doivent \u00eatre pr\u00e9cis\u00e9es.<\/p>\n<p><strong><em>Question\u00a03-1\u00a0: Quel genre d\u2019information auriez-vous besoin de recueillir dans ce questionnaire cibl\u00e9?<\/em><\/strong><\/p>\n<input type='hidden' bg_collapse_expand='69e8fbb822d255079033437' value='69e8fbb822d255079033437'><input type='hidden' id='bg-show-more-text-69e8fbb822d255079033437' value='R\u00e9ponse '><input type='hidden' id='bg-show-less-text-69e8fbb822d255079033437' value='Montrer moins'><button id='bg-showmore-action-69e8fbb822d255079033437' class='bg-showmore-plg-button bg-blue-button bg-arrow '   style=\" color:#ffff;\">R\u00e9ponse <\/button><div id='bg-showmore-hidden-69e8fbb822d255079033437' ><\/p>\n<ul>\n<li>Des renseignements sur les aliments qui pr\u00e9sentent un int\u00e9r\u00eat, notamment :\n<ul>\n<li>La marque et le nom du produit<\/li>\n<li>La description de l\u2019emballage (p. ex. type [bo\u00eete, double coque en plastique, en vrac, sachet], taille, poids, couleur)\n<ul>\n<li>Si l\u2019emballage est disponible\u00a0: Code CUP, code du lot\/date de p\u00e9remption<\/li>\n<\/ul>\n<\/li>\n<li>Lieu et date d\u2019achat\n<ul>\n<li>Relev\u00e9s des achats<\/li>\n<\/ul>\n<\/li>\n<li>Description du produit\n<ul>\n<li>Frais ou congel\u00e9s (bleuets)<\/li>\n<li>R\u00f4ties, crues, sal\u00e9es\/non sal\u00e9es, tranch\u00e9es, enti\u00e8res (noix)<\/li>\n<li>R\u00f4ties, crues, en poudre, germ\u00e9es (graines)<\/li>\n<\/ul>\n<\/li>\n<li>\u00c9chantillons de produits\u00a0: si le cas a toujours le produit en question, et dans l\u2019affirmative, s\u2019il accepte que des \u00e9chantillons de ce produit soient pr\u00e9lev\u00e9s \u00e0 son domicile<\/li>\n<\/ul>\n<\/li>\n<li>Renseignements cliniques qui ne sont pas d\u00e9j\u00e0 disponibles (p. ex. hospitalisation)<\/li>\n<\/ul>\n<p>Le questionnaire cibl\u00e9 utilis\u00e9 pour cette enqu\u00eate peut \u00eatre t\u00e9l\u00e9charg\u00e9 <a href=\"https:\/\/outilspoureclosions.ca\/case-study\/module-3-weight-of-evidence\/focused-questionnaires\/4334-2\/\">ici<\/a>. <\/div>\n<p>OUTILS<\/p>\n<ul>\n<li><a href=\"https:\/\/outilspoureclosions.ca\/tools\/toolkit-questionnaire-repository\/\">R\u00e9pertoire de questionnaires d\u2019enqu\u00eate en cas d\u2019\u00e9closion d\u2019une maladie ent\u00e9rique<\/a><\/li>\n<\/ul>\n<p>Le questionnaire cibl\u00e9 est \u00e9labor\u00e9 et communiqu\u00e9 aux \u00e9pid\u00e9miologistes provinciaux (<a href=\"https:\/\/outilspoureclosions.ca\/case-study\/module-3-weight-of-evidence\/focused-questionnaires\/4334-2\/\">Module\u00a03 \u2013 Questionnaire cibl\u00e9<\/a>). Ils approuvent d\u2019abord le questionnaire, et l\u2019ASPC commence ensuite \u00e0 l\u2019utiliser pour r\u00e9interroger les nouveaux cas, et r\u00e9interroger \u00e9galement les cas plus anciens qui \u00e9taient coop\u00e9ratifs et qui se souvenaient bien de l\u2019information afin de recueillir des renseignements plus d\u00e9taill\u00e9s sur les produits.<\/p>\n<p>De plus, l\u2019ACIA a demand\u00e9 aux autorit\u00e9s de sant\u00e9 publique locales de pr\u00e9lever des \u00e9chantillons de produits au domicile des cas, dans la mesure du possible.<\/p>\n<p><a href=\"https:\/\/outilspoureclosions.ca\/case-study-overview\/module-3-weight-of-evidence-2\/oicc-call-2\/\">< Retour<\/a> <a href=\"https:\/\/outilspoureclosions.ca\/case-study-overview\/module-3-weight-of-evidence-2\/interpreting-focused-questionnaires\/\">Suivant ><\/a><\/p>\n","protected":false},"excerpt":{"rendered":"<p>On vous a demand\u00e9 de cr\u00e9er un questionnaire cibl\u00e9 pour cette enqu\u00eate. Les participants \u00e0 la derni\u00e8re t\u00e9l\u00e9conf\u00e9rence du CCEE ont convenu que le questionnaire devrait \u00ab\u00a0recueillir des renseignements d\u00e9taill\u00e9s sur le type, les marques exactes et l\u2019endroit o\u00f9 les noix et les graines ont \u00e9t\u00e9 achet\u00e9es, ainsi que des renseignements d\u00e9taill\u00e9s sur les bleuets\u00a0\u00bb. [&hellip;]<\/p>\n","protected":false},"author":33,"featured_media":0,"parent":4113,"menu_order":0,"comment_status":"closed","ping_status":"closed","template":"","meta":{"footnotes":""},"class_list":["post-4117","page","type-page","status-publish","hentry"],"_links":{"self":[{"href":"https:\/\/outbreaktools.ca\/fr\/wp-json\/wp\/v2\/pages\/4117","targetHints":{"allow":["GET"]}}],"collection":[{"href":"https:\/\/outbreaktools.ca\/fr\/wp-json\/wp\/v2\/pages"}],"about":[{"href":"https:\/\/outbreaktools.ca\/fr\/wp-json\/wp\/v2\/types\/page"}],"author":[{"embeddable":true,"href":"https:\/\/outbreaktools.ca\/fr\/wp-json\/wp\/v2\/users\/33"}],"replies":[{"embeddable":true,"href":"https:\/\/outbreaktools.ca\/fr\/wp-json\/wp\/v2\/comments?post=4117"}],"version-history":[{"count":12,"href":"https:\/\/outbreaktools.ca\/fr\/wp-json\/wp\/v2\/pages\/4117\/revisions"}],"predecessor-version":[{"id":5845,"href":"https:\/\/outbreaktools.ca\/fr\/wp-json\/wp\/v2\/pages\/4117\/revisions\/5845"}],"up":[{"embeddable":true,"href":"https:\/\/outbreaktools.ca\/fr\/wp-json\/wp\/v2\/pages\/4113"}],"wp:attachment":[{"href":"https:\/\/outbreaktools.ca\/fr\/wp-json\/wp\/v2\/media?parent=4117"}],"curies":[{"name":"wp","href":"https:\/\/api.w.org\/{rel}","templated":true}]}}