{"id":4119,"date":"2021-07-08T13:44:38","date_gmt":"2021-07-08T17:44:38","guid":{"rendered":"https:\/\/outbreaktools.ca\/?page_id=4119"},"modified":"2025-02-03T11:14:18","modified_gmt":"2025-02-03T15:14:18","slug":"interpreting-focused-questionnaires","status":"publish","type":"page","link":"https:\/\/outbreaktools.ca\/fr\/case-study-overview\/module-3-weight-of-evidence-2\/interpreting-focused-questionnaires\/","title":{"rendered":"Interpr\u00e9tation des r\u00e9sultats de questionnaires cibl\u00e9s"},"content":{"rendered":"<p>Vous avez pu r\u00e9interroger six cas au moyen du questionnaire cibl\u00e9. Les principaux r\u00e9sultats des questionnaires cibl\u00e9s sont ajout\u00e9s \u00e0 la liste des cas de l\u2019enqu\u00eate (<a href=\"https:\/\/outilspoureclosions.ca\/case-study\/module-3-weight-of-evidence\/module-3-line-list-2\/\">Module\u00a03 \u2013 Liste des cas<\/a>).<\/p>\n<p><strong>\u00a0<\/strong><strong><em>Question\u00a03-2\u00a0: Examinez la liste des cas contenant les principaux r\u00e9sultats du questionnaire cibl\u00e9. Comment interpr\u00e9tez-vous l\u2019information fournie?<\/em><\/strong><\/p>\n<p><strong> <input type='hidden' bg_collapse_expand='69e8fbd8b78df0082489542' value='69e8fbd8b78df0082489542'><input type='hidden' id='bg-show-more-text-69e8fbd8b78df0082489542' value='R\u00e9ponse '><input type='hidden' id='bg-show-less-text-69e8fbd8b78df0082489542' value='Montrer moins'><button id='bg-showmore-action-69e8fbd8b78df0082489542' class='bg-showmore-plg-button bg-blue-button bg-arrow '   style=\" color:#fffff;\">R\u00e9ponse <\/button><div id='bg-showmore-hidden-69e8fbd8b78df0082489542' ><\/strong><\/p>\n<ul>\n<li>Les graines de chia semblent \u00eatre l\u2019exposition qui revient le plus souvent \u2013 les six cas qui ont \u00e9t\u00e9 interrog\u00e9s de nouveau ont d\u00e9clar\u00e9 en consommer.<\/li>\n<li>Les autres aliments suspects \u2013 bleuets, amandes, noix de Grenoble, graines de s\u00e9same et graines de lin \u2013 ont \u00e9t\u00e9 signal\u00e9s par trois cas ou moins.<\/li>\n<li>Trois cas se rappelaient des noms de marque des graines de chia qu\u2019ils ont consomm\u00e9es\u00a0: deux cas ont signal\u00e9 des graines de chia de la marque \u00ab\u00a0Smile\u00a0\u00bb et un cas a signal\u00e9 des graines de chia de la marque \u00ab\u00a0Nature\u00a0&lsquo;s Planet\u00a0\u00bb.<\/li>\n<li>Deux cas ont des \u00e9chantillons de graines de chia qu\u2019il est possible de recueillir chez eux; ces \u00e9chantillons seront analys\u00e9s en laboratoire pour d\u00e9celer la pr\u00e9sence de la m\u00eame souche de <em>Salmonella <\/em><strong><\/div><\/strong><\/li>\n<\/ul>\n<p><a href=\"https:\/\/outilspoureclosions.ca\/case-study-overview\/module-3-weight-of-evidence-2\/focused-questionnaires\/\">< Retour<\/a> <a href=\"https:\/\/outilspoureclosions.ca\/case-study-overview\/module-3-weight-of-evidence-2\/oicc-call-3\/\">Suivant ><\/a><\/p>\n","protected":false},"excerpt":{"rendered":"<p>Vous avez pu r\u00e9interroger six cas au moyen du questionnaire cibl\u00e9. Les principaux r\u00e9sultats des questionnaires cibl\u00e9s sont ajout\u00e9s \u00e0 la liste des cas de l\u2019enqu\u00eate (Module\u00a03 \u2013 Liste des cas). \u00a0Question\u00a03-2\u00a0: Examinez la liste des cas contenant les principaux r\u00e9sultats du questionnaire cibl\u00e9. Comment interpr\u00e9tez-vous l\u2019information fournie? < Retour Suivant ><\/p>\n","protected":false},"author":33,"featured_media":0,"parent":4113,"menu_order":0,"comment_status":"closed","ping_status":"closed","template":"","meta":{"footnotes":""},"class_list":["post-4119","page","type-page","status-publish","hentry"],"_links":{"self":[{"href":"https:\/\/outbreaktools.ca\/fr\/wp-json\/wp\/v2\/pages\/4119","targetHints":{"allow":["GET"]}}],"collection":[{"href":"https:\/\/outbreaktools.ca\/fr\/wp-json\/wp\/v2\/pages"}],"about":[{"href":"https:\/\/outbreaktools.ca\/fr\/wp-json\/wp\/v2\/types\/page"}],"author":[{"embeddable":true,"href":"https:\/\/outbreaktools.ca\/fr\/wp-json\/wp\/v2\/users\/33"}],"replies":[{"embeddable":true,"href":"https:\/\/outbreaktools.ca\/fr\/wp-json\/wp\/v2\/comments?post=4119"}],"version-history":[{"count":11,"href":"https:\/\/outbreaktools.ca\/fr\/wp-json\/wp\/v2\/pages\/4119\/revisions"}],"predecessor-version":[{"id":5846,"href":"https:\/\/outbreaktools.ca\/fr\/wp-json\/wp\/v2\/pages\/4119\/revisions\/5846"}],"up":[{"embeddable":true,"href":"https:\/\/outbreaktools.ca\/fr\/wp-json\/wp\/v2\/pages\/4113"}],"wp:attachment":[{"href":"https:\/\/outbreaktools.ca\/fr\/wp-json\/wp\/v2\/media?parent=4119"}],"curies":[{"name":"wp","href":"https:\/\/api.w.org\/{rel}","templated":true}]}}