{"id":4123,"date":"2021-07-08T13:43:20","date_gmt":"2021-07-08T17:43:20","guid":{"rendered":"https:\/\/outbreaktools.ca\/?page_id=4123"},"modified":"2025-02-03T11:15:02","modified_gmt":"2025-02-03T15:15:02","slug":"loyalty-cards","status":"publish","type":"page","link":"https:\/\/outbreaktools.ca\/fr\/case-study-overview\/module-3-weight-of-evidence-2\/loyalty-cards\/","title":{"rendered":"Cartes de fid\u00e9lit\u00e9"},"content":{"rendered":"<p>Les cartes de fid\u00e9lit\u00e9 offertes par divers commerces permettent de consigner l\u2019historique des achats de nourriture des clients et peuvent \u00eatre utiles lors d\u2019une enqu\u00eate sur une \u00e9closion. L\u2019analyse des relev\u00e9s d\u2019achat des cas peut faciliter les enqu\u00eates en d\u00e9terminant les aliments commun\u00e9ment achet\u00e9s par les cas ainsi que les d\u00e9tails sur les aliments suspects (p. ex. marque, d\u00e9tails sur le produit, date d\u2019achat). Ces renseignements sont \u00e9galement importants pour l\u2019enqu\u00eate de retra\u00e7age de l\u2019origine. Ces relev\u00e9s d\u2019achat facilitent \u00e9galement le rep\u00e9rage des aliments dont un cas ne se souvient pas pendant une entrevue avec un cas.\u00a0<\/p>\n<p>Vous avez r\u00e9ussi \u00e0 obtenir des renseignements recueillis au moyen des cartes de fid\u00e9lit\u00e9 de trois cas en Colombie\u2011Britannique et d\u2019un cas en Ontario.<\/p>\n<p>Selon les relev\u00e9s d\u2019achat, vous pouvez confirmer que le cas de la Colombie-Britannique (CB-15) qui a d\u00e9clar\u00e9 consommer des graines de chia de la marque \u00ab\u00a0Smile\u00a0\u00bb avait achet\u00e9 ce produit dans un magasin de la cha\u00eene Healthy Lifestyle Emporium. Vous pouvez \u00e9galement confirmer que le cas de la Colombie-Britannique (CB-16) qui a d\u00e9clar\u00e9 avoir achet\u00e9 des graines de chia dans un magasin de la cha\u00eene Healthy Emporium autre que celui de CB-15, mais qui ne se souvenait pas de la marque, avait achet\u00e9 des graines de chia de la marque \u00ab\u00a0Smile\u00a0\u00bb. En examinant les relev\u00e9s d\u2019achat du cas de la Colombie-Britannique (CB-11) qui a d\u00e9clar\u00e9 avoir consomm\u00e9 des graines de chia, mais qui ne se souvenait pas de la marque ni de l\u2019endroit o\u00f9 ce produit avait \u00e9t\u00e9 achet\u00e9, vous pouvez d\u00e9terminer qu\u2019elles sont de la marque \u00ab\u00a0Smile\u00a0\u00bb et qu\u2019elles ont \u00e9t\u00e9 achet\u00e9es dans un magasin de la cha\u00eene Healthy Lifestyle Emporium. Vous pouvez \u00e9galement confirmer que les graines de chia de la marque \u00ab\u00a0Smile\u00a0\u00bb figuraient \u00e9galement dans les relev\u00e9s d\u2019achat du cas ontarien (ON-14) qui a d\u00e9clar\u00e9 avoir consomm\u00e9 ce produit.<\/p>\n<p><a href=\"https:\/\/outilspoureclosions.ca\/case-study-overview\/module-3-weight-of-evidence-2\/oicc-call-3\/\">< Retour<\/a> <a href=\"https:\/\/outilspoureclosions.ca\/case-study-overview\/module-3-weight-of-evidence-2\/oicc-call-4\/\">Suivant ><\/a><\/p>\n","protected":false},"excerpt":{"rendered":"<p>Les cartes de fid\u00e9lit\u00e9 offertes par divers commerces permettent de consigner l\u2019historique des achats de nourriture des clients et peuvent \u00eatre utiles lors d\u2019une enqu\u00eate sur une \u00e9closion. L\u2019analyse des relev\u00e9s d\u2019achat des cas peut faciliter les enqu\u00eates en d\u00e9terminant les aliments commun\u00e9ment achet\u00e9s par les cas ainsi que les d\u00e9tails sur les aliments suspects [&hellip;]<\/p>\n","protected":false},"author":33,"featured_media":0,"parent":4113,"menu_order":0,"comment_status":"closed","ping_status":"closed","template":"","meta":{"footnotes":""},"class_list":["post-4123","page","type-page","status-publish","hentry"],"_links":{"self":[{"href":"https:\/\/outbreaktools.ca\/fr\/wp-json\/wp\/v2\/pages\/4123","targetHints":{"allow":["GET"]}}],"collection":[{"href":"https:\/\/outbreaktools.ca\/fr\/wp-json\/wp\/v2\/pages"}],"about":[{"href":"https:\/\/outbreaktools.ca\/fr\/wp-json\/wp\/v2\/types\/page"}],"author":[{"embeddable":true,"href":"https:\/\/outbreaktools.ca\/fr\/wp-json\/wp\/v2\/users\/33"}],"replies":[{"embeddable":true,"href":"https:\/\/outbreaktools.ca\/fr\/wp-json\/wp\/v2\/comments?post=4123"}],"version-history":[{"count":10,"href":"https:\/\/outbreaktools.ca\/fr\/wp-json\/wp\/v2\/pages\/4123\/revisions"}],"predecessor-version":[{"id":5847,"href":"https:\/\/outbreaktools.ca\/fr\/wp-json\/wp\/v2\/pages\/4123\/revisions\/5847"}],"up":[{"embeddable":true,"href":"https:\/\/outbreaktools.ca\/fr\/wp-json\/wp\/v2\/pages\/4113"}],"wp:attachment":[{"href":"https:\/\/outbreaktools.ca\/fr\/wp-json\/wp\/v2\/media?parent=4123"}],"curies":[{"name":"wp","href":"https:\/\/api.w.org\/{rel}","templated":true}]}}