{"id":4127,"date":"2021-07-08T13:41:52","date_gmt":"2021-07-08T17:41:52","guid":{"rendered":"https:\/\/outbreaktools.ca\/?page_id=4127"},"modified":"2025-02-03T11:10:46","modified_gmt":"2025-02-03T15:10:46","slug":"exercise-4","status":"publish","type":"page","link":"https:\/\/outbreaktools.ca\/fr\/case-study-overview\/module-3-weight-of-evidence-2\/exercise-4\/","title":{"rendered":"Exercice\u00a04\u00a0: \u00c9valuations \u00e9pid\u00e9miologiques"},"content":{"rendered":"<p>L\u2019<a href=\"https:\/\/outilspoureclosions.ca\/background\/weight-of-evidence\/#epiassessment\">\u00e9valuation \u00e9pid\u00e9miologique<\/a> est un document qui d\u00e9crit et \u00e9value les preuves \u00e9pid\u00e9miologiques pour qu\u2019un aliment particulier soit d\u00e9sign\u00e9 comme \u00e9tant la source de maladies li\u00e9es \u00e0 une \u00e9closion. Une \u00e9valuation \u00e9pid\u00e9miologique est requise pour appuyer l\u2019\u00e9valuation des risques pour la sant\u00e9 men\u00e9e par <a href=\"https:\/\/outilspoureclosions.ca\/background\/public-health-partners\/#healthcanada\">Sant\u00e9 Canada<\/a> lors d\u2019une enqu\u00eate sur une \u00e9closion de maladie d\u2019origine alimentaire. Sant\u00e9 Canada utilise l\u2019\u00e9valuation \u00e9pid\u00e9miologique pour \u00e9clairer l\u2019\u00e9valuation globale des risques pour la sant\u00e9, qui peut aboutir, le cas \u00e9ch\u00e9ant, \u00e0 un rappel des aliments en cause pour contr\u00f4ler l\u2019\u00e9closion.<\/p>\n<p>L\u2019ACIA a demand\u00e9 une \u00e9valuation des risques pour la sant\u00e9. \u00c0 titre de principale autorit\u00e9 de la sant\u00e9 publique pour cette enqu\u00eate, vous devez pr\u00e9parer une \u00e9valuation \u00e9pid\u00e9miologique.<\/p>\n<p><strong>Lecture pr\u00e9alable<\/strong><\/p>\n<ul>\n<li><a href=\"https:\/\/outilspoureclosions.ca\/background\/weight-of-evidence\/\">Poids de la preuve<\/a><\/li>\n<\/ul>\n<p><strong>Instructions<\/strong><\/p>\n<ol>\n<li>Utilisez le <a href=\"https:\/\/outilspoureclosions.ca\/case-study-overview\/case-study-documents\/module-3-epidemiological-assessment\/\">mod\u00e8le d\u2019\u00e9valuation \u00e9pid\u00e9miologique<\/a> pour r\u00e9sumer les donn\u00e9es obtenues \u00e0 ce jour. Vous trouverez d\u2019autres directives dans le <a href=\"https:\/\/outilspoureclosions.ca\/tools\/epidemiological-assessments-guide\/\">guide d\u2019\u00e9valuation \u00e9pid\u00e9miologique<\/a>.<\/li>\n<li>Comparez vos r\u00e9ponses \u00e0 cet exemple (<a href=\"https:\/\/outilspoureclosions.ca\/case-study\/module-3-weight-of-evidence\/3-01-epidemiological-assessment\/\">Module\u00a03 \u2013 \u00c9valuation \u00e9pid\u00e9miologique<\/a>). Examinez d\u2019un \u0153il critique la diff\u00e9rence entre votre \u00e9valuation et l\u2019exemple!<\/li>\n<\/ol>\n<p><a href=\"https:\/\/outilspoureclosions.ca\/case-study-overview\/module-3-weight-of-evidence-2\/oicc-call-4\/\">< Retour<\/a> <a href=\"https:\/\/outilspoureclosions.ca\/case-study-overview\/module-3-weight-of-evidence-2\/product-recall\/\">Suivant ><\/a><\/p>\n","protected":false},"excerpt":{"rendered":"<p>L\u2019\u00e9valuation \u00e9pid\u00e9miologique est un document qui d\u00e9crit et \u00e9value les preuves \u00e9pid\u00e9miologiques pour qu\u2019un aliment particulier soit d\u00e9sign\u00e9 comme \u00e9tant la source de maladies li\u00e9es \u00e0 une \u00e9closion. Une \u00e9valuation \u00e9pid\u00e9miologique est requise pour appuyer l\u2019\u00e9valuation des risques pour la sant\u00e9 men\u00e9e par Sant\u00e9 Canada lors d\u2019une enqu\u00eate sur une \u00e9closion de maladie d\u2019origine alimentaire. [&hellip;]<\/p>\n","protected":false},"author":33,"featured_media":0,"parent":4113,"menu_order":0,"comment_status":"closed","ping_status":"closed","template":"","meta":{"footnotes":""},"class_list":["post-4127","page","type-page","status-publish","hentry"],"_links":{"self":[{"href":"https:\/\/outbreaktools.ca\/fr\/wp-json\/wp\/v2\/pages\/4127","targetHints":{"allow":["GET"]}}],"collection":[{"href":"https:\/\/outbreaktools.ca\/fr\/wp-json\/wp\/v2\/pages"}],"about":[{"href":"https:\/\/outbreaktools.ca\/fr\/wp-json\/wp\/v2\/types\/page"}],"author":[{"embeddable":true,"href":"https:\/\/outbreaktools.ca\/fr\/wp-json\/wp\/v2\/users\/33"}],"replies":[{"embeddable":true,"href":"https:\/\/outbreaktools.ca\/fr\/wp-json\/wp\/v2\/comments?post=4127"}],"version-history":[{"count":12,"href":"https:\/\/outbreaktools.ca\/fr\/wp-json\/wp\/v2\/pages\/4127\/revisions"}],"predecessor-version":[{"id":5844,"href":"https:\/\/outbreaktools.ca\/fr\/wp-json\/wp\/v2\/pages\/4127\/revisions\/5844"}],"up":[{"embeddable":true,"href":"https:\/\/outbreaktools.ca\/fr\/wp-json\/wp\/v2\/pages\/4113"}],"wp:attachment":[{"href":"https:\/\/outbreaktools.ca\/fr\/wp-json\/wp\/v2\/media?parent=4127"}],"curies":[{"name":"wp","href":"https:\/\/api.w.org\/{rel}","templated":true}]}}