{"id":4129,"date":"2021-07-08T13:41:11","date_gmt":"2021-07-08T17:41:11","guid":{"rendered":"https:\/\/outbreaktools.ca\/?page_id=4129"},"modified":"2025-02-03T11:19:45","modified_gmt":"2025-02-03T15:19:45","slug":"product-recall","status":"publish","type":"page","link":"https:\/\/outbreaktools.ca\/fr\/case-study-overview\/module-3-weight-of-evidence-2\/product-recall\/","title":{"rendered":"Rappel de produit"},"content":{"rendered":"<p><strong>Jour\u00a030\u00a0: Samedi 6 juin\u00a02020<\/strong><\/p>\n<p>Sant\u00e9 Canada a effectu\u00e9 l\u2019\u00e9valuation des risques pour la sant\u00e9 dans la nuit du vendredi 5\u00a0juin au samedi 6\u00a0juin\u00a02020. L\u2019\u00e9valuation des risques pour la sant\u00e9 tient compte de la preuve de l\u2019\u00e9valuation \u00e9pid\u00e9miologique produite \u00e0 l\u2019exercice\u00a04 (<a href=\"https:\/\/outilspoureclosions.ca\/case-study\/module-3-weight-of-evidence\/3-01-epidemiological-assessment\/\">module\u00a03 \u2013 \u00c9valuation \u00e9pid\u00e9miologique<\/a>), ainsi que de la preuve issue des enqu\u00eates microbiologiques et sur la salubrit\u00e9 des aliments.<\/p>\n<p>Sant\u00e9 Canada a attribu\u00e9 un risque pour la sant\u00e9 de niveau 2 pour les deux diff\u00e9rentes marques de graines de chia : Marque \u00ab Smile \u00bb (deux codes de lot) et marque \u00ab Nature\u2019s Planet \u00bb (un code de lot), ce qui inclut tous les produits fabriqu\u00e9s dans l\u2019\u00e9tablissement les 14 et 15 avril 2020. L\u2019ACIA a d\u00e9termin\u00e9 que la mesure appropri\u00e9e de gestion des risques \u00e9tait un rappel de classe I pour les consommateurs et un avis de rappel d\u2019aliments. L\u2019entreprise a accept\u00e9 de proc\u00e9der au rappel volontaire des produits et un avis de rappel d\u2019aliments a \u00e9t\u00e9 \u00e9mis le 6 juin 2020. Des renseignements sur la fa\u00e7on dont l&rsquo;ACIA d\u00e9cide de rappeler un produit alimentaire peuvent \u00eatre consult\u00e9s <a href=\"https:\/\/inspection.canada.ca\/salubrite-alimentaire-pour-les-consommateurs\/systeme-canadien-de-salubrite-des-aliments\/comment-nous-decidons-de-proceder-au-rappel-d-un-a\/fra\/1332206599275\/1332207914673\">ici<\/a>.<\/p>\n<p>Un avis de sant\u00e9 publique est affich\u00e9 en m\u00eame temps que l\u2019avis de rappel.<\/p>\n<p>L\u2019ACIA continue d\u2019enqu\u00eater sur l\u2019\u00e9tablissement ainsi que sur d\u2019autres codes de lot qui pourraient \u00eatre touch\u00e9s.<\/p>\n<p><a href=\"https:\/\/outilspoureclosions.ca\/case-study-overview\/module-3-weight-of-evidence-2\/exercise-4\/\">< Retour<\/a> <a href=\"https:\/\/outilspoureclosions.ca\/case-study-overview\/module-3-weight-of-evidence-2\/module-3-conclusion\/\">Suivant ><\/a><\/p>\n","protected":false},"excerpt":{"rendered":"<p>Jour\u00a030\u00a0: Samedi 6 juin\u00a02020 Sant\u00e9 Canada a effectu\u00e9 l\u2019\u00e9valuation des risques pour la sant\u00e9 dans la nuit du vendredi 5\u00a0juin au samedi 6\u00a0juin\u00a02020. L\u2019\u00e9valuation des risques pour la sant\u00e9 tient compte de la preuve de l\u2019\u00e9valuation \u00e9pid\u00e9miologique produite \u00e0 l\u2019exercice\u00a04 (module\u00a03 \u2013 \u00c9valuation \u00e9pid\u00e9miologique), ainsi que de la preuve issue des enqu\u00eates microbiologiques et sur [&hellip;]<\/p>\n","protected":false},"author":33,"featured_media":0,"parent":4113,"menu_order":0,"comment_status":"closed","ping_status":"closed","template":"","meta":{"footnotes":""},"class_list":["post-4129","page","type-page","status-publish","hentry"],"_links":{"self":[{"href":"https:\/\/outbreaktools.ca\/fr\/wp-json\/wp\/v2\/pages\/4129","targetHints":{"allow":["GET"]}}],"collection":[{"href":"https:\/\/outbreaktools.ca\/fr\/wp-json\/wp\/v2\/pages"}],"about":[{"href":"https:\/\/outbreaktools.ca\/fr\/wp-json\/wp\/v2\/types\/page"}],"author":[{"embeddable":true,"href":"https:\/\/outbreaktools.ca\/fr\/wp-json\/wp\/v2\/users\/33"}],"replies":[{"embeddable":true,"href":"https:\/\/outbreaktools.ca\/fr\/wp-json\/wp\/v2\/comments?post=4129"}],"version-history":[{"count":10,"href":"https:\/\/outbreaktools.ca\/fr\/wp-json\/wp\/v2\/pages\/4129\/revisions"}],"predecessor-version":[{"id":5852,"href":"https:\/\/outbreaktools.ca\/fr\/wp-json\/wp\/v2\/pages\/4129\/revisions\/5852"}],"up":[{"embeddable":true,"href":"https:\/\/outbreaktools.ca\/fr\/wp-json\/wp\/v2\/pages\/4113"}],"wp:attachment":[{"href":"https:\/\/outbreaktools.ca\/fr\/wp-json\/wp\/v2\/media?parent=4129"}],"curies":[{"name":"wp","href":"https:\/\/api.w.org\/{rel}","templated":true}]}}