{"id":4131,"date":"2021-07-08T13:46:24","date_gmt":"2021-07-08T17:46:24","guid":{"rendered":"https:\/\/outbreaktools.ca\/?page_id=4131"},"modified":"2025-02-03T11:15:58","modified_gmt":"2025-02-03T15:15:58","slug":"module-3-conclusion","status":"publish","type":"page","link":"https:\/\/outbreaktools.ca\/fr\/case-study-overview\/module-3-weight-of-evidence-2\/module-3-conclusion\/","title":{"rendered":"Conclusion"},"content":{"rendered":"<p><strong>F\u00e9licitations, vous avez termin\u00e9 le module\u00a03!<\/strong><\/p>\n<p><strong>Objectifs d\u2019apprentissage\u00a0:<\/strong><\/p>\n<ul>\n<li>D\u00e9crire le but et le type de renseignements recueillis dans les questionnaires cibl\u00e9s;<\/li>\n<li>D\u00e9terminer et comprendre les donn\u00e9es qui appuient une enqu\u00eate sur la salubrit\u00e9 alimentaire;<\/li>\n<li>\u00c9valuer les preuves \u00e9pid\u00e9miologiques qui impliquent une source particuli\u00e8re dans une \u00e9closion;<\/li>\n<li>Utiliser une approche fond\u00e9e sur le poids de la preuve pour effectuer une \u00e9valuation \u00e9pid\u00e9miologique.<\/li>\n<\/ul>\n<p>Outils connexes\u00a0:<\/p>\n<ul>\n<li><a href=\"https:\/\/outilspoureclosions.ca\/tools\/toolkit-questionnaire-repository\/\">R\u00e9pertoire de questionnaires d\u2019enqu\u00eate en cas d\u2019\u00e9closion d\u2019une maladie ent\u00e9rique<\/a><\/li>\n<li><a href=\"https:\/\/outilspoureclosions.ca\/tools\/epidemiological-assessment-template\/\">Mod\u00e8le d\u2019\u00e9valuation \u00e9pid\u00e9miologique<\/a><\/li>\n<li><a href=\"https:\/\/outilspoureclosions.ca\/tools\/epidemiological-assessments-guide\/\">Guide d\u2019\u00e9valuation \u00e9pid\u00e9miologique<\/a><\/li>\n<\/ul>\n<p>Lectures connexes\u00a0:<\/p>\n<ul>\n<li><a href=\"https:\/\/outilspoureclosions.ca\/background\/epidemiological-summaries\/\">R\u00e9sum\u00e9s \u00e9pid\u00e9miologiques<\/a><\/li>\n<li><a href=\"https:\/\/outilspoureclosions.ca\/background\/hypothesis-generation\/\">G\u00e9n\u00e9ration d\u2019hypoth\u00e8ses<\/a><\/li>\n<li><a href=\"https:\/\/outilspoureclosions.ca\/background\/case-interviewing\/\">Entrevue avec les cas<\/a><\/li>\n<li><a href=\"https:\/\/outilspoureclosions.ca\/background\/public-health-partners\/\">Partenaires de la sant\u00e9 publique<\/a><\/li>\n<li><a href=\"https:\/\/outilspoureclosions.ca\/background\/laboratory-methods-and-surveillance\/\">Surveillance et m\u00e9thodes de laboratoire<\/a><\/li>\n<li><a href=\"https:\/\/outilspoureclosions.ca\/background\/questionnaire-design\/\">Conception de questionnaire<\/a><\/li>\n<li><a href=\"https:\/\/outilspoureclosions.ca\/background\/prevention-and-control\/\">Pr\u00e9vention et contr\u00f4le<\/a><\/li>\n<li><a href=\"https:\/\/outilspoureclosions.ca\/background\/weight-of-evidence\/\">Poids de la preuve<\/a><\/li>\n<li><a href=\"https:\/\/outilspoureclosions.ca\/background\/communication-and-coordination\/\">Communication et coordination<\/a><\/li>\n<\/ul>\n<p><a href=\"https:\/\/outilspoureclosions.ca\/case-study-overview\/module-3-weight-of-evidence-2\/product-recall\/\">< Retour<\/a> <a href=\"https:\/\/outilspoureclosions.ca\/case-study-overview\/module-4-concluding-the-investigation-2\/\">Suivant ><\/a><\/p>\n","protected":false},"excerpt":{"rendered":"<p>F\u00e9licitations, vous avez termin\u00e9 le module\u00a03! Objectifs d\u2019apprentissage\u00a0: D\u00e9crire le but et le type de renseignements recueillis dans les questionnaires cibl\u00e9s; D\u00e9terminer et comprendre les donn\u00e9es qui appuient une enqu\u00eate sur la salubrit\u00e9 alimentaire; \u00c9valuer les preuves \u00e9pid\u00e9miologiques qui impliquent une source particuli\u00e8re dans une \u00e9closion; Utiliser une approche fond\u00e9e sur le poids de la [&hellip;]<\/p>\n","protected":false},"author":33,"featured_media":0,"parent":4113,"menu_order":0,"comment_status":"closed","ping_status":"closed","template":"","meta":{"footnotes":""},"class_list":["post-4131","page","type-page","status-publish","hentry"],"_links":{"self":[{"href":"https:\/\/outbreaktools.ca\/fr\/wp-json\/wp\/v2\/pages\/4131","targetHints":{"allow":["GET"]}}],"collection":[{"href":"https:\/\/outbreaktools.ca\/fr\/wp-json\/wp\/v2\/pages"}],"about":[{"href":"https:\/\/outbreaktools.ca\/fr\/wp-json\/wp\/v2\/types\/page"}],"author":[{"embeddable":true,"href":"https:\/\/outbreaktools.ca\/fr\/wp-json\/wp\/v2\/users\/33"}],"replies":[{"embeddable":true,"href":"https:\/\/outbreaktools.ca\/fr\/wp-json\/wp\/v2\/comments?post=4131"}],"version-history":[{"count":9,"href":"https:\/\/outbreaktools.ca\/fr\/wp-json\/wp\/v2\/pages\/4131\/revisions"}],"predecessor-version":[{"id":5848,"href":"https:\/\/outbreaktools.ca\/fr\/wp-json\/wp\/v2\/pages\/4131\/revisions\/5848"}],"up":[{"embeddable":true,"href":"https:\/\/outbreaktools.ca\/fr\/wp-json\/wp\/v2\/pages\/4113"}],"wp:attachment":[{"href":"https:\/\/outbreaktools.ca\/fr\/wp-json\/wp\/v2\/media?parent=4131"}],"curies":[{"name":"wp","href":"https:\/\/api.w.org\/{rel}","templated":true}]}}