{"id":4144,"date":"2021-07-08T14:19:03","date_gmt":"2021-07-08T18:19:03","guid":{"rendered":"https:\/\/outbreaktools.ca\/?page_id=4144"},"modified":"2025-02-03T11:33:45","modified_gmt":"2025-02-03T15:33:45","slug":"chronologies","status":"publish","type":"page","link":"https:\/\/outbreaktools.ca\/fr\/case-study-overview\/module-4-concluding-the-investigation-2\/chronologies\/","title":{"rendered":"Documenter l\u2019\u00e9closion : Chronologies"},"content":{"rendered":"<p>Une chronologie de l\u2019\u00e9closion, ou un journal des \u00e9v\u00e9nements est un registre des \u00e9v\u00e9nements importants qui sont survenus au cours d\u2019une enqu\u00eate sur une \u00e9closion. Il existe deux grands types de chronologie\u00a0:<\/p>\n<ol>\n<li><strong>Textuelle ou tabulaire\u00a0:<\/strong> r\u00e9sum\u00e9 d\u00e9taill\u00e9 de tous les \u00e9v\u00e9nements importants qui se produisent chaque jour au cours d\u2019une enqu\u00eate (couramment utilis\u00e9 en pratique).<\/li>\n<li><strong>Visuelle\u00a0: <\/strong>\u00e9v\u00e9nements principaux seulement, inscrits sur une courbe \u00e9pid\u00e9mique.<\/li>\n<\/ol>\n<p><strong><em>Question\u00a04-3\u00a0: Quels \u00e9v\u00e9nements doivent \u00eatre inclus dans une chronologie?<\/em><\/strong><\/p>\n<input type='hidden' bg_collapse_expand='6a032fa7c18317007874916' value='6a032fa7c18317007874916'><input type='hidden' id='bg-show-more-text-6a032fa7c18317007874916' value='R\u00e9ponse '><input type='hidden' id='bg-show-less-text-6a032fa7c18317007874916' value='Montrer moins'><button id='bg-showmore-action-6a032fa7c18317007874916' class='bg-showmore-plg-button bg-blue-button bg-arrow '   style=\" color:#fffff;\">R\u00e9ponse <\/button><div id='bg-showmore-hidden-6a032fa7c18317007874916' >\n<ul>\n<li>Nombre de cas par type de cas (pour chaque date de la chronologie)<\/li>\n<li>\u00c9tapes de l\u2019enqu\u00eate (p. ex. date \u00e0 laquelle l\u2019\u00e9closion a \u00e9t\u00e9 d\u00e9tect\u00e9e, date \u00e0 laquelle l\u2019agence responsable de l\u2019enqu\u00eate a \u00e9t\u00e9 avis\u00e9e, date de d\u00e9claration de l\u2019\u00e9closion, date de d\u00e9but de l\u2019enqu\u00eate de retra\u00e7age, date du d\u00e9but de la g\u00e9n\u00e9ration d\u2019hypoth\u00e8ses, date(s) des r\u00e9sultats [des laboratoires, du retra\u00e7age, r\u00e9sultats \u00e9pid\u00e9miologiques], date de formation\/dissolution du CCEE, date de pr\u00e9paration d\u2019une \u00e9valuation \u00e9pid\u00e9miologique, date de d\u00e9claration de la fin de l\u2019\u00e9closion)<\/li>\n<li>Date(s) des mesures de sant\u00e9 publique\u00a0: communication des risques au public, campagnes de sensibilisation, rappel des produits et fermeture de l\u2019\u00e9tablissement.<\/li>\n<li>Autres communications importantes entre les partenaires (p. ex. collecte de questionnaires, clarifications, discussions sur l\u2019enqu\u00eate, nouveaux renseignements recueillis, appels t\u00e9l\u00e9phoniques entre les partenaires et objet des discussions)<\/li>\n<li>Voir l\u2019exemple de la chronologie textuelle dans cette enqu\u00eate (<a href=\"\/fr\/case-study\/module-4-concluding-the-investigation\/chronologies\/chronology\/\">Module 4 \u2013 Chronologie<\/a>) ainsi que la chronologie visuelle des \u00e9v\u00e9nements (<a href=\"\/fr\/case-study\/module-4-concluding-the-investigation\/module-4-visual-chronology\/\">Module\u00a04 \u2013 Chronologie visuelle<\/a>). <\/div><\/li>\n<\/ul>\n<p>OUTILS<\/p>\n<ul>\n<li><a href=\"\/fr\/tools\/chronology-template-2\/\">Mod\u00e8le de classement chronologique<\/a><\/li>\n<li><a href=\"\/fr\/case-study-overview\/case-study-documents\/module-4-chronology-2\/module-4-visual-chronology-template\/\">Mod\u00e8le de chronologie visuelle (chronologie visuelle des \u00e9v\u00e9nements)<\/a><\/li>\n<\/ul>\n<p><a href=\"\/fr\/case-study-overview\/module-4-concluding-the-investigation-2\/oicc-deactivation\/\">< Retour<\/a> <a href=\"\/fr\/case-study-overview\/module-4-concluding-the-investigation-2\/final-investigation-summary\/\">Suivant ><\/a><\/p>\n","protected":false},"excerpt":{"rendered":"<p>Une chronologie de l\u2019\u00e9closion, ou un journal des \u00e9v\u00e9nements est un registre des \u00e9v\u00e9nements importants qui sont survenus au cours d\u2019une enqu\u00eate sur une \u00e9closion. Il existe deux grands types de chronologie\u00a0: Textuelle ou tabulaire\u00a0: r\u00e9sum\u00e9 d\u00e9taill\u00e9 de tous les \u00e9v\u00e9nements importants qui se produisent chaque jour au cours d\u2019une enqu\u00eate (couramment utilis\u00e9 en pratique). [&hellip;]<\/p>\n","protected":false},"author":33,"featured_media":0,"parent":4133,"menu_order":0,"comment_status":"closed","ping_status":"closed","template":"","meta":{"footnotes":""},"class_list":["post-4144","page","type-page","status-publish","hentry"],"_links":{"self":[{"href":"https:\/\/outbreaktools.ca\/fr\/wp-json\/wp\/v2\/pages\/4144","targetHints":{"allow":["GET"]}}],"collection":[{"href":"https:\/\/outbreaktools.ca\/fr\/wp-json\/wp\/v2\/pages"}],"about":[{"href":"https:\/\/outbreaktools.ca\/fr\/wp-json\/wp\/v2\/types\/page"}],"author":[{"embeddable":true,"href":"https:\/\/outbreaktools.ca\/fr\/wp-json\/wp\/v2\/users\/33"}],"replies":[{"embeddable":true,"href":"https:\/\/outbreaktools.ca\/fr\/wp-json\/wp\/v2\/comments?post=4144"}],"version-history":[{"count":16,"href":"https:\/\/outbreaktools.ca\/fr\/wp-json\/wp\/v2\/pages\/4144\/revisions"}],"predecessor-version":[{"id":5865,"href":"https:\/\/outbreaktools.ca\/fr\/wp-json\/wp\/v2\/pages\/4144\/revisions\/5865"}],"up":[{"embeddable":true,"href":"https:\/\/outbreaktools.ca\/fr\/wp-json\/wp\/v2\/pages\/4133"}],"wp:attachment":[{"href":"https:\/\/outbreaktools.ca\/fr\/wp-json\/wp\/v2\/media?parent=4144"}],"curies":[{"name":"wp","href":"https:\/\/api.w.org\/{rel}","templated":true}]}}