{"id":4146,"date":"2021-07-06T11:32:42","date_gmt":"2021-07-06T15:32:42","guid":{"rendered":"https:\/\/outbreaktools.ca\/?page_id=4146"},"modified":"2025-02-03T11:34:42","modified_gmt":"2025-02-03T15:34:42","slug":"final-investigation-summary","status":"publish","type":"page","link":"https:\/\/outbreaktools.ca\/fr\/case-study-overview\/module-4-concluding-the-investigation-2\/final-investigation-summary\/","title":{"rendered":"Documenter l\u2019\u00e9closion : R\u00e9sum\u00e9 \u00e9pid\u00e9miologique final"},"content":{"rendered":"<p>Le r\u00e9sum\u00e9 \u00e9pid\u00e9miologique final (ou <a href=\"https:\/\/outilspoureclosions.ca\/background\/epidemiological-summaries\/\">r\u00e9sum\u00e9 \u00e9pid\u00e9miologique<\/a>) est semblable au r\u00e9sum\u00e9 \u00e9pid\u00e9miologique \u00ab\u00a0ordinaire\u00a0\u00bb pour ce qui est de son contenu et de sa pr\u00e9sentation. Toutefois, \u00e9tant donn\u00e9 que le r\u00e9sum\u00e9 \u00e9pid\u00e9miologique final sert souvent de document officiel de l\u2019enqu\u00eate sur une \u00e9closion, il est souvent plus long et comprend plus de renseignements de base et de contexte que les r\u00e9sum\u00e9s \u00e9pid\u00e9miologiques ordinaires. Il comprend \u00e9galement des conclusions et des recommandations d\u2019enqu\u00eate g\u00e9n\u00e9rales.<\/p>\n<p><strong><em>Question\u00a04-4\u00a0: Quels renseignements suppl\u00e9mentaires pourraient \u00eatre inclus dans un r\u00e9sum\u00e9 \u00e9pid\u00e9miologique \u00ab\u00a0final\u00a0\u00bb?<\/em><\/strong><\/p>\n<input type='hidden' bg_collapse_expand='69e8fbbe521773030253106' value='69e8fbbe521773030253106'><input type='hidden' id='bg-show-more-text-69e8fbbe521773030253106' value='R\u00e9ponse '><input type='hidden' id='bg-show-less-text-69e8fbbe521773030253106' value='Montrer moins'><button id='bg-showmore-action-69e8fbbe521773030253106' class='bg-showmore-plg-button bg-blue-button bg-arrow '   style=\" color:#ffff;\">R\u00e9ponse <\/button><div id='bg-showmore-hidden-69e8fbbe521773030253106' ><\/p>\n<p>Les r\u00e9sum\u00e9s \u00e9pid\u00e9miologiques finaux varient selon l\u2019\u00e9closion. Ils ne contiennent pas forc\u00e9ment toutes les sections ci-dessous\u00a0:<\/p>\n<ul>\n<li>R\u00e9sum\u00e9 (p. ex. r\u00e9sum\u00e9 g\u00e9n\u00e9ral de l\u2019\u00e9pid\u00e9miologie descriptive de base des cas, principales observations et conclusion finale)<\/li>\n<li>Introduction (p. ex. comment l\u2019\u00e9closion a \u00e9t\u00e9 d\u00e9tect\u00e9e et enqu\u00eate initiale)<\/li>\n<li>Contexte (p. ex. agent pathog\u00e8ne, \u00e9closions similaires, population particuli\u00e8re ou milieu particulier \u00e0 risque)<\/li>\n<li>R\u00e9sum\u00e9 \u00e9pid\u00e9miologique<\/li>\n<li>D\u00e9finition(s) de cas<\/li>\n<li>\u00c9pid\u00e9miologie descriptive\u00a0: tableau des cas par r\u00e9gion\/type de cas, r\u00e9partition des cas selon l\u2019\u00e2ge\/le sexe, courbe \u00e9pid\u00e9mique<\/li>\n<li>Expositions (p. ex. tableaux des fr\u00e9quences d\u2019exposition, proportion de cas expos\u00e9s aux produits en cause)<\/li>\n<li>Sommaire du laboratoire\u00a0: isolats humains et isolats non humains, arbre du SGE<\/li>\n<li>Enqu\u00eate sur la salubrit\u00e9 des aliments\/l\u2019environnement (p. ex. retra\u00e7age de l\u2019origine et r\u00e9sultats des \u00e9chantillons)<\/li>\n<li>Discussion et recommandations<\/li>\n<li>Conclusion<\/li>\n<li>R\u00e9f\u00e9rences<\/li>\n<\/ul>\n<p>Voir l\u2019exemple de r\u00e9sum\u00e9 \u00e9pid\u00e9miologique final pour cette \u00e9closion (<a href=\"https:\/\/outilspoureclosions.ca\/case-study\/module-4-concluding-the-investigation\/final-investigation-summary\/final-epi-summary\/\">Module\u00a04 \u2013 R\u00e9sum\u00e9 \u00e9pid\u00e9miologique final<\/a>).<\/div>\n<p>OUTILS<\/p>\n<ul>\n<li><a href=\"https:\/\/outilspoureclosions.ca\/tools\/documents\/outbreak-investigation-report-template\/\">Mod\u00e8le de rapport d\u2019enqu\u00eate sur l\u2019\u00e9closion<\/a><\/li>\n<li><a href=\"https:\/\/outilspoureclosions.ca\/tools\/documents\/epi-summary-template\/\">Mod\u00e8le de r\u00e9sum\u00e9 \u00e9pid\u00e9miologique<\/a><\/li>\n<\/ul>\n<p><a href=\"https:\/\/outilspoureclosions.ca\/case-study-overview\/module-4-concluding-the-investigation-2\/chronologies\/\">< Retour<\/a> <a href=\"https:\/\/outilspoureclosions.ca\/case-study-overview\/module-4-concluding-the-investigation-2\/documentation-outbreak-summaries\/\">Suivant ><\/a><\/p>\n","protected":false},"excerpt":{"rendered":"<p>Le r\u00e9sum\u00e9 \u00e9pid\u00e9miologique final (ou r\u00e9sum\u00e9 \u00e9pid\u00e9miologique) est semblable au r\u00e9sum\u00e9 \u00e9pid\u00e9miologique \u00ab\u00a0ordinaire\u00a0\u00bb pour ce qui est de son contenu et de sa pr\u00e9sentation. Toutefois, \u00e9tant donn\u00e9 que le r\u00e9sum\u00e9 \u00e9pid\u00e9miologique final sert souvent de document officiel de l\u2019enqu\u00eate sur une \u00e9closion, il est souvent plus long et comprend plus de renseignements de base et [&hellip;]<\/p>\n","protected":false},"author":33,"featured_media":0,"parent":4133,"menu_order":0,"comment_status":"closed","ping_status":"closed","template":"","meta":{"footnotes":""},"class_list":["post-4146","page","type-page","status-publish","hentry"],"_links":{"self":[{"href":"https:\/\/outbreaktools.ca\/fr\/wp-json\/wp\/v2\/pages\/4146","targetHints":{"allow":["GET"]}}],"collection":[{"href":"https:\/\/outbreaktools.ca\/fr\/wp-json\/wp\/v2\/pages"}],"about":[{"href":"https:\/\/outbreaktools.ca\/fr\/wp-json\/wp\/v2\/types\/page"}],"author":[{"embeddable":true,"href":"https:\/\/outbreaktools.ca\/fr\/wp-json\/wp\/v2\/users\/33"}],"replies":[{"embeddable":true,"href":"https:\/\/outbreaktools.ca\/fr\/wp-json\/wp\/v2\/comments?post=4146"}],"version-history":[{"count":15,"href":"https:\/\/outbreaktools.ca\/fr\/wp-json\/wp\/v2\/pages\/4146\/revisions"}],"predecessor-version":[{"id":5867,"href":"https:\/\/outbreaktools.ca\/fr\/wp-json\/wp\/v2\/pages\/4146\/revisions\/5867"}],"up":[{"embeddable":true,"href":"https:\/\/outbreaktools.ca\/fr\/wp-json\/wp\/v2\/pages\/4133"}],"wp:attachment":[{"href":"https:\/\/outbreaktools.ca\/fr\/wp-json\/wp\/v2\/media?parent=4146"}],"curies":[{"name":"wp","href":"https:\/\/api.w.org\/{rel}","templated":true}]}}