{"id":4154,"date":"2021-07-08T14:14:51","date_gmt":"2021-07-08T18:14:51","guid":{"rendered":"https:\/\/outbreaktools.ca\/?page_id=4154"},"modified":"2025-02-03T11:38:19","modified_gmt":"2025-02-03T15:38:19","slug":"module-4-conclusion","status":"publish","type":"page","link":"https:\/\/outbreaktools.ca\/fr\/case-study-overview\/module-4-concluding-the-investigation-2\/module-4-conclusion\/","title":{"rendered":"Conclusion"},"content":{"rendered":"<p><strong>F\u00e9licitations, vous avez termin\u00e9 le module\u00a04!<\/strong><\/p>\n<p>Pour une conclusion g\u00e9n\u00e9rale sur l\u2019\u00e9tude de cas compl\u00e8te, cliquez <a href=\"https:\/\/outilspoureclosions.ca\/case-study-overview\/case-study-conclusion-2\/\">ici<\/a>.<\/p>\n<p><strong>Objectifs d\u2019apprentissage\u00a0:<\/strong><\/p>\n<ul>\n<li>D\u00e9crire le but et le processus de d\u00e9claration de la fin d\u2019une \u00e9closion;<\/li>\n<li>Comprendre les diff\u00e9rentes fa\u00e7ons de documenter les \u00e9closions;<\/li>\n<li>\u00c9num\u00e9rer les types d\u2019activit\u00e9s d\u2019application des connaissances qui peuvent \u00eatre men\u00e9es pendant et apr\u00e8s une enqu\u00eate sur une \u00e9closion.<\/li>\n<\/ul>\n<p><strong>Outils<\/strong><\/p>\n<ul>\n<li><a href=\"https:\/\/outilspoureclosions.ca\/tools\/documents\/proposal-for-deactivating-the-oicc-and-declaring-the-outbreak-over\/\">Proposition de dissolution du comit\u00e9 de coordination de l\u2019enqu\u00eate sur l\u2019\u00e9closion (CCEE) et de d\u00e9claration de la fin de l\u2019\u00e9closion<\/a><\/li>\n<li><a href=\"https:\/\/outilspoureclosions.ca\/tools\/chronology-template-2\/\">Mod\u00e8le de classement chronologique<\/a><\/li>\n<li><a href=\"https:\/\/outilspoureclosions.ca\/tools\/visual-chronology-template\/\">Mod\u00e8le de chronologie visuelle (chronologie visuelle des \u00e9v\u00e9nements)<\/a><\/li>\n<li><a href=\"https:\/\/outilspoureclosions.ca\/tools\/documents\/outbreak-investigation-report-template\/\">Mod\u00e8le de rapport d\u2019enqu\u00eate sur l\u2019\u00e9closion<\/a><\/li>\n<li><a href=\"https:\/\/outilspoureclosions.ca\/tools\/documents\/epi-summary-template\/\">Mod\u00e8le de r\u00e9sum\u00e9 \u00e9pid\u00e9miologique<\/a><\/li>\n<li><a href=\"https:\/\/outilspoureclosions.ca\/tools\/outbreak-debrief-template\/\">Bilan et examen r\u00e9trospectifs de l\u2019\u00e9closion<\/a><\/li>\n<li><a href=\"https:\/\/outilspoureclosions.ca\/tools\/public-health-conferences\/\">Liste des conf\u00e9rences de la sant\u00e9 publique<\/a><\/li>\n<li><a href=\"https:\/\/outilspoureclosions.ca\/tools\/sources-of-public-health-intelligence\/#journals\">Sources de renseignements relevant de la sant\u00e9 publique \u2013 revues de sant\u00e9 publique<\/a><\/li>\n<\/ul>\n<p><strong>Lectures connexes\u00a0:<\/strong><\/p>\n<ul>\n<li><a href=\"https:\/\/outilspoureclosions.ca\/background\/laboratory-methods-and-surveillance\/\">Surveillance et m\u00e9thodes de laboratoire<\/a><\/li>\n<li><a href=\"https:\/\/outilspoureclosions.ca\/background\/public-health-partners\/\">Partenaires de la sant\u00e9 publique<\/a><\/li>\n<li><a href=\"https:\/\/outilspoureclosions.ca\/background\/post-outbreak\/\">Apr\u00e8s une \u00e9closion<\/a><\/li>\n<li><a href=\"https:\/\/outilspoureclosions.ca\/background\/case-definitions\/\">D\u00e9finitions de cas<\/a><\/li>\n<li><a href=\"https:\/\/outilspoureclosions.ca\/background\/communication-and-coordination\/\">Communication et coordination<\/a><\/li>\n<li><a href=\"https:\/\/outilspoureclosions.ca\/background\/epidemiological-summaries\/\">R\u00e9sum\u00e9s \u00e9pid\u00e9miologiques<\/a><\/li>\n<li><a href=\"https:\/\/outilspoureclosions.ca\/background\/hypothesis-generation\/\">G\u00e9n\u00e9ration d\u2019hypoth\u00e8ses<\/a><\/li>\n<li><a href=\"https:\/\/outilspoureclosions.ca\/background\/outbreak-investigation\/\">Enqu\u00eate sur une \u00e9closion<\/a><\/li>\n<\/ul>\n<p><a href=\"https:\/\/outilspoureclosions.ca\/case-study-overview\/module-4-concluding-the-investigation-2\/knowledge-translation\/\">< Retour<\/a> <a href=\"https:\/\/outilspoureclosions.ca\/case-study-overview\/case-study-conclusion-2\/\">Suivant ><\/a><\/p>\n","protected":false},"excerpt":{"rendered":"<p>F\u00e9licitations, vous avez termin\u00e9 le module\u00a04! Pour une conclusion g\u00e9n\u00e9rale sur l\u2019\u00e9tude de cas compl\u00e8te, cliquez ici. Objectifs d\u2019apprentissage\u00a0: D\u00e9crire le but et le processus de d\u00e9claration de la fin d\u2019une \u00e9closion; Comprendre les diff\u00e9rentes fa\u00e7ons de documenter les \u00e9closions; \u00c9num\u00e9rer les types d\u2019activit\u00e9s d\u2019application des connaissances qui peuvent \u00eatre men\u00e9es pendant et apr\u00e8s une [&hellip;]<\/p>\n","protected":false},"author":33,"featured_media":0,"parent":4133,"menu_order":0,"comment_status":"closed","ping_status":"closed","template":"","meta":{"footnotes":""},"class_list":["post-4154","page","type-page","status-publish","hentry"],"_links":{"self":[{"href":"https:\/\/outbreaktools.ca\/fr\/wp-json\/wp\/v2\/pages\/4154","targetHints":{"allow":["GET"]}}],"collection":[{"href":"https:\/\/outbreaktools.ca\/fr\/wp-json\/wp\/v2\/pages"}],"about":[{"href":"https:\/\/outbreaktools.ca\/fr\/wp-json\/wp\/v2\/types\/page"}],"author":[{"embeddable":true,"href":"https:\/\/outbreaktools.ca\/fr\/wp-json\/wp\/v2\/users\/33"}],"replies":[{"embeddable":true,"href":"https:\/\/outbreaktools.ca\/fr\/wp-json\/wp\/v2\/comments?post=4154"}],"version-history":[{"count":13,"href":"https:\/\/outbreaktools.ca\/fr\/wp-json\/wp\/v2\/pages\/4154\/revisions"}],"predecessor-version":[{"id":5873,"href":"https:\/\/outbreaktools.ca\/fr\/wp-json\/wp\/v2\/pages\/4154\/revisions\/5873"}],"up":[{"embeddable":true,"href":"https:\/\/outbreaktools.ca\/fr\/wp-json\/wp\/v2\/pages\/4133"}],"wp:attachment":[{"href":"https:\/\/outbreaktools.ca\/fr\/wp-json\/wp\/v2\/media?parent=4154"}],"curies":[{"name":"wp","href":"https:\/\/api.w.org\/{rel}","templated":true}]}}