{"id":4168,"date":"2021-07-08T11:47:50","date_gmt":"2021-07-08T15:47:50","guid":{"rendered":"https:\/\/outbreaktools.ca\/?page_id=4168"},"modified":"2025-01-31T17:59:35","modified_gmt":"2025-01-31T21:59:35","slug":"exercise-1","status":"publish","type":"page","link":"https:\/\/outbreaktools.ca\/fr\/case-study-overview\/module-2-hypothesis-generation-2\/exercise-1\/","title":{"rendered":"Exercice 1 : R\u00e9alisation d\u2019une entrevue avec un cas pour formuler des hypoth\u00e8ses"},"content":{"rendered":"<p>De bonnes techniques d\u2019entrevue sont essentielles pour recueillir des renseignements de grande qualit\u00e9 sur l\u2019exposition. La meilleure fa\u00e7on de perfectionner votre propre style d\u2019entrevue est de vous exercer, encore et encore!<\/p>\n<p><strong>Instructions<\/strong><\/p>\n<ol>\n<li>Familiarisez-vous avec le questionnaire g\u00e9n\u00e9rateur d\u2019hypoth\u00e8ses (<a href=\"https:\/\/outilspoureclosions.ca\/tools\/toolkit-questionnaire-repository\/salmonella-hypothesis-generating-questionnaire\/\">Module\u00a02 \u2013 Questionnaire g\u00e9n\u00e9rateur d\u2019hypoth\u00e8ses<\/a>) en lisant le questionnaire au complet au moins une fois et en r\u00e9fl\u00e9chissant \u00e0 la fa\u00e7on dont vous ferez la transition d\u2019une section \u00e0 l\u2019autre.<\/li>\n<li>Passez en revue au pr\u00e9alable <a href=\"https:\/\/outilspoureclosions.ca\/background\/case-interviewing\/\">l\u2019entrevue avec les cas<\/a>.<\/li>\n<li>Pensez \u00e0 une phrase d\u2019introduction et de conclusion pour l\u2019entrevue. Des exemples de sc\u00e9narios sont disponibles <a href=\"https:\/\/outilspoureclosions.ca\/tools\/interview-script-examples\/\">ici<\/a>.<\/li>\n<li>Pr\u00e9voyez au moins 45 minutes pour l\u2019entrevue et de 5 \u00e0 10 minutes pour faire un compte rendu avec votre \u00ab\u00a0cas\u00a0\u00bb.<\/li>\n<li>Trouvez un ami ou un coll\u00e8gue qui est dispos\u00e9 \u00e0 r\u00e9pondre \u00e0 votre questionnaire au t\u00e9l\u00e9phone, c.\u2011\u00e0\u2011d. qui est pr\u00eat \u00e0 assumer le r\u00f4le de votre \u00ab\u00a0cas\u00a0\u00bb. Votre r\u00e9pondant peut choisir de r\u00e9pondre honn\u00eatement \u00e0 vos questions ou de jouer un r\u00f4le. De plus, vous pouvez d\u00e9cider si vous allez demander \u00e0 votre r\u00e9pondant (\u00ab\u00a0cas\u00a0\u00bb) de lui parler de ses expositions (p. ex. anamn\u00e8se alimentaire) au cours des sept jours pr\u00e9c\u00e9dant l\u2019entrevue ou si vous allez compliquer l\u2019entrevue en lui demandant de se souvenir de ses expositions depuis les trois semaines pr\u00e9c\u00e9dant l\u2019entrevue. Cette derni\u00e8re option repr\u00e9sente en fait une p\u00e9riode plus r\u00e9aliste en sant\u00e9 publique (la p\u00e9riode entre l\u2019apparition des sympt\u00f4mes et l\u2019entrevue par un repr\u00e9sentant de la sant\u00e9 publique).<\/li>\n<li>Pendant l\u2019entrevue, exercez-vous \u00e0 remplir le questionnaire et \u00e0 prendre des notes au fur et \u00e0 mesure.<\/li>\n<li>Faites un compte rendu avec votre \u00ab\u00a0cas\u00a0\u00bb \u2013 demandez-lui ce qui a bien fonctionn\u00e9 et ce qui n\u2019a pas fonctionn\u00e9, les questions auxquelles il a eu des difficult\u00e9s \u00e0 r\u00e9pondre et s\u2019il a une r\u00e9troaction constructive qui peut vous aider \u00e0 am\u00e9liorer votre style d\u2019entrevue \u00e0 l\u2019avenir.<\/li>\n<\/ol>\n<p><strong>Cet exercice devrait prendre de 60 \u00e0 90 minutes.<\/strong><\/p>\n<p><a href=\"https:\/\/outilspoureclosions.ca\/case-study-overview\/module-2-hypothesis-generation-2\/hypothesis-generating-questionnaires\/\">< Retour<\/a> <a href=\"https:\/\/outilspoureclosions.ca\/case-study-overview\/module-2-hypothesis-generation-2\/exercise-2\/\">Suivant ><\/a><\/p>\n","protected":false},"excerpt":{"rendered":"<p>De bonnes techniques d\u2019entrevue sont essentielles pour recueillir des renseignements de grande qualit\u00e9 sur l\u2019exposition. La meilleure fa\u00e7on de perfectionner votre propre style d\u2019entrevue est de vous exercer, encore et encore! Instructions Familiarisez-vous avec le questionnaire g\u00e9n\u00e9rateur d\u2019hypoth\u00e8ses (Module\u00a02 \u2013 Questionnaire g\u00e9n\u00e9rateur d\u2019hypoth\u00e8ses) en lisant le questionnaire au complet au moins une fois et en [&hellip;]<\/p>\n","protected":false},"author":33,"featured_media":0,"parent":4097,"menu_order":0,"comment_status":"closed","ping_status":"closed","template":"","meta":{"footnotes":""},"class_list":["post-4168","page","type-page","status-publish","hentry"],"_links":{"self":[{"href":"https:\/\/outbreaktools.ca\/fr\/wp-json\/wp\/v2\/pages\/4168","targetHints":{"allow":["GET"]}}],"collection":[{"href":"https:\/\/outbreaktools.ca\/fr\/wp-json\/wp\/v2\/pages"}],"about":[{"href":"https:\/\/outbreaktools.ca\/fr\/wp-json\/wp\/v2\/types\/page"}],"author":[{"embeddable":true,"href":"https:\/\/outbreaktools.ca\/fr\/wp-json\/wp\/v2\/users\/33"}],"replies":[{"embeddable":true,"href":"https:\/\/outbreaktools.ca\/fr\/wp-json\/wp\/v2\/comments?post=4168"}],"version-history":[{"count":13,"href":"https:\/\/outbreaktools.ca\/fr\/wp-json\/wp\/v2\/pages\/4168\/revisions"}],"predecessor-version":[{"id":5834,"href":"https:\/\/outbreaktools.ca\/fr\/wp-json\/wp\/v2\/pages\/4168\/revisions\/5834"}],"up":[{"embeddable":true,"href":"https:\/\/outbreaktools.ca\/fr\/wp-json\/wp\/v2\/pages\/4097"}],"wp:attachment":[{"href":"https:\/\/outbreaktools.ca\/fr\/wp-json\/wp\/v2\/media?parent=4168"}],"curies":[{"name":"wp","href":"https:\/\/api.w.org\/{rel}","templated":true}]}}