{"id":4174,"date":"2021-07-08T11:49:47","date_gmt":"2021-07-08T15:49:47","guid":{"rendered":"https:\/\/outbreaktools.ca\/?page_id=4174"},"modified":"2025-02-03T10:57:12","modified_gmt":"2025-02-03T14:57:12","slug":"exercise-3","status":"publish","type":"page","link":"https:\/\/outbreaktools.ca\/fr\/case-study-overview\/module-2-hypothesis-generation-2\/exercise-3\/","title":{"rendered":"Exercice 3 : R\u00e9sum\u00e9 \u00e9pid\u00e9miologique mis \u00e0 jour"},"content":{"rendered":"<p>Le r\u00e9sum\u00e9 \u00e9pid\u00e9miologique doit \u00eatre mis \u00e0 jour avec les renseignements suppl\u00e9mentaires sur les cas et les r\u00e9sultats de l\u2019analyse des fr\u00e9quences de consommation. Ce r\u00e9sum\u00e9 \u00e9pid\u00e9miologique doit \u00eatre communiqu\u00e9 aux partenaires d\u2019enqu\u00eate avant la prochaine t\u00e9l\u00e9conf\u00e9rence du CCEE pr\u00e9vue le 1<sup>er<\/sup> juin\u00a02020.<\/p>\n<p><strong>Lecture pr\u00e9alable<\/strong><\/p>\n<ul>\n<li><a href=\"https:\/\/outilspoureclosions.ca\/background\/descriptive-epidemiology\/\">\u00c9pid\u00e9miologie descriptive<\/a><\/li>\n<li><a href=\"https:\/\/outilspoureclosions.ca\/background\/epidemiological-summaries\/\">R\u00e9sum\u00e9s \u00e9pid\u00e9miologiques<\/a><\/li>\n<\/ul>\n<p><strong>Instructions<\/strong><\/p>\n<p>Objectif\u00a0: R\u00e9capitulez l\u2019information disponible pour l\u2019enqu\u00eate dans un r\u00e9sum\u00e9 \u00e9pid\u00e9miologique.<\/p>\n<ol>\n<li>T\u00e9l\u00e9chargez la liste des cas actualis\u00e9e (<a href=\"https:\/\/outilspoureclosions.ca\/case-study\/module-2-hypothesis-generation\/module-2-line-list-2\/\">Module\u00a02 \u2013 Liste des cas<\/a>).<\/li>\n<li>\u00c0 partir de l\u2019information figurant dans la liste des cas, ainsi que de l\u2019information provenant des provinces et de l\u2019ACIA, cr\u00e9ez un r\u00e9sum\u00e9 \u00e9pid\u00e9miologique que vous communiquerez lors de la prochaine t\u00e9l\u00e9conf\u00e9rence du CCEE. Assurez-vous d\u2019inclure un r\u00e9sum\u00e9 de l\u2019\u00e9pid\u00e9miologie descriptive, une <a href=\"https:\/\/outilspoureclosions.ca\/background\/epidemic-curves\/\">courbe \u00e9pid\u00e9mique<\/a>, un r\u00e9sum\u00e9 des expositions pr\u00e9sentant un int\u00e9r\u00eat et les activit\u00e9s de l\u2019enqu\u00eate sur la salubrit\u00e9 des aliments effectu\u00e9es jusqu\u2019\u00e0 pr\u00e9sent.<\/li>\n<\/ol>\n<ul>\n<li>Un moyen facile d\u2019effectuer des analyses descriptives est d\u2019utiliser les tableaux crois\u00e9s dynamiques. Consultez cet <a href=\"https:\/\/outilspoureclosions.ca\/tools\/pivot-tables-and-epidemic-curve-exercise\/\">exercice sur les tableaux crois\u00e9s dynamiques<\/a> pour en savoir plus.<\/li>\n<li>L\u2019<a href=\"https:\/\/outilspoureclosions.ca\/tools\/documents\/epidemic-curve-exercise\/\">exercice sur les courbes \u00e9pid\u00e9miques<\/a> vous montrera comment \u00e9tablir une courbe \u00e9pid\u00e9mique dans laquelle chaque cas est repr\u00e9sent\u00e9 par une seule case \u00e0 l\u2019aide de cet <a href=\"https:\/\/outilspoureclosions.ca\/tools\/documents\/epidemic-curve-exercise\/epidemiologic-curve-exercise-dataset\/\">ensemble de donn\u00e9es<\/a>.<\/li>\n<\/ul>\n<input type='hidden' bg_collapse_expand='69e8fbbdd273e4001990306' value='69e8fbbdd273e4001990306'><input type='hidden' id='bg-show-more-text-69e8fbbdd273e4001990306' value='R\u00e9ponse '><input type='hidden' id='bg-show-less-text-69e8fbbdd273e4001990306' value='Montrer moins'><button id='bg-showmore-action-69e8fbbdd273e4001990306' class='bg-showmore-plg-button bg-blue-button bg-arrow '   style=\" color:#fffff;\">R\u00e9ponse <\/button><div id='bg-showmore-hidden-69e8fbbdd273e4001990306' >\n<ul>\n<li>Comparez votre r\u00e9sum\u00e9 \u00e9pid\u00e9miologique \u00e0 cet exemple (<a href=\"https:\/\/outilspoureclosions.ca\/case-study\/module-2-hypothesis-generation\/module-2-epi-summary-2\/\">Module\u00a02 \u2013 R\u00e9sum\u00e9 \u00e9pid\u00e9miologique<\/a>). <\/div><\/li>\n<\/ul>\n<p>OUTILS<\/p>\n<ul>\n<li><a href=\"https:\/\/outilspoureclosions.ca\/tools\/documents\/epi-summary-template\/\">Mod\u00e8le de r\u00e9sum\u00e9 \u00e9pid\u00e9miologique<\/a><\/li>\n<li><a href=\"https:\/\/outilspoureclosions.ca\/tools\/pivot-tables-and-epidemic-curve-exercise\/\">Exercice sur les tableaux crois\u00e9s dynamiques<\/a><\/li>\n<li><a href=\"https:\/\/outilspoureclosions.ca\/tools\/documents\/epidemic-curve-exercise\/\">Exercice sur les courbes \u00e9pid\u00e9miques<\/a><\/li>\n<li><a href=\"https:\/\/outilspoureclosions.ca\/tools\/documents\/epidemic-curve-exercise\/epidemiologic-curve-exercise-dataset\/\">Exercice sur les courbes \u00e9pid\u00e9miques \u2013 Ensemble de donn\u00e9es<\/a><\/li>\n<\/ul>\n<p><a href=\"https:\/\/outilspoureclosions.ca\/case-study-overview\/module-2-hypothesis-generation-2\/interpretation-of-hypothesis-generation-results\/\">< Retour<\/a> <a href=\"https:\/\/outilspoureclosions.ca\/case-study-overview\/module-2-hypothesis-generation-2\/module-2-conclusion\/\">Suivant ><\/a><\/p>\n","protected":false},"excerpt":{"rendered":"<p>Le r\u00e9sum\u00e9 \u00e9pid\u00e9miologique doit \u00eatre mis \u00e0 jour avec les renseignements suppl\u00e9mentaires sur les cas et les r\u00e9sultats de l\u2019analyse des fr\u00e9quences de consommation. Ce r\u00e9sum\u00e9 \u00e9pid\u00e9miologique doit \u00eatre communiqu\u00e9 aux partenaires d\u2019enqu\u00eate avant la prochaine t\u00e9l\u00e9conf\u00e9rence du CCEE pr\u00e9vue le 1er juin\u00a02020. Lecture pr\u00e9alable \u00c9pid\u00e9miologie descriptive R\u00e9sum\u00e9s \u00e9pid\u00e9miologiques Instructions Objectif\u00a0: R\u00e9capitulez l\u2019information disponible pour [&hellip;]<\/p>\n","protected":false},"author":33,"featured_media":0,"parent":4097,"menu_order":0,"comment_status":"closed","ping_status":"closed","template":"","meta":{"footnotes":""},"class_list":["post-4174","page","type-page","status-publish","hentry"],"_links":{"self":[{"href":"https:\/\/outbreaktools.ca\/fr\/wp-json\/wp\/v2\/pages\/4174","targetHints":{"allow":["GET"]}}],"collection":[{"href":"https:\/\/outbreaktools.ca\/fr\/wp-json\/wp\/v2\/pages"}],"about":[{"href":"https:\/\/outbreaktools.ca\/fr\/wp-json\/wp\/v2\/types\/page"}],"author":[{"embeddable":true,"href":"https:\/\/outbreaktools.ca\/fr\/wp-json\/wp\/v2\/users\/33"}],"replies":[{"embeddable":true,"href":"https:\/\/outbreaktools.ca\/fr\/wp-json\/wp\/v2\/comments?post=4174"}],"version-history":[{"count":12,"href":"https:\/\/outbreaktools.ca\/fr\/wp-json\/wp\/v2\/pages\/4174\/revisions"}],"predecessor-version":[{"id":5836,"href":"https:\/\/outbreaktools.ca\/fr\/wp-json\/wp\/v2\/pages\/4174\/revisions\/5836"}],"up":[{"embeddable":true,"href":"https:\/\/outbreaktools.ca\/fr\/wp-json\/wp\/v2\/pages\/4097"}],"wp:attachment":[{"href":"https:\/\/outbreaktools.ca\/fr\/wp-json\/wp\/v2\/media?parent=4174"}],"curies":[{"name":"wp","href":"https:\/\/api.w.org\/{rel}","templated":true}]}}