{"id":4176,"date":"2021-07-08T11:51:22","date_gmt":"2021-07-08T15:51:22","guid":{"rendered":"https:\/\/outbreaktools.ca\/?page_id=4176"},"modified":"2025-02-03T11:05:25","modified_gmt":"2025-02-03T15:05:25","slug":"module-2-conclusion","status":"publish","type":"page","link":"https:\/\/outbreaktools.ca\/fr\/case-study-overview\/module-2-hypothesis-generation-2\/module-2-conclusion\/","title":{"rendered":"Conclusion"},"content":{"rendered":"<p><strong>F\u00e9licitations, vous avez termin\u00e9 le module\u00a02!<\/strong><\/p>\n<p><strong>Objectifs d\u2019apprentissage\u00a0:<\/strong><\/p>\n<ul>\n<li>Cr\u00e9er des d\u00e9finitions de cas pour une enqu\u00eate sur une \u00e9closion;<\/li>\n<\/ul>\n<ul>\n<li>D\u00e9crire le but et le processus global d\u2019une enqu\u00eate sur la salubrit\u00e9 des aliments;<\/li>\n<li>Indiquer le type d\u2019information \u00e0 inclure dans une alerte de sant\u00e9 publique;<\/li>\n<li>D\u00e9crire les m\u00e9thodes courantes pour formuler des hypoth\u00e8ses;<\/li>\n<li>\u00c9num\u00e9rer les types de renseignements recueillis dans les questionnaires g\u00e9n\u00e9rateurs d\u2019hypoth\u00e8ses;<\/li>\n<li>Interroger les cas au moyen d\u2019un questionnaire g\u00e9n\u00e9rateur d\u2019hypoth\u00e8ses et de techniques d\u2019entrevue appropri\u00e9es;<\/li>\n<li>Comprendre comment les tendances de consommation publi\u00e9es peuvent \u00eatre utilis\u00e9es pour guider la formulation d\u2019hypoth\u00e8ses;<\/li>\n<li>Analyser les donn\u00e9es extraites de questionnaires g\u00e9n\u00e9rateurs d\u2019hypoth\u00e8ses en les comparant aux tendances de consommation pr\u00e9vues;<\/li>\n<li>Effectuer des analyses descriptives et r\u00e9sumer les informations pertinentes disponibles dans un r\u00e9sum\u00e9 \u00e9pid\u00e9miologique.<\/li>\n<\/ul>\n<p><strong>Outils connexes\u00a0:<\/strong><\/p>\n<ul>\n<li><a href=\"https:\/\/outilspoureclosions.ca\/tools\/case-definitions-example-table\/\">Tableau d\u2019exemples de d\u00e9finitions de cas<\/a><\/li>\n<li><a href=\"https:\/\/outilspoureclosions.ca\/tools\/public-health-alert-template\/\">Mod\u00e8le d\u2019alerte de sant\u00e9 publique<\/a><\/li>\n<li><a href=\"https:\/\/outilspoureclosions.ca\/tools\/sources-of-public-health-intelligence\/\">Sources de renseignements relevant de la sant\u00e9 publique<\/a><\/li>\n<li><a href=\"https:\/\/outilspoureclosions.ca\/tools\/#hypothesis\">Outils pour la g\u00e9n\u00e9ration d\u2019hypoth\u00e8ses<\/a><\/li>\n<li><a href=\"https:\/\/outilspoureclosions.ca\/tools\/toolkit-questionnaire-repository\/\">R\u00e9pertoire de questionnaires d\u2019enqu\u00eate en cas d\u2019\u00e9closion d\u2019une maladie ent\u00e9rique<\/a><\/li>\n<li><a href=\"https:\/\/outilspoureclosions.ca\/tools\/interview-script-examples\/\">Exemples de sc\u00e9narios d\u2019entrevues<\/a><\/li>\n<li><a href=\"https:\/\/outilspoureclosions.ca\/tools\/binomial-probability-calculation-tool-for-food-exposures\/\">Outil de calcul de la probabilit\u00e9 binomiale de l\u2019exposition aux aliments<\/a><\/li>\n<li><a href=\"https:\/\/outilspoureclosions.ca\/tools\/pivot-tables-and-epidemic-curve-exercise\/\">Exercice sur les tableaux crois\u00e9s dynamiques<\/a><\/li>\n<li><a href=\"https:\/\/outilspoureclosions.ca\/tools\/documents\/epidemic-curve-exercise\/\">Exercice sur les courbes \u00e9pid\u00e9miques<\/a><\/li>\n<li><a href=\"https:\/\/outilspoureclosions.ca\/tools\/documents\/epidemic-curve-exercise\/epidemiologic-curve-exercise-dataset\/\">Exercice sur les courbes \u00e9pid\u00e9miques \u2013 Ensemble de donn\u00e9es<\/a><\/li>\n<li><a href=\"https:\/\/outilspoureclosions.ca\/tools\/documents\/epi-summary-template\/\">Mod\u00e8le de r\u00e9sum\u00e9 \u00e9pid\u00e9miologique<\/a><\/li>\n<\/ul>\n<p><strong>Lectures connexes\u00a0:<\/strong><\/p>\n<ul>\n<li><a href=\"https:\/\/outilspoureclosions.ca\/background\/communication-and-coordination\/\">Communication et coordination<\/a><\/li>\n<li><a href=\"https:\/\/outilspoureclosions.ca\/background\/public-health-partners\/\">Partenaires de la sant\u00e9 publique<\/a><\/li>\n<li><a href=\"https:\/\/outilspoureclosions.ca\/background\/weight-of-evidence\/\">Poids de la preuve<\/a><\/li>\n<li><a href=\"https:\/\/outilspoureclosions.ca\/background\/case-finding\/\">Recherche de cas<\/a><\/li>\n<li><a href=\"https:\/\/outilspoureclosions.ca\/background\/laboratory-methods-and-surveillance\/\">Surveillance et m\u00e9thodes de laboratoire<\/a><\/li>\n<li><a href=\"https:\/\/outilspoureclosions.ca\/background\/case-definitions\/\">D\u00e9finitions de cas<\/a><\/li>\n<li><a href=\"https:\/\/outilspoureclosions.ca\/background\/analytic-studies\/\">\u00c9tudes analytiques<\/a><\/li>\n<li><a href=\"https:\/\/outilspoureclosions.ca\/background\/questionnaire-design\/\">Conception de questionnaire<\/a><\/li>\n<li><a href=\"https:\/\/outilspoureclosions.ca\/background\/case-interviewing\/\">Entrevue avec les cas<\/a><\/li>\n<li><a href=\"https:\/\/outilspoureclosions.ca\/background\/data-management\/\">Gestion des donn\u00e9es<\/a><\/li>\n<li><a href=\"https:\/\/outilspoureclosions.ca\/background\/hypothesis-generation\/\">G\u00e9n\u00e9ration d\u2019hypoth\u00e8ses<\/a><\/li>\n<li><a href=\"https:\/\/outilspoureclosions.ca\/background\/descriptive-epidemiology\/\">\u00c9pid\u00e9miologie descriptive<\/a><\/li>\n<li><a href=\"https:\/\/outilspoureclosions.ca\/background\/epidemiological-summaries\/\">R\u00e9sum\u00e9s \u00e9pid\u00e9miologiques<\/a><\/li>\n<li><a href=\"https:\/\/outilspoureclosions.ca\/background\/epidemic-curves\/\">Courbes \u00e9pid\u00e9miques<\/a><\/li>\n<\/ul>\n<p><a href=\"https:\/\/outilspoureclosions.ca\/case-study-overview\/module-2-hypothesis-generation-2\/exercise-3\/\">< Retour<\/a><a href=\"https:\/\/outilspoureclosions.ca\/case-study-overview\/module-3-weight-of-evidence-2\/\"> Suivant ><\/a><\/p>\n","protected":false},"excerpt":{"rendered":"<p>F\u00e9licitations, vous avez termin\u00e9 le module\u00a02! Objectifs d\u2019apprentissage\u00a0: Cr\u00e9er des d\u00e9finitions de cas pour une enqu\u00eate sur une \u00e9closion; D\u00e9crire le but et le processus global d\u2019une enqu\u00eate sur la salubrit\u00e9 des aliments; Indiquer le type d\u2019information \u00e0 inclure dans une alerte de sant\u00e9 publique; D\u00e9crire les m\u00e9thodes courantes pour formuler des hypoth\u00e8ses; \u00c9num\u00e9rer les [&hellip;]<\/p>\n","protected":false},"author":33,"featured_media":0,"parent":4097,"menu_order":0,"comment_status":"closed","ping_status":"closed","template":"","meta":{"footnotes":""},"class_list":["post-4176","page","type-page","status-publish","hentry"],"_links":{"self":[{"href":"https:\/\/outbreaktools.ca\/fr\/wp-json\/wp\/v2\/pages\/4176","targetHints":{"allow":["GET"]}}],"collection":[{"href":"https:\/\/outbreaktools.ca\/fr\/wp-json\/wp\/v2\/pages"}],"about":[{"href":"https:\/\/outbreaktools.ca\/fr\/wp-json\/wp\/v2\/types\/page"}],"author":[{"embeddable":true,"href":"https:\/\/outbreaktools.ca\/fr\/wp-json\/wp\/v2\/users\/33"}],"replies":[{"embeddable":true,"href":"https:\/\/outbreaktools.ca\/fr\/wp-json\/wp\/v2\/comments?post=4176"}],"version-history":[{"count":15,"href":"https:\/\/outbreaktools.ca\/fr\/wp-json\/wp\/v2\/pages\/4176\/revisions"}],"predecessor-version":[{"id":5842,"href":"https:\/\/outbreaktools.ca\/fr\/wp-json\/wp\/v2\/pages\/4176\/revisions\/5842"}],"up":[{"embeddable":true,"href":"https:\/\/outbreaktools.ca\/fr\/wp-json\/wp\/v2\/pages\/4097"}],"wp:attachment":[{"href":"https:\/\/outbreaktools.ca\/fr\/wp-json\/wp\/v2\/media?parent=4176"}],"curies":[{"name":"wp","href":"https:\/\/api.w.org\/{rel}","templated":true}]}}