{"id":4223,"date":"2021-07-07T14:54:41","date_gmt":"2021-07-07T18:54:41","guid":{"rendered":"https:\/\/outbreaktools.ca\/?page_id=4223"},"modified":"2025-02-26T18:01:23","modified_gmt":"2025-02-26T22:01:23","slug":"epi-summaries","status":"publish","type":"page","link":"https:\/\/outbreaktools.ca\/fr\/case-study-overview\/module-1-cluster-detection-and-initial-investigation-2\/epi-summaries\/","title":{"rendered":"R\u00e9sum\u00e9 \u00e9pid\u00e9miologique"},"content":{"rendered":"<p>Veuillez passer en revue le r\u00e9sum\u00e9 \u00e9pid\u00e9miologique pour la t\u00e9l\u00e9conf\u00e9rence d\u2019\u00e9valuation du CCEE qui aura lieu lundi (<a href=\"https:\/\/outilspoureclosions.ca\/case-study-overview\/module-1-cluster-detection-and-initial-investigation-2\/epi-summaries\/module-1-epi-summary-2\/\">Module\u00a01 \u2013 R\u00e9sum\u00e9 \u00e9pid\u00e9miologique<\/a>). La <a href=\"https:\/\/outilspoureclosions.ca\/background\/epidemic-curves\/\">courbe \u00e9pid\u00e9mique<\/a>\u00a0de l\u2019\u00e9closion est pr\u00e9sent\u00e9e ci-dessous.<\/p>\n<p>Vous aurez l\u2019occasion de vous exercer \u00e0 pr\u00e9parer un r\u00e9sum\u00e9 \u00e9pid\u00e9miologique et une courbe \u00e9pid\u00e9mique dans le <a href=\"https:\/\/outilspoureclosions.ca\/case-study\/module-2-hypothesis-generation\/\">module\u00a02\u00a0<\/a>de l\u2019\u00e9tude de cas.<\/p>\n<p><a href=\"https:\/\/outbreaktools.ca\/wp-content\/uploads\/2021\/09\/Epr-curve-FR.png\"><img loading=\"lazy\" decoding=\"async\" class=\"alignnone  wp-image-4690\" src=\"https:\/\/outbreaktools.ca\/wp-content\/uploads\/2021\/09\/Epr-curve-FR.png\" alt=\"\" width=\"600\" height=\"369\" srcset=\"https:\/\/outbreaktools.ca\/wp-content\/uploads\/2021\/09\/Epr-curve-FR.png 665w, https:\/\/outbreaktools.ca\/wp-content\/uploads\/2021\/09\/Epr-curve-FR-300x185.png 300w\" sizes=\"auto, (max-width: 600px) 100vw, 600px\" \/><\/a><\/p>\n<p>\u00c9quivalent textuel\u00a0:<\/p>\n<p>Tableau\u00a01. Nombre de cas confirm\u00e9s d\u2019infection par la souche de <em>S<\/em>.\u00a0Newport de l\u2019\u00e9closion selon le jour de l\u2019apparition des sympt\u00f4mes<\/p>\n<table style=\"width: 71.6365%;\">\n<tbody>\n<tr>\n<td style=\"width: 57.59%;\" width=\"312\">\n<p>Date de l\u2019apparition des sympt\u00f4mes (par jour)<\/p>\n<\/td>\n<td style=\"width: 76.3229%;\" width=\"312\">\n<p>Nombre de cas<\/p>\n<\/td>\n<\/tr>\n<tr>\n<td style=\"width: 57.59%;\" width=\"312\">\n<p>22 avril\u00a02020<\/p>\n<\/td>\n<td style=\"width: 76.3229%;\" width=\"312\">\n<p>2 (Ontario)<\/p>\n<\/td>\n<\/tr>\n<tr>\n<td style=\"width: 57.59%;\" width=\"312\">\n<p>23 avril\u00a02020<\/p>\n<\/td>\n<td style=\"width: 76.3229%;\" width=\"312\">\n<p>1 (Ontario)<\/p>\n<\/td>\n<\/tr>\n<tr>\n<td style=\"width: 57.59%;\" width=\"312\">\n<p>24 avril\u00a02020<\/p>\n<\/td>\n<td style=\"width: 76.3229%;\" width=\"312\">\n<p>0<\/p>\n<\/td>\n<\/tr>\n<tr>\n<td style=\"width: 57.59%;\" width=\"312\">\n<p>25 avril\u00a02020<\/p>\n<\/td>\n<td style=\"width: 76.3229%;\" width=\"312\">\n<p>2 (Ontario)<\/p>\n<\/td>\n<\/tr>\n<tr>\n<td style=\"width: 57.59%;\" width=\"312\">\n<p>26 avril\u00a02020<\/p>\n<\/td>\n<td style=\"width: 76.3229%;\" width=\"312\">\n<p>0<\/p>\n<\/td>\n<\/tr>\n<tr>\n<td style=\"width: 57.59%;\" width=\"312\">\n<p>27 avril\u00a02020<\/p>\n<\/td>\n<td style=\"width: 76.3229%;\" width=\"312\">\n<p>0<\/p>\n<\/td>\n<\/tr>\n<tr>\n<td style=\"width: 57.59%;\" width=\"312\">\n<p>28 avril\u00a02020<\/p>\n<\/td>\n<td style=\"width: 76.3229%;\" width=\"312\">\n<p>1 (Colombie-Britannique)<\/p>\n<\/td>\n<\/tr>\n<tr>\n<td style=\"width: 57.59%;\" width=\"312\">\n<p>29 avril\u00a02020<\/p>\n<\/td>\n<td style=\"width: 76.3229%;\" width=\"312\">\n<p>0<\/p>\n<\/td>\n<\/tr>\n<tr>\n<td style=\"width: 57.59%;\" width=\"312\">\n<p>30 avril\u00a02020<\/p>\n<\/td>\n<td style=\"width: 76.3229%;\" width=\"312\">\n<p>1 (Alberta)<\/p>\n<\/td>\n<\/tr>\n<tr>\n<td style=\"width: 57.59%;\" width=\"312\">\n<p>1<sup>er<\/sup> mai\u00a02020<\/p>\n<\/td>\n<td style=\"width: 76.3229%;\" width=\"312\">\n<p>2 (1 en Ontario, 1 en Colombie-Britannique)<\/p>\n<\/td>\n<\/tr>\n<\/tbody>\n<\/table>\n<p><a href=\"https:\/\/outilspoureclosions.ca\/case-study-overview\/module-1-cluster-detection-and-initial-investigation-2\/descriptive-epidemiology\/\">< Retour<\/a> <a href=\"https:\/\/outilspoureclosions.ca\/case-study-overview\/module-1-cluster-detection-and-initial-investigation-2\/module-1-conclusion\/\">Suivant ><\/a><\/p>\n","protected":false},"excerpt":{"rendered":"<p>Veuillez passer en revue le r\u00e9sum\u00e9 \u00e9pid\u00e9miologique pour la t\u00e9l\u00e9conf\u00e9rence d\u2019\u00e9valuation du CCEE qui aura lieu lundi (Module\u00a01 \u2013 R\u00e9sum\u00e9 \u00e9pid\u00e9miologique). La courbe \u00e9pid\u00e9mique\u00a0de l\u2019\u00e9closion est pr\u00e9sent\u00e9e ci-dessous. Vous aurez l\u2019occasion de vous exercer \u00e0 pr\u00e9parer un r\u00e9sum\u00e9 \u00e9pid\u00e9miologique et une courbe \u00e9pid\u00e9mique dans le module\u00a02\u00a0de l\u2019\u00e9tude de cas. \u00c9quivalent textuel\u00a0: Tableau\u00a01. Nombre de cas [&hellip;]<\/p>\n","protected":false},"author":33,"featured_media":0,"parent":4075,"menu_order":0,"comment_status":"closed","ping_status":"closed","template":"","meta":{"footnotes":""},"class_list":["post-4223","page","type-page","status-publish","hentry"],"_links":{"self":[{"href":"https:\/\/outbreaktools.ca\/fr\/wp-json\/wp\/v2\/pages\/4223","targetHints":{"allow":["GET"]}}],"collection":[{"href":"https:\/\/outbreaktools.ca\/fr\/wp-json\/wp\/v2\/pages"}],"about":[{"href":"https:\/\/outbreaktools.ca\/fr\/wp-json\/wp\/v2\/types\/page"}],"author":[{"embeddable":true,"href":"https:\/\/outbreaktools.ca\/fr\/wp-json\/wp\/v2\/users\/33"}],"replies":[{"embeddable":true,"href":"https:\/\/outbreaktools.ca\/fr\/wp-json\/wp\/v2\/comments?post=4223"}],"version-history":[{"count":18,"href":"https:\/\/outbreaktools.ca\/fr\/wp-json\/wp\/v2\/pages\/4223\/revisions"}],"predecessor-version":[{"id":6129,"href":"https:\/\/outbreaktools.ca\/fr\/wp-json\/wp\/v2\/pages\/4223\/revisions\/6129"}],"up":[{"embeddable":true,"href":"https:\/\/outbreaktools.ca\/fr\/wp-json\/wp\/v2\/pages\/4075"}],"wp:attachment":[{"href":"https:\/\/outbreaktools.ca\/fr\/wp-json\/wp\/v2\/media?parent=4223"}],"curies":[{"name":"wp","href":"https:\/\/api.w.org\/{rel}","templated":true}]}}