{"id":4253,"date":"2021-07-08T13:43:38","date_gmt":"2021-07-08T17:43:38","guid":{"rendered":"https:\/\/outbreaktools.ca\/?page_id=4253"},"modified":"2025-02-03T11:17:55","modified_gmt":"2025-02-03T15:17:55","slug":"oicc-call-3","status":"publish","type":"page","link":"https:\/\/outbreaktools.ca\/fr\/case-study-overview\/module-3-weight-of-evidence-2\/oicc-call-3\/","title":{"rendered":"T\u00e9l\u00e9conf\u00e9rence no 3 du CCEE"},"content":{"rendered":"<p><strong>Jour\u00a028\u00a0: Jeudi 4 juin (n<\/strong><strong>\u00a0<\/strong><strong>=<\/strong><strong>\u00a0<\/strong><strong>16) <\/strong><\/p>\n<ul>\n<li>Deux nouveaux isolats ont \u00e9t\u00e9 ajout\u00e9s \u00e0 cette grappe (2005NEWWGS-1ON-MP) dans les rapports sommaires hebdomadaires du SGE de PulseNet Canada affich\u00e9s dans le R\u00e9seau des laboratoires de surveillance du Canada (RLSC). Le nombre de cas confirm\u00e9s s\u2019\u00e9l\u00e8ve maintenant \u00e0 seize.<\/li>\n<li>Vous fournissez un r\u00e9sum\u00e9 des r\u00e9sultats des questionnaires cibl\u00e9s aux membres du CCEE\u00a0:\n<ul>\n<li>Les graines de chia semblent \u00eatre l\u2019exposition la plus constante, les six cas r\u00e9interrog\u00e9s ayant d\u00e9clar\u00e9 en avoir consomm\u00e9.<\/li>\n<li>Les autres aliments suspects \u2013 bleuets, amandes, noix de Grenoble, graines de s\u00e9same et graines de lin \u2013 ont \u00e9t\u00e9 signal\u00e9s par trois cas ou moins.<\/li>\n<li>Deux cas en Colombie-Britannique (CB-15 et CB-16) ont d\u00e9clar\u00e9 avoir achet\u00e9 des graines de chia dans deux magasins diff\u00e9rents de la cha\u00eene Healthy Lifestyle Emporium. L\u2019un des cas (CB-15) se rappelle que les graines de chia achet\u00e9es \u00e9taient de la marque \u00ab\u00a0Smile\u00a0\u00bb et l\u2019autorit\u00e9 de sant\u00e9 publique locale s\u2019efforce de pr\u00e9lever un \u00e9chantillon \u00e0 partir du produit restant. Un autre cas de la Colombie-Britannique (CB-11) a \u00e9galement signal\u00e9 la consommation de graines de chia, mais ne se souvenait pas de la marque ou de l\u2019endroit o\u00f9 il les avait achet\u00e9es.<\/li>\n<li>Un cas en Ontario (ON-14) a \u00e9galement identifi\u00e9 des produits de la marque \u00ab\u00a0Smile\u00a0\u00bb, y compris des graines de citrouille, de lin et de chia. Un autre cas ontarien (ON-08) d\u00e9clare avoir achet\u00e9 des graines de chia dans une \u00e9picerie ind\u00e9pendante locale. L\u2019autorit\u00e9 sanitaire locale fait un suivi aupr\u00e8s de l\u2019\u00e9picerie pour d\u00e9terminer quelles marques de graines de chia y sont commercialis\u00e9es.<\/li>\n<li>Un cas albertain (AB-10) a d\u00e9clar\u00e9 avoir achet\u00e9 des graines et des noix de la marque \u00ab\u00a0Nature\u00a0&lsquo;s Planet\u00a0\u00bb. Ils ont achet\u00e9 des graines de chia, des amandes, des graines de lin et des c\u0153urs de chanvre de cette marque. Les enqu\u00eateurs de la sant\u00e9 publique locale essaient de pr\u00e9lever un \u00e9chantillon des graines de chia restantes.<\/li>\n<\/ul>\n<\/li>\n<\/ul>\n<ul>\n<li>L\u2019ACIA explique qu\u2019elle effectuera une enqu\u00eate de retra\u00e7age de l\u2019origine avec cette information pour voir s\u2019il y a un lien entre les marques mentionn\u00e9es et un fournisseur commun. Les enqu\u00eateurs demandent \u00e9galement \u00e0 toutes les provinces d\u2019envoyer des photos des produits \u00e0 base de graines de chia se trouvant au domicile des cas, dans la mesure du possible, qui montrent tous les d\u00e9tails (p. ex. nom exact du produit, code du lot\/date de p\u00e9remption) sur l\u2019emballage.<\/li>\n<\/ul>\n<p><a href=\"\/fr\/case-study-overview\/module-3-weight-of-evidence-2\/interpreting-focused-questionnaires\/\">< Retour<\/a> <a href=\"\/fr\/case-study-overview\/module-3-weight-of-evidence-2\/loyalty-cards\/\">Suivant ><\/a><\/p>\n","protected":false},"excerpt":{"rendered":"<p>Jour\u00a028\u00a0: Jeudi 4 juin (n\u00a0=\u00a016) Deux nouveaux isolats ont \u00e9t\u00e9 ajout\u00e9s \u00e0 cette grappe (2005NEWWGS-1ON-MP) dans les rapports sommaires hebdomadaires du SGE de PulseNet Canada affich\u00e9s dans le R\u00e9seau des laboratoires de surveillance du Canada (RLSC). Le nombre de cas confirm\u00e9s s\u2019\u00e9l\u00e8ve maintenant \u00e0 seize. Vous fournissez un r\u00e9sum\u00e9 des r\u00e9sultats des questionnaires cibl\u00e9s aux [&hellip;]<\/p>\n","protected":false},"author":33,"featured_media":0,"parent":4113,"menu_order":0,"comment_status":"closed","ping_status":"closed","template":"","meta":{"footnotes":""},"class_list":["post-4253","page","type-page","status-publish","hentry"],"_links":{"self":[{"href":"https:\/\/outbreaktools.ca\/fr\/wp-json\/wp\/v2\/pages\/4253","targetHints":{"allow":["GET"]}}],"collection":[{"href":"https:\/\/outbreaktools.ca\/fr\/wp-json\/wp\/v2\/pages"}],"about":[{"href":"https:\/\/outbreaktools.ca\/fr\/wp-json\/wp\/v2\/types\/page"}],"author":[{"embeddable":true,"href":"https:\/\/outbreaktools.ca\/fr\/wp-json\/wp\/v2\/users\/33"}],"replies":[{"embeddable":true,"href":"https:\/\/outbreaktools.ca\/fr\/wp-json\/wp\/v2\/comments?post=4253"}],"version-history":[{"count":9,"href":"https:\/\/outbreaktools.ca\/fr\/wp-json\/wp\/v2\/pages\/4253\/revisions"}],"predecessor-version":[{"id":5850,"href":"https:\/\/outbreaktools.ca\/fr\/wp-json\/wp\/v2\/pages\/4253\/revisions\/5850"}],"up":[{"embeddable":true,"href":"https:\/\/outbreaktools.ca\/fr\/wp-json\/wp\/v2\/pages\/4113"}],"wp:attachment":[{"href":"https:\/\/outbreaktools.ca\/fr\/wp-json\/wp\/v2\/media?parent=4253"}],"curies":[{"name":"wp","href":"https:\/\/api.w.org\/{rel}","templated":true}]}}