{"id":4293,"date":"2021-07-06T13:42:06","date_gmt":"2021-07-06T17:42:06","guid":{"rendered":"https:\/\/outbreaktools.ca\/?page_id=4293"},"modified":"2021-10-12T13:12:56","modified_gmt":"2021-10-12T17:12:56","slug":"module-1-line-list-2","status":"publish","type":"page","link":"https:\/\/outbreaktools.ca\/fr\/case-study-overview\/module-1-cluster-detection-and-initial-investigation-2\/line-lists\/module-1-line-list-2\/","title":{"rendered":"Module 1 Liste des cas"},"content":{"rendered":"<p><a href=\"https:\/\/outbreaktools.ca\/wp-content\/uploads\/2021\/09\/Line-list-FR.xlsx\">T\u00e9l\u00e9charger le format de rechange<\/a><br \/>\n(Format Excel, 10 Ko, 1 sheet)<\/p>\n<p><a href=\"https:\/\/outbreaktools.ca\/wp-content\/uploads\/2021\/09\/Module-1-Line-list-FR.docx\">T\u00e9l\u00e9charger le format de rechange- HTML<\/a><br \/>\n(Format Word, 15 Ko, 11 pages)<\/p>\n<table style=\"width: 90.3519%;\">\n<tbody>\n<tr>\n<td style=\"width: 7.34243%;\">\n<p><strong>N<sup>o<\/sup> d\u2019identification national<\/strong><\/p>\n<\/td>\n<td style=\"width: 3.18389%;\"><strong>P\/T<\/strong><\/td>\n<td style=\"width: 3.50877%;\"><strong>\u00c2ge<\/strong><\/td>\n<td style=\"width: 3.57375%;\"><strong>Sexe<\/strong><\/td>\n<td style=\"width: 9.29175%;\"><strong>Date du signalement \u00e0 la DGE<\/strong><\/td>\n<td style=\"width: 8.77193%;\"><strong>Date de l\u2019apparition des sympt\u00f4mes<\/strong><\/td>\n<td style=\"width: 7.08252%;\"><strong>Date de r\u00e9ception<\/strong><\/td>\n<td style=\"width: 9.16179%;\"><strong>Code de la grappe par SGE<\/strong><\/td>\n<td style=\"width: 8.51202%;\"><strong>Hospitalisation<\/strong><\/td>\n<td style=\"width: 4.22352%;\"><strong>D\u00e9c\u00e8s<\/strong><\/td>\n<td style=\"width: 3.89864%;\" width=\"57\">\n<p><strong>Poulet<\/strong><\/p>\n<\/td>\n<td style=\"width: 4.93827%;\" width=\"61\">\n<p><strong>D\u00e9tails sur le poulet<\/strong><\/p>\n<\/td>\n<td style=\"width: 5.80602%;\" width=\"62\">\n<p><strong>\u00c9pinards<\/strong><\/p>\n<\/td>\n<td style=\"width: 4.65532%;\" width=\"62\">\n<p><strong>D\u00e9tails sur les \u00e9pinards<\/strong><\/p>\n<\/td>\n<td style=\"width: 7.01754%;\" width=\"118\">\n<p><strong>Autres types d\u2019exposition<\/strong><\/p>\n<\/td>\n<td style=\"width: 6.95257%;\" width=\"90\">\n<p><strong>Remarques<\/strong><\/p>\n<\/td>\n<\/tr>\n<tr>\n<td style=\"width: 7.34243%;\">ON-01<\/td>\n<td style=\"width: 3.18389%;\">ON<\/td>\n<td style=\"width: 3.50877%;\">20<\/td>\n<td style=\"width: 3.57375%;\">F<\/td>\n<td style=\"width: 9.29175%;\">2020-05-14<\/td>\n<td style=\"width: 8.77193%;\">2020-04-22<\/td>\n<td style=\"width: 7.08252%;\">2020-04-28<\/td>\n<td style=\"width: 9.16179%;\">2005NEWWGS-1ON-MP<\/td>\n<td style=\"width: 8.51202%;\">N<\/td>\n<td style=\"width: 4.22352%;\">N<\/td>\n<td style=\"width: 3.89864%;\">N<\/td>\n<td style=\"width: 4.93827%;\">N<\/td>\n<td style=\"width: 5.80602%;\">O<\/td>\n<td style=\"width: 4.65532%;\">Jeunes pousses d\u2019\u00e9pinards<\/td>\n<td style=\"width: 7.01754%;\">Fruits frais, \u0153ufs, suppl\u00e9ments, v\u00e9g\u00e9tarien (pas de b\u0153uf, porc, poulet)<\/td>\n<td style=\"width: 6.95257%;\">Colocataire d\u2019ON-02, \u00e9tudiante universitaire<\/td>\n<\/tr>\n<tr>\n<td style=\"width: 7.34243%;\">ON-02<\/td>\n<td style=\"width: 3.18389%;\">ON<\/td>\n<td style=\"width: 3.50877%;\">21<\/td>\n<td style=\"width: 3.57375%;\">F<\/td>\n<td style=\"width: 9.29175%;\">2020-05-14<\/td>\n<td style=\"width: 8.77193%;\">2020-04-22<\/td>\n<td style=\"width: 7.08252%;\">2020-04-28<\/td>\n<td style=\"width: 9.16179%;\">2005NEWWGS-1ON-MP<\/td>\n<td style=\"width: 8.51202%;\">N<\/td>\n<td style=\"width: 4.22352%;\">N<\/td>\n<td style=\"width: 3.89864%;\">O<\/td>\n<td style=\"width: 4.93827%;\">Cuisses de poulet provenant de la boucherie locale (comme ON-04)<\/td>\n<td style=\"width: 5.80602%;\">O<\/td>\n<td style=\"width: 4.65532%;\" width=\"72\">\n<p>Jeunes pousses d\u2019\u00e9pinards<\/p>\n<\/td>\n<td style=\"width: 7.01754%;\">Fruits frais, \u0153ufs, suppl\u00e9ments<\/td>\n<td style=\"width: 6.95257%;\">Colocataire d\u2019ON-01, \u00e9tudiante universitaire<\/td>\n<\/tr>\n<tr>\n<td style=\"width: 7.34243%;\">ON-03<\/td>\n<td style=\"width: 3.18389%;\">ON<\/td>\n<td style=\"width: 3.50877%;\">40<\/td>\n<td style=\"width: 3.57375%;\">F<\/td>\n<td style=\"width: 9.29175%;\">2020-05-14<\/td>\n<td style=\"width: 8.77193%;\">2020-04-23<\/td>\n<td style=\"width: 7.08252%;\">2020-04-29<\/td>\n<td style=\"width: 9.16179%;\">2005NEWWGS-1ON-MP<\/td>\n<td style=\"width: 8.51202%;\">N<\/td>\n<td style=\"width: 4.22352%;\">N<\/td>\n<td style=\"width: 3.89864%;\">Aucune donn\u00e9e<\/td>\n<td style=\"width: 4.93827%;\">Aucune donn\u00e9e<\/td>\n<td style=\"width: 5.80602%;\">Aucune donn\u00e9e<\/td>\n<td style=\"width: 4.65532%;\">Aucune donn\u00e9e<\/td>\n<td style=\"width: 7.01754%;\">Aucune donn\u00e9e<\/td>\n<td style=\"width: 6.95257%;\">Perdu de vue au cours du suivi<\/td>\n<\/tr>\n<tr>\n<td style=\"width: 7.34243%;\">ON-04<\/td>\n<td style=\"width: 3.18389%;\">ON<\/td>\n<td style=\"width: 3.50877%;\">22<\/td>\n<td style=\"width: 3.57375%;\">M<\/td>\n<td style=\"width: 9.29175%;\">2020-05-14<\/td>\n<td style=\"width: 8.77193%;\">2020-04-25<\/td>\n<td style=\"width: 7.08252%;\">2020-04-30<\/td>\n<td style=\"width: 9.16179%;\">2005NEWWGS-1ON-MP<\/td>\n<td style=\"width: 8.51202%;\">N<\/td>\n<td style=\"width: 4.22352%;\">N<\/td>\n<td style=\"width: 3.89864%;\">O<\/td>\n<td style=\"width: 4.93827%;\">Hauts de cuisse de poulet de la boucherie locale (comme ON-02)<\/td>\n<td style=\"width: 5.80602%;\">O<\/td>\n<td style=\"width: 4.65532%;\">Jeunes pousses d\u2019\u00e9pinards<\/td>\n<td style=\"width: 7.01754%;\">Fruits et l\u00e9gumes frais, b\u0153uf<\/td>\n<td style=\"width: 6.95257%;\">Aucune donn\u00e9e<\/td>\n<\/tr>\n<tr>\n<td style=\"width: 7.34243%;\">ON-05<\/td>\n<td style=\"width: 3.18389%;\">ON<\/td>\n<td style=\"width: 3.50877%;\">50<\/td>\n<td style=\"width: 3.57375%;\">M<\/td>\n<td style=\"width: 9.29175%;\">2020-05-21<\/td>\n<td style=\"width: 8.77193%;\">2020-04-25<\/td>\n<td style=\"width: 7.08252%;\">2020-05-01<\/td>\n<td style=\"width: 9.16179%;\">2005NEWWGS-1ON-MP<\/td>\n<td style=\"width: 8.51202%;\">N<\/td>\n<td style=\"width: 4.22352%;\">N<\/td>\n<td style=\"width: 3.89864%;\">O<\/td>\n<td style=\"width: 4.93827%;\">N<\/td>\n<td style=\"width: 5.80602%;\">Aucune donn\u00e9e<\/td>\n<td style=\"width: 4.65532%;\">Aucune donn\u00e9e<\/td>\n<td style=\"width: 7.01754%;\">Fruits, noix, graines, porc, mange fr\u00e9quemment dans les petits restaurants de la localit\u00e9<\/td>\n<td style=\"width: 6.95257%;\">Aucune donn\u00e9e<\/td>\n<\/tr>\n<tr>\n<td style=\"width: 7.34243%;\">BC-06<\/td>\n<td style=\"width: 3.18389%;\">CB<\/td>\n<td style=\"width: 3.50877%;\">27<\/td>\n<td style=\"width: 3.57375%;\">F<\/td>\n<td style=\"width: 9.29175%;\">2020-05-21<\/td>\n<td style=\"width: 8.77193%;\">2020-04-28<\/td>\n<td style=\"width: 7.08252%;\">2020-05-05<\/td>\n<td style=\"width: 9.16179%;\">2005NEWWGS-1ON-MP<\/td>\n<td style=\"width: 8.51202%;\">N<\/td>\n<td style=\"width: 4.22352%;\">N<\/td>\n<td style=\"width: 3.89864%;\">Aucune donn\u00e9e<\/td>\n<td style=\"width: 4.93827%;\">Aucune donn\u00e9e<\/td>\n<td style=\"width: 5.80602%;\">O<\/td>\n<td style=\"width: 4.65532%;\">Jeunes pousses d\u2019\u00e9pinards<\/td>\n<td style=\"width: 7.01754%;\">Frapp\u00e9s aux bleuets et \u00e9pinards, noix, graines, aversion pour les produits laitiers<\/td>\n<td style=\"width: 6.95257%;\">Aucun voyage, anamn\u00e8se alimentaire limit\u00e9e<\/td>\n<\/tr>\n<tr>\n<td style=\"width: 7.34243%;\">AB-07<\/td>\n<td style=\"width: 3.18389%;\">AB<\/td>\n<td style=\"width: 3.50877%;\">57<\/td>\n<td style=\"width: 3.57375%;\">F<\/td>\n<td style=\"width: 9.29175%;\">2020-05-21<\/td>\n<td style=\"width: 8.77193%;\">2020-04-30<\/td>\n<td style=\"width: 7.08252%;\">2020-05-05<\/td>\n<td style=\"width: 9.16179%;\">2005NEWWGS-1ON-MP<\/td>\n<td style=\"width: 8.51202%;\">N<\/td>\n<td style=\"width: 4.22352%;\">N<\/td>\n<td style=\"width: 3.89864%;\">Aucune donn\u00e9e<\/td>\n<td style=\"width: 4.93827%;\">Aucune donn\u00e9e<\/td>\n<td style=\"width: 5.80602%;\">Aucune donn\u00e9e<\/td>\n<td style=\"width: 4.65532%;\">Aucune donn\u00e9e<\/td>\n<td style=\"width: 7.01754%;\">Aucune donn\u00e9e<\/td>\n<td style=\"width: 6.95257%;\">Questionnaire en attente<\/td>\n<\/tr>\n<tr>\n<td style=\"width: 7.34243%;\">ON-08<\/td>\n<td style=\"width: 3.18389%;\">ON<\/td>\n<td style=\"width: 3.50877%;\">17<\/td>\n<td style=\"width: 3.57375%;\">F<\/td>\n<td style=\"width: 9.29175%;\">2020-05-21<\/td>\n<td style=\"width: 8.77193%;\">2020-05-01<\/td>\n<td style=\"width: 7.08252%;\">2020-05-06<\/td>\n<td style=\"width: 9.16179%;\">2005NEWWGS-1ON-MP<\/td>\n<td style=\"width: 8.51202%;\">N<\/td>\n<td style=\"width: 4.22352%;\">N<\/td>\n<td style=\"width: 3.89864%;\">Aucune donn\u00e9e<\/td>\n<td style=\"width: 4.93827%;\">Aucune donn\u00e9e<\/td>\n<td style=\"width: 5.80602%;\">Aucune donn\u00e9e<\/td>\n<td style=\"width: 4.65532%;\">Aucune donn\u00e9e<\/td>\n<td style=\"width: 7.01754%;\">Noix, graines, l\u00e9gumes, \u00ab\u00a0r\u00e9gime alimentaire \u00e0 base d\u2019aliments crus\u00a0\u00bb, v\u00e9g\u00e9talien<\/td>\n<td style=\"width: 6.95257%;\">Aucune donn\u00e9e<\/td>\n<\/tr>\n<tr>\n<td style=\"width: 7.34243%;\">BC-09<\/td>\n<td style=\"width: 3.18389%;\">CB<\/td>\n<td style=\"width: 3.50877%;\">20<\/td>\n<td style=\"width: 3.57375%;\">F<\/td>\n<td style=\"width: 9.29175%;\">2020-05-21<\/td>\n<td style=\"width: 8.77193%;\">2020-05-01<\/td>\n<td style=\"width: 7.08252%;\">2020-05-08<\/td>\n<td style=\"width: 9.16179%;\">2005NEWWGS-1ON-MP<\/td>\n<td style=\"width: 8.51202%;\">N<\/td>\n<td style=\"width: 4.22352%;\">N<\/td>\n<td style=\"width: 3.89864%;\">Aucune donn\u00e9e<\/td>\n<td style=\"width: 4.93827%;\">Aucune donn\u00e9e<\/td>\n<td style=\"width: 5.80602%;\">Aucune donn\u00e9e<\/td>\n<td style=\"width: 4.65532%;\">Aucune donn\u00e9e<\/td>\n<td style=\"width: 7.01754%;\">Fruits frais, y compris baies, noix, graines, m\u00e9langes de c\u00e9r\u00e9ales enti\u00e8res, gruau, suppl\u00e9ments \u00e0 base d\u2019enveloppe de psyllium<\/td>\n<td style=\"width: 6.95257%;\">Aucun voyage<\/td>\n<\/tr>\n<\/tbody>\n<\/table>\n","protected":false},"excerpt":{"rendered":"<p>T\u00e9l\u00e9charger le format de rechange (Format Excel, 10 Ko, 1 sheet) T\u00e9l\u00e9charger le format de rechange- HTML (Format Word, 15 Ko, 11 pages) No d\u2019identification national P\/T \u00c2ge Sexe Date du signalement \u00e0 la DGE Date de l\u2019apparition des sympt\u00f4mes Date de r\u00e9ception Code de la grappe par SGE Hospitalisation D\u00e9c\u00e8s Poulet D\u00e9tails sur le [&hellip;]<\/p>\n","protected":false},"author":33,"featured_media":0,"parent":4089,"menu_order":0,"comment_status":"closed","ping_status":"closed","template":"","meta":{"footnotes":""},"class_list":["post-4293","page","type-page","status-publish","hentry"],"_links":{"self":[{"href":"https:\/\/outbreaktools.ca\/fr\/wp-json\/wp\/v2\/pages\/4293","targetHints":{"allow":["GET"]}}],"collection":[{"href":"https:\/\/outbreaktools.ca\/fr\/wp-json\/wp\/v2\/pages"}],"about":[{"href":"https:\/\/outbreaktools.ca\/fr\/wp-json\/wp\/v2\/types\/page"}],"author":[{"embeddable":true,"href":"https:\/\/outbreaktools.ca\/fr\/wp-json\/wp\/v2\/users\/33"}],"replies":[{"embeddable":true,"href":"https:\/\/outbreaktools.ca\/fr\/wp-json\/wp\/v2\/comments?post=4293"}],"version-history":[{"count":9,"href":"https:\/\/outbreaktools.ca\/fr\/wp-json\/wp\/v2\/pages\/4293\/revisions"}],"predecessor-version":[{"id":4966,"href":"https:\/\/outbreaktools.ca\/fr\/wp-json\/wp\/v2\/pages\/4293\/revisions\/4966"}],"up":[{"embeddable":true,"href":"https:\/\/outbreaktools.ca\/fr\/wp-json\/wp\/v2\/pages\/4089"}],"wp:attachment":[{"href":"https:\/\/outbreaktools.ca\/fr\/wp-json\/wp\/v2\/media?parent=4293"}],"curies":[{"name":"wp","href":"https:\/\/api.w.org\/{rel}","templated":true}]}}