{"id":4315,"date":"2021-07-06T15:25:18","date_gmt":"2021-07-06T19:25:18","guid":{"rendered":"https:\/\/outbreaktools.ca\/?page_id=4315"},"modified":"2021-10-12T13:14:58","modified_gmt":"2021-10-12T17:14:58","slug":"module-2-line-list-2","status":"publish","type":"page","link":"https:\/\/outbreaktools.ca\/fr\/case-study-overview\/module-2-hypothesis-generation-2\/module-2-line-list-2\/","title":{"rendered":"Module 2 Liste des cas"},"content":{"rendered":"<p><a href=\"https:\/\/outbreaktools.ca\/wp-content\/uploads\/2021\/09\/FR_Module-2-Line-list.xlsx\">T\u00e9l\u00e9charger le format de rechange<\/a><br \/>\n(Format Excel, 1 sheet, 15 Ko)<\/p>\n<p><a href=\"https:\/\/outbreaktools.ca\/wp-content\/uploads\/2021\/09\/Module-2-line-list-FR.docx\">T\u00e9l\u00e9charger le format de rechange -HTML<\/a><br \/>\n(Format Word, 19 pages, 17 Ko)<\/p>\n<table width=\"5453\">\n<tbody>\n<tr>\n<td width=\"101\">ID national<\/td>\n<td width=\"58\">Province\/Territoire<\/td>\n<td width=\"65\">\u00c2ge<\/td>\n<td width=\"60\">Sexe<\/td>\n<td width=\"157\">Date du signalement \u00e0 la DGE<\/td>\n<td width=\"155\">Date d\u2019apparition des sympt\u00f4mes<\/td>\n<td width=\"130\">Date de r\u00e9ception<\/td>\n<td width=\"154\">Code de la grappe par SGE<\/td>\n<td width=\"100\">Hospitalisation<\/td>\n<td width=\"60\">D\u00e9c\u00e8s<\/td>\n<td width=\"114\">Hypoth\u00e8ses re\u00e7ues<\/td>\n<td width=\"114\">Poulet<\/td>\n<td width=\"172\">D\u00e9tails sur le poulet<\/td>\n<td width=\"145\">\u00c9pinards<\/td>\n<td width=\"551\">D\u00e9tails \u00e9pinards<\/td>\n<td width=\"95\">Bleuets<\/td>\n<td width=\"156\">D\u00e9tails sur les bleuets\u00a0<\/td>\n<td width=\"78\">Amandes<\/td>\n<td width=\"156\">D\u00e9tails des amandes<\/td>\n<td width=\"134\">Noix de Grenoble<\/td>\n<td width=\"141\">D\u00e9tails sur les noix de Grenoble<\/td>\n<td width=\"111\">Graines de s\u00e9same<\/td>\n<td width=\"157\">D\u00e9tails sur les graines de s\u00e9same<\/td>\n<td width=\"89\">Graines de chia<\/td>\n<td width=\"378\">D\u00e9tails sur les graines de chia<\/td>\n<td width=\"87\">Graines de lin<\/td>\n<td width=\"156\">D\u00e9tails sur les graines de lin<\/td>\n<td width=\"1079\">Expositions<\/td>\n<td width=\"500\">Remarques<\/td>\n<\/tr>\n<tr>\n<td>ON-01<\/td>\n<td>ON<\/td>\n<td>20<\/td>\n<td>F<\/td>\n<td>2020-05-14<\/td>\n<td>2020-04-22<\/td>\n<td>2020-04-28<\/td>\n<td>2005NEWWGS-1ON-MP<\/td>\n<td>N<\/td>\n<td>N<\/td>\n<td>O<\/td>\n<td width=\"114\">N<\/td>\n<td width=\"172\">N<\/td>\n<td width=\"145\">O<\/td>\n<td width=\"551\">Jeunes pousses d\u2019\u00e9pinard dans un contenant de plastique, cha\u00eene d&rsquo;\u00e9piceries\u00a01, marque X<\/td>\n<td width=\"95\">P<\/td>\n<td width=\"156\">aucune donn\u00e9e<\/td>\n<td>N<\/td>\n<td>aucune donn\u00e9e<\/td>\n<td>N<\/td>\n<td>aucune donn\u00e9e<\/td>\n<td>N<\/td>\n<td>aucune donn\u00e9e<\/td>\n<td width=\"89\">N<\/td>\n<td>aucune donn\u00e9e<\/td>\n<td width=\"87\">N<\/td>\n<td>aucune donn\u00e9e<\/td>\n<td>Fruits frais (melons, baies, bananes), \u0153ufs, suppl\u00e9ments, v\u00e9g\u00e9tarien (pas de b\u0153uf, porc, poulet), certains repas pris sur le campus<\/td>\n<td>Colocataire d\u2019ON-02, \u00e9tudiante universitaire<\/td>\n<\/tr>\n<tr>\n<td>ON-02<\/td>\n<td>ON<\/td>\n<td>21<\/td>\n<td>F<\/td>\n<td>2020-05-14<\/td>\n<td>2020-04-22<\/td>\n<td>2020-04-28<\/td>\n<td>2005NEWWGS-1ON-MP<\/td>\n<td>N<\/td>\n<td>N<\/td>\n<td>O<\/td>\n<td width=\"114\">O<\/td>\n<td width=\"172\">Cuisses de poulet provenant de la boucherie locale (comme ON-04)<\/td>\n<td width=\"145\">O<\/td>\n<td width=\"551\">Jeunes pousses d\u2019\u00e9pinard dans un contenant de plastique, cha\u00eene d&rsquo;\u00e9piceries\u00a01, marque X<\/td>\n<td width=\"95\">P<\/td>\n<td width=\"156\">aucune donn\u00e9e<\/td>\n<td>NSP<\/td>\n<td>aucune donn\u00e9e<\/td>\n<td>N<\/td>\n<td>aucune donn\u00e9e<\/td>\n<td>N<\/td>\n<td>aucune donn\u00e9e<\/td>\n<td width=\"89\">N<\/td>\n<td>aucune donn\u00e9e<\/td>\n<td width=\"87\">N<\/td>\n<td>aucune donn\u00e9e<\/td>\n<td>Fruits frais (melons, baies, bananes), \u0153ufs, suppl\u00e9ments, poulet d\u2019une boucherie locale, certains repas pris sur le campus<\/td>\n<td>Colocataire d\u2019ON-01, \u00e9tudiante universitaire<\/td>\n<\/tr>\n<tr>\n<td>ON-03<\/td>\n<td>ON<\/td>\n<td>40<\/td>\n<td>F<\/td>\n<td>2020-05-14<\/td>\n<td>2020-04-23<\/td>\n<td>2020-04-29<\/td>\n<td>2005NEWWGS-1ON-MP<\/td>\n<td>N<\/td>\n<td>N<\/td>\n<td>N<\/td>\n<td width=\"114\">aucune donn\u00e9e<\/td>\n<td width=\"172\">aucune donn\u00e9e<\/td>\n<td width=\"145\">aucune donn\u00e9e<\/td>\n<td width=\"551\">aucune donn\u00e9e<\/td>\n<td width=\"95\">aucune donn\u00e9e<\/td>\n<td width=\"156\">aucune donn\u00e9e<\/td>\n<td>aucune donn\u00e9e<\/td>\n<td>aucune donn\u00e9e<\/td>\n<td>aucune donn\u00e9e<\/td>\n<td>aucune donn\u00e9e<\/td>\n<td>aucune donn\u00e9e<\/td>\n<td>aucune donn\u00e9e<\/td>\n<td width=\"89\">aucune donn\u00e9e<\/td>\n<td>aucune donn\u00e9e<\/td>\n<td width=\"87\">aucune donn\u00e9e<\/td>\n<td>aucune donn\u00e9e<\/td>\n<td>aucune donn\u00e9e<\/td>\n<td>Perdue de vue au cours du suivi<\/td>\n<\/tr>\n<tr>\n<td>ON-04<\/td>\n<td>ON<\/td>\n<td>22<\/td>\n<td>M<\/td>\n<td>2020-05-14<\/td>\n<td>2020-04-25<\/td>\n<td>2020-04-30<\/td>\n<td>2005NEWWGS-1ON-MP<\/td>\n<td>N<\/td>\n<td>N<\/td>\n<td>O<\/td>\n<td width=\"114\">O<\/td>\n<td width=\"172\">Cuisses de poulet provenant de la boucherie locale (comme ON-02)<\/td>\n<td width=\"145\">O<\/td>\n<td width=\"551\">Jeunes pousses d\u2019\u00e9pinard dans sac de plastique; cha\u00eene d&rsquo;\u00e9piceries\u00a02; achet\u00e9es le 20 avril, marque Y<\/td>\n<td width=\"95\">N<\/td>\n<td width=\"156\">aucune donn\u00e9e<\/td>\n<td>P<\/td>\n<td>aucune donn\u00e9e<\/td>\n<td>NSP<\/td>\n<td>aucune donn\u00e9e<\/td>\n<td>P<\/td>\n<td>aucune donn\u00e9e<\/td>\n<td width=\"89\">P<\/td>\n<td>aucune donn\u00e9e<\/td>\n<td width=\"87\">NSP<\/td>\n<td>aucune donn\u00e9e<\/td>\n<td>Fruits et l\u00e9gumes frais, b\u0153uf<\/td>\n<td>aucune donn\u00e9e<\/td>\n<\/tr>\n<tr>\n<td>ON-05<\/td>\n<td>ON<\/td>\n<td>50<\/td>\n<td>M<\/td>\n<td>2020-05-21<\/td>\n<td>2020-04-25<\/td>\n<td>2020-05-01<\/td>\n<td>2005NEWWGS-1ON-MP<\/td>\n<td>N<\/td>\n<td>N<\/td>\n<td>O<\/td>\n<td width=\"114\">O<\/td>\n<td width=\"172\">N<\/td>\n<td width=\"145\">N<\/td>\n<td width=\"551\">N<\/td>\n<td width=\"95\">O<\/td>\n<td width=\"156\">Cha\u00eene d&rsquo;\u00e9piceries\u00a01<\/td>\n<td>O<\/td>\n<td>Marque \u00ab\u00a0Plain and simple\u00a0\u00bb<\/td>\n<td>O<\/td>\n<td>aucune donn\u00e9e<\/td>\n<td>O<\/td>\n<td>Cha\u00eene d&rsquo;\u00e9piceries\u00a02<\/td>\n<td width=\"89\">O<\/td>\n<td>aucune donn\u00e9e<\/td>\n<td width=\"87\">O<\/td>\n<td>aucune donn\u00e9e<\/td>\n<td>Fruits (baies, melons, pommes), noix, graines, porc, poulet, mange souvent dans les petits restaurants de la localit\u00e9<\/td>\n<td>aucune donn\u00e9e<\/td>\n<\/tr>\n<tr>\n<td>CB-06<\/td>\n<td>CB<\/td>\n<td>27<\/td>\n<td>F<\/td>\n<td>2020-05-21<\/td>\n<td>2020-04-28<\/td>\n<td>2020-05-05<\/td>\n<td>2005NEWWGS-1ON-MP<\/td>\n<td>N<\/td>\n<td>N<\/td>\n<td>O<\/td>\n<td width=\"114\">aucune donn\u00e9e<\/td>\n<td width=\"172\">aucune donn\u00e9e<\/td>\n<td width=\"145\">O<\/td>\n<td width=\"551\">Jeunes pousses d\u2019\u00e9pinard dans contenant de plastique, cha\u00eene d&rsquo;\u00e9piceries\u00a01, marque X<\/td>\n<td width=\"95\">O<\/td>\n<td width=\"156\">\u00c9picerie ind\u00e9pendante locale<\/td>\n<td>P<\/td>\n<td>aucune donn\u00e9e<\/td>\n<td>P<\/td>\n<td>aucune donn\u00e9e<\/td>\n<td>P<\/td>\n<td>aucune donn\u00e9e<\/td>\n<td width=\"89\">P<\/td>\n<td>aucune donn\u00e9e<\/td>\n<td width=\"87\">P<\/td>\n<td>aucune donn\u00e9e<\/td>\n<td>Boissons frapp\u00e9es aux bleuets et jeunes pousses d\u2019\u00e9pinard, noix, graines, aversion pour les produits laitiers, bar \u00e0 boissons frapp\u00e9es<\/td>\n<td>Aucun voyage, anamn\u00e8se alimentaire limit\u00e9e<\/td>\n<\/tr>\n<tr>\n<td>AB-07<\/td>\n<td>AB<\/td>\n<td>57<\/td>\n<td>F<\/td>\n<td>2020-05-21<\/td>\n<td>2020-04-30<\/td>\n<td>2020-05-05<\/td>\n<td>2005NEWWGS-1ON-MP<\/td>\n<td>N<\/td>\n<td>N<\/td>\n<td>N<\/td>\n<td width=\"114\">aucune donn\u00e9e<\/td>\n<td width=\"172\">aucune donn\u00e9e<\/td>\n<td width=\"145\">aucune donn\u00e9e<\/td>\n<td width=\"551\">aucune donn\u00e9e<\/td>\n<td width=\"95\">aucune donn\u00e9e<\/td>\n<td width=\"156\">aucune donn\u00e9e<\/td>\n<td>aucune donn\u00e9e<\/td>\n<td>aucune donn\u00e9e<\/td>\n<td>aucune donn\u00e9e<\/td>\n<td>aucune donn\u00e9e<\/td>\n<td>aucune donn\u00e9e<\/td>\n<td>aucune donn\u00e9e<\/td>\n<td width=\"89\">aucune donn\u00e9e<\/td>\n<td>aucune donn\u00e9e<\/td>\n<td width=\"87\">aucune donn\u00e9e<\/td>\n<td>aucune donn\u00e9e<\/td>\n<td>aucune donn\u00e9e<\/td>\n<td>Perdue de vue au cours du suivi<\/td>\n<\/tr>\n<tr>\n<td>ON-08<\/td>\n<td>ON<\/td>\n<td>17<\/td>\n<td>F<\/td>\n<td>2020-05-21<\/td>\n<td>2020-05-01<\/td>\n<td>2020-05-06<\/td>\n<td>2005NEWWGS-1ON-MP<\/td>\n<td>N<\/td>\n<td>N<\/td>\n<td>O<\/td>\n<td width=\"114\">aucune donn\u00e9e<\/td>\n<td width=\"172\">aucune donn\u00e9e<\/td>\n<td width=\"145\">aucune donn\u00e9e<\/td>\n<td width=\"551\">aucune donn\u00e9e<\/td>\n<td width=\"95\">N<\/td>\n<td width=\"156\">aucune donn\u00e9e<\/td>\n<td>P<\/td>\n<td>aucune donn\u00e9e<\/td>\n<td>O<\/td>\n<td>Cha\u00eene d&rsquo;\u00e9piceries\u00a01<\/td>\n<td>NSP<\/td>\n<td>aucune donn\u00e9e<\/td>\n<td width=\"89\">O<\/td>\n<td width=\"378\">Ne pouvait se souvenir de la marque; \u00e9picerie ind\u00e9pendante locale<\/td>\n<td width=\"87\">O<\/td>\n<td>aucune donn\u00e9e<\/td>\n<td>Noix (noix de Grenoble, arachides), graines (lin, chia), l\u00e9gumes, \u00ab\u00a0r\u00e9gime alimentaire cru\u00a0\u00bb, v\u00e9g\u00e9talienne<\/td>\n<td>aucune donn\u00e9e<\/td>\n<\/tr>\n<tr>\n<td>CB-09<\/td>\n<td>CB<\/td>\n<td>20<\/td>\n<td>F<\/td>\n<td>2020-05-21<\/td>\n<td>2020-05-01<\/td>\n<td>2020-05-08<\/td>\n<td>2005NEWWGS-1ON-MP<\/td>\n<td>N<\/td>\n<td>N<\/td>\n<td>O<\/td>\n<td width=\"114\">aucune donn\u00e9e<\/td>\n<td width=\"172\">aucune donn\u00e9e<\/td>\n<td width=\"145\">NSP<\/td>\n<td width=\"551\">NSP<\/td>\n<td width=\"95\">O<\/td>\n<td width=\"156\">March\u00e9 fermier<\/td>\n<td>O<\/td>\n<td>Cha\u00eene d&rsquo;\u00e9piceries\u00a02<\/td>\n<td>O<\/td>\n<td>aucune donn\u00e9e<\/td>\n<td>O<\/td>\n<td>aucune donn\u00e9e<\/td>\n<td width=\"89\">O<\/td>\n<td>aucune donn\u00e9e<\/td>\n<td width=\"87\">P<\/td>\n<td>aucune donn\u00e9e<\/td>\n<td width=\"1079\">Fruits frais comme les baies, noix, graines, m\u00e9langes de c\u00e9r\u00e9ales enti\u00e8res, gruau, son d\u2019avoine et suppl\u00e9ments \u00e0 base d\u2019enveloppe de psyllium, ne va jamais au restaurant et pr\u00e9pare tous ses repas \u00e0 la maison<\/td>\n<td>Aucun voyage<\/td>\n<\/tr>\n<tr>\n<td>AB-10<\/td>\n<td>AB<\/td>\n<td>53<\/td>\n<td>F<\/td>\n<td>2020-05-28<\/td>\n<td>2020-05-04<\/td>\n<td>2020-05-08<\/td>\n<td>2005NEWWGS-1ON-MP<\/td>\n<td>N<\/td>\n<td>N<\/td>\n<td>N<\/td>\n<td width=\"114\">aucune donn\u00e9e<\/td>\n<td width=\"172\">aucune donn\u00e9e<\/td>\n<td width=\"145\">aucune donn\u00e9e<\/td>\n<td width=\"551\">aucune donn\u00e9e<\/td>\n<td width=\"95\">aucune donn\u00e9e<\/td>\n<td width=\"156\">aucune donn\u00e9e<\/td>\n<td>aucune donn\u00e9e<\/td>\n<td>aucune donn\u00e9e<\/td>\n<td>aucune donn\u00e9e<\/td>\n<td>aucune donn\u00e9e<\/td>\n<td>aucune donn\u00e9e<\/td>\n<td>aucune donn\u00e9e<\/td>\n<td width=\"89\">aucune donn\u00e9e<\/td>\n<td>aucune donn\u00e9e<\/td>\n<td width=\"87\">aucune donn\u00e9e<\/td>\n<td>aucune donn\u00e9e<\/td>\n<td>aucune donn\u00e9e<\/td>\n<td>aucune donn\u00e9e<\/td>\n<\/tr>\n<tr>\n<td>CB-11<\/td>\n<td>CB<\/td>\n<td>26<\/td>\n<td>F<\/td>\n<td>2020-05-28<\/td>\n<td>2020-05-06<\/td>\n<td>2020-05-12<\/td>\n<td>2005NEWWGS-1ON-MP<\/td>\n<td>N<\/td>\n<td>N<\/td>\n<td>N<\/td>\n<td width=\"114\">aucune donn\u00e9e<\/td>\n<td width=\"172\">aucune donn\u00e9e<\/td>\n<td width=\"145\">aucune donn\u00e9e<\/td>\n<td width=\"551\">aucune donn\u00e9e<\/td>\n<td width=\"95\">aucune donn\u00e9e<\/td>\n<td width=\"156\">aucune donn\u00e9e<\/td>\n<td>aucune donn\u00e9e<\/td>\n<td>aucune donn\u00e9e<\/td>\n<td>aucune donn\u00e9e<\/td>\n<td>aucune donn\u00e9e<\/td>\n<td>aucune donn\u00e9e<\/td>\n<td>aucune donn\u00e9e<\/td>\n<td width=\"89\">aucune donn\u00e9e<\/td>\n<td>aucune donn\u00e9e<\/td>\n<td width=\"87\">aucune donn\u00e9e<\/td>\n<td>aucune donn\u00e9e<\/td>\n<td>aucune donn\u00e9e<\/td>\n<td>aucune donn\u00e9e<\/td>\n<\/tr>\n<tr>\n<td>AB-12<\/td>\n<td>AB<\/td>\n<td>20<\/td>\n<td>F<\/td>\n<td>2020-05-28<\/td>\n<td>2020-05-06<\/td>\n<td>2020-05-12<\/td>\n<td>2005NEWWGS-1ON-MP<\/td>\n<td>N<\/td>\n<td>N<\/td>\n<td>N<\/td>\n<td width=\"114\">aucune donn\u00e9e<\/td>\n<td width=\"172\">aucune donn\u00e9e<\/td>\n<td width=\"145\">aucune donn\u00e9e<\/td>\n<td width=\"551\">aucune donn\u00e9e<\/td>\n<td width=\"95\">aucune donn\u00e9e<\/td>\n<td width=\"156\">aucune donn\u00e9e<\/td>\n<td>aucune donn\u00e9e<\/td>\n<td>aucune donn\u00e9e<\/td>\n<td>aucune donn\u00e9e<\/td>\n<td>aucune donn\u00e9e<\/td>\n<td>aucune donn\u00e9e<\/td>\n<td>aucune donn\u00e9e<\/td>\n<td width=\"89\">aucune donn\u00e9e<\/td>\n<td>aucune donn\u00e9e<\/td>\n<td width=\"87\">aucune donn\u00e9e<\/td>\n<td>aucune donn\u00e9e<\/td>\n<td>aucune donn\u00e9e<\/td>\n<td>aucune donn\u00e9e<\/td>\n<\/tr>\n<tr>\n<td>QC-13<\/td>\n<td>QC<\/td>\n<td>30<\/td>\n<td>F<\/td>\n<td>2020-05-28<\/td>\n<td>2020-05-08<\/td>\n<td>2020-05-14<\/td>\n<td>2005NEWWGS-1ON-MP<\/td>\n<td>N<\/td>\n<td>N<\/td>\n<td>N<\/td>\n<td width=\"114\">aucune donn\u00e9e<\/td>\n<td width=\"172\">aucune donn\u00e9e<\/td>\n<td width=\"145\">aucune donn\u00e9e<\/td>\n<td width=\"551\">aucune donn\u00e9e<\/td>\n<td width=\"95\">aucune donn\u00e9e<\/td>\n<td width=\"156\">aucune donn\u00e9e<\/td>\n<td>aucune donn\u00e9e<\/td>\n<td>aucune donn\u00e9e<\/td>\n<td>aucune donn\u00e9e<\/td>\n<td>aucune donn\u00e9e<\/td>\n<td>aucune donn\u00e9e<\/td>\n<td>aucune donn\u00e9e<\/td>\n<td width=\"89\">aucune donn\u00e9e<\/td>\n<td>aucune donn\u00e9e<\/td>\n<td width=\"87\">aucune donn\u00e9e<\/td>\n<td>aucune donn\u00e9e<\/td>\n<td>aucune donn\u00e9e<\/td>\n<td>Perdue de vue au cours du suivi<\/td>\n<\/tr>\n<tr>\n<td>ON-14<\/td>\n<td>ON<\/td>\n<td>45<\/td>\n<td>M<\/td>\n<td>2020-05-28<\/td>\n<td>2020-05-11<\/td>\n<td>2020-05-15<\/td>\n<td>2005NEWWGS-1ON-MP<\/td>\n<td>N<\/td>\n<td>N<\/td>\n<td>N<\/td>\n<td width=\"114\">aucune donn\u00e9e<\/td>\n<td width=\"172\">aucune donn\u00e9e<\/td>\n<td width=\"145\">aucune donn\u00e9e<\/td>\n<td width=\"551\">aucune donn\u00e9e<\/td>\n<td width=\"95\">aucune donn\u00e9e<\/td>\n<td width=\"156\">aucune donn\u00e9e<\/td>\n<td>aucune donn\u00e9e<\/td>\n<td>aucune donn\u00e9e<\/td>\n<td>aucune donn\u00e9e<\/td>\n<td>aucune donn\u00e9e<\/td>\n<td>aucune donn\u00e9e<\/td>\n<td>aucune donn\u00e9e<\/td>\n<td width=\"89\">aucune donn\u00e9e<\/td>\n<td>aucune donn\u00e9e<\/td>\n<td width=\"87\">aucune donn\u00e9e<\/td>\n<td>aucune donn\u00e9e<\/td>\n<td>aucune donn\u00e9e<\/td>\n<td>aucune donn\u00e9e<\/td>\n<\/tr>\n<\/tbody>\n<\/table>\n","protected":false},"excerpt":{"rendered":"<p>T\u00e9l\u00e9charger le format de rechange (Format Excel, 1 sheet, 15 Ko) T\u00e9l\u00e9charger le format de rechange -HTML (Format Word, 19 pages, 17 Ko) ID national Province\/Territoire \u00c2ge Sexe Date du signalement \u00e0 la DGE Date d\u2019apparition des sympt\u00f4mes Date de r\u00e9ception Code de la grappe par SGE Hospitalisation D\u00e9c\u00e8s Hypoth\u00e8ses re\u00e7ues Poulet D\u00e9tails sur le [&hellip;]<\/p>\n","protected":false},"author":33,"featured_media":0,"parent":4097,"menu_order":0,"comment_status":"closed","ping_status":"closed","template":"","meta":{"footnotes":""},"class_list":["post-4315","page","type-page","status-publish","hentry"],"_links":{"self":[{"href":"https:\/\/outbreaktools.ca\/fr\/wp-json\/wp\/v2\/pages\/4315","targetHints":{"allow":["GET"]}}],"collection":[{"href":"https:\/\/outbreaktools.ca\/fr\/wp-json\/wp\/v2\/pages"}],"about":[{"href":"https:\/\/outbreaktools.ca\/fr\/wp-json\/wp\/v2\/types\/page"}],"author":[{"embeddable":true,"href":"https:\/\/outbreaktools.ca\/fr\/wp-json\/wp\/v2\/users\/33"}],"replies":[{"embeddable":true,"href":"https:\/\/outbreaktools.ca\/fr\/wp-json\/wp\/v2\/comments?post=4315"}],"version-history":[{"count":6,"href":"https:\/\/outbreaktools.ca\/fr\/wp-json\/wp\/v2\/pages\/4315\/revisions"}],"predecessor-version":[{"id":4940,"href":"https:\/\/outbreaktools.ca\/fr\/wp-json\/wp\/v2\/pages\/4315\/revisions\/4940"}],"up":[{"embeddable":true,"href":"https:\/\/outbreaktools.ca\/fr\/wp-json\/wp\/v2\/pages\/4097"}],"wp:attachment":[{"href":"https:\/\/outbreaktools.ca\/fr\/wp-json\/wp\/v2\/media?parent=4315"}],"curies":[{"name":"wp","href":"https:\/\/api.w.org\/{rel}","templated":true}]}}