{"id":4317,"date":"2021-07-06T15:28:50","date_gmt":"2021-07-06T19:28:50","guid":{"rendered":"https:\/\/outbreaktools.ca\/?page_id=4317"},"modified":"2021-10-12T13:15:03","modified_gmt":"2021-10-12T17:15:03","slug":"case-study-public-health-alert","status":"publish","type":"page","link":"https:\/\/outbreaktools.ca\/fr\/case-study-overview\/module-2-hypothesis-generation-2\/case-study-public-health-alert\/","title":{"rendered":"Alerte de sant\u00e9 publique"},"content":{"rendered":"<p><a href=\"https:\/\/outbreaktools.ca\/wp-content\/uploads\/2021\/09\/FR_Module-2-Public-Health-Alert.docx\">T\u00e9l\u00e9charger le format de rechange<\/a><br \/>\n(Format Word, 1 page,\u00a0 25 Ko)<\/p>\n<p>L\u2019Agence de la sant\u00e9 publique du Canada collabore avec les autorit\u00e9s sanitaires provinciales, l\u2019Agence canadienne d\u2019inspection des aliments et Sant\u00e9 Canada pour enqu\u00eater sur une grappe de cas d\u2019infections \u00e0 <em>Salmonella <\/em>Newport en Ontario, en Alberta et en Colombie-Britannique.<\/p>\n<p><strong>SOMMAIRE<\/strong><\/p>\n<ul>\n<li>Un comit\u00e9 national de coordination d\u2019enqu\u00eate sur l\u2019\u00e9closion (CCEE) a \u00e9t\u00e9 form\u00e9 le 25 mai\u00a02020 pour faciliter la coordination et l\u2019\u00e9change d\u2019information entre les partenaires d\u2019enqu\u00eate.<\/li>\n<li>\u00c0 ce jour, neuf cas appari\u00e9s par s\u00e9quen\u00e7age du g\u00e9nome entier font l\u2019objet d\u2019une enqu\u00eate dans trois provinces (ON\u00a0=\u00a06, AB\u00a0=\u00a01, CB\u00a0=\u00a02).<\/li>\n<li>Les dates d\u2019apparition des sympt\u00f4mes vont du 22 avril\u00a02020 au 1<sup>er<\/sup> mai\u00a02020. La majorit\u00e9 des cas (78\u00a0%) sont des femmes et l\u2019\u00e2ge m\u00e9dian est de 22 ans (tranche d\u2019\u00e2ges de 17 \u00e0 57 ans). Aucun des cas pour lesquels des informations sont disponibles n\u2019a \u00e9t\u00e9 hospitalis\u00e9 et aucun d\u00e9c\u00e8s n\u2019a \u00e9t\u00e9 signal\u00e9.<\/li>\n<\/ul>\n<ul>\n<li>En collaboration avec les partenaires provinciaux, les renseignements \u00e9pid\u00e9miologiques relatifs aux cas font actuellement l\u2019objet d\u2019un examen. Des enqu\u00eates sont en cours afin de d\u00e9terminer la source de l\u2019\u00e9closion.<\/li>\n<\/ul>\n<p><strong>D\u00c9FINITIONS DE CAS<\/strong><\/p>\n<p><strong>Cas confirm\u00e9\u00a0: <\/strong>Un r\u00e9sident du Canada ou une personne en visite au Canada chez qui<\/p>\n<ul>\n<li>la pr\u00e9sence de la bact\u00e9rie <em>Salmonella<\/em> Newport a \u00e9t\u00e9 confirm\u00e9e en laboratoire <strong>ET<\/strong><\/li>\n<li>un isolat correspond \u00e0 la grappe de PulseNet Canada\u00a02005NEWWGS-1ON-MP lors de l\u2019analyse par s\u00e9quen\u00e7age du g\u00e9nome entier* <strong>ET<\/strong><\/li>\n<li>la date d\u2019apparition des sympt\u00f4mes ou la date de confirmation en laboratoire est le 1<sup>er<\/sup>avril\u00a02020 ou apr\u00e8s cette date.<\/li>\n<\/ul>\n<p>*Les lignes directrices pour l\u2019interpr\u00e9tation du s\u00e9quen\u00e7age du g\u00e9nome entier sont \u00e9tablies par le Laboratoire national de microbiologie de l\u2019Agence de la sant\u00e9 publique du Canada.<\/p>\n<p><strong>MESURE\u00a0:<\/strong><\/p>\n<ul>\n<li>Nous demandons aux partenaires de la sant\u00e9 publique \u00e0 travers le Canada de signaler ce qui suit \u00e0 leurs repr\u00e9sentants provinciaux et territoriaux\u00a0:\n<ul>\n<li>toute augmentation d\u2019infections \u00e0 <em>S<\/em>.\u00a0Newport dans leur province ou territoire<\/li>\n<li>toute enqu\u00eate locale sur Newport<\/li>\n<\/ul>\n<\/li>\n<li>Les repr\u00e9sentants des autorit\u00e9s sanitaires provinciales et territoriales doivent, \u00e0 leur tour, aviser la Division de la gestion des \u00e9closions en \u00e9crivant \u00e0 phac.enteric.outbreak-eclosion.enterique.aspc@canada.ca.<\/li>\n<\/ul>\n<p>&nbsp;<\/p>\n<p>&nbsp;<\/p>\n","protected":false},"excerpt":{"rendered":"<p>T\u00e9l\u00e9charger le format de rechange (Format Word, 1 page,\u00a0 25 Ko) L\u2019Agence de la sant\u00e9 publique du Canada collabore avec les autorit\u00e9s sanitaires provinciales, l\u2019Agence canadienne d\u2019inspection des aliments et Sant\u00e9 Canada pour enqu\u00eater sur une grappe de cas d\u2019infections \u00e0 Salmonella Newport en Ontario, en Alberta et en Colombie-Britannique. SOMMAIRE Un comit\u00e9 national de [&hellip;]<\/p>\n","protected":false},"author":33,"featured_media":0,"parent":4097,"menu_order":0,"comment_status":"closed","ping_status":"closed","template":"","meta":{"footnotes":""},"class_list":["post-4317","page","type-page","status-publish","hentry"],"_links":{"self":[{"href":"https:\/\/outbreaktools.ca\/fr\/wp-json\/wp\/v2\/pages\/4317","targetHints":{"allow":["GET"]}}],"collection":[{"href":"https:\/\/outbreaktools.ca\/fr\/wp-json\/wp\/v2\/pages"}],"about":[{"href":"https:\/\/outbreaktools.ca\/fr\/wp-json\/wp\/v2\/types\/page"}],"author":[{"embeddable":true,"href":"https:\/\/outbreaktools.ca\/fr\/wp-json\/wp\/v2\/users\/33"}],"replies":[{"embeddable":true,"href":"https:\/\/outbreaktools.ca\/fr\/wp-json\/wp\/v2\/comments?post=4317"}],"version-history":[{"count":5,"href":"https:\/\/outbreaktools.ca\/fr\/wp-json\/wp\/v2\/pages\/4317\/revisions"}],"predecessor-version":[{"id":4941,"href":"https:\/\/outbreaktools.ca\/fr\/wp-json\/wp\/v2\/pages\/4317\/revisions\/4941"}],"up":[{"embeddable":true,"href":"https:\/\/outbreaktools.ca\/fr\/wp-json\/wp\/v2\/pages\/4097"}],"wp:attachment":[{"href":"https:\/\/outbreaktools.ca\/fr\/wp-json\/wp\/v2\/media?parent=4317"}],"curies":[{"name":"wp","href":"https:\/\/api.w.org\/{rel}","templated":true}]}}