{"id":4319,"date":"2021-07-06T15:48:29","date_gmt":"2021-07-06T19:48:29","guid":{"rendered":"https:\/\/outbreaktools.ca\/?page_id=4319"},"modified":"2021-10-12T13:13:51","modified_gmt":"2021-10-12T17:13:51","slug":"example-case-definitions","status":"publish","type":"page","link":"https:\/\/outbreaktools.ca\/fr\/case-study-overview\/module-2-hypothesis-generation-2\/case-definitions\/example-case-definitions\/","title":{"rendered":"Tableau d\u2019exemples de d\u00e9finitions de cas"},"content":{"rendered":"<p><a href=\"https:\/\/outbreaktools.ca\/wp-content\/uploads\/2021\/09\/FR_Case-definitions-example-table-updated.docx\">T\u00e9l\u00e9charger le format de rechange<\/a><br \/>\n(Format Word, 4 pages,\u00a0 28Ko)<\/p>\n<table style=\"width: 100.242%;\" width=\"0\">\n<tbody>\n<tr>\n<td style=\"width: 8.97436%;\" width=\"85\">\n<p><strong>Agent pathog\u00e8ne<\/strong><\/p>\n<\/td>\n<td style=\"width: 40.1317%;\" width=\"256\">\n<p><strong>D\u00e9finitions de cas<\/strong><\/p>\n<\/td>\n<td style=\"width: 21.2127%;\" width=\"117\">\n<p><strong>Contexte<\/strong><\/p>\n<\/td>\n<td style=\"width: 46.8289%;\" width=\"440\">\n<p><strong>R\u00e9f\u00e9rences<\/strong><\/p>\n<\/td>\n<\/tr>\n<tr>\n<td style=\"width: 8.97436%;\" width=\"85\">\n<p><em>Salmonella<\/em><\/p>\n<\/td>\n<td style=\"width: 40.1317%;\" width=\"256\">\n<p><strong>Cas confirm\u00e9<\/strong>\u00a0: infection \u00e0 <em>S.\u00a0<\/em>Enteritidis confirm\u00e9e en laboratoire par le s\u00e9quen\u00e7age du g\u00e9nome entier (SGE) des souches associ\u00e9es \u00e0 l\u2019\u00e9closion, survenue entre le 1<sup>er<\/sup>\u00a0mai\u00a02015 et le 31\u00a0octobre\u00a02018<\/p>\n<p><strong>Cas probable<\/strong>\u00a0: infection \u00e0 <em>S.\u00a0<\/em>Enteritidis confirm\u00e9e en laboratoire au moyen du profil d\u2019analyse multilocus du polymorphisme des s\u00e9quences r\u00e9p\u00e9t\u00e9es en tandem (MLVA) de l\u2019\u00e9closion<\/p>\n<\/td>\n<td style=\"width: 21.2127%;\" width=\"117\">\n<p>\u00c9closion associ\u00e9e \u00e0 un produit pr\u00e9cis; d\u00e9finition au moyen du SGE<\/p>\n<\/td>\n<td style=\"width: 46.8289%;\" width=\"440\">\n<p>Pijnacker, R. et al. 2019. An international outbreak of <em>Salmonella enterica<\/em> serotype enteritidis linked to eggs from Poland: a microbiological and epidemiological study [une \u00e9closion internationale de <em>Salmonella enterica<\/em> de s\u00e9rotype enteritidis li\u00e9e aux \u0153ufs en provenance de Pologne\u00a0: \u00e9tude microbiologique et \u00e9pid\u00e9miologique].\u00a0 <em>Lancet Infect Dis<\/em>. 19(7):778-786. Accessible \u00e0 l\u2019adresse suivante\u00a0(en anglais)\u00a0: https:\/\/www.sciencedirect.com\/science\/article\/pii\/S1473309919300477?via%3Dihub<\/p>\n<\/td>\n<\/tr>\n<tr>\n<td style=\"width: 8.97436%;\" width=\"85\">\n<p><em>Salmonella<\/em><\/p>\n<\/td>\n<td style=\"width: 40.1317%;\" width=\"256\">\n<p><strong>Cas confirm\u00e9\u00a0:<\/strong> une personne ayant un isolat de <em>S<\/em>.\u00a0Newport\u00a0ST118 dont un laboratoire confirme qu\u2019il appartient \u00e0 la grappe d\u2019\u00e9closion au moyen d\u2019une analyse phylog\u00e9n\u00e9tique (c.-\u00e0-d. regroupement hi\u00e9rarchique par MLST du g\u00e9nome nucl\u00e9aire [cgMLST] de cinq all\u00e8les ou moins, ou moins de 5 polymorphismes de nucl\u00e9otides individuels [SNP] avec un autre isolat); \u00e9chantillon pr\u00e9lev\u00e9 apr\u00e8s le 1<sup>er<\/sup>\u00a0juillet\u00a02018.<\/p>\n<p><strong>Cas probable<\/strong>\u00a0: une personne ayant un lien \u00e9pid\u00e9miologique avec un cas confirm\u00e9 et ayant soit un isolat de <em>Salmonella<\/em> spp. non s\u00e9rotyp\u00e9 dans un \u00e9chantillon pr\u00e9lev\u00e9 apr\u00e8s le 1<sup>er<\/sup> juillet, soit une maladie gastro-intestinale apparue apr\u00e8s le 1<sup>er<\/sup>\u00a0juillet.<\/p>\n<p><strong>Cas possible<\/strong>\u00a0: une personne ayant un isolat de <em>S<\/em>.\u00a0Newport confirm\u00e9 en laboratoire dans un \u00e9chantillon pr\u00e9lev\u00e9 apr\u00e8s le 1<sup>er<\/sup> juillet, et pour laquelle l\u2019analyse des grappes n\u2019\u00e9tait pas possible et les liens \u00e9pid\u00e9miologiques n\u2019\u00e9taient pas connus.<\/p>\n<\/td>\n<td style=\"width: 21.2127%;\" width=\"117\">\n<p>\u00c9closion associ\u00e9e \u00e0 un produit pr\u00e9cis; d\u00e9finition au moyen du SGE<\/p>\n<\/td>\n<td style=\"width: 46.8289%;\" width=\"440\">\n<p>Robinson, E. et al. 2020. Outbreak of <em>Salmonella<\/em> Newport associated with internationally distributed raw goat\u2019s milk cheese, France, 2018 [\u00e9closion d\u2019infections \u00e0 <em>Salmonella<\/em> Newport associ\u00e9e au fromage au lait de ch\u00e8vre cru distribu\u00e9 \u00e0 l\u2019\u00e9chelle internationale, France, 2018]. <em>Epidemiol Infect<\/em>. 148: e180. Accessible \u00e0 l\u2019adresse suivante\u00a0(en anglais)\u00a0: https:\/\/www.ncbi.nlm.nih.gov\/pmc\/articles\/PMC7482037\/<\/p>\n<\/td>\n<\/tr>\n<tr>\n<td style=\"width: 8.97436%;\" width=\"85\">\n<p><em>Salmonella<\/em><\/p>\n<\/td>\n<td style=\"width: 40.1317%;\" width=\"256\">\n<p>Un cas a \u00e9t\u00e9 d\u00e9fini comme un cas d\u2019infection confirm\u00e9e en laboratoire et contract\u00e9e dans le pays \u00e0 un variant monophasique de <em>S<\/em>.\u00a0Typhimurium appartenant au groupe g\u00e9n\u00e9tique\u00a0ST5296 sp\u00e9cifique du groupe\u00a01, avec une apparition des sympt\u00f4mes d\u2019octobre\u00a02018 \u00e0 janvier\u00a02019 au Danemark.<\/p>\n<\/td>\n<td style=\"width: 21.2127%;\" width=\"117\">\n<p>\u00c9closion associ\u00e9e \u00e0 un produit pr\u00e9cis<\/p>\n<\/td>\n<td style=\"width: 46.8289%;\" width=\"440\">\n<p>Helmuth, I.G. et al. 2019. An outbreak of monophasic <em>Salmonella<\/em> Typhimurium associated with raw pork sausage and other pork products, Denmark 2018-2019 [\u00e9closion d\u2019infections caus\u00e9es par un variant monophasique de <em>Salmonella<\/em> Typhimurium associ\u00e9e \u00e0 la saucisse de porc crue et \u00e0 d\u2019autres produits porcins, Danemark\u00a02018-2019]. <em>Epidemiol Infect<\/em>. 147: e315. Accessible \u00e0 l\u2019adresse suivante\u00a0(en anglais)\u00a0: https:\/\/www.ncbi.nlm.nih.gov\/pmc\/articles\/PMC7003620\/<\/p>\n<\/td>\n<\/tr>\n<tr>\n<td style=\"width: 8.97436%;\" width=\"85\">\n<p>Norovirus<\/p>\n<\/td>\n<td style=\"width: 40.1317%;\" width=\"256\">\n<p>Les cas ont \u00e9t\u00e9 d\u00e9finis comme \u00e9tant toute personne ayant assist\u00e9 au mariage et ayant eu des vomissements et\/ou de la diarrh\u00e9e, avec une date d\u2019apparition des sympt\u00f4mes dans les 72\u00a0h suivant le mariage.<\/p>\n<\/td>\n<td style=\"width: 21.2127%;\" width=\"117\">\n<p>\u00c9closion suite \u00e0 un \u00e9v\u00e9nement<\/p>\n<\/td>\n<td style=\"width: 46.8289%;\" width=\"440\">\n<p>Smith, K.C. et al. 2017. An outbreak of norovirus GI-6 infection following a wedding in North West England [\u00e9closion d\u2019infections au norovirus\u00a0GI-6 \u00e0 la suite d\u2019un mariage dans le nord-ouest de l\u2019Angleterre]. <em>Epidemiol Infect.<\/em> 145:6 Accessible \u00e0 l\u2019adresse suivante\u00a0(en anglais)\u00a0: https:\/\/www.cambridge.org\/core\/journals\/epidemiology-and-infection\/article\/an-outbreak-of-norovirus-gi6-infection-following-a-wedding-in-north-west-england\/D6900D7408DDFC61C61664876FCD3772<\/p>\n<\/td>\n<\/tr>\n<tr>\n<td style=\"width: 8.97436%;\" width=\"85\">\n<p><em>Listeria<\/em><\/p>\n<\/td>\n<td style=\"width: 40.1317%;\" width=\"256\">\n<p><strong>Cas associ\u00e9 \u00e0 une \u00e9closion<\/strong>\u00a0: infection \u00e0 <em>L. monocytogenes<\/em> confirm\u00e9e en laboratoire chez un r\u00e9sident des \u00c9tats-Unis au moyen d\u2019un isolat provenant d\u2019un site normalement st\u00e9rile (p.\u00a0ex. sang ou liquide c\u00e9phalorachidien) ou de produits de conception (p. ex. placenta) fortement apparent\u00e9 \u00e0 d\u2019autres isolats d\u2019\u00e9closion par \u00e9lectrophor\u00e8se en champ puls\u00e9 et wgMLST et recueilli entre le 1<sup>er<\/sup>\u00a0octobre\u00a02014 et le 1<sup>er<\/sup> f\u00e9vrier\u00a02015.<\/p>\n<p><strong>Cas associ\u00e9s \u00e0 la grossesse<\/strong>\u00a0: infection chez une femme enceinte ou un nourrisson (\u00e2g\u00e9 de 28 jours ou moins).<\/p>\n<\/td>\n<td style=\"width: 21.2127%;\" width=\"117\">\n<p>D\u00e9finition de cas \u00e0 l\u2019aide du SGE et de l\u2019ECP<\/p>\n<\/td>\n<td style=\"width: 46.8289%;\" width=\"440\">\n<p>Angelo, K.M. et al. 2017. Multistate outbreak of <em>Listeria monocytogenes<\/em> infections linked to whole apples used in commercially produced, prepackaged caramel apples: United States: 2014-2015 [\u00e9closion dans plusieurs \u00c9tats d\u2019infections \u00e0 <em>Listeria monocytogenes<\/em> li\u00e9es \u00e0 des pommes enti\u00e8res utilis\u00e9es dans les pommes caramel pr\u00e9emball\u00e9es et produites commercialement\u00a0: \u00c9tats-Unis\u00a0: 2014-2015] <em>Epidemiol Infect<\/em>. 145 (5)\u00a0: 848-856. Accessible \u00e0 l\u2019adresse suivante\u00a0(en anglais)\u00a0: https:\/\/www.ncbi.nlm.nih.gov\/pmc\/articles\/PMC6542465\/<\/p>\n<\/td>\n<\/tr>\n<tr>\n<td style=\"width: 8.97436%;\" width=\"85\">\n<p><em>E. coli<\/em><\/p>\n<\/td>\n<td style=\"width: 40.1317%;\" width=\"256\">\n<p><strong>Cas confirm\u00e9<\/strong>\u00a0: un r\u00e9sident ou un visiteur de la Colombie\u2011Britannique, infect\u00e9 par la bact\u00e9rie <em>E.\u00a0coli<\/em>\u00a0O121 entre le 1<sup>er<\/sup> ao\u00fbt\u00a02018 et le 30\u00a0novembre\u00a02018, ayant un isolat identique \u00e0 10\u00a0all\u00e8les pr\u00e8s par typage g\u00e9nomique multilocus pour le g\u00e9nome entier (wgMLST).<\/p>\n<\/td>\n<td style=\"width: 21.2127%;\" width=\"117\">\n<p>D\u00e9finition de cas au moyen du SGE<\/p>\n<\/td>\n<td style=\"width: 46.8289%;\" width=\"440\">\n<p>Boyd, E. et al. 2021. \u00c9closion d<em>\u2019Escherichia coli\u00a0<\/em>O121 associ\u00e9e \u00e0 un fromage au lait cru de type Gouda en Colombie-Britannique, au Canada, 2018. <em>RMTC<\/em>. 47-01. Accessible \u00e0 l\u2019adresse suivante\u00a0: https:\/\/www.canada.ca\/fr\/sante-publique\/services\/rapports-publications\/releve-maladies-transmissibles-canada-rmtc\/numero-mensuel\/2021-47\/numero-1-janvier-2021\/eclosion-origine-alimentaire-colombie-britannique-produits-lait-cru-type-gouda-2018.html<\/p>\n<\/td>\n<\/tr>\n<tr>\n<td style=\"width: 8.97436%;\" width=\"85\">\n<p><em>E. coli<\/em><\/p>\n<\/td>\n<td style=\"width: 40.1317%;\" width=\"256\">\n<p><strong>Cas confirm\u00e9<\/strong>\u00a0: un r\u00e9sident ou un visiteur du Canada infect\u00e9 par la bact\u00e9rie <em>E. coli<\/em>\u00a0non-O157 qui pr\u00e9sentait l\u2019un des profils ECP de l\u2019\u00e9closion ou qui \u00e9tait \u00e9troitement li\u00e9 \u00e0 cette souche par s\u00e9quen\u00e7age du g\u00e9nome entier (SGE), et dont les sympt\u00f4mes sont apparus le 1<sup>er<\/sup> novembre\u00a02016 ou apr\u00e8s cette date. Un lien \u00e9troit a \u00e9t\u00e9 d\u00e9fini comme des diff\u00e9rences d\u2019all\u00e8les de 0 \u00e0 10 par typage g\u00e9nomique multilocus pour le g\u00e9nome entier (wgMLST).<\/p>\n<\/td>\n<td style=\"width: 21.2127%;\" width=\"117\">\n<p>D\u00e9finition de cas \u00e0 l\u2019aide du SGE et de l\u2019ECP<\/p>\n<\/td>\n<td style=\"width: 46.8289%;\" width=\"440\">\n<p>Morton, V. et al. 2020. The use of multiple hypothesis-generating methods in an outbreak investigation of <em>Escherichia coli<\/em> O121 infections associated with wheat flour, Canada 2016-2017 [utilisation de plusieurs m\u00e9thodes g\u00e9n\u00e9ratrices d\u2019hypoth\u00e8ses dans le cadre d\u2019une enqu\u00eate sur l\u2019\u00e9closion d\u2019infections \u00e0 <em>Escherichia coli<\/em>\u00a0O121 associ\u00e9es \u00e0 la farine de bl\u00e9, Canada\u00a02016-2017]. <em>Epidemiol Infect<\/em>. 148:e265 Accessible \u00e0 l\u2019adresse suivante\u00a0(en anglais)\u00a0: https:\/\/www.ncbi.nlm.nih.gov\/pmc\/articles\/PMC7689785\/<\/p>\n<\/td>\n<\/tr>\n<tr>\n<td style=\"width: 8.97436%;\" width=\"85\">\n<p><em>Clostridium perfingens <\/em><\/p>\n<\/td>\n<td style=\"width: 40.1317%;\" width=\"256\">\n<p><strong>D\u00e9finition de cas\u00a0: <\/strong>Membres participant \u00e0 l\u2019exercice\u00a0MR18 qui ont consomm\u00e9 des aliments dans des contenants thermos le soir du 21 avril\u00a02018 [\u2026]<\/p>\n<p><strong>Cas confirm\u00e9\u00a0: <\/strong>[\u2026] pr\u00e9sentant des sympt\u00f4mes de diarrh\u00e9e non sanglante et dont un \u00e9chantillon de selles confirme la pr\u00e9sence de <em>C. perfringens<\/em>.<\/p>\n<p><strong>Cas probable\u00a0:<\/strong> [\u2026] pr\u00e9sentant les sympt\u00f4mes suivants\u00a0: diarrh\u00e9e avec ou sans crampes.<\/p>\n<p><strong>Cas possible\u00a0:<\/strong> [\u2026] qui pr\u00e9sentait des sympt\u00f4mes gastro-intestinaux sans diarrh\u00e9e.<\/p>\n<\/td>\n<td style=\"width: 21.2127%;\" width=\"117\">\n<p>\u00c9closion suite \u00e0 un \u00e9v\u00e9nement<\/p>\n<\/td>\n<td style=\"width: 46.8289%;\" width=\"440\">\n<p>Agence de la sant\u00e9 publique du Canada. 2020. Enqu\u00eate sur l\u2019\u00e9closion de maladies d\u2019origine alimentaire du 21 avril\u00a02018 (Exercice Maple Resolve 2018). <em>RMTC<\/em>. Accessible \u00e0 l\u2019adresse suivante\u00a0: https:\/\/www.canada.ca\/fr\/sante-publique\/services\/rapports-publications\/releve-maladies-transmissibles-canada-rmtc\/numero-mensuel\/2020-46\/numero-9-3-septembre-2020\/infographie-eclosion-maladies-origine-alimentaire.html<\/p>\n<\/td>\n<\/tr>\n<tr>\n<td style=\"width: 8.97436%;\" width=\"85\">\n<p>H\u00e9patite A<\/p>\n<\/td>\n<td style=\"width: 40.1317%;\" width=\"256\">\n<p><strong>Cas confirm\u00e9\u00a0:<\/strong> un r\u00e9sident ou un visiteur du Canada atteint d\u2019une infection par le VHA de g\u00e9notype\u00a01A confirm\u00e9e en laboratoire et l\u2019une des deux empreintes g\u00e9n\u00e9tiques de l\u2019ARN li\u00e9es \u00e0 l\u2019\u00e9closion; une date d\u2019apparition des sympt\u00f4mes du 1<sup>er<\/sup> octobre\u00a02017 ou apr\u00e8s cette date; et aucun contact \u00e9troit avec un cas confirm\u00e9 de 15 \u00e0 50 jours avant le d\u00e9but de la maladie.<\/p>\n<p><strong>Cas secondaire<\/strong>\u00a0: un r\u00e9sident ou un visiteur du Canada atteint d\u2019une infection par le VHA confirm\u00e9e en laboratoire, un contact \u00e9troit avec un cas confirm\u00e9 de 15 \u00e0 50 jours avant l\u2019apparition de la maladie et l\u2019apparition des sympt\u00f4mes au moins 15 jours apr\u00e8s le cas confirm\u00e9 en laboratoire.<\/p>\n<\/td>\n<td style=\"width: 21.2127%;\" width=\"117\">\n<p>D\u00e9finition de cas \u00e0 l\u2019aide du g\u00e9notypage et de l\u2019empreinte de l\u2019ARN<\/p>\n<\/td>\n<td style=\"width: 46.8289%;\" width=\"440\">\n<p>Smith, C.R. et al. 2019. An outbreak of hepatitis A in Canada: the use of a control bank to conduct a case-control study [une \u00e9closion d\u2019h\u00e9patite A au Canada\u00a0: l\u2019utilisation d\u2019une banque t\u00e9moin pour mener une \u00e9tude cas\u2011t\u00e9moin.] <em>Epidemiol Infect<\/em>; 147<em>\u00a0<\/em>: e300. Accessible \u00e0 l\u2019adresse suivante (en anglais)\u00a0: https:\/\/www.ncbi.nlm.nih.gov\/pmc\/articles\/PMC6873153\/<\/p>\n<\/td>\n<\/tr>\n<tr>\n<td style=\"width: 8.97436%;\" width=\"85\">\n<p>Botulisme<\/p>\n<\/td>\n<td style=\"width: 40.1317%;\" width=\"256\">\n<p>Un cas a \u00e9t\u00e9 d\u00e9fini comme \u00e9tant une personne atteinte d\u2019une maladie cliniquement compatible avec le botulisme, survenue entre le 1<sup>er<\/sup> mars\u00a02017 et le 1<sup>er<\/sup> juin\u00a02017, et li\u00e9e \u00e0 un produit commun ing\u00e9r\u00e9 avant l\u2019apparition de la maladie, ainsi que la d\u00e9tection, au moyen d\u2019un essai biologique chez la souris, de la toxine de type A du botulisme dans des \u00e9chantillons cliniques.<\/p>\n<\/td>\n<td style=\"width: 21.2127%;\" width=\"117\">\n<p>\u00c9closion associ\u00e9e \u00e0 un produit pr\u00e9cis<\/p>\n<\/td>\n<td style=\"width: 46.8289%;\" width=\"440\">\n<p>Kim, M. et al. 2019. Outbreak of foodborne botulism associated with prepackaged pouches of liquid herbal tea [\u00e9closion de botulisme d\u2019origine alimentaire associ\u00e9e \u00e0 des sachets pr\u00e9emball\u00e9s de tisane liquide.] <em>Open Forum Infect Dis<\/em>. 6 (2). Accessible \u00e0 l\u2019adresse suivante\u00a0(en anglais)\u00a0: https:\/\/www.ncbi.nlm.nih.gov\/pmc\/articles\/PMC6368845\/<\/p>\n<\/td>\n<\/tr>\n<tr>\n<td style=\"width: 8.97436%;\" width=\"85\">\n<p>Botulisme<\/p>\n<\/td>\n<td style=\"width: 40.1317%;\" width=\"256\">\n<p><strong>Associ\u00e9 \u00e0 l\u2019\u00e9closion<\/strong>\u00a0: une personne pr\u00e9sentant un botulisme confirm\u00e9 en laboratoire et des sympt\u00f4mes neurologiques compatibles sur le plan clinique qui a r\u00e9sid\u00e9 dans le comt\u00e9 de Sacramento ou s\u2019y est rendue en avril 2017 ou en mai\u00a02017, dont la maladie s\u2019est manifest\u00e9e apr\u00e8s le 15 avril\u00a02017 et qui n\u2019avait aucun signe de plaies r\u00e9centes, de fractures ou de consommation r\u00e9cente de drogues injectables.<br \/>\n<strong>Soup\u00e7onn\u00e9\u00a0:<\/strong> cas identifi\u00e9 par les cliniciens qui ont communiqu\u00e9 avec leur service de sant\u00e9 local ou la CDPH pour obtenir une consultation sur le botulisme et ont demand\u00e9 l\u2019administration d\u2019une antitoxine botulinique.<\/p>\n<\/td>\n<td style=\"width: 21.2127%;\" width=\"117\">\n<p>\u00c9closion associ\u00e9e \u00e0 un produit pr\u00e9cis<\/p>\n<\/td>\n<td style=\"width: 46.8289%;\" width=\"440\">\n<p>Rosen, H.E. et al. 2020. Foodborne botulism outbreak associated with commercial nacho cheese sauce from a gas station market [\u00e9closion de botulisme d\u2019origine alimentaire associ\u00e9e au fromage fondu commercial provenant du magasin d\u2019une station-service]. <em>Clin Infect Dis<\/em>\u00a070 (8)\u00a0: 1695-1700. Accessible \u00e0 l\u2019adresse suivante\u00a0(en anglais)\u00a0: https:\/\/academic.oup.com\/cid\/article\/70\/8\/1695\/5524350<\/p>\n<\/td>\n<\/tr>\n<\/tbody>\n<\/table>\n<p>&nbsp;<\/p>\n","protected":false},"excerpt":{"rendered":"<p>T\u00e9l\u00e9charger le format de rechange (Format Word, 4 pages,\u00a0 28Ko) Agent pathog\u00e8ne D\u00e9finitions de cas Contexte R\u00e9f\u00e9rences Salmonella Cas confirm\u00e9\u00a0: infection \u00e0 S.\u00a0Enteritidis confirm\u00e9e en laboratoire par le s\u00e9quen\u00e7age du g\u00e9nome entier (SGE) des souches associ\u00e9es \u00e0 l\u2019\u00e9closion, survenue entre le 1er\u00a0mai\u00a02015 et le 31\u00a0octobre\u00a02018 Cas probable\u00a0: infection \u00e0 S.\u00a0Enteritidis confirm\u00e9e en laboratoire au moyen [&hellip;]<\/p>\n","protected":false},"author":33,"featured_media":0,"parent":4101,"menu_order":0,"comment_status":"closed","ping_status":"closed","template":"","meta":{"footnotes":""},"class_list":["post-4319","page","type-page","status-publish","hentry"],"_links":{"self":[{"href":"https:\/\/outbreaktools.ca\/fr\/wp-json\/wp\/v2\/pages\/4319","targetHints":{"allow":["GET"]}}],"collection":[{"href":"https:\/\/outbreaktools.ca\/fr\/wp-json\/wp\/v2\/pages"}],"about":[{"href":"https:\/\/outbreaktools.ca\/fr\/wp-json\/wp\/v2\/types\/page"}],"author":[{"embeddable":true,"href":"https:\/\/outbreaktools.ca\/fr\/wp-json\/wp\/v2\/users\/33"}],"replies":[{"embeddable":true,"href":"https:\/\/outbreaktools.ca\/fr\/wp-json\/wp\/v2\/comments?post=4319"}],"version-history":[{"count":18,"href":"https:\/\/outbreaktools.ca\/fr\/wp-json\/wp\/v2\/pages\/4319\/revisions"}],"predecessor-version":[{"id":4947,"href":"https:\/\/outbreaktools.ca\/fr\/wp-json\/wp\/v2\/pages\/4319\/revisions\/4947"}],"up":[{"embeddable":true,"href":"https:\/\/outbreaktools.ca\/fr\/wp-json\/wp\/v2\/pages\/4101"}],"wp:attachment":[{"href":"https:\/\/outbreaktools.ca\/fr\/wp-json\/wp\/v2\/media?parent=4319"}],"curies":[{"name":"wp","href":"https:\/\/api.w.org\/{rel}","templated":true}]}}