{"id":4462,"date":"2021-07-09T09:29:09","date_gmt":"2021-07-09T13:29:09","guid":{"rendered":"https:\/\/outbreaktools.ca\/?page_id=4462"},"modified":"2021-10-20T15:41:55","modified_gmt":"2021-10-20T19:41:55","slug":"visual-chronology-template","status":"publish","type":"page","link":"https:\/\/outbreaktools.ca\/fr\/tools\/visual-chronology-template\/","title":{"rendered":"Module 4 : Chronologie visuelle modele"},"content":{"rendered":"<p><a title=\"Chronologie visuelle modele\" href=\"https:\/\/outbreaktools.ca\/wp-content\/uploads\/2017\/03\/Modele-Chronologie-visuelle-des-evenements.pptx\">T\u00e9l\u00e9charger le format de rechange\u00a0et mod\u00e8le<\/a><br \/>\n(Format Powerpoint, 174\u00a0Ko, 3 diapositives)<\/p>\n<h4>Chronologie visuelle des \u00e9v\u00e9nements \u2013\u00a0<b>GUIDE DE L\u2019UTILISATEUR ET MOD\u00c8LE<\/b><\/h4>\n<p><i>Une<\/i>\u00a0<i>chronologie<\/i>\u00a0<i>visuelle<\/i><i>\u00a0illustre les activit\u00e9s g\u00e9n\u00e9rales qui ont eu lieu au\u00a0<\/i><i>cours<\/i><i>\u00a0<\/i><i>d\u2019une<\/i><i>\u00a0enqu\u00eate au moyen d\u2019une courbe \u00e9pid\u00e9mique.<\/i><\/p>\n<h4><b>CE DONT VOUS AUREZ BESOIN\u00a0<\/b><\/h4>\n<p><b>Description chronologique des \u00e9v\u00e9nements \u2013\u00a0<\/b>Les \u00e9v\u00e9nements \u00e0 inclure dans une description chronologique sont propres \u00e0 chaque enqu\u00eate, mais il convient de consid\u00e9rer d\u2019inclure ce qui suit\u00a0:<\/p>\n<ul>\n<li>Premi\u00e8re date o\u00f9 un \u00e9v\u00e9nement est signal\u00e9 ou date \u00e0 laquelle l\u2019organisme directeur est notifi\u00e9.<\/li>\n<li>Date \u00e0 laquelle l\u2019\u00e9closion est d\u00e9clar\u00e9e (date de d\u00e9but) et date \u00e0 laquelle elle est d\u00e9clar\u00e9e termin\u00e9e (date de fin)<\/li>\n<li>Dates d\u2019activation et de dissolution du CCEE<\/li>\n<li>Date \u00e0 laquelle l\u2019enqu\u00eate est \u00e9largie (c.-\u00e0-d. une nouvelle province est ajout\u00e9e)<\/li>\n<li>Date \u00e0 laquelle une \u00e9valuation \u00e9pid\u00e9miologique est pr\u00e9par\u00e9e pour une \u00e9valuation des risques pour la sant\u00e9<\/li>\n<li>Dates des constatations importantes (c.-\u00e0-d. constatations de tra\u00e7abilit\u00e9, \u00e9chantillon de laboratoire positif, \u00e9tude \u00e9pid\u00e9miologique)<\/li>\n<li>Dates auxquelles les autorit\u00e9s de sant\u00e9 publique prennent des mesures\u00a0: communications: aux professionnels de la sant\u00e9 publique (c.-\u00e0-d. alerte de sant\u00e9 publique) ou au public (c.-\u00e0-d.avis de sant\u00e9 publique); rappel de produits.<\/li>\n<\/ul>\n<p><b>Deux courbes \u00e9pid\u00e9miques \u2013\u00a0<\/b>\u00c0 l\u2019aide de la liste d\u00e9taill\u00e9e de l\u2019enqu\u00eate, cr\u00e9er deux courbes \u00e9pid\u00e9miques avec des axes identiques dans Excel.<\/p>\n<ul>\n<li>Nombre de cas confirm\u00e9s, par date d\u2019apparition<\/li>\n<li>Nombre de cas confirm\u00e9s, par date de signalement \u00e0 la Sant\u00e9 publique<\/li>\n<\/ul>\n<h4><b>FORMATAGE<\/b><\/h4>\n<p>Les d\u00e9tails des \u00e9v\u00e9nements doivent \u00eatre condens\u00e9s et r\u00e9dig\u00e9s au pr\u00e9sent. Les \u00e9v\u00e9nements doivent \u00eatre class\u00e9s dans l\u2019une des cat\u00e9gories suivantes\u00a0:<\/p>\n<ul>\n<li>Identification de l\u2019\u00e9closion et implication de la source<\/li>\n<li>Activit\u00e9s r\u00e9glementaires et de tra\u00e7abilit\u00e9 et r\u00e9sultats d\u2019analyse<\/li>\n<\/ul>\n<h4><b>ASSEMBLAGE DE TOUS LES \u00c9L\u00c9MENTS<\/b><\/h4>\n<p>En utilisant le mod\u00e8le du pr\u00e9sent guide (page\u00a02 dans le format de rechange), il est possible de cr\u00e9er une description chronologique visuelle des \u00e9v\u00e9nements.<\/p>\n<ol>\n<li>Dans le menu \u00ab\u00a0Mise en page\u00a0\u00bb choisir l\u2019orientation de la description chronologique (c.-\u00e0-d. portrait ou paysage).<\/li>\n<li>Recopier deux courbes \u00e9pid\u00e9miques (copier \u00ab\u00a0en tant qu\u2019image\u00a0\u00bb) dans le mod\u00e8le\u00a0\u2013 garder la m\u00eame taille d\u2019image.<\/li>\n<li>Utiliser les cases et les lignes du mod\u00e8le et cr\u00e9er autant de copies que n\u00e9cessaire.<\/li>\n<li>Placer le contenu de la description chronologique dans la case d\u2019\u00e9v\u00e9nement appropri\u00e9e\u00a0:\n<ul>\n<li>Dans les cases bleues, placer le contenu appropri\u00e9 pour\u00a0<i>Identification de l\u2019\u00e9closion et implication de la source.<\/i><\/li>\n<li>Dans les cases vertes, placer les\u00a0<i>Activit\u00e9s r\u00e9glementaires et de tra\u00e7abilit\u00e9<\/i>\u00a0(et les r\u00e9sultats des analyses).<\/li>\n<\/ul>\n<\/li>\n<li>En utilisant les lignes, faire correspondre la date de la case de l\u2019\u00e9v\u00e9nement \u00e0 la date des courbes \u00e9pid\u00e9miques.<\/li>\n<li>Mettre en page\/d\u00e9placer\/ajouter\/supprimer des cases d\u2019\u00e9v\u00e9nement et des lignes au besoin.\n<ul>\n<li>S\u2019assurer que toutes les polices sont les m\u00eames et disposer\/mettre en page la description chronologique visuelle selon vos pr\u00e9f\u00e9rences.<\/li>\n<li><i>Conseil\u00a0: Lorsque la ligne de connexion est s\u00e9lectionn\u00e9e,\u00a0<\/i><i>une<\/i><i>\u00a0ic\u00f4ne jaune appara\u00eet et peut \u00eatre utilis\u00e9e pour\u00a0<\/i><i>ajuster<\/i>\u00a0<i>l\u2019orientation<\/i><i>.<\/i><\/li>\n<li><i>Conseil\u00a0: Grouper ou dissocier les lignes et les cases au besoin (clic droit sur la case >> s\u00e9lectionner \u00ab\u00a0grouper\u00a0\u00bb).<\/i><\/li>\n<\/ul>\n<\/li>\n<\/ol>\n","protected":false},"excerpt":{"rendered":"<p>T\u00e9l\u00e9charger le format de rechange\u00a0et mod\u00e8le (Format Powerpoint, 174\u00a0Ko, 3 diapositives) Chronologie visuelle des \u00e9v\u00e9nements \u2013\u00a0GUIDE DE L\u2019UTILISATEUR ET MOD\u00c8LE Une\u00a0chronologie\u00a0visuelle\u00a0illustre les activit\u00e9s g\u00e9n\u00e9rales qui ont eu lieu au\u00a0cours\u00a0d\u2019une\u00a0enqu\u00eate au moyen d\u2019une courbe \u00e9pid\u00e9mique. CE DONT VOUS AUREZ BESOIN\u00a0 Description chronologique des \u00e9v\u00e9nements \u2013\u00a0Les \u00e9v\u00e9nements \u00e0 inclure dans une description chronologique sont propres \u00e0 chaque [&hellip;]<\/p>\n","protected":false},"author":33,"featured_media":0,"parent":88,"menu_order":0,"comment_status":"closed","ping_status":"closed","template":"","meta":{"footnotes":""},"class_list":["post-4462","page","type-page","status-publish","hentry"],"_links":{"self":[{"href":"https:\/\/outbreaktools.ca\/fr\/wp-json\/wp\/v2\/pages\/4462","targetHints":{"allow":["GET"]}}],"collection":[{"href":"https:\/\/outbreaktools.ca\/fr\/wp-json\/wp\/v2\/pages"}],"about":[{"href":"https:\/\/outbreaktools.ca\/fr\/wp-json\/wp\/v2\/types\/page"}],"author":[{"embeddable":true,"href":"https:\/\/outbreaktools.ca\/fr\/wp-json\/wp\/v2\/users\/33"}],"replies":[{"embeddable":true,"href":"https:\/\/outbreaktools.ca\/fr\/wp-json\/wp\/v2\/comments?post=4462"}],"version-history":[{"count":4,"href":"https:\/\/outbreaktools.ca\/fr\/wp-json\/wp\/v2\/pages\/4462\/revisions"}],"predecessor-version":[{"id":4806,"href":"https:\/\/outbreaktools.ca\/fr\/wp-json\/wp\/v2\/pages\/4462\/revisions\/4806"}],"up":[{"embeddable":true,"href":"https:\/\/outbreaktools.ca\/fr\/wp-json\/wp\/v2\/pages\/88"}],"wp:attachment":[{"href":"https:\/\/outbreaktools.ca\/fr\/wp-json\/wp\/v2\/media?parent=4462"}],"curies":[{"name":"wp","href":"https:\/\/api.w.org\/{rel}","templated":true}]}}