{"id":4470,"date":"2021-07-09T09:48:19","date_gmt":"2021-07-09T13:48:19","guid":{"rendered":"https:\/\/outbreaktools.ca\/?page_id=4470"},"modified":"2021-10-20T15:41:48","modified_gmt":"2021-10-20T19:41:48","slug":"final-epi-summary-template","status":"publish","type":"page","link":"https:\/\/outbreaktools.ca\/fr\/tools\/final-epi-summary-template\/","title":{"rendered":"R\u00e9sum\u00e9 \u00e9pid\u00e9miologique final"},"content":{"rendered":"<p><a href=\"https:\/\/outbreaktools.ca\/wp-content\/uploads\/2021\/09\/FR-Final-epi-summary.docx\">T\u00e9l\u00e9charger le format de rechange<\/a><br \/>\n(Word format, 3 pages, 17KB)<\/p>\n<p style=\"text-align: center;\">[EVENT ID#] [Pathog\u00e8ne] en [P\/T]<\/p>\n<p style=\"text-align: center;\">[SGE Codes de grappe]<\/p>\n<h4 class=\"entry-title\" style=\"text-align: center;\">R\u00e9sum\u00e9 \u00e9pid\u00e9miologique final<strong>; [DATE]<\/strong><\/h4>\n<table width=\"0\">\n<thead>\n<tr>\n<td width=\"182\">\n<p><u>\u00a0<\/u><\/p>\n<\/td>\n<td width=\"416\">\n<p><strong>Cas confirm\u00e9s (n=#)<\/strong><\/p>\n<\/td>\n<\/tr>\n<\/thead>\n<tbody>\n<tr>\n<td width=\"182\">\n<p>Nombre de cas dans les provinces et territoires<\/p>\n<\/td>\n<td width=\"416\">\n<p>PT=#<\/p>\n<p>PT=#<\/p>\n<\/td>\n<\/tr>\n<tr>\n<td width=\"182\">\n<p>Estimation du fardeau de la maladie<a href=\"#_ftn1\" name=\"_ftnref1\">[1]<\/a><\/p>\n<\/td>\n<td width=\"416\">\n<p>#<\/p>\n<\/td>\n<\/tr>\n<tr>\n<td width=\"182\">\n<p>\u00c2ge (ann\u00e9es)<\/p>\n<p>Moyenne<\/p>\n<p>M\u00e9diane<\/p>\n<p>Tranche d\u2019\u00e2ges<\/p>\n<\/td>\n<td width=\"416\">\n<p>#<\/p>\n<p>#<\/p>\n<p>#-#<\/p>\n<\/td>\n<\/tr>\n<tr>\n<td width=\"182\">\n<p>% de sexe f\u00e9minin<\/p>\n<\/td>\n<td width=\"416\">\n<p>% (#\/#)<\/p>\n<\/td>\n<\/tr>\n<tr>\n<td width=\"182\">\n<p>Hospitalisations<\/p>\n<\/td>\n<td width=\"416\">\n<p>% (#\/#)<\/p>\n<\/td>\n<\/tr>\n<tr>\n<td width=\"182\">\n<p>HUS<\/p>\n<\/td>\n<td width=\"416\">\n<p>#<\/p>\n<\/td>\n<\/tr>\n<tr>\n<td width=\"182\">\n<p>D\u00e9c\u00e8s<\/p>\n<\/td>\n<td width=\"416\">\n<p>#<\/p>\n<\/td>\n<\/tr>\n<tr>\n<td width=\"182\">\n<p>Intervalle des dates d\u2019apparition des sympt\u00f4mes<\/p>\n<\/td>\n<td width=\"416\">\n<p>DATE (type de date) \u00e0<\/p>\n<p>DATE\u00a0(type de date)<\/p>\n<\/td>\n<\/tr>\n<tr>\n<td width=\"182\">\n<p>D\u00e9lai de d\u00e9claration (jours)<\/p>\n<p>M\u00e9diane<\/p>\n<p>Intervalle<\/p>\n<\/td>\n<td width=\"416\">\n<p>&nbsp;<\/p>\n<p>#-#<\/p>\n<p>#<\/p>\n<\/td>\n<\/tr>\n<tr>\n<td width=\"182\">\n<p>Courbe \u00e9pid\u00e9mique<\/p>\n<\/td>\n<td width=\"416\">\n<p id=\"tw-target-text\" class=\"tw-data-text tw-text-large XcVN5d tw-ta\" dir=\"ltr\" data-placeholder=\"Translation\"><span class=\"Y2IQFc\" lang=\"fr\">Cas confirm\u00e9s par meilleure date disponible <\/span><strong>(n=#) <\/strong><\/p>\n<p><strong>\u00a0<\/strong><strong>\u00a0<\/strong><\/p>\n<p id=\"tw-target-text\" class=\"tw-data-text tw-text-large XcVN5d tw-ta\" dir=\"ltr\" data-placeholder=\"Translation\"><span class=\"Y2IQFc\" lang=\"fr\">* Indicateurs sur la courbe \u00e9pi (par exemple, dates d&rsquo;isolement\/collecte, cas probables, cas secondaires)<\/span><\/p>\n<\/td>\n<\/tr>\n<\/tbody>\n<\/table>\n<p>&nbsp;<\/p>\n<p><strong><u>Premi\u00e8res \u00e9tapes de l\u2019enqu\u00eate<\/u><\/strong><\/p>\n<ul>\n<li>R\u00e9sumer les premi\u00e8res \u00e9tapes de l\u2019enqu\u00eate, notamment la d\u00e9tection de l\u2019\u00e9closion, la communication de l\u2019avis, le contexte particulier \u00e0 prendre en compte, s\u2019il y a lieu, et les raisons qui ont motiv\u00e9 la mise sur pied d\u2019un CCEE national.<\/li>\n<\/ul>\n<p><strong><u>Enqu\u00eate \u00e9pid\u00e9miologique<\/u><\/strong><\/p>\n<ul>\n<li>R\u00e9sumer les expositions \u00e0 des aliments d\u2019int\u00e9r\u00eat. Pour cette section, il est possible de s\u2019inspirer de la derni\u00e8re mise \u00e0 jour \u00e9pid\u00e9miologique d\u2019un CCEE. Vous trouverez ci-dessous des exemples de renseignements \u00e0 inclure.<\/li>\n<\/ul>\n<p><strong><u>Enqu\u00eate en laboratoire<\/u><\/strong><\/p>\n<ul>\n<li>R\u00e9sumer les renseignements et le contexte relatifs au laboratoire. Le cas \u00e9ch\u00e9ant, porter une attention particuli\u00e8re au contexte historique ou aux analyses inhabituelles men\u00e9es dans le cadre de l\u2019enqu\u00eate. Vous trouverez ci-dessous des exemples de renseignements \u00e0 inclure.<\/li>\n<\/ul>\n<p><strong><u>Enqu\u00eate sur la salubrit\u00e9 des aliments<\/u><\/strong><\/p>\n<ul>\n<li>R\u00e9sumer l\u2019information concernant l\u2019enqu\u00eate sur la salubrit\u00e9 des aliments ou sur les produits (p.\u00a0ex. activit\u00e9s de tra\u00e7age en amont, \u00e9valuations des risques pour la sant\u00e9, \u00e9chantillonnage, rappels de produits, restrictions \u00e0 l\u2019importation ou \u00e0 l\u2019exportation).<\/li>\n<li>Il est possible d\u2019ajouter des d\u00e9tails dans une annexe ou \u00e0 m\u00eame la section. Reproduire le format de la derni\u00e8re mise \u00e0 jour \u00e9pid\u00e9miologique dans le cadre de l\u2019enqu\u00eate.<\/li>\n<\/ul>\n<p><strong><u>Communications en sant\u00e9 publique<\/u><\/strong><\/p>\n<ul>\n<li>Le cas \u00e9ch\u00e9ant, r\u00e9sumer l\u2019information sur les avis de sant\u00e9 publique publi\u00e9s dans le cadre de l\u2019enqu\u00eate.<\/li>\n<\/ul>\n<p><strong><u>Enqu\u00eate aux \u00c9tats-Unis<\/u><\/strong><\/p>\n<ul>\n<li>Le cas \u00e9ch\u00e9ant, r\u00e9sumer les liens avec les enqu\u00eates men\u00e9es en parall\u00e8le aux \u00c9tats-Unis; se reporter aux avis publics pour les chiffres d\u00e9taill\u00e9s. Les renseignements qui ne sont pas accessibles au public ne peuvent \u00eatre inclus que s\u2019ils ont \u00e9t\u00e9 approuv\u00e9s au pr\u00e9alable par les CDC des \u00c9tats-Unis.<\/li>\n<\/ul>\n<p><strong><u>Derni\u00e8res \u00e9tapes de l\u2019enqu\u00eate<\/u><\/strong><\/p>\n<ul>\n<li>R\u00e9sumer la conclusion de l\u2019\u00e9closion et la dissolution du CCEE. Indiquer le contexte et une justification si le CCEE demeure en place bien au-del\u00e0 de la date \u00e0 laquelle l\u2019\u00e9closion pourrait \u00eatre d\u00e9clar\u00e9e termin\u00e9e ou si l\u2019\u00e9closion n\u2019est pas d\u00e9clar\u00e9e termin\u00e9e.<\/li>\n<\/ul>\n<p>&nbsp;<\/p>\n<p><a href=\"#_ftnref1\" name=\"_ftn1\">[1]<\/a> D\u2019apr\u00e8s le multiplicateur pour [<i>Pathogen]<\/i>\u00a0tir\u00e9 de Thomas MK, Murray R, Flockhart L et coll. Estimates of the burden of foodborne illness in Canada for 30 specified pathogens and unspecified agents, Circa 2006. Foodborne Pathog Dis 2013;10(7):639-648.<\/p>\n","protected":false},"excerpt":{"rendered":"<p>T\u00e9l\u00e9charger le format de rechange (Word format, 3 pages, 17KB) [EVENT ID#] [Pathog\u00e8ne] en [P\/T] [SGE Codes de grappe] R\u00e9sum\u00e9 \u00e9pid\u00e9miologique final; [DATE] \u00a0 Cas confirm\u00e9s (n=#) Nombre de cas dans les provinces et territoires PT=# PT=# Estimation du fardeau de la maladie[1] # \u00c2ge (ann\u00e9es) Moyenne M\u00e9diane Tranche d\u2019\u00e2ges # # #-# % de [&hellip;]<\/p>\n","protected":false},"author":33,"featured_media":0,"parent":88,"menu_order":0,"comment_status":"closed","ping_status":"closed","template":"","meta":{"footnotes":""},"class_list":["post-4470","page","type-page","status-publish","hentry"],"_links":{"self":[{"href":"https:\/\/outbreaktools.ca\/fr\/wp-json\/wp\/v2\/pages\/4470","targetHints":{"allow":["GET"]}}],"collection":[{"href":"https:\/\/outbreaktools.ca\/fr\/wp-json\/wp\/v2\/pages"}],"about":[{"href":"https:\/\/outbreaktools.ca\/fr\/wp-json\/wp\/v2\/types\/page"}],"author":[{"embeddable":true,"href":"https:\/\/outbreaktools.ca\/fr\/wp-json\/wp\/v2\/users\/33"}],"replies":[{"embeddable":true,"href":"https:\/\/outbreaktools.ca\/fr\/wp-json\/wp\/v2\/comments?post=4470"}],"version-history":[{"count":3,"href":"https:\/\/outbreaktools.ca\/fr\/wp-json\/wp\/v2\/pages\/4470\/revisions"}],"predecessor-version":[{"id":4799,"href":"https:\/\/outbreaktools.ca\/fr\/wp-json\/wp\/v2\/pages\/4470\/revisions\/4799"}],"up":[{"embeddable":true,"href":"https:\/\/outbreaktools.ca\/fr\/wp-json\/wp\/v2\/pages\/88"}],"wp:attachment":[{"href":"https:\/\/outbreaktools.ca\/fr\/wp-json\/wp\/v2\/media?parent=4470"}],"curies":[{"name":"wp","href":"https:\/\/api.w.org\/{rel}","templated":true}]}}