{"id":503,"date":"2015-01-22T04:33:48","date_gmt":"2015-01-22T04:33:48","guid":{"rendered":"http:\/\/phac.hyperinteractive.ca\/?page_id=503"},"modified":"2025-01-31T17:28:57","modified_gmt":"2025-01-31T21:28:57","slug":"sources-of-public-health-intelligence","status":"publish","type":"page","link":"https:\/\/outbreaktools.ca\/fr\/tools\/sources-of-public-health-intelligence\/","title":{"rendered":"Sources de renseignements relevant de la sant\u00e9 publique"},"content":{"rendered":"<p><strong>Des sources de renseignements sur la sant\u00e9 publique<\/strong> peuvent \u00eatre utilis\u00e9es \u00e0 tous les stades d&rsquo;une <a title=\"Enqu\u00eate sur l'\u00e9closion\" href=\"http:\/\/outilspoureclosions.ca\/background\/outbreak-investigation\/\">enqu\u00eate sur l&rsquo;\u00e9closion<\/a> d&rsquo;une maladie ent\u00e9rique \u2013 de <a title=\"Identification de l'\u00e9closion\" href=\"http:\/\/outilspoureclosions.ca\/background\/outbreak-identification\/\">l&rsquo;identification de l&rsquo;\u00e9closion<\/a> \u00e0 la <a title=\"G\u00e9n\u00e9ration des hypoth\u00e8ses\" href=\"http:\/\/outilspoureclosions.ca\/background\/hypothesis-generation\/\">g\u00e9n\u00e9ration des hypoth\u00e8ses<\/a>, \u00e0 <a title=\"Post-\u00e9closion - Application des connaissances\" href=\"http:\/\/outilspoureclosions.ca\/background\/post-outbreak\/#kt\">l&rsquo;application des connaissances<\/a> pour recueillir et transmettre des renseignements. Ce document fournit une liste de ressources en ligne qui peuvent \u00eatre utilis\u00e9es pour faire le signalement d&rsquo;une \u00e9closion et de revues dans lesquelles sont publi\u00e9s les r\u00e9sultats d&rsquo;enqu\u00eate sur l&rsquo;\u00e9closion d&rsquo;une maladie ent\u00e9rique.<\/p>\n<h2>Sur cette page<\/h2>\n<ul>\n<li><a title=\"Avis d\u2019\u00e9closion\" href=\"#notification\">Avis d\u2019\u00e9closion<\/a><a id=\"notification\"><\/a><\/li>\n<li><a title=\"Revues\" href=\"#journals\">Revues<\/a><\/li>\n<\/ul>\n<h2>Avis d\u2019\u00e9closion<\/h2>\n<p><a href=\"https:\/\/gphin.canada.ca\/cepr\/aboutgphin-rmispenbref.jsp?language=fr_CA\"><strong>Le r\u00e9seau mondial d&rsquo;information en sant\u00e9 publique (RMISP)\u00a0<\/strong><\/a><\/p>\n<ul>\n<li>Le r\u00e9seau mondial d&rsquo;information en sant\u00e9 publique (RMISP) est un syst\u00e8me de surveillance mondiale en sant\u00e9 publique bas\u00e9e sur le web et d\u00e9velopp\u00e9 par l&rsquo;Agence de sant\u00e9 publique du Canada (ASPC). Il fait partie du r\u00e9seau Global Outbreak Alert Response (GOARN) de l&rsquo;Organisation mondiale de la sant\u00e9 (OMS). Le syst\u00e8me diffuse des renseignements provenant de sources ouvertes telles que le fil de nouvelles, de groupes de discussion et de sites Web, en neuf langues, afin d&rsquo;aider \u00e0 d\u00e9tecter et signaler l&rsquo;\u00e9closion de maladies ou des menaces en sant\u00e9 publique dans le monde entier en tirant parti des communications globalis\u00e9es virtuelles existantes. Ce syst\u00e8me est g\u00e9r\u00e9 par une \u00e9quipe d&rsquo;analystes multidisciplinaires qui appliquent leurs comp\u00e9tences d&rsquo;interpr\u00e9tation et d&rsquo;analyses pour identifier et signaler aux membres du RISMP, des \u00e9v\u00e9nements de sant\u00e9 publique qui peuvent avoir des cons\u00e9quences graves pour la sant\u00e9 publique. RMISP fournit des services \u00e0 plus de 500 professionnels et organisations en sant\u00e9 publique au sein et \u00e0 l&rsquo;ext\u00e9rieur du Canada. Vous pouvez joindre ce r\u00e9seau en contactant l&rsquo;\u00e9quipe RMISP \u00e0 l&rsquo;adresse suivante: GPHIN-RMISP@phac-aspc.gc.ca. Si vous d\u00e9cidez de joindre le r\u00e9seau RMISP, svp faites-nous savoir pour quelle organisation de sant\u00e9 publique vous travaillez et dans quel but vous allez utiliser le syst\u00e8me du RISMP.<\/li>\n<\/ul>\n<p><a href=\"http:\/\/healthmap.org\/fr\/\" target=\"_blank\" rel=\"noopener noreferrer\"><strong>HealthMap\u00a0<\/strong><\/a><\/p>\n<ul>\n<li>Cr\u00e9\u00e9 par une \u00e9quipe du Boston Children&rsquo;s Hospital, HealthMap est un syst\u00e8me de surveillance en ligne qui recueille des donn\u00e9es de partout dans le monde sur des \u00e9closions de maladie ou de nouvelles menaces pour la sant\u00e9 publique, les endroits o\u00f9 elles surviennent et le nombre de cas.<\/li>\n<\/ul>\n<p><strong><a href=\"http:\/\/www.promedmail.org\/\" target=\"_blank\" rel=\"noopener noreferrer\">Program for Monitoring Emerging Diseases (ProMED-mail)<\/a>\u00a0<\/strong><\/p>\n<ul>\n<li>Syst\u00e8me de d\u00e9claration en ligne qui diffuse des renseignements par courriel sur des \u00e9closions actuelles dans le monde. Les sources de renseignements proviennent souvent des abonn\u00e9s de ProMed et elles comprennent notamment des reportages des m\u00e9dias, des rapports officiels, des r\u00e9sum\u00e9s en ligne et des observations locales.<\/li>\n<\/ul>\n<p><a title=\"Communication et coordination - Alertes de sant\u00e9 publique\" href=\"https:\/\/outbreaktools.ca\/fr\/background\/communication-and-coordination\/#pha\" target=\"_blank\" rel=\"noopener noreferrer\"><strong>Alertes de sant\u00e9 publique<\/strong><\/a><\/p>\n<ul>\n<li>Syst\u00e8me Web s\u00e9curis\u00e9 d&rsquo;alerte offerte sur la plateforme du R\u00e9seau canadien de renseignements sur la sant\u00e9 publique. Le but est de diffuser des renseignements sur les \u00e9v\u00e9nements actuels en mati\u00e8re de sant\u00e9 publique aux provinces et territoires, aux autorit\u00e9s locales\/r\u00e9gionales de la sant\u00e9 et aux organismes nationaux du Canada.<\/li>\n<\/ul>\n<p><a href=\"https:\/\/voyage.gc.ca\/voyager\/sante-securite\/conseils-sante-voyageurs\" target=\"_blank\" rel=\"noopener noreferrer\"><strong>Conseils de sant\u00e9 aux voyageurs de l&rsquo;Agence de la sant\u00e9 publique du Canada<\/strong><\/a><\/p>\n<ul>\n<li>Source de renseignements pour les voyageurs qui est pr\u00e9sent\u00e9e sur le site Web de l&rsquo;Agence de la sant\u00e9 publique du Canada, \u00e0 propos des conditions ou des \u00e9closions actuelles dans d&rsquo;autres pays. Les conseils de sant\u00e9 aux voyageurs pr\u00e9sentent \u00e9galement des mesures pr\u00e9ventives \u00e0 consid\u00e9rer lors de voyages dans des pays o\u00f9 des risques potentiels pour la sant\u00e9 publique sont indiqu\u00e9s.<\/li>\n<\/ul>\n<p><a href=\"https:\/\/x.com\/?lang=fr\" target=\"_blank\" rel=\"noopener noreferrer\"><strong>X\u00a0<\/strong><\/a><\/p>\n<ul>\n<li>Service de r\u00e9seautage social en ligne qui permet aux utilisateurs de suivre des \u00e9v\u00e9nements en temps r\u00e9el.<a id=\"journals\"><\/a><\/li>\n<\/ul>\n<p style=\"text-align: right;\"><a title=\"Retour vers le haut de la page\" href=\"#top\">Retour vers le haut de la page<\/a><\/p>\n<h2>Revues<\/h2>\n<p>La liste suivante fournit plusieurs exemples de revues dans lesquelles sont publi\u00e9s les r\u00e9sultats d&rsquo;enqu\u00eate sur l&rsquo;\u00e9closion d&rsquo;une maladie ent\u00e9rique. Les revues ci-dessous n&rsquo;offrent pas toutes un acc\u00e8s libre. La plupart des revues sont disponibles en anglais seulement.<\/p>\n<ul>\n<li><a href=\"http:\/\/aje.oxfordjournals.org\/\" target=\"_blank\" rel=\"noopener noreferrer\">American Journal of Epidemiology<\/a><\/li>\n<li><a href=\"http:\/\/www.biomedcentral.com\/bmcpublichealth\" target=\"_blank\" rel=\"noopener noreferrer\">BMC Public Health<\/a><\/li>\n<li><a href=\"https:\/\/www.canada.ca\/fr\/sante-publique\/services\/rapports-publications\/releve-maladies-transmissibles-canada-rmtc.html\" target=\"_blank\" rel=\"noopener noreferrer\">Relev\u00e9 des maladies transmissibles au Canada (RMTC)<\/a><\/li>\n<li><a href=\"https:\/\/www.springer.com\/journal\/41997\" target=\"_blank\" rel=\"noopener noreferrer\">Revue canadienne de sant\u00e9 publique<\/a><\/li>\n<li><a href=\"http:\/\/www.cmaj.ca\/\" target=\"_blank\" rel=\"noopener noreferrer\">Canadian Medical Association Journal (CMAJ)<\/a><\/li>\n<li><a href=\"http:\/\/cid.oxfordjournals.org\/\" target=\"_blank\" rel=\"noopener noreferrer\">Clinical Infectious Diseases<\/a><\/li>\n<li><a href=\"http:\/\/wwwnc.cdc.gov\/eid\/\" target=\"_blank\" rel=\"noopener noreferrer\">Emerging Infectious Disease<\/a><\/li>\n<li><a href=\"http:\/\/journals.cambridge.org\/action\/displayJournal?jid=HYG\" target=\"_blank\" rel=\"noopener noreferrer\">Epidemiology and Infection<\/a><\/li>\n<li><a href=\"http:\/\/eurpub.oxfordjournals.org\/\" target=\"_blank\" rel=\"noopener noreferrer\">European Journal of Public Health<\/a><\/li>\n<li><a href=\"http:\/\/www.eurosurveillance.org\/\" target=\"_blank\" rel=\"noopener noreferrer\">Eurosurveillance<\/a><\/li>\n<li><a href=\"http:\/\/ije.oxfordjournals.org\/\" target=\"_blank\" rel=\"noopener noreferrer\">International Journal of Epidemiology<\/a><\/li>\n<li><a href=\"http:\/\/www.sciencedirect.com\/science\/journal\/01681605\" target=\"_blank\" rel=\"noopener noreferrer\">International Journal of Food Microbiology <\/a><\/li>\n<li><a href=\"http:\/\/www.journals.elsevier.com\/international-journal-of-hygiene-and-environmental-health\/\" target=\"_blank\" rel=\"noopener noreferrer\">International Journal of Hygiene and Environmental Health<\/a><\/li>\n<li><a href=\"http:\/\/jama.jamanetwork.com\/journal.aspx\" target=\"_blank\" rel=\"noopener noreferrer\">Journal of the American Medical Association (JAMA)<\/a><\/li>\n<li><a href=\"http:\/\/www.jclinepi.com\/\" target=\"_blank\" rel=\"noopener noreferrer\">Journal of Clinical Epidemiology<\/a><\/li>\n<li><a href=\"http:\/\/jech.bmj.com\/\" target=\"_blank\" rel=\"noopener noreferrer\">Journal of Epidemiology and Community Health <\/a><\/li>\n<li><a href=\"http:\/\/fsrio.nal.usda.gov\/research\/publications\/journal-of-food-protection\" target=\"_blank\" rel=\"noopener noreferrer\">Journal of Food Protection<\/a><\/li>\n<li><a href=\"http:\/\/jid.oxfordjournals.org\/\" target=\"_blank\" rel=\"noopener noreferrer\">Journal of Infectious Disease<\/a><\/li>\n<li><a href=\"http:\/\/www.thelancet.com\/journals\/laninf\/issue\/current\" target=\"_blank\" rel=\"noopener noreferrer\">Lancet Infectious Disease<\/a><\/li>\n<li><a href=\"http:\/\/www.cdc.gov\/mmwr\/\" target=\"_blank\" rel=\"noopener noreferrer\">Morbidity and Mortality Weekly Report (MMWR)<\/a><\/li>\n<li><a href=\"http:\/\/www.nejm.org\/\" target=\"_blank\" rel=\"noopener noreferrer\">New England Journal of Medicine\u00a0<\/a><\/li>\n<li><a href=\"http:\/\/www.plosone.org\/\" target=\"_blank\" rel=\"noopener noreferrer\">PLoS ONE<\/a><\/li>\n<li><a href=\"http:\/\/www.journals.elsevier.com\/public-health\/\" target=\"_blank\" rel=\"noopener noreferrer\">Public Health<\/a><\/li>\n<\/ul>\n<p style=\"text-align: right;\"><a title=\"Retour vers le haut de la page\" href=\"#top\">Retour vers le haut de la page<\/a><\/p>\n","protected":false},"excerpt":{"rendered":"<p>Des sources de renseignements sur la sant\u00e9 publique peuvent \u00eatre utilis\u00e9es \u00e0 tous les stades d&rsquo;une enqu\u00eate sur l&rsquo;\u00e9closion d&rsquo;une maladie ent\u00e9rique \u2013 de l&rsquo;identification de l&rsquo;\u00e9closion \u00e0 la g\u00e9n\u00e9ration des hypoth\u00e8ses, \u00e0 l&rsquo;application des connaissances pour recueillir et transmettre des renseignements. Ce document fournit une liste de ressources en ligne qui peuvent \u00eatre utilis\u00e9es [&hellip;]<\/p>\n","protected":false},"author":2,"featured_media":0,"parent":88,"menu_order":5,"comment_status":"closed","ping_status":"closed","template":"fullpage.php","meta":{"footnotes":""},"class_list":["post-503","page","type-page","status-publish","hentry"],"_links":{"self":[{"href":"https:\/\/outbreaktools.ca\/fr\/wp-json\/wp\/v2\/pages\/503","targetHints":{"allow":["GET"]}}],"collection":[{"href":"https:\/\/outbreaktools.ca\/fr\/wp-json\/wp\/v2\/pages"}],"about":[{"href":"https:\/\/outbreaktools.ca\/fr\/wp-json\/wp\/v2\/types\/page"}],"author":[{"embeddable":true,"href":"https:\/\/outbreaktools.ca\/fr\/wp-json\/wp\/v2\/users\/2"}],"replies":[{"embeddable":true,"href":"https:\/\/outbreaktools.ca\/fr\/wp-json\/wp\/v2\/comments?post=503"}],"version-history":[{"count":30,"href":"https:\/\/outbreaktools.ca\/fr\/wp-json\/wp\/v2\/pages\/503\/revisions"}],"predecessor-version":[{"id":5816,"href":"https:\/\/outbreaktools.ca\/fr\/wp-json\/wp\/v2\/pages\/503\/revisions\/5816"}],"up":[{"embeddable":true,"href":"https:\/\/outbreaktools.ca\/fr\/wp-json\/wp\/v2\/pages\/88"}],"wp:attachment":[{"href":"https:\/\/outbreaktools.ca\/fr\/wp-json\/wp\/v2\/media?parent=503"}],"curies":[{"name":"wp","href":"https:\/\/api.w.org\/{rel}","templated":true}]}}