{"id":510,"date":"2015-01-22T05:03:36","date_gmt":"2015-01-22T05:03:36","guid":{"rendered":"http:\/\/phac.hyperinteractive.ca\/?page_id=510"},"modified":"2019-05-14T15:36:59","modified_gmt":"2019-05-14T19:36:59","slug":"about-us","status":"publish","type":"page","link":"https:\/\/outbreaktools.ca\/fr\/about-us\/","title":{"rendered":"\u00c0 propos de nous"},"content":{"rendered":"<p>La bo\u00eete \u00e0 outils pour les \u00e9closions de maladies ent\u00e9riques a \u00e9t\u00e9 con\u00e7ue par l&rsquo;Agence de la sant\u00e9 publique du Canada (ASPC), en collaboration avec le <a href=\"https:\/\/ccnmi.ca\/\">Centre de collaboration nationale des maladies infectieuses<\/a> (CCNMI) et le <a href=\"http:\/\/www.ccnse.ca\/\">Centre de collaboration nationale en sant\u00e9 environnementale<\/a> (CCNSE). Cette bo\u00eete \u00e0 outils vise \u00e0 pr\u00e9senter des outils aux fins d&rsquo;utilisation dans le cadre d&rsquo;enqu\u00eates sur des \u00e9closions ent\u00e9riques. Elle n&rsquo;a pas \u00e9t\u00e9 con\u00e7ue pour faire office de cours d&rsquo;introduction concernant les enqu\u00eates sur des \u00e9closions ent\u00e9riques au Canada ni pour faire office de document d&rsquo;orientation concernant les enqu\u00eates sur des \u00e9closions au Canada.<\/p>\n<p>Si vous avez des questions pr\u00e9cises, n&rsquo;h\u00e9sitez pas \u00e0 communiquer avec nous par courriel \u00e0 l&rsquo;adresse <a href=\"mailto:info@outbreaktools.ca\">info@outbreaktools.ca<\/a>.<\/p>\n","protected":false},"excerpt":{"rendered":"<p>La bo\u00eete \u00e0 outils pour les \u00e9closions de maladies ent\u00e9riques a \u00e9t\u00e9 con\u00e7ue par l&rsquo;Agence de la sant\u00e9 publique du Canada (ASPC), en collaboration avec le Centre de collaboration nationale des maladies infectieuses (CCNMI) et le Centre de collaboration nationale en sant\u00e9 environnementale (CCNSE). Cette bo\u00eete \u00e0 outils vise \u00e0 pr\u00e9senter des outils aux fins [&hellip;]<\/p>\n","protected":false},"author":2,"featured_media":0,"parent":0,"menu_order":7,"comment_status":"closed","ping_status":"closed","template":"fullpage.php","meta":{"footnotes":""},"class_list":["post-510","page","type-page","status-publish","hentry"],"_links":{"self":[{"href":"https:\/\/outbreaktools.ca\/fr\/wp-json\/wp\/v2\/pages\/510","targetHints":{"allow":["GET"]}}],"collection":[{"href":"https:\/\/outbreaktools.ca\/fr\/wp-json\/wp\/v2\/pages"}],"about":[{"href":"https:\/\/outbreaktools.ca\/fr\/wp-json\/wp\/v2\/types\/page"}],"author":[{"embeddable":true,"href":"https:\/\/outbreaktools.ca\/fr\/wp-json\/wp\/v2\/users\/2"}],"replies":[{"embeddable":true,"href":"https:\/\/outbreaktools.ca\/fr\/wp-json\/wp\/v2\/comments?post=510"}],"version-history":[{"count":18,"href":"https:\/\/outbreaktools.ca\/fr\/wp-json\/wp\/v2\/pages\/510\/revisions"}],"predecessor-version":[{"id":3847,"href":"https:\/\/outbreaktools.ca\/fr\/wp-json\/wp\/v2\/pages\/510\/revisions\/3847"}],"wp:attachment":[{"href":"https:\/\/outbreaktools.ca\/fr\/wp-json\/wp\/v2\/media?parent=510"}],"curies":[{"name":"wp","href":"https:\/\/api.w.org\/{rel}","templated":true}]}}