{"id":5759,"date":"2025-01-29T12:31:07","date_gmt":"2025-01-29T16:31:07","guid":{"rendered":"https:\/\/outbreaktools.ca\/?page_id=5759"},"modified":"2026-03-11T15:52:35","modified_gmt":"2026-03-11T19:52:35","slug":"enteric-outbreak-seminar-series","status":"publish","type":"page","link":"https:\/\/outbreaktools.ca\/fr\/enteric-outbreak-seminar-series\/","title":{"rendered":"La s\u00e9rie de s\u00e9minaires sur les \u00e9closions de maladies ent\u00e9riques"},"content":{"rendered":"<div class=\"wp-block-image\">\n<div>\n<div class=\"wp-block-image\"><a href=\"https:\/\/outbreaktools.ca\/wp-content\/uploads\/2025\/03\/64-02-23-3314-OMD-Seminar-Registration-Header-EN-FR-01-1.png\"><img loading=\"lazy\" decoding=\"async\" class=\"wpa-warning wpa-long-alt alignnone size-full wp-image-6136\" src=\"https:\/\/outbreaktools.ca\/wp-content\/uploads\/2025\/03\/64-02-23-3314-OMD-Seminar-Registration-Header-EN-FR-01-1.png\" alt=\"Image montrant le logo de la s\u00e9rie de s\u00e9minaires sur les \u00e9closions de maladies ent\u00e9riques. L'image se lit comme suit : Diffusion des exp\u00e9riences faites d'enqu\u00eates men\u00e9es sur les \u00e9closions de maladies ent\u00e9riques au Canada; nouvelles approches, recherche, projets sp\u00e9ciaux et changements dans les politiques et les pratiques.\" width=\"1900\" height=\"650\" data-warning=\"Long alt text\" srcset=\"https:\/\/outbreaktools.ca\/wp-content\/uploads\/2025\/03\/64-02-23-3314-OMD-Seminar-Registration-Header-EN-FR-01-1.png 1900w, https:\/\/outbreaktools.ca\/wp-content\/uploads\/2025\/03\/64-02-23-3314-OMD-Seminar-Registration-Header-EN-FR-01-1-300x103.png 300w, https:\/\/outbreaktools.ca\/wp-content\/uploads\/2025\/03\/64-02-23-3314-OMD-Seminar-Registration-Header-EN-FR-01-1-1024x350.png 1024w, https:\/\/outbreaktools.ca\/wp-content\/uploads\/2025\/03\/64-02-23-3314-OMD-Seminar-Registration-Header-EN-FR-01-1-768x263.png 768w, https:\/\/outbreaktools.ca\/wp-content\/uploads\/2025\/03\/64-02-23-3314-OMD-Seminar-Registration-Header-EN-FR-01-1-1536x525.png 1536w\" sizes=\"auto, (max-width: 1900px) 100vw, 1900px\" \/><\/a><\/div>\n<\/div>\n<div>\n<p>&nbsp;<\/p>\n<p>La s\u00e9rie de s\u00e9minaires sur les \u00e9closions de maladies ent\u00e9riques (SSEME) est ax\u00e9e sur le th\u00e8me des enqu\u00eates des \u00e9closions de maladies ent\u00e9riques au Canada. Bien que les pr\u00e9sentations et les discussions soient principalement de nature technique et portent sur les \u00e9closions de maladies ent\u00e9riques, des questions de politique plus g\u00e9n\u00e9rales ou des tendances en mati\u00e8re de sant\u00e9 publique ou de s\u00e9curit\u00e9 alimentaire peuvent \u00e9galement \u00eatre abord\u00e9es dans le but de susciter des commentaires et la discussion.<\/p>\n<p>La SSEME est organis\u00e9 par la Division de la gestion des \u00e9closions de l&rsquo;Agence de la sant\u00e9 publique du Canada (ASPC).<\/p>\n<p><strong>Objectifs<\/strong><\/p>\n<ul>\n<li><strong>Sensibiliser les partenaires de la sant\u00e9 publique et de la s\u00e9curit\u00e9 alimentaire aux succ\u00e8s et aux d\u00e9fis<\/strong> des enqu\u00eates d\u2019\u00e9closions ent\u00e9riques multijuridictionnelles.<\/li>\n<li><strong>Communiquer et faire conna\u00eetre <\/strong>aux partenaires f\u00e9d\u00e9raux, provinciaux\/territoriaux et locaux les informations importantes sur les \u00e9closions de maladies ent\u00e9riques.<\/li>\n<li><strong>D\u00e9montrer et mettre en \u00e9vidence le leadership <\/strong>exerc\u00e9 dans le cadre des enqu\u00eates des \u00e9closions de maladies ent\u00e9riques au Canada, y compris les aspects de la surveillance, de l&rsquo;intervention ou des projets en cours<\/li>\n<li><strong>Reconna\u00eetre le travail important<\/strong> effectu\u00e9 par les partenaires \u00e0 travers le Canada<\/li>\n<li><strong>\u00c9tablir un dialogue informel et rassembler les divers experts et partenaires <\/strong>responsables des enqu\u00eates d\u2019\u00e9closions de maladies ent\u00e9riques.<\/li>\n<\/ul>\n<p><strong>Public cibl\u00e9<\/strong><\/p>\n<p>La participation au SSEME est ouverte \u00e0 un large public, mais peut pr\u00e9senter un int\u00e9r\u00eat particulier pour :<\/p>\n<ul>\n<li>Les professionnels de la sant\u00e9 et de la sant\u00e9 publique, les experts techniques, les professionnels des politiques et des programmes (par exemple, les inspecteurs en sant\u00e9 publique et les agents d\u2019hygi\u00e8ne) des gouvernements f\u00e9d\u00e9ral, provinciaux\/territoriaux et locaux du Canada, les chercheurs en milieu universitaire et les organisations non gouvernementales qui travaillent dans le domaine des maladies ent\u00e9riques et des enqu\u00eates sur les \u00e9closions.<\/li>\n<li>Les professionnels d&rsquo;autres secteurs (p.ex., l&rsquo;environnement, la planification et le d\u00e9veloppement urbain) qui pourraient \u00eatre int\u00e9ress\u00e9s par les enqu\u00eates sur les \u00e9closions de maladies ent\u00e9riques au Canada.<\/li>\n<li>Les \u00e9tudiants de premier cycle et des cycles sup\u00e9rieurs en sciences de la sant\u00e9 et en sant\u00e9 publique.<\/li>\n<\/ul>\n<p><strong>D\u00e9tails<\/strong><\/p>\n<p><span class=\"TextRun SCXW14159550 BCX8\" lang=\"FR-CA\" xml:lang=\"FR-CA\" data-contrast=\"auto\"><span class=\"NormalTextRun SCXW14159550 BCX8\">Les s\u00e9minaires se d\u00e9roulent virtuellement via Zoom. Ils sont pr\u00e9sent\u00e9s en anglais, avec une interpr\u00e9tation simultan\u00e9e en fran\u00e7ais.<\/span><\/span><span class=\"EOP SCXW14159550 BCX8\" data-ccp-props=\"{\"335572071\":4,\"335572072\":1,\"335572073\":4278190080,\"335572075\":4,\"335572076\":4,\"335572077\":4278190080,\"335572079\":4,\"335572080\":1,\"335572081\":4278190080,\"335572083\":4,\"335572084\":4,\"335572085\":4278190080,\"469789798\":\"single\",\"469789802\":\"single\",\"469789806\":\"single\",\"469789810\":\"single\"}\">\u00a0<\/span><\/p>\n<p><strong>Inscription<\/strong><\/p>\n<p><span class=\"TextRun SCXW143689292 BCX8\" lang=\"FR-CA\" xml:lang=\"FR-CA\" data-contrast=\"auto\"><span class=\"NormalTextRun SCXW143689292 BCX8\">L&rsquo;inscription \u00e0 la prochaine session de la SSEME est pr\u00e9sentement<strong> ferm\u00e9<\/strong><\/span><\/span><span class=\"TextRun SCXW143689292 BCX8\" lang=\"FR-CA\" xml:lang=\"FR-CA\" data-contrast=\"auto\"><span class=\"NormalTextRun SCXW143689292 BCX8\">. <\/span><\/span><span class=\"TextRun SCXW143689292 BCX8\" lang=\"FR-CA\" xml:lang=\"FR-CA\" data-contrast=\"auto\"><span class=\"NormalTextRun SCXW143689292 BCX8\">Pour en savoir plus sur les prochains s\u00e9minaires sur <\/span><span class=\"NormalTextRun ContextualSpellingAndGrammarErrorV2Themed SCXW143689292 BCX8\">les \u00e9closion<\/span><span class=\"NormalTextRun SCXW143689292 BCX8\"> de maladies ent\u00e9rique, <\/span><span class=\"NormalTextRun ContextualSpellingAndGrammarErrorV2Themed SCXW143689292 BCX8\">veuillez vous<\/span> <\/span><a class=\"Hyperlink SCXW143689292 BCX8\" href=\"mailto:enteric.seminars-seminaries.enteriques@phac-aspc.gc.ca?subject=Ajouter%20mon%20email%20%C3%A0%20la%20liste%20des%20abonn%C3%A9s!!\" target=\"_blank\" rel=\"noreferrer noopener\"><span class=\"TextRun Underlined SCXW143689292 BCX8\" lang=\"FR-CA\" xml:lang=\"FR-CA\" data-contrast=\"none\"><span class=\"NormalTextRun SCXW143689292 BCX8\" data-ccp-charstyle=\"Hyperlink\">abonner \u00e0 notre liste de distribution de la SSEME<\/span><\/span><\/a><span class=\"TextRun SCXW143689292 BCX8\" lang=\"FR-CA\" xml:lang=\"FR-CA\" data-contrast=\"auto\"><span class=\"NormalTextRun SCXW143689292 BCX8\">.<\/span><\/span><span class=\"EOP SCXW143689292 BCX8\" data-ccp-props=\"{\"335572071\":4,\"335572072\":1,\"335572073\":4278190080,\"335572075\":4,\"335572076\":4,\"335572077\":4278190080,\"335572079\":4,\"335572080\":1,\"335572081\":4278190080,\"335572083\":4,\"335572084\":4,\"335572085\":4278190080,\"469789798\":\"single\",\"469789802\":\"single\",\"469789806\":\"single\",\"469789810\":\"single\"}\">\u00a0<\/span><\/p>\n<p><strong>S\u00e9minaires pass\u00e9s<\/strong><\/p>\n<p>La SSEME a \u00e9t\u00e9 lanc\u00e9 en juin 2023. Une liste compl\u00e8te de nos s\u00e9minaires pass\u00e9s est disponible dans <a href=\"https:\/\/outilspoureclosions.ca\/enteric-outbreak-seminar-series-archive\/\">les archives de la SSEME<\/a>. Vous trouverez l&rsquo;enregistrement du s\u00e9minaire le plus r\u00e9cent ci-bas.<\/p>\n<p><iframe loading=\"lazy\" src=\"\/\/www.youtube.com\/embed\/fgwFB5q-NSI\" width=\"560\" height=\"314\" allowfullscreen=\"allowfullscreen\"><\/iframe><\/p>\n<\/div>\n<\/div>\n","protected":false},"excerpt":{"rendered":"<p>&nbsp; La s\u00e9rie de s\u00e9minaires sur les \u00e9closions de maladies ent\u00e9riques (SSEME) est ax\u00e9e sur le th\u00e8me des enqu\u00eates des \u00e9closions de maladies ent\u00e9riques au Canada. Bien que les pr\u00e9sentations et les discussions soient principalement de nature technique et portent sur les \u00e9closions de maladies ent\u00e9riques, des questions de politique plus g\u00e9n\u00e9rales ou des tendances [&hellip;]<\/p>\n","protected":false},"author":33,"featured_media":0,"parent":0,"menu_order":5,"comment_status":"closed","ping_status":"closed","template":"","meta":{"footnotes":""},"class_list":["post-5759","page","type-page","status-publish","hentry"],"_links":{"self":[{"href":"https:\/\/outbreaktools.ca\/fr\/wp-json\/wp\/v2\/pages\/5759","targetHints":{"allow":["GET"]}}],"collection":[{"href":"https:\/\/outbreaktools.ca\/fr\/wp-json\/wp\/v2\/pages"}],"about":[{"href":"https:\/\/outbreaktools.ca\/fr\/wp-json\/wp\/v2\/types\/page"}],"author":[{"embeddable":true,"href":"https:\/\/outbreaktools.ca\/fr\/wp-json\/wp\/v2\/users\/33"}],"replies":[{"embeddable":true,"href":"https:\/\/outbreaktools.ca\/fr\/wp-json\/wp\/v2\/comments?post=5759"}],"version-history":[{"count":38,"href":"https:\/\/outbreaktools.ca\/fr\/wp-json\/wp\/v2\/pages\/5759\/revisions"}],"predecessor-version":[{"id":7041,"href":"https:\/\/outbreaktools.ca\/fr\/wp-json\/wp\/v2\/pages\/5759\/revisions\/7041"}],"wp:attachment":[{"href":"https:\/\/outbreaktools.ca\/fr\/wp-json\/wp\/v2\/media?parent=5759"}],"curies":[{"name":"wp","href":"https:\/\/api.w.org\/{rel}","templated":true}]}}