{"id":5775,"date":"2025-01-29T12:31:29","date_gmt":"2025-01-29T16:31:29","guid":{"rendered":"https:\/\/outbreaktools.ca\/?page_id=5775"},"modified":"2025-03-17T14:39:37","modified_gmt":"2025-03-17T18:39:37","slug":"february-18-2025-listeria-and-plant-based-beverages","status":"publish","type":"page","link":"https:\/\/outbreaktools.ca\/fr\/enteric-outbreak-seminar-series\/february-18-2025-listeria-and-plant-based-beverages\/","title":{"rendered":"Un nouveau suspect : L&rsquo;enqu\u00eate d&rsquo;une \u00e9closion de Listeria monocytogenes li\u00e9e aux boissons \u00e0 base de plantes"},"content":{"rendered":"<p>Cette pr\u00e9sentation d\u00e9crira une enqu\u00eate concernant l\u2019\u00e9closion canadienne de <em>Listeria monocytogenes<\/em> survenue en 2024 dont des boissons r\u00e9frig\u00e9r\u00e9es \u00e0 base de plantes ont \u00e9t\u00e9 identifi\u00e9s comme source de maladie. Alors que des \u00e9closions de <em>L. monocytogenes<\/em> ont d\u00e9j\u00e0 \u00e9t\u00e9 li\u00e9es \u00e0 des produits pasteuris\u00e9s, il s\u2019agit de la premi\u00e8re \u00e9closion connu li\u00e9e \u00e0 des boissons \u00e0 base de plantes pasteuris\u00e9es. <em>La<\/em> <em>Listeria<\/em> ne peut survivre \u00e0 la pasteurisation, mais la contamination peut se produire au cours du traitement post-pasteurisation. Les preuves qui ont permis d\u2019impliquer les boissons r\u00e9frig\u00e9r\u00e9es \u00e0 base de plantes comme source de la maladie seront discut\u00e9es, ainsi que les mesures de contr\u00f4le de l\u2019\u00e9closion.\u00a0<\/p>\n<p><iframe loading=\"lazy\" src=\"\/\/www.youtube.com\/embed\/OHy774ZHzFM\" width=\"560\" height=\"314\" allowfullscreen=\"allowfullscreen\"><\/iframe><\/p>\n<p><b>Leigh Hobbs <\/b>est \u00e9pid\u00e9miologiste en chef au sein de l\u2019\u00e9quipe des maladies ent\u00e9riques, zoonotiques et \u00e0 transmission vectorielle (MEZTV) de Sant\u00e9 publique Ontario. Leigh travaille avec l\u2019\u00e9quipe MEZTV depuis 2013, o\u00f9 elle a particip\u00e9 \u00e0 de nombreuses enqu\u00eates sur des \u00e9closions ent\u00e9riques, tant au niveau provincial que national.<\/p>\n","protected":false},"excerpt":{"rendered":"<p>Cette pr\u00e9sentation d\u00e9crira une enqu\u00eate concernant l\u2019\u00e9closion canadienne de Listeria monocytogenes survenue en 2024 dont des boissons r\u00e9frig\u00e9r\u00e9es \u00e0 base de plantes ont \u00e9t\u00e9 identifi\u00e9s comme source de maladie. Alors que des \u00e9closions de L. monocytogenes ont d\u00e9j\u00e0 \u00e9t\u00e9 li\u00e9es \u00e0 des produits pasteuris\u00e9s, il s\u2019agit de la premi\u00e8re \u00e9closion connu li\u00e9e \u00e0 des boissons [&hellip;]<\/p>\n","protected":false},"author":33,"featured_media":0,"parent":5759,"menu_order":0,"comment_status":"closed","ping_status":"closed","template":"","meta":{"footnotes":""},"class_list":["post-5775","page","type-page","status-publish","hentry"],"_links":{"self":[{"href":"https:\/\/outbreaktools.ca\/fr\/wp-json\/wp\/v2\/pages\/5775","targetHints":{"allow":["GET"]}}],"collection":[{"href":"https:\/\/outbreaktools.ca\/fr\/wp-json\/wp\/v2\/pages"}],"about":[{"href":"https:\/\/outbreaktools.ca\/fr\/wp-json\/wp\/v2\/types\/page"}],"author":[{"embeddable":true,"href":"https:\/\/outbreaktools.ca\/fr\/wp-json\/wp\/v2\/users\/33"}],"replies":[{"embeddable":true,"href":"https:\/\/outbreaktools.ca\/fr\/wp-json\/wp\/v2\/comments?post=5775"}],"version-history":[{"count":7,"href":"https:\/\/outbreaktools.ca\/fr\/wp-json\/wp\/v2\/pages\/5775\/revisions"}],"predecessor-version":[{"id":6165,"href":"https:\/\/outbreaktools.ca\/fr\/wp-json\/wp\/v2\/pages\/5775\/revisions\/6165"}],"up":[{"embeddable":true,"href":"https:\/\/outbreaktools.ca\/fr\/wp-json\/wp\/v2\/pages\/5759"}],"wp:attachment":[{"href":"https:\/\/outbreaktools.ca\/fr\/wp-json\/wp\/v2\/media?parent=5775"}],"curies":[{"name":"wp","href":"https:\/\/api.w.org\/{rel}","templated":true}]}}