{"id":6152,"date":"2025-03-10T16:11:34","date_gmt":"2025-03-10T20:11:34","guid":{"rendered":"https:\/\/outbreaktools.ca\/?page_id=6152"},"modified":"2025-03-17T14:39:54","modified_gmt":"2025-03-17T18:39:54","slug":"covid19-impacts-on-enteric-pathogens-in-canada","status":"publish","type":"page","link":"https:\/\/outbreaktools.ca\/fr\/enteric-outbreak-seminar-series\/covid19-impacts-on-enteric-pathogens-in-canada\/","title":{"rendered":"Incidences de la COVID-19 sur les agents pathog\u00e8nes ent\u00e9riques au Canada"},"content":{"rendered":"<p>La pand\u00e9mie de COVID-19 a eu une incidence sur les taux d\u00e9clar\u00e9s de diverses maladies ent\u00e9riques. Ce s\u00e9minaire portera sur les tendances observ\u00e9es au Canada pendant la phase aigu\u00eb de la pand\u00e9mie, soit de mars \u00e0 d\u00e9cembre 2020, pour une s\u00e9lection d\u2019agents pathog\u00e8nes ent\u00e9riques.\u00a0<\/p>\n<p><iframe loading=\"lazy\" src=\"\/\/www.youtube.com\/embed\/_mEapjQCMtw\" width=\"560\" height=\"314\" allowfullscreen=\"allowfullscreen\"><\/iframe><\/p>\n<p><strong>Russell\u00a0Forrest<\/strong> s\u2019est joint \u00e0 la Division de la gestion des \u00e9closions de l\u2019ASPC en 2020 \u00e0 titre d\u2019\u00e9pid\u00e9miologiste, apr\u00e8s avoir travaill\u00e9 pour la division par l\u2019entremise du Programme f\u00e9d\u00e9ral d\u2019exp\u00e9rience de travail \u00e9tudiant alors qu\u2019il terminait sa ma\u00eetrise en sciences \u00e0 l\u2019Universit\u00e9 de Guelph, en Ontario. Il est pr\u00e9sentement doctorant en \u00e9pid\u00e9miologie \u00e0 l\u2019\u00e9cole de sant\u00e9 publique Dalla Lana de l\u2019Universit\u00e9 de Toronto, au Canada. En plus d\u2019appliquer des techniques \u00e9pid\u00e9miologiques traditionnelles visant \u00e0 d\u00e9tecter des grappes de pathog\u00e8nes ent\u00e9riques et \u00e0 les \u00e9tudier, il m\u00e8ne des recherches sur l\u2019utilisation de l\u2019intelligence artificielle et la science des donn\u00e9es pour aider \u00e0 r\u00e9soudre des probl\u00e8mes \u00e9pid\u00e9miologiques complexes.<\/p>\n","protected":false},"excerpt":{"rendered":"<p>La pand\u00e9mie de COVID-19 a eu une incidence sur les taux d\u00e9clar\u00e9s de diverses maladies ent\u00e9riques. Ce s\u00e9minaire portera sur les tendances observ\u00e9es au Canada pendant la phase aigu\u00eb de la pand\u00e9mie, soit de mars \u00e0 d\u00e9cembre 2020, pour une s\u00e9lection d\u2019agents pathog\u00e8nes ent\u00e9riques.\u00a0 Russell\u00a0Forrest s\u2019est joint \u00e0 la Division de la gestion des \u00e9closions [&hellip;]<\/p>\n","protected":false},"author":1,"featured_media":0,"parent":5759,"menu_order":0,"comment_status":"closed","ping_status":"closed","template":"","meta":{"footnotes":""},"class_list":["post-6152","page","type-page","status-publish","hentry"],"_links":{"self":[{"href":"https:\/\/outbreaktools.ca\/fr\/wp-json\/wp\/v2\/pages\/6152","targetHints":{"allow":["GET"]}}],"collection":[{"href":"https:\/\/outbreaktools.ca\/fr\/wp-json\/wp\/v2\/pages"}],"about":[{"href":"https:\/\/outbreaktools.ca\/fr\/wp-json\/wp\/v2\/types\/page"}],"author":[{"embeddable":true,"href":"https:\/\/outbreaktools.ca\/fr\/wp-json\/wp\/v2\/users\/1"}],"replies":[{"embeddable":true,"href":"https:\/\/outbreaktools.ca\/fr\/wp-json\/wp\/v2\/comments?post=6152"}],"version-history":[{"count":2,"href":"https:\/\/outbreaktools.ca\/fr\/wp-json\/wp\/v2\/pages\/6152\/revisions"}],"predecessor-version":[{"id":6154,"href":"https:\/\/outbreaktools.ca\/fr\/wp-json\/wp\/v2\/pages\/6152\/revisions\/6154"}],"up":[{"embeddable":true,"href":"https:\/\/outbreaktools.ca\/fr\/wp-json\/wp\/v2\/pages\/5759"}],"wp:attachment":[{"href":"https:\/\/outbreaktools.ca\/fr\/wp-json\/wp\/v2\/media?parent=6152"}],"curies":[{"name":"wp","href":"https:\/\/api.w.org\/{rel}","templated":true}]}}