{"id":6172,"date":"2025-03-10T16:22:58","date_gmt":"2025-03-10T20:22:58","guid":{"rendered":"https:\/\/outbreaktools.ca\/?page_id=6172"},"modified":"2025-03-17T14:40:54","modified_gmt":"2025-03-17T18:40:54","slug":"pearls-of-wisdom-canadian-shellfish-outbreak-investigations-from-the-provincial-and-federal-perspectives","status":"publish","type":"page","link":"https:\/\/outbreaktools.ca\/fr\/enteric-outbreak-seminar-series\/pearls-of-wisdom-canadian-shellfish-outbreak-investigations-from-the-provincial-and-federal-perspectives\/","title":{"rendered":"Perles de sagesse : Perspectives provinciales et f\u00e9d\u00e9rales sur les enqu\u00eates d\u2019\u00e9closions li\u00e9es aux mollusques et aux crustac\u00e9s au Canada"},"content":{"rendered":"<p>De nombreuses enqu\u00eates sur des \u00e9closions li\u00e9es aux mollusques et aux crustac\u00e9s ont \u00e9t\u00e9 men\u00e9es au Canada entre 2015 et 2022 en lien avec des hu\u00eetres et des crevettes tachet\u00e9es. Ce s\u00e9minaire comprendra un aper\u00e7u des \u00e9closions notables li\u00e9es aux mollusques et aux crustac\u00e9s de la perspective des partenaires de sant\u00e9 publique provinciaux (Colombie-Britannique) et f\u00e9d\u00e9raux, et d\u00e9crira les mesures \u00e0 prendre pour pr\u00e9venir, limiter et g\u00e9rer les \u00e9closions similaires \u00e0 l\u2019avenir.<\/p>\n<p><iframe loading=\"lazy\" src=\"\/\/www.youtube.com\/embed\/tUx5j96DnaU\" width=\"560\" height=\"314\" allowfullscreen=\"allowfullscreen\"><\/iframe><\/p>\n<p><b>Lorraine McIntyre<\/b> est titulaire d\u2019un baccalaur\u00e9at \u00e8s sciences (1987) de l\u2019Universit\u00e9 de la Colombie-Britannique et d\u2019une ma\u00eetrise en sant\u00e9 publique de la University of Hertfordshire, au Royaume-Uni (2005). Elle s\u2019est jointe au laboratoire provincial du BCCDC en 1993 o\u00f9 elle supervisait et coordonnait les \u00e9closions li\u00e9es \u00e0 l\u2019eau, aux aliments et aux gastro-ent\u00e9rites, et a mis en \u0153uvre les premiers tests diagnostiques mol\u00e9culaires des norovirus du BCCDC en 2001. Elle s\u2019est ensuite jointe au service de Sant\u00e9 environnementale o\u00f9 elle a dirig\u00e9 plusieurs groupes d\u2019intervenants multiples pour explorer les enjeux et \u00e9laborer des guides sur une vari\u00e9t\u00e9 de sujets. Elle pr\u00e9side actuellement un groupe national sur les aliments ferment\u00e9s, participe au projet de recherche autochtone sur les mollusques et crustac\u00e9s WATCH, et c\u2019est avec enthousiasme qu\u2019elle agira \u00e0 titre de co-chercheuse de GEMSTONE, un projet de suivi des sources microbiennes en 2024.<\/p>\n<p><b>Hannah Caird <\/b>est \u00e9pid\u00e9miologiste au British Columbia Centre for Disease Control (BCCDC), o\u00f9 elle se concentre sur les maladies ent\u00e9riques tout en apportant son soutien aux maladies zoonotiques et vectorielles. Elle s\u2019est initialement jointe au BCCDC en appui \u00e0 la r\u00e9ponse \u00e0 la COVID-19 \u00e0 titre d\u2019analyste des donn\u00e9es avant d\u2019obtenir un poste d\u2019\u00e9pid\u00e9miologiste pour la COVID-19. Hannah est titulaire d\u2019une ma\u00eetrise en sant\u00e9 publique ax\u00e9e sur la sant\u00e9 des populations de l\u2019Universit\u00e9 Simon Fraser et d\u2019un baccalaur\u00e9at \u00e8s arts en psychologie de l\u2019Universit\u00e9 de Victoria.<\/p>\n<p><b>Jennifer Liang <\/b>est \u00e9pid\u00e9miologiste \u00e0 la Division de la gestion des \u00e9closions de l\u2019Agence de la sant\u00e9 publique du Canada o\u00f9 elle est responsable de d\u00e9tecter les \u00e9closions ent\u00e9riques multijuridictionnelles et d\u2019y r\u00e9pondre. Elle a \u00e9galement occup\u00e9 un poste d\u2019agente de sant\u00e9 publique pour r\u00e9pondre \u00e0 la COVID-19 au sein du Service de la sant\u00e9 publique du Canada. Jennifer est titulaire d\u2019une ma\u00eetrise de sant\u00e9 publique en \u00e9pid\u00e9miologie de l\u2019Universit\u00e9 de Toronto et d\u2019un baccalaur\u00e9at \u00e8s sciences en biochimie de l\u2019Universit\u00e9 Queen\u2019s.<\/p>\n","protected":false},"excerpt":{"rendered":"<p>De nombreuses enqu\u00eates sur des \u00e9closions li\u00e9es aux mollusques et aux crustac\u00e9s ont \u00e9t\u00e9 men\u00e9es au Canada entre 2015 et 2022 en lien avec des hu\u00eetres et des crevettes tachet\u00e9es. Ce s\u00e9minaire comprendra un aper\u00e7u des \u00e9closions notables li\u00e9es aux mollusques et aux crustac\u00e9s de la perspective des partenaires de sant\u00e9 publique provinciaux (Colombie-Britannique) et [&hellip;]<\/p>\n","protected":false},"author":1,"featured_media":0,"parent":5759,"menu_order":0,"comment_status":"closed","ping_status":"closed","template":"","meta":{"footnotes":""},"class_list":["post-6172","page","type-page","status-publish","hentry"],"_links":{"self":[{"href":"https:\/\/outbreaktools.ca\/fr\/wp-json\/wp\/v2\/pages\/6172","targetHints":{"allow":["GET"]}}],"collection":[{"href":"https:\/\/outbreaktools.ca\/fr\/wp-json\/wp\/v2\/pages"}],"about":[{"href":"https:\/\/outbreaktools.ca\/fr\/wp-json\/wp\/v2\/types\/page"}],"author":[{"embeddable":true,"href":"https:\/\/outbreaktools.ca\/fr\/wp-json\/wp\/v2\/users\/1"}],"replies":[{"embeddable":true,"href":"https:\/\/outbreaktools.ca\/fr\/wp-json\/wp\/v2\/comments?post=6172"}],"version-history":[{"count":1,"href":"https:\/\/outbreaktools.ca\/fr\/wp-json\/wp\/v2\/pages\/6172\/revisions"}],"predecessor-version":[{"id":6173,"href":"https:\/\/outbreaktools.ca\/fr\/wp-json\/wp\/v2\/pages\/6172\/revisions\/6173"}],"up":[{"embeddable":true,"href":"https:\/\/outbreaktools.ca\/fr\/wp-json\/wp\/v2\/pages\/5759"}],"wp:attachment":[{"href":"https:\/\/outbreaktools.ca\/fr\/wp-json\/wp\/v2\/media?parent=6172"}],"curies":[{"name":"wp","href":"https:\/\/api.w.org\/{rel}","templated":true}]}}