{"id":6176,"date":"2025-03-10T16:26:50","date_gmt":"2025-03-10T20:26:50","guid":{"rendered":"https:\/\/outbreaktools.ca\/?page_id=6176"},"modified":"2025-03-17T14:39:21","modified_gmt":"2025-03-17T18:39:21","slug":"a-multi-strain-outbreak-of-salmonella-serovars-associated-with-cantaloupe-the-story-of-one-of-canadas-most-severe-salmonella-outbreaks","status":"publish","type":"page","link":"https:\/\/outbreaktools.ca\/fr\/enteric-outbreak-seminar-series\/a-multi-strain-outbreak-of-salmonella-serovars-associated-with-cantaloupe-the-story-of-one-of-canadas-most-severe-salmonella-outbreaks\/","title":{"rendered":"\u00c9closion de s\u00e9rovars de Salmonella \u00e0 souches multiples associ\u00e9e au cantaloup : l\u2019histoire de l\u2019une des \u00e9closions de Salmonella les plus graves au Canada"},"content":{"rendered":"<p>En novembre 2023, l\u2019Agence de la sant\u00e9 publique du Canada a lanc\u00e9 une enqu\u00eate sur un agr\u00e9gat de maladies associ\u00e9es \u00e0 la consommation de cantaloup. La premi\u00e8re \u00e9closion de ce genre au Canada, elle est rapidement devenue l\u2019\u00e9closion de maladie ent\u00e9rique multijuridictionnelle la plus grave des 15 derni\u00e8res ann\u00e9es. Ce s\u00e9minaire donnera un aper\u00e7u de l\u2019enqu\u00eate collaborative sur l\u2019\u00e9closion, des populations vuln\u00e9rables touch\u00e9es et des mesures prises pour pr\u00e9venir la maladie.\u00a0<\/p>\n<p><iframe loading=\"lazy\" src=\"\/\/www.youtube.com\/embed\/azL4v2iUTHc\" width=\"560\" height=\"314\" allowfullscreen=\"allowfullscreen\"><\/iframe><\/p>\n<p><b>Courtney R Smith<\/b> est \u00e9pid\u00e9miologiste principale \u00e0 la Division de la gestion des \u00e9closions de l\u2019ASPC. Elle a travaill\u00e9 en sant\u00e9 publique \u00e0 l\u2019\u00e9chelle locale, provinciale, f\u00e9d\u00e9rale et internationale, et a particip\u00e9 aux interventions relatives \u00e0 plus de 80\u202f\u00e9closions de pathog\u00e8nes vari\u00e9s. Dans le cadre de son poste actuel, elle g\u00e8re la r\u00e9ponse aux \u00e9closions de maladies ent\u00e9riques multijuridictionnelles. Elle s\u2019int\u00e9resse particuli\u00e8rement aux efforts de r\u00e9ponse aux \u00e9closions dans les communaut\u00e9s des Premi\u00e8res Nations et dans des contextes internationaux, et a r\u00e9cemment particip\u00e9 \u00e0 une mobilisation pour le Kenya en collaboration avec l\u2019Organisation mondiale de la Sant\u00e9. Elle d\u00e9tient un baccalaur\u00e9at \u00e8s sciences et une ma\u00eetrise en sant\u00e9 publique (\u00e9pid\u00e9miologie) de l\u2019Universit\u00e9 de Toronto, et a \u00e9galement suivi le Programme canadien d\u2019\u00e9pid\u00e9miologie de terrain.\u202f<\/p>\n","protected":false},"excerpt":{"rendered":"<p>En novembre 2023, l\u2019Agence de la sant\u00e9 publique du Canada a lanc\u00e9 une enqu\u00eate sur un agr\u00e9gat de maladies associ\u00e9es \u00e0 la consommation de cantaloup. La premi\u00e8re \u00e9closion de ce genre au Canada, elle est rapidement devenue l\u2019\u00e9closion de maladie ent\u00e9rique multijuridictionnelle la plus grave des 15 derni\u00e8res ann\u00e9es. Ce s\u00e9minaire donnera un aper\u00e7u de [&hellip;]<\/p>\n","protected":false},"author":1,"featured_media":0,"parent":5759,"menu_order":0,"comment_status":"closed","ping_status":"closed","template":"","meta":{"footnotes":""},"class_list":["post-6176","page","type-page","status-publish","hentry"],"_links":{"self":[{"href":"https:\/\/outbreaktools.ca\/fr\/wp-json\/wp\/v2\/pages\/6176","targetHints":{"allow":["GET"]}}],"collection":[{"href":"https:\/\/outbreaktools.ca\/fr\/wp-json\/wp\/v2\/pages"}],"about":[{"href":"https:\/\/outbreaktools.ca\/fr\/wp-json\/wp\/v2\/types\/page"}],"author":[{"embeddable":true,"href":"https:\/\/outbreaktools.ca\/fr\/wp-json\/wp\/v2\/users\/1"}],"replies":[{"embeddable":true,"href":"https:\/\/outbreaktools.ca\/fr\/wp-json\/wp\/v2\/comments?post=6176"}],"version-history":[{"count":1,"href":"https:\/\/outbreaktools.ca\/fr\/wp-json\/wp\/v2\/pages\/6176\/revisions"}],"predecessor-version":[{"id":6177,"href":"https:\/\/outbreaktools.ca\/fr\/wp-json\/wp\/v2\/pages\/6176\/revisions\/6177"}],"up":[{"embeddable":true,"href":"https:\/\/outbreaktools.ca\/fr\/wp-json\/wp\/v2\/pages\/5759"}],"wp:attachment":[{"href":"https:\/\/outbreaktools.ca\/fr\/wp-json\/wp\/v2\/media?parent=6176"}],"curies":[{"name":"wp","href":"https:\/\/api.w.org\/{rel}","templated":true}]}}