{"id":6832,"date":"2025-12-15T10:44:43","date_gmt":"2025-12-15T14:44:43","guid":{"rendered":"https:\/\/outbreaktools.ca\/?page_id=6832"},"modified":"2026-03-11T15:56:31","modified_gmt":"2026-03-11T19:56:31","slug":"foodborne-illness-outbreak-response-series","status":"publish","type":"page","link":"https:\/\/outbreaktools.ca\/fr\/enteric-outbreak-seminar-series\/foodborne-illness-outbreak-response-series\/","title":{"rendered":"S\u00e9rie sur les intervention lors d\u2019\u00e9closion de maladie"},"content":{"rendered":"<h3>Intervention lors d\u2019\u00e9closion de maladie d\u2019origine alimentaire au Canada : De la d\u00e9tection \u00e0 l\u2019action<\/h3>\n<p>Joignez-vous \u00e0 nous pour une s\u00e9rie de s\u00e9minaires en trois parties dans le cadre de laquelle nous explorerons les m\u00e9thodes de d\u00e9tection, d\u2019investigation et d\u2019intervention relatives aux \u00e9closions de maladies d\u2019origine alimentaire multijuridictionnelles au Canada. D\u00e9couvrez comment la collaboration entre les partenaires f\u00e9d\u00e9raux, provinciaux, territoriaux et internationaux prot\u00e8ge la population canadienne contre les \u00e9closions de maladies d\u2019origine alimentaire.<\/p>\n<hr \/>\n<h3><strong>S\u00e9ance\u00a01<\/strong> &#8211; 28 janvier 2026<\/h3>\n<p>D\u00e9couvrez comment le syst\u00e8me de surveillance de PulseNet Canada et l\u2019Agence de la sant\u00e9 publique du Canada (ASPC) surveillent les donn\u00e9es de laboratoire et \u00e9pid\u00e9miologiques pour cibler les \u00e9ventuelles \u00e9closions.<\/p>\n<p><iframe loading=\"lazy\" src=\"\/\/www.youtube.com\/embed\/nUQ9q3WJqUM\" width=\"560\" height=\"314\" allowfullscreen=\"allowfullscreen\"><\/iframe><\/p>\n<h3><strong>S\u00e9ance\u00a02 &#8211; <\/strong>18 f\u00e9vrier 2026<\/h3>\n<p>D\u00e9couvrez comment les enqu\u00eates sur les \u00e9closions sont officiellement activ\u00e9es en vertu des <em>Modalit\u00e9s canadiennes d\u2019intervention lors de toxi-infection d\u2019origine alimentaire<\/em> (MITIOA) et le travail de l\u2019ASPC en collaboration avec ses partenaires partout au Canada pour recueillir, analyser et interpr\u00e9ter les donn\u00e9es tout au long de l\u2019enqu\u00eate.<\/p>\n<p><iframe loading=\"lazy\" src=\"\/\/www.youtube.com\/embed\/fgwFB5q-NSI\" width=\"560\" height=\"314\" allowfullscreen=\"allowfullscreen\"><\/iframe><\/p>\n<h3><strong>S\u00e9ance\u00a03 &#8211; <\/strong>11 mars 2026<\/h3>\n<p>D\u00e9couvrez comment Sant\u00e9 Canada \u00e9value les donn\u00e9es probantes pour d\u00e9terminer le risque pour la sant\u00e9 de la population canadienne et les mesures de contr\u00f4le mises en place par l\u2019Agence canadienne d\u2019inspection des aliments et l\u2019ASPC pour prot\u00e9ger la sant\u00e9 publique. Ce s\u00e9minaire se terminera par une pr\u00e9sentation des conditions permettant de d\u00e9clarer une \u00e9closion termin\u00e9e et de la fa\u00e7on dont les le\u00e7ons apprises orientent les efforts de pr\u00e9vention futurs.<\/p>\n<p><strong>VID\u00c9O BIENT\u00d4T DISPONIBLE<\/strong><\/p>\n","protected":false},"excerpt":{"rendered":"<p>Intervention lors d\u2019\u00e9closion de maladie d\u2019origine alimentaire au Canada : De la d\u00e9tection \u00e0 l\u2019action Joignez-vous \u00e0 nous pour une s\u00e9rie de s\u00e9minaires en trois parties dans le cadre de laquelle nous explorerons les m\u00e9thodes de d\u00e9tection, d\u2019investigation et d\u2019intervention relatives aux \u00e9closions de maladies d\u2019origine alimentaire multijuridictionnelles au Canada. D\u00e9couvrez comment la collaboration entre [&hellip;]<\/p>\n","protected":false},"author":33,"featured_media":0,"parent":5759,"menu_order":1,"comment_status":"closed","ping_status":"closed","template":"fullpage.php","meta":{"footnotes":""},"class_list":["post-6832","page","type-page","status-publish","hentry"],"_links":{"self":[{"href":"https:\/\/outbreaktools.ca\/fr\/wp-json\/wp\/v2\/pages\/6832","targetHints":{"allow":["GET"]}}],"collection":[{"href":"https:\/\/outbreaktools.ca\/fr\/wp-json\/wp\/v2\/pages"}],"about":[{"href":"https:\/\/outbreaktools.ca\/fr\/wp-json\/wp\/v2\/types\/page"}],"author":[{"embeddable":true,"href":"https:\/\/outbreaktools.ca\/fr\/wp-json\/wp\/v2\/users\/33"}],"replies":[{"embeddable":true,"href":"https:\/\/outbreaktools.ca\/fr\/wp-json\/wp\/v2\/comments?post=6832"}],"version-history":[{"count":24,"href":"https:\/\/outbreaktools.ca\/fr\/wp-json\/wp\/v2\/pages\/6832\/revisions"}],"predecessor-version":[{"id":7044,"href":"https:\/\/outbreaktools.ca\/fr\/wp-json\/wp\/v2\/pages\/6832\/revisions\/7044"}],"up":[{"embeddable":true,"href":"https:\/\/outbreaktools.ca\/fr\/wp-json\/wp\/v2\/pages\/5759"}],"wp:attachment":[{"href":"https:\/\/outbreaktools.ca\/fr\/wp-json\/wp\/v2\/media?parent=6832"}],"curies":[{"name":"wp","href":"https:\/\/api.w.org\/{rel}","templated":true}]}}