{"id":6998,"date":"2026-02-12T13:25:04","date_gmt":"2026-02-12T17:25:04","guid":{"rendered":"https:\/\/outbreaktools.ca\/?page_id=6998"},"modified":"2026-02-24T14:13:48","modified_gmt":"2026-02-24T18:13:48","slug":"foodborne-illness-outbreak-response-in-canada-from-detection-to-action","status":"publish","type":"page","link":"https:\/\/outbreaktools.ca\/fr\/foodborne-illness-outbreak-response-in-canada-from-detection-to-action\/","title":{"rendered":"Intervention lors d\u2019\u00e9closion de maladie d\u2019origine alimentaire au Canada : De la d\u00e9tection \u00e0 l\u2019action"},"content":{"rendered":"<p>Joignez-vous \u00e0 nous pour une s\u00e9rie de s\u00e9minaires en trois parties dans le cadre de laquelle nous explorerons les m\u00e9thodes de d\u00e9tection, d\u2019investigation et d\u2019intervention relatives aux \u00e9closions de maladies d\u2019origine alimentaire multijuridictionnelles au Canada. D\u00e9couvrez comment la collaboration entre les partenaires f\u00e9d\u00e9raux, provinciaux, territoriaux et internationaux prot\u00e8ge la population canadienne contre les \u00e9closions de maladies d\u2019origine alimentaire.<\/p>\n<hr \/>\n<p><strong>S\u00e9ance\u00a01 &#8211; 28 janvier 2026<\/strong><\/p>\n<p>D\u00e9couvrez comment le syst\u00e8me de surveillance de PulseNet Canada et l\u2019Agence de la sant\u00e9 publique du Canada (ASPC) surveillent les donn\u00e9es de laboratoire et \u00e9pid\u00e9miologiques pour cibler les \u00e9ventuelles \u00e9closions.<\/p>\n<p><iframe loading=\"lazy\" src=\"\/\/www.youtube.com\/embed\/nUQ9q3WJqUM\" width=\"560\" height=\"314\" allowfullscreen=\"allowfullscreen\"><\/iframe><\/p>\n<p><strong>Ashley Kearney<\/strong> d\u00e9tient un baccalaur\u00e9at \u00e8s sciences en microbiologie et une ma\u00eetrise \u00e8s sciences en microbiologie m\u00e9dicale de l\u2019Universit\u00e9 du Manitoba. Elle travaille au sein de la Division des maladies ent\u00e9riques, dans les laboratoires nationaux de microbiologie de l\u2019ASPC, depuis 2007. En 2013, elle s\u2019est jointe \u00e0 l\u2019unit\u00e9 de PulseNet Canada, o\u00f9 elle a particip\u00e9 \u00e0 la mise en \u0153uvre du s\u00e9quen\u00e7age du g\u00e9nome entier pour la surveillance des maladies ent\u00e9riques. Elle est pr\u00e9sentement cheffe de l\u2019unit\u00e9 de PulseNet Canada.<\/p>\n<p><strong>Russell\u00a0Forrest<\/strong> est \u00e9pid\u00e9miologiste au sein de la Division de la gestion des \u00e9closions (DGE) de l\u2019Agence de la sant\u00e9 publique du Canada (ASPC). Il s\u2019est joint \u00e0 la division en novembre\u00a02019 en tant qu\u2019\u00e9tudiant dans l\u2019\u00e9quipe d\u2019\u00e9valuation et de d\u00e9tection dans le cadre du Programme f\u00e9d\u00e9ral d\u2019exp\u00e9rience de travail \u00e9tudiant alors qu\u2019il terminait sa ma\u00eetrise \u00e8s sciences \u00e0 l\u2019Universit\u00e9 de Guelph (Guelph, Ontario, Canada). Il a fait la transition vers son poste actuel d\u2019\u00e9pid\u00e9miologiste en juillet\u00a02020. Depuis son arriv\u00e9e \u00e0 la DGE, Russell a travaill\u00e9 \u00e0 la fois au sein de l\u2019\u00e9quipe d\u2019intervention et de l\u2019\u00e9quipe d\u2019\u00e9valuation et de d\u00e9tection, soit deux des trois \u00e9quipes de la division. En plus de son poste \u00e0 l\u2019ASPC, Russell est candidat au doctorat en \u00e9pid\u00e9miologie \u00e0 la Dalla Lana School of Public Health de l\u2019Universit\u00e9 de Toronto (Toronto, Ontario, Canada). Sa th\u00e8se porte sur les effets de la pollution atmosph\u00e9rique et des changements climatiques sur les Canadiens et Canadiennes vivant avec des troubles anxieux et de l\u2019humeur.<\/p>\n<hr \/>\n<p><strong>S\u00e9ance\u00a02 &#8211; 18\u00a0f\u00e9vrier\u00a02026<\/strong><\/p>\n<p>D\u00e9couvrez comment les enqu\u00eates sur les \u00e9closions sont officiellement activ\u00e9es en vertu des <em>Modalit\u00e9s canadiennes d\u2019intervention lors de toxi-infection d\u2019origine alimentaire<\/em> (MITIOA) et le travail de l\u2019ASPC en collaboration avec ses partenaires partout au Canada pour recueillir, analyser et interpr\u00e9ter les donn\u00e9es tout au long de l\u2019enqu\u00eate.<\/p>\n<p><iframe loading=\"lazy\" src=\"\/\/www.youtube.com\/embed\/fgwFB5q-NSI\" width=\"560\" height=\"314\" allowfullscreen=\"allowfullscreen\"><\/iframe><\/p>\n<p><strong>Heather Bond<\/strong> est \u00e9pid\u00e9miologiste \u00e0 la Division de la gestion des \u00e9closions du Centre des maladies infectieuses d\u2019origine alimentaire, environnementale et zoonotique de l\u2019Agence de la sant\u00e9 publique du Canada. En tant que membre de l\u2019\u00e9quipe d\u2019intervention en cas d\u2019\u00e9closion, elle coordonne les interventions et les enqu\u00eates lors d\u2019\u00e9closions multijuridictionnelles de maladies ent\u00e9riques. Elle a commenc\u00e9 sa carri\u00e8re \u00e0 l\u2019ASPC dans un poste \u00e9tudiant, o\u00f9 elle menait des entrevues aupr\u00e8s des cas dans le cadre d\u2019\u00e9closions concernant des pathog\u00e8nes comme <em>E<\/em>. coli, <em>Salmonella<\/em> et l\u2019h\u00e9patite\u00a0A. Elle d\u00e9tient un baccalaur\u00e9at \u00e8s sciences de l\u2019Universit\u00e9 de Waterloo et un dipl\u00f4me en sant\u00e9 publique environnementale du Conestoga College.<\/p>\n<p><strong>Alison\u00a0Howie<\/strong> est \u00e9pid\u00e9miologiste de terrain au sein du Programme canadien d\u2019\u00e9pid\u00e9miologie de terrain, et travaille avec la Division de la gestion des \u00e9closions de l\u2019Agence de la sant\u00e9 publique du Canada. Actuellement, elle appuie les interventions et les enqu\u00eates lors d\u2019\u00e9closions multijuridictionnelles de maladies ent\u00e9riques. Avant de se joindre \u00e0 l\u2019ASPC, Alison a occup\u00e9 un poste d\u2019associ\u00e9e en recherche dans un r\u00e9seau de recherche sur les maladies infantiles rares, et son travail \u00e9tait ax\u00e9 sur l\u2019engagement des patients et du public, les registres de patients et les essais cliniques. Alison d\u00e9tient un baccalaur\u00e9at \u00e8s sciences de l\u2019Universit\u00e9 Queen\u2019s et une ma\u00eetrise \u00e8s sciences en \u00e9pid\u00e9miologie et biostatistiques de l\u2019Universit\u00e9 Western.<\/p>\n","protected":false},"excerpt":{"rendered":"<p>Joignez-vous \u00e0 nous pour une s\u00e9rie de s\u00e9minaires en trois parties dans le cadre de laquelle nous explorerons les m\u00e9thodes de d\u00e9tection, d\u2019investigation et d\u2019intervention relatives aux \u00e9closions de maladies d\u2019origine alimentaire multijuridictionnelles au Canada. D\u00e9couvrez comment la collaboration entre les partenaires f\u00e9d\u00e9raux, provinciaux, territoriaux et internationaux prot\u00e8ge la population canadienne contre les \u00e9closions de [&hellip;]<\/p>\n","protected":false},"author":35,"featured_media":0,"parent":0,"menu_order":0,"comment_status":"closed","ping_status":"closed","template":"","meta":{"footnotes":""},"class_list":["post-6998","page","type-page","status-publish","hentry"],"_links":{"self":[{"href":"https:\/\/outbreaktools.ca\/fr\/wp-json\/wp\/v2\/pages\/6998","targetHints":{"allow":["GET"]}}],"collection":[{"href":"https:\/\/outbreaktools.ca\/fr\/wp-json\/wp\/v2\/pages"}],"about":[{"href":"https:\/\/outbreaktools.ca\/fr\/wp-json\/wp\/v2\/types\/page"}],"author":[{"embeddable":true,"href":"https:\/\/outbreaktools.ca\/fr\/wp-json\/wp\/v2\/users\/35"}],"replies":[{"embeddable":true,"href":"https:\/\/outbreaktools.ca\/fr\/wp-json\/wp\/v2\/comments?post=6998"}],"version-history":[{"count":5,"href":"https:\/\/outbreaktools.ca\/fr\/wp-json\/wp\/v2\/pages\/6998\/revisions"}],"predecessor-version":[{"id":7029,"href":"https:\/\/outbreaktools.ca\/fr\/wp-json\/wp\/v2\/pages\/6998\/revisions\/7029"}],"wp:attachment":[{"href":"https:\/\/outbreaktools.ca\/fr\/wp-json\/wp\/v2\/media?parent=6998"}],"curies":[{"name":"wp","href":"https:\/\/api.w.org\/{rel}","templated":true}]}}